{"id":1876,"date":"2024-04-09T18:10:48","date_gmt":"2024-04-09T21:10:48","guid":{"rendered":"https:\/\/portal.uern.br\/prae\/?page_id=1876"},"modified":"2024-12-19T13:20:48","modified_gmt":"2024-12-19T16:20:48","slug":"auxilio-a-participacao-de-estudantes-em-atividades-academicas-cientificas-e-culturais","status":"publish","type":"page","link":"https:\/\/portal.uern.br\/prae\/auxilio-a-participacao-de-estudantes-em-atividades-academicas-cientificas-e-culturais\/","title":{"rendered":"Aux\u00edlio \u00e0 Participa\u00e7\u00e3o de Estudantes em Atividades Acad\u00eamicas, Cientificas e Culturais."},"content":{"rendered":"<p><img fetchpriority=\"high\" decoding=\"async\" class=\"aligncenter wp-image-1877 size-large\" src=\"https:\/\/portal.uern.br\/prae\/wp-content\/uploads\/2024\/04\/WhatsApp-Image-2024-04-09-at-18.09.00-1024x512.jpeg\" alt=\"\" width=\"800\" height=\"400\" srcset=\"https:\/\/portal.uern.br\/prae\/wp-content\/uploads\/2024\/04\/WhatsApp-Image-2024-04-09-at-18.09.00-1024x512.jpeg 1024w, https:\/\/portal.uern.br\/prae\/wp-content\/uploads\/2024\/04\/WhatsApp-Image-2024-04-09-at-18.09.00-300x150.jpeg 300w, https:\/\/portal.uern.br\/prae\/wp-content\/uploads\/2024\/04\/WhatsApp-Image-2024-04-09-at-18.09.00-768x384.jpeg 768w, https:\/\/portal.uern.br\/prae\/wp-content\/uploads\/2024\/04\/WhatsApp-Image-2024-04-09-at-18.09.00-1536x768.jpeg 1536w, https:\/\/portal.uern.br\/prae\/wp-content\/uploads\/2024\/04\/WhatsApp-Image-2024-04-09-at-18.09.00.jpeg 1600w\" sizes=\"(max-width: 800px) 100vw, 800px\" \/><\/p>\n<div class=\"elementor-element elementor-element-2cd673a elementor-widget elementor-widget-theme-post-content\" data-id=\"2cd673a\" data-element_type=\"widget\" data-widget_type=\"theme-post-content.default\" data-raofz=\"16\">\n<div class=\"elementor-widget-container\" data-raofz=\"16\">\n<p data-raofz=\"16\">O Programa de Apoio \u00e0 Participa\u00e7\u00e3o de Estudantes em atividades acad\u00eamicas, esportivas, culturais e pol\u00edtico-estudantis, aprovado pelo Conselho Diretor (CD) da Funda\u00e7\u00e3o Universidade do Estado do Rio Grande do Norte (Fuern), em 26 de mar\u00e7o, institui novos valores de ajuda de custo para alunos(as) participarem de eventos locais, regionais, nacionais e internacionais.<\/p>\n<p data-raofz=\"16\">S\u00e3o finalidades do Programa apoiar a participa\u00e7\u00e3o de discentes da gradua\u00e7\u00e3o presencial, EaD e p\u00f3s-gradua\u00e7\u00e3o stricto sensu em congressos, semin\u00e1rios, eventos cient\u00edficos, educacionais, apresenta\u00e7\u00e3o de projetos empreendedores e sustent\u00e1veis, culturais, desportivos, eventos pol\u00edticos-acad\u00eamicos de representa\u00e7\u00e3o estudantil; auxiliar o movimento empresa j\u00fanior e quaisquer outros que tenham rela\u00e7\u00e3o com as atividades educacionais e\/ou \u00e1rea de atua\u00e7\u00e3o do solicitante, em \u00e2mbito nacional e internacional; e incentivar a participa\u00e7\u00e3o dos estudantes da Uern, com o fim de interc\u00e2mbio de experi\u00eancias e de divulga\u00e7\u00e3o de resultados de projetos de pesquisa e extens\u00e3o.<\/p>\n<p data-raofz=\"16\">Para acessar o aux\u00edlio \u00e9 preciso estar regularmente matriculado; ter trabalho aprovado ou estar inscrito para participa\u00e7\u00e3o de eventos; estar adimplente junto \u00e0 Prae, e ao Sistema Integrado de Bibliotecas; e n\u00e3o poder\u00e1 estar em situa\u00e7\u00e3o de trancamento do programa de estudo.<\/p>\n<p data-raofz=\"16\">O Programa ser\u00e1 concedido nas seguintes modalidades: na forma de ve\u00edculo da Uern, combust\u00edvel e di\u00e1ria(s) para motorista(s); passagem a\u00e9rea ou terrestre; ou na forma de aux\u00edlio financeiro.<\/p>\n<p data-raofz=\"16\">Confira na tabela abaixo os valores do aux\u00edlio ajuda de custo de acordo com o crit\u00e9rio geogr\u00e1fico:<\/p>\n<p data-raofz=\"16\"><img decoding=\"async\" class=\"alignnone wp-image-116728\" src=\"https:\/\/portal.uern.br\/wp-content\/uploads\/2024\/04\/Tabela-300x173.png\" alt=\"\" width=\"324\" height=\"187\" \/><\/p>\n<p data-raofz=\"16\">Acesse a\u00a0<a role=\"link\" href=\"https:\/\/portal.uern.br\/wp-content\/uploads\/2024\/04\/RESOLUCAO-No-04.2024-CD.pdf\" data-raofz=\"16\"><strong>Resolu\u00e7\u00e3o N\u00ba 04\/2024 \u2013 CD<\/strong><\/a>\u00a0para conferir as normas gerais do Programa. Mais informa\u00e7\u00f5es podem ser obtidas pelo email\u00a0<strong>sae.prae@uern.br<\/strong>. Confira\u00a0<a role=\"link\" href=\"https:\/\/portal.uern.br\/wp-content\/uploads\/2024\/04\/RESOLUCAO-No-04.2024-CD.pdf\" data-raofz=\"16\"><strong>AQUI<\/strong><\/a> um resumo feito pela Pr\u00f3-Reitoria de Assuntos Estudantis (Prae). Formul\u00e1rio de Requerimento para Aux\u00edlio <a href=\"https:\/\/docs.google.com\/forms\/d\/1qZgXXV_u7jNmB5PK2KishrSJqmn7zG1sM0N-hffe7CU\/viewform?edit_requested=true\">AQUI<\/a>.<\/p>\n<p data-raofz=\"16\">Instru\u00e7\u00e3o Normativa &#8211; Aux\u00edlio Transporte (<a href=\"https:\/\/portal.uern.br\/prae\/wp-content\/uploads\/2024\/07\/INSTRUCAO-NORMATIVA-AUXILIO-TRANSPORTE-1.pdf\">Aqui<\/a>)<\/p>\n<p>Minuta de Instru\u00e7\u00e3o de Passagens A\u00e9reas e Terrestres (<a href=\"https:\/\/portal.uern.br\/prae\/wp-content\/uploads\/2024\/07\/Minuta_de_Instrucao_de_passagens_aereas_e_terrestres_assinado_assinado.pdf\">Aqui<\/a>)<\/p>\n<p data-raofz=\"16\">E-mail: auxilioeventos.prae@uern.br<\/p>\n<\/div>\n<\/div>\n","protected":false},"excerpt":{"rendered":"<p>O Programa de Apoio \u00e0 Participa\u00e7\u00e3o de Estudantes em atividades acad\u00eamicas, esportivas, culturais e pol\u00edtico-estudantis, aprovado pelo Conselho Diretor (CD) da Funda\u00e7\u00e3o Universidade do Estado do Rio Grande do Norte (Fuern), em 26 de mar\u00e7o, institui novos valores de ajuda de custo para alunos(as) participarem de eventos locais, regionais, nacionais e internacionais. S\u00e3o finalidades do [&hellip;]<\/p>\n","protected":false},"author":3,"featured_media":0,"parent":0,"menu_order":0,"comment_status":"closed","ping_status":"closed","template":"","meta":{"footnotes":""},"class_list":["post-1876","page","type-page","status-publish","hentry"],"_links":{"self":[{"href":"https:\/\/portal.uern.br\/prae\/wp-json\/wp\/v2\/pages\/1876","targetHints":{"allow":["GET"]}}],"collection":[{"href":"https:\/\/portal.uern.br\/prae\/wp-json\/wp\/v2\/pages"}],"about":[{"href":"https:\/\/portal.uern.br\/prae\/wp-json\/wp\/v2\/types\/page"}],"author":[{"embeddable":true,"href":"https:\/\/portal.uern.br\/prae\/wp-json\/wp\/v2\/users\/3"}],"replies":[{"embeddable":true,"href":"https:\/\/portal.uern.br\/prae\/wp-json\/wp\/v2\/comments?post=1876"}],"version-history":[{"count":8,"href":"https:\/\/portal.uern.br\/prae\/wp-json\/wp\/v2\/pages\/1876\/revisions"}],"predecessor-version":[{"id":2515,"href":"https:\/\/portal.uern.br\/prae\/wp-json\/wp\/v2\/pages\/1876\/revisions\/2515"}],"wp:attachment":[{"href":"https:\/\/portal.uern.br\/prae\/wp-json\/wp\/v2\/media?parent=1876"}],"curies":[{"name":"wp","href":"https:\/\/api.w.org\/{rel}","templated":true}]}}