{"id":183,"date":"2022-04-08T09:33:31","date_gmt":"2022-04-08T12:33:31","guid":{"rendered":"https:\/\/paisdemossoro.com.br\/wordpress\/prae\/?page_id=183"},"modified":"2026-01-06T12:56:22","modified_gmt":"2026-01-06T15:56:22","slug":"apresentacao","status":"publish","type":"page","link":"https:\/\/portal.uern.br\/prae\/","title":{"rendered":"Apresenta\u00e7\u00e3o"},"content":{"rendered":"<p><img fetchpriority=\"high\" decoding=\"async\" class=\"aligncenter wp-image-1346 size-large\" src=\"https:\/\/portal.uern.br\/prae\/wp-content\/uploads\/2023\/06\/WhatsApp-Image-2023-06-22-at-15.48.47-1024x811.jpeg\" alt=\"\" width=\"800\" height=\"634\" srcset=\"https:\/\/portal.uern.br\/prae\/wp-content\/uploads\/2023\/06\/WhatsApp-Image-2023-06-22-at-15.48.47-1024x811.jpeg 1024w, https:\/\/portal.uern.br\/prae\/wp-content\/uploads\/2023\/06\/WhatsApp-Image-2023-06-22-at-15.48.47-300x238.jpeg 300w, https:\/\/portal.uern.br\/prae\/wp-content\/uploads\/2023\/06\/WhatsApp-Image-2023-06-22-at-15.48.47-768x608.jpeg 768w, https:\/\/portal.uern.br\/prae\/wp-content\/uploads\/2023\/06\/WhatsApp-Image-2023-06-22-at-15.48.47.jpeg 1280w\" sizes=\"(max-width: 800px) 100vw, 800px\" \/><\/p>\n<p>Criada em 19 de junho de 2018, a PRAE \u00e9 o marco de consolida\u00e7\u00e3o da assist\u00eancia estudantil como centralidade estrat\u00e9gica de combate \u00e0s desigualdades sociais e regionais, respeito \u00e0 diversidade e de inclus\u00e3o social que promova a garantia do pleno acesso, perman\u00eancia e sucesso dos (as) estudantes na UERN.<\/p>\n<script type=\"text\/javascript\">\r\ndocument.addEventListener(\"DOMContentLoaded\", function(event) { \r\n\tjQuery( '#slider-pro-3-290' ).sliderPro({\r\n\t\t\/\/width\r\n\t\t\t\twidth: \"100%\",\r\n\t\t\t\t\r\n\t\t\/\/height\r\n\t\t\t\theight: 550,\r\n\t\t\t\t\r\n\t\t\/\/auto play\r\n\t\t\t\tautoplay:  true,\r\n\t\tautoplayOnHover: 'none',\r\n\t\t\t\t\t\t\t\tautoplayDelay: 5000,\r\n\t\t\r\n\t\t\r\n\t\tarrows: true,\r\n\t\tbuttons: false,\r\n\t\tsmallSize: 500,\r\n\t\tmediumSize: 1000,\r\n\t\tlargeSize: 3000,\r\n\t\tfade: true,\r\n\t\t\r\n\t\t\/\/thumbnail\r\n\t\tthumbnailArrows: true,\r\n\t\tthumbnailWidth: 120,\r\n\t\tthumbnailHeight: 120,\r\n\t\t\t\t\t\tthumbnailsPosition: 'bottom',\r\n\t\t\t\t\t\tcenterImage: true,\r\n\t\timageScaleMode: 'cover',\r\n\t\tallowScaleUp: true,\r\n\t\t\t\tstartSlide: 0,\r\n\t\tloop: true,\r\n\t\tslideDistance: 5,\r\n\t\tautoplayDirection: 'normal',\r\n\t\ttouchSwipe: true,\r\n\t\tfullScreen: true,\r\n\t});\r\n});\r\n<\/script>\r\n\r\n<div id=\"uris-slider-title\">\r\n\t<h3 class=\"uris-slider-post-title\">Reuni\u00e3o do Conselho Universit\u00e1rio em 19 de junho de 2018<\/h3>\r\n<\/div>\r\n\t\t<div id=\"slider-pro-3-290\" class=\"slider-pro\">\r\n\t\t\t<!---- slides div start ---->\r\n\t\t\t<div class=\"sp-slides\">\r\n\t\t\t\t\t\t\t\t\t\t<div class=\"sp-slide\">\r\n\t\t\t\t\t\t\t<img decoding=\"async\" class=\"sp-image\" loading=\"lazy\" alt=\"PRAE-CONSUNI-4\" src=\"https:\/\/portal.uern.br\/prae\/wp-content\/plugins\/ultimate-responsive-image-slider\/assets\/css\/images\/blank.gif\" data-src=\"https:\/\/portal.uern.br\/prae\/wp-content\/uploads\/2022\/09\/PRAE-CONSUNI-4.jpeg\" \/>\r\n\r\n\t\t\t\t\t\t\t\r\n\t\t\t\t\t\t\t\t\t\t\t\t\t<\/div>\r\n\t\t\t\t\t\t\t\t\t\t\t\t<div class=\"sp-slide\">\r\n\t\t\t\t\t\t\t<img decoding=\"async\" class=\"sp-image\" loading=\"lazy\" alt=\"PRAE-CONSUNI-2\" src=\"https:\/\/portal.uern.br\/prae\/wp-content\/plugins\/ultimate-responsive-image-slider\/assets\/css\/images\/blank.gif\" data-src=\"https:\/\/portal.uern.br\/prae\/wp-content\/uploads\/2022\/09\/PRAE-CONSUNI-2.jpeg\" \/>\r\n\r\n\t\t\t\t\t\t\t\r\n\t\t\t\t\t\t\t\t\t\t\t\t\t<\/div>\r\n\t\t\t\t\t\t\t\t\t\t\t\t<div class=\"sp-slide\">\r\n\t\t\t\t\t\t\t<img decoding=\"async\" class=\"sp-image\" loading=\"lazy\" alt=\"PRAE-CONSUNI\" src=\"https:\/\/portal.uern.br\/prae\/wp-content\/plugins\/ultimate-responsive-image-slider\/assets\/css\/images\/blank.gif\" data-src=\"https:\/\/portal.uern.br\/prae\/wp-content\/uploads\/2022\/09\/PRAE-CONSUNI.jpeg\" \/>\r\n\r\n\t\t\t\t\t\t\t\r\n\t\t\t\t\t\t\t\t\t\t\t\t\t<\/div>\r\n\t\t\t\t\t\t\t\t\t\t\t\t<div class=\"sp-slide\">\r\n\t\t\t\t\t\t\t<img decoding=\"async\" class=\"sp-image\" loading=\"lazy\" alt=\"PRAE-CONSUNI-5\" src=\"https:\/\/portal.uern.br\/prae\/wp-content\/plugins\/ultimate-responsive-image-slider\/assets\/css\/images\/blank.gif\" data-src=\"https:\/\/portal.uern.br\/prae\/wp-content\/uploads\/2022\/09\/PRAE-CONSUNI-5.jpeg\" \/>\r\n\r\n\t\t\t\t\t\t\t\r\n\t\t\t\t\t\t\t\t\t\t\t\t\t<\/div>\r\n\t\t\t\t\t\t\t\t\t\t\t\t<div class=\"sp-slide\">\r\n\t\t\t\t\t\t\t<img decoding=\"async\" class=\"sp-image\" loading=\"lazy\" alt=\"PRAE-CONSUNI-3\" src=\"https:\/\/portal.uern.br\/prae\/wp-content\/plugins\/ultimate-responsive-image-slider\/assets\/css\/images\/blank.gif\" data-src=\"https:\/\/portal.uern.br\/prae\/wp-content\/uploads\/2022\/09\/PRAE-CONSUNI-3.jpeg\" \/>\r\n\r\n\t\t\t\t\t\t\t\r\n\t\t\t\t\t\t\t\t\t\t\t\t\t<\/div>\r\n\t\t\t\t\t\t\t\t\t<\/div>\r\n\t\t\t\r\n\t\t\t<!---- slides div end ---->\r\n\t\t\t\t\t\t<!-- slides thumbnails div end -->\r\n\t\t<\/div>\r\n\t\t<style>\r\n\/* Layout 3 *\/\r\n\/* border *\/\r\n#slider-pro-3-290 .sp-selected-thumbnail {\r\n\tborder: 4px solid #000000;\r\n}\r\n\r\n\/* font + color *\/\r\n.title-in  {\r\n\tfont-family: sans-serif !important;\r\n\tcolor: #FFFFFF !important;\r\n\tbackground-color: #000000 !important;\r\n\topacity: 0.7 !important;\r\n}\r\n.desc-in  {\r\n\tfont-family: sans-serif !important;\r\n\tcolor: #FFFFFF !important;\r\n\tbackground-color: #00000 !important;\r\n\topacity: 0.7 !important;\r\n}\r\n\r\n\/* bullets color *\/\r\n.sp-button  {\r\n\tborder: 2px solid #000000 !important;\r\n}\r\n.sp-selected-button  {\r\n\tbackground-color: #000000 !important;\r\n}\r\n\r\n\/* pointer color - bottom *\/\r\n.sp-selected-thumbnail::before {\r\n\tborder-bottom: 5px solid #000000 !important;\r\n}\r\n.sp-selected-thumbnail::after {\r\n\tborder-bottom: 13px solid #000000 !important;\r\n}\r\n\r\n\/* pointer color - top *\/\r\n\r\n\/* full screen icon *\/\r\n.sp-full-screen-button::before {\r\n    color: #FFFFFF !important;\r\n}\r\n\r\n\/* hover navigation icon color *\/\r\n.sp-next-arrow::after, .sp-next-arrow::before {\r\n\tbackground-color: #FFFFFF !important;\r\n}\r\n.sp-previous-arrow::after, .sp-previous-arrow::before {\r\n\tbackground-color: #FFFFFF !important;\r\n}\r\n\r\n#slider-pro-3-290 .title-in {\r\n\tcolor: #FFFFFF !important;\r\n\tfont-weight: bolder;\r\n\ttext-align: center;\r\n}\r\n\r\n#slider-pro-3-290 .title-in-bg {\r\n\tbackground: rgba(255, 255, 255, 0.7); !important;\r\n\twhite-space: unset !important;\r\n\ttransform: initial !important;\r\n\t-webkit-transform: initial !important;\r\n\tfont-size: 14px !important;\r\n}\r\n\r\n#slider-pro-3-290 .desc-in {\r\n\tcolor: #FFFFFF !important;\r\n\ttext-align: center;\r\n}\r\n#slider-pro-3-290 .desc-in-bg {\r\n\tbackground: rgba(#00000, 0.7) !important;\r\n\twhite-space: unset !important;\r\n\ttransform: initial !important;\r\n\t-webkit-transform: initial !important;\r\n\tfont-size: 13px !important;\r\n}\r\n\r\n@media (max-width: 640px) {\r\n\t#slider-pro-3-290 .hide-small-screen {\r\n\t\tdisplay: none;\r\n\t}\r\n}\r\n\r\n@media (max-width: 860px) {\r\n\t#slider-pro-3-290 .sp-layer {\r\n\t\tfont-size: 18px;\r\n\t}\r\n\t\r\n\t#slider-pro-3-290 .hide-medium-screen {\r\n\t\tdisplay: none;\r\n\t}\r\n}\r\n.slides-not-found {\r\n\tbackground-color: #a92929;\r\n\tborder-radius: 5px;\r\n\tcolor: #fff;\r\n\tfont-family: initial;\r\n\ttext-align: center;\r\n\tpadding:12px;\r\n}\r\n\/* Custom CSS *\/\r\ncolor: #1D1D1B; font-family: &quot;Lato&quot;, Sans-serif; font-weight: 400;<\/style>\r\n\n<p>&nbsp;<\/p>\n<p>&nbsp;<\/p>\n<p>A Universidade do Estado do Rio Grande do Norte (UERN) viveu um momento hist\u00f3rico na manh\u00e3 desta ter\u00e7a-feira, 19 de junho. De forma un\u00e2nime, o Conselho Universit\u00e1rio (CONSUNI) aprovou a cria\u00e7\u00e3o da Pr\u00f3-Reitoria de Assuntos Estudantis (PRAE) e da Pr\u00f3-Reitoria de Gest\u00e3o de Pessoas (PROGEP).<\/p>\n<p>&nbsp;<\/p>\n<p><strong>Endere\u00e7o:\u00a0<\/strong>Campus Central L, BR 110 &#8211; KM 46 &#8211; Rua Prof. Ant\u00f4nio Campos, s\/n &#8211; Costa e Silva &#8211; CEP: 59.633-010 &#8211; Mossor\u00f3\/RN.<\/p>\n<p>&nbsp;<\/p>\n<p><strong>Hor\u00e1rio de atendimento:\u00a0<\/strong>de segunda a sexta, das 7h \u00e0s 20:30.<\/p>\n<p><strong>Contato:\u00a0<\/strong>prae@uern.br\u00a0<strong>Tel:<\/strong> (84) 3315-2185<\/p>\n<p style=\"text-align: left\"><strong>Gabinete da Pr\u00f3-Reitoria\u00a0&#8211;\u00a0<\/strong>gab.prae@uern.br<\/p>\n<p style=\"text-align: left\"><strong>Gabinete da Pr\u00f3-Reitoria Adjunta &#8211;\u00a0<\/strong>adj.prae@uern.br<\/p>\n<p style=\"text-align: left\"><strong>Assessoria &#8211;\u00a0<\/strong>assessoria.prae@uern.br<\/p>\n<p style=\"text-align: left\"><strong>Diretoria de Assuntos Estudantis &#8211;\u00a0<\/strong>dae.prae@uern.rn<\/p>\n<p style=\"text-align: left\"><strong>Setor de Aten\u00e7\u00e3o a Sa\u00fade e Qualidade de Vida Estudantil &#8211;\u00a0<\/strong>seas.prae@uern.br<\/p>\n<p style=\"text-align: left\"><strong>Setor de A\u00e7\u00f5es Afirmativas e Assist\u00eancia Estudantil<\/strong>\u00a0&#8211; sae.prae@uern.br<\/p>\n<p><strong>Aux\u00edlio \u00e0 Participa\u00e7\u00e3o em Eventos <\/strong>\u2013 auxilioeventos.prae@uern.br<\/p>\n<p style=\"text-align: left\"><strong>Setor de Est\u00e1gio N\u00e3o Obrigat\u00f3rio<\/strong>\u00a0&#8211; sec.prae@uern.br<\/p>\n<p style=\"text-align: left\"><strong>Setor de Esportes e Eventos<\/strong> &#8211; esporte.prae@uern.br<\/p>\n<p style=\"text-align: left\"><strong>Secretaria da PRAE<\/strong>\u00a0&#8211; prae@uern.br<\/p>\n<p><strong>Redes Sociais<\/strong><\/p>\n<ul>\n<li>Acesse informa\u00e7\u00f5es no canal p\u00fablico do Telegram PRAEUERN &#8211;\u00a0<a href=\"https:\/\/t.me\/PRAEUERN\">Clique aqui.<\/a><\/li>\n<li>Acompanhe o nosso Instagram &#8211; <a href=\"https:\/\/www.instagram.com\/prae.uern\/?hl=pt-br\" target=\"_blank\" rel=\"noopener\">Clique aqui.<\/a><\/li>\n<\/ul>\n<p><strong><br \/>\nAgentes de Integra\u00e7\u00e3o de Est\u00e1gio<\/strong><\/p>\n<table class=\"mceItemTable\" style=\"width: 218px;height: 56px\">\n<tbody>\n<tr>\n<td>\n<div>\u00a0<a href=\"http:\/\/www.rn.iel.org.br\/\"><img decoding=\"async\" class=\"size-auto\" src=\"https:\/\/www.uern.br\/controledepaginas\/prae-apresentacao\/imagens\/46102585iel_(1).png\" alt=\"logo iel\" width=\"270\" height=\"95\" \/><\/a><\/div>\n<\/td>\n<td><\/td>\n<\/tr>\n<\/tbody>\n<\/table>\n<p>&nbsp;<\/p>\n","protected":false},"excerpt":{"rendered":"<p>Criada em 19 de junho de 2018, a PRAE \u00e9 o marco de consolida\u00e7\u00e3o da assist\u00eancia estudantil como centralidade estrat\u00e9gica de combate \u00e0s desigualdades sociais e regionais, respeito \u00e0 diversidade e de inclus\u00e3o social que promova a garantia do pleno acesso, perman\u00eancia e sucesso dos (as) estudantes na UERN. &nbsp; &nbsp; A Universidade do Estado [&hellip;]<\/p>\n","protected":false},"author":1,"featured_media":0,"parent":0,"menu_order":0,"comment_status":"closed","ping_status":"closed","template":"","meta":{"footnotes":""},"class_list":["post-183","page","type-page","status-publish","hentry"],"_links":{"self":[{"href":"https:\/\/portal.uern.br\/prae\/wp-json\/wp\/v2\/pages\/183","targetHints":{"allow":["GET"]}}],"collection":[{"href":"https:\/\/portal.uern.br\/prae\/wp-json\/wp\/v2\/pages"}],"about":[{"href":"https:\/\/portal.uern.br\/prae\/wp-json\/wp\/v2\/types\/page"}],"author":[{"embeddable":true,"href":"https:\/\/portal.uern.br\/prae\/wp-json\/wp\/v2\/users\/1"}],"replies":[{"embeddable":true,"href":"https:\/\/portal.uern.br\/prae\/wp-json\/wp\/v2\/comments?post=183"}],"version-history":[{"count":10,"href":"https:\/\/portal.uern.br\/prae\/wp-json\/wp\/v2\/pages\/183\/revisions"}],"predecessor-version":[{"id":3065,"href":"https:\/\/portal.uern.br\/prae\/wp-json\/wp\/v2\/pages\/183\/revisions\/3065"}],"wp:attachment":[{"href":"https:\/\/portal.uern.br\/prae\/wp-json\/wp\/v2\/media?parent=183"}],"curies":[{"name":"wp","href":"https:\/\/api.w.org\/{rel}","templated":true}]}}