{"id":1822,"date":"2024-03-26T13:21:37","date_gmt":"2024-03-26T16:21:37","guid":{"rendered":"https:\/\/portal.uern.br\/prae\/?page_id=1822"},"modified":"2024-03-26T13:21:37","modified_gmt":"2024-03-26T16:21:37","slug":"guia-do-estudante","status":"publish","type":"page","link":"https:\/\/portal.uern.br\/prae\/guia-do-estudante\/","title":{"rendered":"Guia do Estudante"},"content":{"rendered":"<p data-raofz=\"16\"><a role=\"link\" href=\"https:\/\/portal.uern.br\/wp-content\/uploads\/2024\/03\/Guia-do-Estudante-2024.pdf\" data-raofz=\"16\">GUIA DO ESTUDANTE<\/a><\/p>\n<p data-raofz=\"16\">O MANUAL DO ESTUDANTE visa orientar toda a vida acad\u00eamica do estudante da Universidade do Estado do Rio Grande do Norte \u2013 UERN. No Manual est\u00e3o enfocados as normas e procedimentos para ingresso, matr\u00edcula, movimenta\u00e7\u00e3o interna, atividades esportivas, faltas, aproveitamento de estudos, avalia\u00e7\u00e3o, desligamento, monitoria, recursos de decis\u00e3o de Colegiado Superior e orienta\u00e7\u00e3o de cursos de gradua\u00e7\u00e3o.<\/p>\n<p data-raofz=\"16\">O Manual est\u00e1 atualizado pelo novo Regimento dos Cursos de Gradua\u00e7\u00e3o da UERN, aprovado e publicado pela\u00a0<a role=\"link\" href=\"https:\/\/portal.uern.br\/download\/resolucao-05-2014-consepe\/?wpdmdl=34620&amp;masterkey=gxhN7CfSdTsQ1VNTnbK3joazXeiEbNPe0Fm4XRApor9Lp3sm2qrvvUjXX69NPbmcnZO_vPG9yrrSv9fctQGe11xmmBuOAMfkLdS7rQN-D-Y\" rel=\"noopener\" data-raofz=\"16\">Resolu\u00e7\u00e3o 05\/2014<\/a>, do Conselho de Ensino, Pesquisa e Extens\u00e3o \u2013 CONSEPE. Al\u00e9m da\u00a0<a role=\"link\" href=\"https:\/\/portal.uern.br\/prae\/wp-content\/uploads\/2023\/12\/INSTRUCAO_NORMATIVA_N.__002_2023__DE_19_DE_DEZEMBRO_DE_2023_assinado.pdf\" data-raofz=\"16\">INSTRU\u00c7\u00c3O NORMATIVA N.\u00ba 002\/2023<\/a>, DE 19 DE DEZEMBRO DE 2023 e da\u00a0<a role=\"link\" href=\"https:\/\/portal.uern.br\/prae\/wp-content\/uploads\/2024\/03\/Resolucao-no-12-2023-Consuni-Institui-a-Politica-de-Assistencia-Estudantil-da-Uern-1.pdf\" data-raofz=\"16\">RESOLU\u00c7\u00c3O N.\u00ba 12\/2023 \u2013 CONSUNI<\/a>\u00a0\u2013 Politica de Assist\u00eancia Estudantil.<\/p>\n","protected":false},"excerpt":{"rendered":"<p>GUIA DO ESTUDANTE O MANUAL DO ESTUDANTE visa orientar toda a vida acad\u00eamica do estudante da Universidade do Estado do Rio Grande do Norte \u2013 UERN. No Manual est\u00e3o enfocados as normas e procedimentos para ingresso, matr\u00edcula, movimenta\u00e7\u00e3o interna, atividades esportivas, faltas, aproveitamento de estudos, avalia\u00e7\u00e3o, desligamento, monitoria, recursos de decis\u00e3o de Colegiado Superior e [&hellip;]<\/p>\n","protected":false},"author":3,"featured_media":0,"parent":0,"menu_order":0,"comment_status":"closed","ping_status":"closed","template":"","meta":{"footnotes":""},"class_list":["post-1822","page","type-page","status-publish","hentry"],"_links":{"self":[{"href":"https:\/\/portal.uern.br\/prae\/wp-json\/wp\/v2\/pages\/1822","targetHints":{"allow":["GET"]}}],"collection":[{"href":"https:\/\/portal.uern.br\/prae\/wp-json\/wp\/v2\/pages"}],"about":[{"href":"https:\/\/portal.uern.br\/prae\/wp-json\/wp\/v2\/types\/page"}],"author":[{"embeddable":true,"href":"https:\/\/portal.uern.br\/prae\/wp-json\/wp\/v2\/users\/3"}],"replies":[{"embeddable":true,"href":"https:\/\/portal.uern.br\/prae\/wp-json\/wp\/v2\/comments?post=1822"}],"version-history":[{"count":1,"href":"https:\/\/portal.uern.br\/prae\/wp-json\/wp\/v2\/pages\/1822\/revisions"}],"predecessor-version":[{"id":1823,"href":"https:\/\/portal.uern.br\/prae\/wp-json\/wp\/v2\/pages\/1822\/revisions\/1823"}],"wp:attachment":[{"href":"https:\/\/portal.uern.br\/prae\/wp-json\/wp\/v2\/media?parent=1822"}],"curies":[{"name":"wp","href":"https:\/\/api.w.org\/{rel}","templated":true}]}}