{"id":1790,"date":"2024-03-21T09:20:20","date_gmt":"2024-03-21T12:20:20","guid":{"rendered":"https:\/\/portal.uern.br\/prae\/?page_id=1790"},"modified":"2026-04-24T13:00:04","modified_gmt":"2026-04-24T16:00:04","slug":"cadastro-socioeconomico-prae","status":"publish","type":"page","link":"https:\/\/portal.uern.br\/prae\/cadastro-socioeconomico-prae\/","title":{"rendered":"Cadastro Socioecon\u00f4mico &#8211; PRAE"},"content":{"rendered":"<p data-raofz=\"16\"><a href=\"https:\/\/docs.google.com\/forms\/d\/e\/1FAIpQLSc9OgYRuCi66fIKXtHL4GYOtcco8hlZDbwJAQ9CVd7JhKiNZw\/viewform\"><img fetchpriority=\"high\" decoding=\"async\" class=\"aligncenter wp-image-3200 size-large\" src=\"https:\/\/portal.uern.br\/prae\/wp-content\/uploads\/2026\/04\/BANNER-PORTAL-UERN-CADASTRO-SOCIOECONOMICO-1024x577.png\" alt=\"\" width=\"800\" height=\"451\" srcset=\"https:\/\/portal.uern.br\/prae\/wp-content\/uploads\/2026\/04\/BANNER-PORTAL-UERN-CADASTRO-SOCIOECONOMICO-1024x577.png 1024w, https:\/\/portal.uern.br\/prae\/wp-content\/uploads\/2026\/04\/BANNER-PORTAL-UERN-CADASTRO-SOCIOECONOMICO-300x169.png 300w, https:\/\/portal.uern.br\/prae\/wp-content\/uploads\/2026\/04\/BANNER-PORTAL-UERN-CADASTRO-SOCIOECONOMICO-768x433.png 768w, https:\/\/portal.uern.br\/prae\/wp-content\/uploads\/2026\/04\/BANNER-PORTAL-UERN-CADASTRO-SOCIOECONOMICO-1536x865.png 1536w, https:\/\/portal.uern.br\/prae\/wp-content\/uploads\/2026\/04\/BANNER-PORTAL-UERN-CADASTRO-SOCIOECONOMICO.png 1640w\" sizes=\"(max-width: 800px) 100vw, 800px\" \/><\/a><\/p>\n<p style=\"text-align: justify\" data-raofz=\"16\">A Universidade do Estado do Rio Grande do Norte (Uern), atrav\u00e9s da Pr\u00f3-Reitoria de Assuntos Estudantil (Prae), lan\u00e7ou o <strong>Edital de Cadastramento Socioecon\u00f4mico<\/strong>, destinado a auxiliar os(as) estudantes a acessarem os Programas e Servi\u00e7os disponibilizadas pela Pr\u00f3-Reitoria. O cadastro ser\u00e1 <strong>v\u00e1lido por um ano<\/strong>, e \u00e9 efetivado com o recebimento de <strong>Declara\u00e7\u00e3o<\/strong> emitida pela equipe do servi\u00e7o social da Prae.<\/p>\n<p style=\"text-align: justify\" data-raofz=\"16\">O cadastramento ficar\u00e1 aberto por prazo indeterminado, sendo <strong>suspenso durante os per\u00edodos de lan\u00e7amento dos processos seletivos<\/strong> para acesso aos aux\u00edlios socioassistenciais. Durante o per\u00edodo em que o cadastro estiver dispon\u00edvel, os(as) interessados(as) possuem a vantagem de corrigir eventuais documenta\u00e7\u00f5es enviadas em desacordo com o edital. Assim, ap\u00f3s o preenchimento do formul\u00e1rio, todos(as) devem ficar atentos(as) ao <em>email<\/em> pessoal, para receber a Declara\u00e7\u00e3o confirmando o cadastro ou providenciar a regulariza\u00e7\u00e3o de documentos.<\/p>\n<p style=\"text-align: justify\" data-raofz=\"16\">A Prae manter\u00e1 canal de atendimento para d\u00favidas via e-mail pelos endere\u00e7o <a href=\"mailto:servicosocial.prae@uern.br\">servicosocial.prae@uern.br<\/a> e atrav\u00e9s do telefone e WhatsApp: (84) 3315-2185.<\/p>\n<p style=\"text-align: justify\" data-raofz=\"16\">Todas as orienta\u00e7\u00f5es para a ades\u00e3o ao Cadastro est\u00e3o dispon\u00edveis no Edital n\u00ba 008\/2024-PRAE.\u00a0Os estudantes dever\u00e3o responder ao question\u00e1rio socioecon\u00f4mico, anexando toda a documenta\u00e7\u00e3o solicitada conforme o edital:<\/p>\n<p style=\"text-align: left\" data-raofz=\"16\"><a href=\"https:\/\/portal.uern.br\/prae\/wp-content\/uploads\/2024\/01\/Edital-0082024-PRAEUERN.pdf\">Edital n\u00ba 008\/2024-PRAE<\/a><\/p>\n<p style=\"text-align: left\" data-raofz=\"16\"><a href=\"https:\/\/forms.gle\/FQYthckooV149UuBA\">ANEXO I &#8211; FORMUL\u00c1RIO<\/a><br \/>\n<a href=\"https:\/\/portal.uern.br\/prae\/wp-content\/uploads\/2024\/01\/ANEXO-II-DOCUMENTACAO-PARA-INSCRICAO-CAD-2.pdf\">ANEXO II &#8211; DOCUMENTOS OBRIGAT\u00d3RIOS<\/a><br \/>\n<a href=\"https:\/\/portal.uern.br\/prae\/wp-content\/uploads\/2024\/01\/ANEXO-III-DECLARACAO-DE-DESEMPREGO-CAD.docx.pdf\">ANEXO III &#8211; DECLARA\u00c7\u00c3O DE DESEMPREGO<\/a><br \/>\n<a href=\"https:\/\/portal.uern.br\/prae\/wp-content\/uploads\/2024\/01\/ANEXO-IV-DECLARACAO-DE-TRABALHO-EVENTUAL-CAD.pdf\">ANEXO IV &#8211; DECLARA\u00c7\u00c3O DE TRABALHO EVENTUAL<\/a><br \/>\n<a href=\"https:\/\/portal.uern.br\/prae\/wp-content\/uploads\/2024\/01\/ANEXO-V-DECLARACAO-DE-TRABALHO-INFORMAL-CAD.pdf\">ANEXO V &#8211; DECLARA\u00c7\u00c3O DE TRABALHO INFORMAL<\/a><br \/>\n<a href=\"https:\/\/portal.uern.br\/prae\/wp-content\/uploads\/2024\/01\/ANEXO-VI-DECLARACAO-DE-TRABALHO-AUTONOMO-CAD.pdf\">ANEXO VI &#8211; DECLARA\u00c7\u00c3O DE TRABALHO AUT\u00d4NOMO<\/a><br \/>\n<a href=\"https:\/\/portal.uern.br\/prae\/wp-content\/uploads\/2024\/01\/ANEXO-VII-DECLARACAO-DE-ATIVIDADE-RURAL-OU-PESCA-CAD.pdf\">ANEXO VII &#8211; DECLARA\u00c7\u00c3O DE ATIVIDADE RURAL OU PESCA<\/a><\/p>\n<hr \/>\n<h4 style=\"text-align: center\" data-raofz=\"16\">Entenda as Etapas do Cadastramento Socioecon\u00f4mico da Prae:<\/h4>\n<p><b><i>O que \u00e9?<\/i><\/b><\/p>\n<p><span style=\"font-weight: 400\">Edital destinado \u00e0 avalia\u00e7\u00e3o e cadastramento de estudantes em comprovada vulnerabilidade socioecon\u00f4mica.<\/span><\/p>\n<p><b><i>Quem precisa preencher?<\/i><\/b><\/p>\n<p><span style=\"font-weight: 400\">Estudantes que pretendem concorrer aos aux\u00edlios disponibilizados pela Prae nos pr\u00f3ximos semestres letivos.\u00a0<\/span><\/p>\n<p><b><i>Benefici\u00e1rios(as) atuais precisam preencher?<\/i><\/b><\/p>\n<p><span style=\"font-weight: 400\">Sim, desde que pretendam participar dos pr\u00f3ximos processos seletivos<\/span><\/p>\n<p><b><i>Como funciona o Cadastramento?<\/i><\/b><\/p>\n<ol>\n<li><span style=\"font-weight: 400\"> O(A) estudante envia a documenta\u00e7\u00e3o solicitada pelo Edital (Item 2 e Lista completa no Anexo II);<\/span><\/li>\n<li><span style=\"font-weight: 400\"> A equipe do Servi\u00e7o Social (Prae) analisa a documenta\u00e7\u00e3o enviada;<\/span><\/li>\n<li><span style=\"font-weight: 400\"> Se os documentos estiverem em desacordo com o edital, a Prae entrar\u00e1 em contato para informar a necessidade de corre\u00e7\u00e3o e o(a) discente poder\u00e1 preencher o cadastro novamente;\u00a0<\/span><\/li>\n<li><span style=\"font-weight: 400\"> Se a documenta\u00e7\u00e3o estiver correta, o servi\u00e7o social enviar\u00e1 uma Declara\u00e7\u00e3o informando:\u00a0<\/span><\/li>\n<\/ol>\n<p style=\"padding-left: 40px\"><span style=\"font-weight: 400\">&#8211; A confirma\u00e7\u00e3o da situa\u00e7\u00e3o\u00a0 de vulnerabilidade socioecon\u00f4mica, se assim for avaliado;<\/span><\/p>\n<p style=\"padding-left: 40px\"><span style=\"font-weight: 400\">&#8211; O per\u00edodo de validade do cadastro.<\/span><\/p>\n<ol start=\"5\">\n<li><span style=\"font-weight: 400\"> Assim que novos processos seletivos surgirem, os(as) cadastrados(as) poder\u00e3o escolher o programa que deseja concorrer e apenas anexar a Declara\u00e7\u00e3o fornecida pelo Servi\u00e7o Social.<\/span><\/li>\n<\/ol>\n<p><b><i>\u00a0<\/i><\/b><b><i>Por quanto tempo o cadastro fica v\u00e1lido?<\/i><\/b><\/p>\n<p><span style=\"font-weight: 400\">O cadastramento ter\u00e1 validade\u00a0 de 01 ano, a contar da data de emiss\u00e3o da declara\u00e7\u00e3o de aptid\u00e3o do servi\u00e7o social.<\/span><\/p>\n<p><b><i>Qual a vantagem em se cadastrar na Prae?<\/i><\/b><\/p>\n<p><span style=\"font-weight: 400\">Os(As) estudantes poder\u00e3o:\u00a0<\/span><\/p>\n<ol>\n<li><span style=\"font-weight: 400\"> No per\u00edodo de cadastramento: Corrigir a documenta\u00e7\u00e3o em desacordo com o edital, evitando a desclassifica\u00e7\u00e3o no processo seletivo por esta raz\u00e3o;<\/span><\/li>\n<li><span style=\"font-weight: 400\"> Inscri\u00e7\u00e3o simplificada no processo seletivo: No momento da sele\u00e7\u00e3o, os(as) discentes cadastrados(as) precisar\u00e3o enviar apenas a declara\u00e7\u00e3o emitida pelo servi\u00e7o social e eventuais documentos complementares espec\u00edficos do programa que desejarem concorrer.\u00a0<\/span><\/li>\n<\/ol>\n<p><em><b>At\u00e9 quando pode preencher o cadastro na Prae?<\/b><\/em><\/p>\n<p><span style=\"font-weight: 400\">O formul\u00e1rio de cadastramento ficar\u00e1 dispon\u00edvel at\u00e9 o dia 16 de agosto de 2024, pois a partir do dia 19 de agosto as inscri\u00e7\u00f5es dos novos processos seletivos estar\u00e3o dispon\u00edveis.<\/span><\/p>\n<p>Aqueles(as) que n\u00e3o estiverem cadastrados poder\u00e3o participar das sele\u00e7\u00f5es normalmente, bastando marcar a op\u00e7\u00e3o &#8220;N\u00e3o estou cadastrado&#8221;. Assim, o formul\u00e1rio ir\u00e1 direcionar para o(a) candidato(a) anexar a documenta\u00e7\u00e3o necess\u00e1ria.<\/p>\n","protected":false},"excerpt":{"rendered":"<p>A Universidade do Estado do Rio Grande do Norte (Uern), atrav\u00e9s da Pr\u00f3-Reitoria de Assuntos Estudantil (Prae), lan\u00e7ou o Edital de Cadastramento Socioecon\u00f4mico, destinado a auxiliar os(as) estudantes a acessarem os Programas e Servi\u00e7os disponibilizadas pela Pr\u00f3-Reitoria. O cadastro ser\u00e1 v\u00e1lido por um ano, e \u00e9 efetivado com o recebimento de Declara\u00e7\u00e3o emitida pela equipe [&hellip;]<\/p>\n","protected":false},"author":4,"featured_media":0,"parent":0,"menu_order":0,"comment_status":"closed","ping_status":"closed","template":"","meta":{"footnotes":""},"class_list":["post-1790","page","type-page","status-publish","hentry"],"_links":{"self":[{"href":"https:\/\/portal.uern.br\/prae\/wp-json\/wp\/v2\/pages\/1790","targetHints":{"allow":["GET"]}}],"collection":[{"href":"https:\/\/portal.uern.br\/prae\/wp-json\/wp\/v2\/pages"}],"about":[{"href":"https:\/\/portal.uern.br\/prae\/wp-json\/wp\/v2\/types\/page"}],"author":[{"embeddable":true,"href":"https:\/\/portal.uern.br\/prae\/wp-json\/wp\/v2\/users\/4"}],"replies":[{"embeddable":true,"href":"https:\/\/portal.uern.br\/prae\/wp-json\/wp\/v2\/comments?post=1790"}],"version-history":[{"count":27,"href":"https:\/\/portal.uern.br\/prae\/wp-json\/wp\/v2\/pages\/1790\/revisions"}],"predecessor-version":[{"id":3202,"href":"https:\/\/portal.uern.br\/prae\/wp-json\/wp\/v2\/pages\/1790\/revisions\/3202"}],"wp:attachment":[{"href":"https:\/\/portal.uern.br\/prae\/wp-json\/wp\/v2\/media?parent=1790"}],"curies":[{"name":"wp","href":"https:\/\/api.w.org\/{rel}","templated":true}]}}