{"id":1780,"date":"2024-03-05T12:56:12","date_gmt":"2024-03-05T15:56:12","guid":{"rendered":"https:\/\/portal.uern.br\/prae\/?page_id=1780"},"modified":"2026-04-14T10:25:30","modified_gmt":"2026-04-14T13:25:30","slug":"resolucao-politica-estudantil","status":"publish","type":"page","link":"https:\/\/portal.uern.br\/prae\/resolucao-politica-estudantil\/","title":{"rendered":"Resolu\u00e7\u00f5es"},"content":{"rendered":"<p><img fetchpriority=\"high\" decoding=\"async\" class=\"aligncenter wp-image-2463 size-large\" src=\"https:\/\/portal.uern.br\/prae\/wp-content\/uploads\/2024\/12\/ASSISTENCIA@4x-1024x512.png\" alt=\"\" width=\"800\" height=\"400\" srcset=\"https:\/\/portal.uern.br\/prae\/wp-content\/uploads\/2024\/12\/ASSISTENCIA@4x-1024x512.png 1024w, https:\/\/portal.uern.br\/prae\/wp-content\/uploads\/2024\/12\/ASSISTENCIA@4x-300x150.png 300w, https:\/\/portal.uern.br\/prae\/wp-content\/uploads\/2024\/12\/ASSISTENCIA@4x-768x384.png 768w, https:\/\/portal.uern.br\/prae\/wp-content\/uploads\/2024\/12\/ASSISTENCIA@4x-1536x768.png 1536w, https:\/\/portal.uern.br\/prae\/wp-content\/uploads\/2024\/12\/ASSISTENCIA@4x-2048x1024.png 2048w\" sizes=\"(max-width: 800px) 100vw, 800px\" \/><\/p>\n<p><strong>RESOLU\u00c7\u00c3O N\u00ba 27\/2025 &#8211; CD &#8211;\u00a0<\/strong>Regulamenta os repasses financeiros estudantis concedidos no \u00e2mbito da Universidade do Estado do Rio Grande do Norte, relativos ao exerc\u00edcio financeiro de 2026 (<a href=\"https:\/\/portal.uern.br\/prae\/wp-content\/uploads\/2026\/04\/Resolucao_N__27_2025___CD___Regulamenta_repasses_financeiros_estudantis__ano_financeiro_2026.pdf\">AQUI<\/a>)<\/p>\n<p><strong>RESOLU\u00c7\u00c3O N.\u00ba 15\/2025-CONSUNI &#8211;\u00a0<\/strong>Disp\u00f5e sobre o Regimento das Resid\u00eancias Universit\u00e1rias da Uern e revoga a Resolu\u00e7\u00e3o n.\u00ba 9\/2007 &#8211; Consuni (<a href=\"https:\/\/portal.uern.br\/prae\/wp-content\/uploads\/2026\/03\/Resolucao-no-15-2025-\u2013-Consuni-\u2013-Dispoe-sobre-o-Regimento-das-Residencias-Universitarias-da-Uern-e-revoga-a-Resolucao-n.o-9-2007.pdf\">AQUI<\/a>)<\/p>\n<p><strong>RESOLU\u00c7\u00c3O N\u00ba 25\/2025 &#8211; CD\u00a0<\/strong>&#8211; Institui o Programa de Apoio \u00e0 Perman\u00eancia Estudantil na Universidade do Estado do Rio Grande do Norte e revoga as Resolu\u00e7\u00f5es de n.\u00ba 38\/2014-CD, 39\/2014-CD, 03\/2019-CD, 08\/2019-CD, 02\/2020-CD e 09\/2020-CD. (<a href=\"https:\/\/portal.uern.br\/prae\/wp-content\/uploads\/2026\/02\/Resolucao-No-25-2025-CD-Institui-o-Programa-de-Apoio-a-Permanencia-Estudantil-na-Uern-e-revoga-Resolucoes-1.pdf\">AQUI<\/a>)<\/p>\n<p><strong>INSTRU\u00c7\u00c3O NORMATIVA N. 001\/2025 &#8211; PRAE\/UERN, DE 13 DE JUNHO DE 2025<\/strong>\u00a0&#8211; Disp\u00f5e sobre os procedimentos e fluxo das demandas relativas ao Programa de Apoio a estudantes da Universidade do Estado do Rio Grande do Norte (Uern) em aulas de campo ou visitas t\u00e9cnicas. (<a href=\"https:\/\/portal.uern.br\/prae\/wp-content\/uploads\/2025\/06\/INSTRUCAO-NORMATIVA-N.-001_2025-PRAE_UERN-DE-13-DE-JUNHO-DE-2025.pdf\">AQUI<\/a>)<\/p>\n<p><strong>RESOLU\u00c7\u00c3O N\u00ba 27\/2024 &#8211; CD &#8211;\u00a0<\/strong>Institui o Programa de Apoio a estudantes da Universidade do Estado do Rio Grande do Norte (Uern) em aulas de campo ou visitas t\u00e9cnicas. (<a href=\"https:\/\/portal.uern.br\/prae\/wp-content\/uploads\/2024\/12\/SEI_30996420_UERN___Resolucao_27.pdf\">AQUI<\/a>)<\/p>\n<p><strong>Resolu\u00e7\u00e3o n\u00ba 08\/2025 &#8211; CD<\/strong> &#8211; D\u00e1 nova reda\u00e7\u00e3o para o inciso I do art. 2\u00ba da Resolu\u00e7\u00e3o n. 22\/2024 &#8211; CD, bem como lhe acrescenta o par\u00e1grafo \u00fanico. (<a href=\"https:\/\/portal.uern.br\/prae\/wp-content\/uploads\/2025\/03\/SEI_32768953_UERN___Resolucao_8.pdf\">AQUI<\/a>)<\/p>\n<p><strong>Resolu\u00e7\u00e3o N\u00ba 23-2024<\/strong> <strong>&#8211; CD<\/strong> &#8211; Regulamenta a oferta de repasses financeiros estudantis. <a href=\"https:\/\/portal.uern.br\/prae\/wp-content\/uploads\/2024\/11\/Anexo-Unico-Resolucao-No-23-2024-CD-Regulamenta-a-oferta-de-repasses-financeiros-estudantis.pdf\">(AQUI)<\/a><\/p>\n<p><strong>Resolu\u00e7\u00e3o n\u00ba 22\/2024 &#8211; CD<\/strong> &#8211; Disp\u00f5e sobre a abertura de campo de est\u00e1gio n\u00e3o-obrigat\u00f3rio no \u00e2mbito da Fuern para discentes de outras Institui\u00e7\u00f5es de Ensino Superior. (<a href=\"https:\/\/portal.uern.br\/prae\/wp-content\/uploads\/2025\/03\/Resolucao-No-22-2024-CD-Dispoe-sobre-abertura-campo-estagio-nao-obrigatorio-ambito-Fuern-discentes-outras-IES.pdf\">AQUI<\/a>)<\/p>\n<p><strong>INSTRU\u00c7\u00c3O NORMATIVA 002\/2024 &#8211; PRAE\/PROAD &#8211; <\/strong>Regulamenta a modalidade de passagem a\u00e9rea ou terrestre do Programa de Apoio \u00e0 Participa\u00e7\u00e3o de Estudantes em atividades acad\u00eamicas, esportivas, culturais e pol\u00edtico-estudantil. (<a href=\"https:\/\/portal.uern.br\/prae\/wp-content\/uploads\/2025\/05\/instrucao_normativa-002-2024.pdf\">AQUI<\/a>)<\/p>\n<p><strong>INSTRU\u00c7\u00c3O NORMATIVA 002\/2024 &#8211; <\/strong>Regulamenta o Aux\u00edlio Estudantil Emergencial para os estudantes da Universidade do Estado do Rio Grande do Norte (Uern), em vulnerabilidade socioecon\u00f4mica, agravada por situa\u00e7\u00e3o emergencial ou excepcional. (<a href=\"https:\/\/portal.uern.br\/prae\/wp-content\/uploads\/2024\/12\/Instrucao-Normativa-do-Auxilio-Emergencial.pdf\">AQUI<\/a>)<\/p>\n<p><strong>INSTRU\u00c7\u00c3O NORMATIVA N.\u00ba 001\/2024<\/strong> &#8211; Regulamenta a concess\u00e3o do Aux\u00edlio Transporte no \u00e2mbito da Uern (<a href=\"https:\/\/portal.uern.br\/prae\/wp-content\/uploads\/2024\/07\/INSTRUCAO_NORMATIVA___AUXILIO_TRANSPORTE__1_.pdf\">AQUI<\/a>)<\/p>\n<p><strong>RESOLU\u00c7\u00c3O N\u00ba 04\/2024 &#8211; CD<\/strong> &#8211; Programa de Apoio \u00e0 Participa\u00e7\u00e3o de Estudantes em atividades acad\u00eamicas, esportivas, culturais e pol\u00edtico-estudantil (<a href=\"https:\/\/portal.uern.br\/prae\/wp-content\/uploads\/2024\/04\/SEI_25636814_Resolucao_19.pdf\">AQUI<\/a>)<\/p>\n<p><strong>RESOLU\u00c7\u00c3O N.\u00ba 12\/2023 &#8211; CONSUNI<\/strong> &#8211; Institui a Pol\u00edtica de Assist\u00eancia Estudantil (Paest) da Universidade do Estado do Rio Grande do Norte (Uern). (<a href=\"https:\/\/portal.uern.br\/prae\/wp-content\/uploads\/2024\/04\/Resolucao-no-12-2023-Consuni-Institui-a-Politica-de-Assistencia-Estudantil-da-Uern.pdf\">AQUI<\/a>)<\/p>\n<p><strong>INSTRU\u00c7\u00c3O NORMATIVA N.\u00ba 002\/2023<\/strong> &#8211; Regulamenta a concess\u00e3o de Aux\u00edlio Alimenta\u00e7\u00e3o, no \u00e2mbito da Universidade do Estado do Rio Grande do Norte (Uern), com intuito de ajudar os(as) estudantes em vulnerabilidade socioecon\u00f4mica. (<a href=\"https:\/\/portal.uern.br\/prae\/wp-content\/uploads\/2023\/12\/INSTRUCAO_NORMATIVA_N.__002_2023__DE_19_DE_DEZEMBRO_DE_2023_assinado.pdf\">AQUI<\/a>)<\/p>\n<p><strong>INSTRU\u00c7\u00c3O NORMATIVA-SEI N.\u00ba 001\/2023 <\/strong>&#8211; Disp\u00f5e sobre a comprova\u00e7\u00e3o dos recursos atinentes ao Programa Aux\u00edlio Creche, em conson\u00e2ncia a Resolu\u00e7\u00e3o n\u00ba 009\/2020 &#8211; CD. (<a href=\"https:\/\/portal.uern.br\/prae\/wp-content\/uploads\/2023\/08\/INSTRUCAO_NORMATIVA_SEI_N.__001_2023__DE_03_DE_ABRIL_DE_2023__1___1_.pdf\">AQUI<\/a>)<\/p>\n<p><strong>Resolu\u00e7\u00e3o n\u00ba 09\/2020 &#8211; CD<\/strong> &#8211;\u00a0Disp\u00f5e sobre o Programa Aux\u00edlio-Creche e d\u00e1 outras provid\u00eancias.\u00a0<a href=\"https:\/\/www.uern.br\/controledepaginas\/documentos-legislacao-cd\/arquivos\/5106resolucao_n0_2020_009___cd___dispoe_sobre_o_programa_auxilio_creche_e_da_outras_providrncias.pdf\">(AQUI)<\/a><\/p>\n<p><strong>Resolu\u00e7\u00e3o n\u00ba 02\/2020 &#8211; CD<\/strong> &#8211; Disp\u00f5e sobre o Programa de Fomento \u00e0s A\u00e7\u00f5es de Assist\u00eancia a Perman\u00eancia Estudantil no \u00e2mbito da Uern (Pro-Uern) e d\u00e1 outras provid\u00eancias. (A<a href=\"https:\/\/www.uern.br\/controledepaginas\/prae-PROUERN\/arquivos\/5941resolua\u00a7a\u00a3o_02_2020__cd_dispoe_sobre_programa_fomento_acoes_assistencia_permanencia_estudantil___prouern.pdf\">QUI)<\/a><\/p>\n<p><strong>Resolu\u00e7\u00e3o n\u00ba 09\/2019 &#8211; CD<\/strong> &#8211; Disp\u00f4e sobre o Programa de Apoio ao Est\u00e1gio Curricular Supervisionado N\u00e3o-Obrigat\u00f3rio.\u00a0<a href=\"https:\/\/www.uern.br\/controledepaginas\/documentos-legislacao-cd\/arquivos\/5106resolucao_n0_2019_009___cd___dispoe_sobre_o_programa_de_apoio_ao_estagio_curricular_supervisionado_nao_obrigatorio.pdf\">(AQUI)<\/a><\/p>\n<p><strong>Resolu\u00e7\u00e3o n\u00ba 08\/2019 &#8211; CD<\/strong> &#8211; Institui o Programa de Moradia Universit\u00e1ria e d\u00e1 outras provid\u00eancias.\u00a0<a href=\"Institui%20o%20Programa%20de%20Moradia%20Universit\u00e1ria%20e%20d\u00e1%20outras%20provid\u00eancias.\">(<\/a><a href=\"https:\/\/www.uern.br\/controledepaginas\/documentos-legislacao-cd\/arquivos\/5106resolucao_n0_2019_008___cd___institui_o_programa_de_moradia_universitaria_e_da_outras_providencias.pdf\">AQUI)<\/a><\/p>\n<p><strong>Resolu\u00e7\u00e3o n\u00ba 03\/2019 &#8211; CD<\/strong> &#8211;\u00a0Disp\u00f5e sobre o Programa Aux\u00edlio Fotoc\u00f3pia. (<a href=\"https:\/\/www.uern.br\/controledepaginas\/prae-resolu\u00e7\u00f5es\/arquivos\/4676resolua\u00a7a\u00a3o_03_2019___cd___dispoe_sobre_o_programa_auxilio_fotocopia.pdf\">Aqui<\/a>)<\/p>\n<p><a href=\"https:\/\/portal.uern.br\/blog\/prae-e-progep-consuni-aprova-criacao-da-pro-reitoria-de-assuntos-estudantis-e-da-pro-reitoria-de-gestao-de-pessoas\/\">Aprova a cria\u00e7\u00e3o da PRAE<\/a><\/p>\n<p><strong>Resolu\u00e7\u00e3o n\u00ba 15\/2017<\/strong> &#8211;\u00a0Regulamento de Est\u00e1gio Curricular Supervisionado N\u00e3o Obrigat\u00f3rio para os Discentes dos Cursos de Gradua\u00e7\u00e3o da UERN (<a href=\"https:\/\/www.uern.br\/controledepaginas\/dae-resolucoes\/arquivos\/29880068resolucao_n0_15_2017___consepe___aprova_o_regulamento_de_estagio_curricular_supervisionado_nao_obrigatorio.pdf\">AQUI<\/a>)<\/p>\n<p><strong>Resolu\u00e7\u00e3o n\u00ba 01\/2015 &#8211; CD<\/strong> Altera as Resolu\u00e7\u00f5es n\u00ba 38\/2014 e n\u00b0 39\/2014 e institui valores (<a href=\"https:\/\/www.uern.br\/controledepaginas\/dae-resolucoes\/arquivos\/2988resolua\u00a7a\u00a3o_01_2015_cd_altera_as_resolua\u00a7a\u00b5es_de_nas_38_e_39_2015_cd.pdf\">AQUI<\/a>)<\/p>\n<p><strong>Resolu\u00e7\u00e3o n\u00ba 39\/2014 &#8211; CD<\/strong> Institui o PAE(Programa de Apoio ao Estudante), cria a CPE e Revoga a Resolu\u00e7\u00e3o n\u00ba 38\/2009\u00a0<a title=\"Resolu\u00e7\u00e3o n\u00ba 39\/2014\" href=\"https:\/\/www.uern.br\/controledepaginas\/dae-resolucoes\/arquivos\/2988resolua\u00a7a\u00a3o_39_2014_institui_o_pae_cria_a_cpe_e_revoga_a_resolua\u00a7a\u00a3o_38_de_2009.pdf\">(AQUI)<\/a><\/p>\n<p><strong>Resolu\u00e7\u00e3o n\u00ba 38\/2014 &#8211; CD<\/strong> Institui concess\u00e3o de Aux\u00edlio Alimenta\u00e7\u00e3o aos Discentes (<a title=\"Resolu\u00e7\u00e3o n\u00ba 38\/2014\" href=\"https:\/\/www.uern.br\/controledepaginas\/dae-resolucoes\/arquivos\/2988resolua\u00a7a\u00a3o_38_2014_cd_institui_concessa\u00a3o_de_auxilio_alimentaa\u00a7a\u00a3o_aos_discentes.pdf\">AQUI)<\/a><\/p>\n<p><strong>Resolu\u00e7\u00e3o n\u00ba 05\/2014 &#8211; CONSEPE<\/strong> &#8211;\u00a0Aprova o Regulamento dos Cursos de Gradua\u00e7\u00e3o da UERN e revoga a Resolu\u00e7\u00e3o n\u00ba 52\/2013 &#8211; ver Se\u00e7\u00e3o III que trata do est\u00e1gio\u00a0<a href=\"https:\/\/www.uern.br\/controledepaginas\/documentos-legislacao-ensino\/arquivos\/0065resolua%C2%A7a%C2%A3o_005_2014_consepe_aprova_o_rcg_e_revoga_resolua%C2%A7a%C2%A3o_na_52_2013_consepe.pdf\">(AQUI)<\/a><\/p>\n<p>Sobre trotes universit\u00e1rios &#8211; Recomenda\u00e7\u00e3o n\u00ba 003\/2010 &#8211; 4\u00aa Promotoria de Justi\u00e7a da Comarca de Mossor\u00f3 &#8211; Defesa da Educa\u00e7\u00e3o\u00a0<a href=\"https:\/\/www.uern.br\/controledepaginas\/dae-resolucoes\/arquivos\/2988recomendaa\u00a7a\u00a3o.pdf\">(AQUI)<\/a><\/p>\n<p><strong>Resolu\u00e7\u00e3o n\u00ba 39\/2009 &#8211; CD<\/strong> Estabelece Crit\u00e9rios para Concess\u00e3o de Auxilio \u00e0 Participa\u00e7\u00e3o de Estudantes em Atividades Acad\u00eamicas, Cient\u00edficas e Culturais &#8211; AACC\u00b4s (<a title=\"Resolu\u00e7\u00e3o n\u00ba 39\/2009\" href=\"https:\/\/www.uern.br\/controledepaginas\/dae-resolucoes\/arquivos\/2988resolucao39_2009_cd_.pdf\">AQUI)<\/a><\/p>\n<p><strong>Resolu\u00e7\u00e3o n\u00ba 09\/2007 &#8211; CONSUNI<\/strong> Aprova o Regimento das Resid\u00eancias Universit\u00e1rias da UERN\u00a0<a title=\"Resolu\u00e7\u00e3o n\u00ba 09\/2007\" href=\"https:\/\/www.uern.br\/controledepaginas\/dae-resolucoes\/arquivos\/2988regimento_resida\u0161ncias_2007_original.pdf\">(AQUI)<\/a><\/p>\n<p>&nbsp;<\/p>\n","protected":false},"excerpt":{"rendered":"<p>RESOLU\u00c7\u00c3O N\u00ba 27\/2025 &#8211; CD &#8211;\u00a0Regulamenta os repasses financeiros estudantis concedidos no \u00e2mbito da Universidade do Estado do Rio Grande do Norte, relativos ao exerc\u00edcio financeiro de 2026 (AQUI) RESOLU\u00c7\u00c3O N.\u00ba 15\/2025-CONSUNI &#8211;\u00a0Disp\u00f5e sobre o Regimento das Resid\u00eancias Universit\u00e1rias da Uern e revoga a Resolu\u00e7\u00e3o n.\u00ba 9\/2007 &#8211; Consuni (AQUI) RESOLU\u00c7\u00c3O N\u00ba 25\/2025 &#8211; CD\u00a0&#8211; [&hellip;]<\/p>\n","protected":false},"author":3,"featured_media":0,"parent":0,"menu_order":0,"comment_status":"closed","ping_status":"closed","template":"","meta":{"footnotes":""},"class_list":["post-1780","page","type-page","status-publish","hentry"],"_links":{"self":[{"href":"https:\/\/portal.uern.br\/prae\/wp-json\/wp\/v2\/pages\/1780","targetHints":{"allow":["GET"]}}],"collection":[{"href":"https:\/\/portal.uern.br\/prae\/wp-json\/wp\/v2\/pages"}],"about":[{"href":"https:\/\/portal.uern.br\/prae\/wp-json\/wp\/v2\/types\/page"}],"author":[{"embeddable":true,"href":"https:\/\/portal.uern.br\/prae\/wp-json\/wp\/v2\/users\/3"}],"replies":[{"embeddable":true,"href":"https:\/\/portal.uern.br\/prae\/wp-json\/wp\/v2\/comments?post=1780"}],"version-history":[{"count":26,"href":"https:\/\/portal.uern.br\/prae\/wp-json\/wp\/v2\/pages\/1780\/revisions"}],"predecessor-version":[{"id":3199,"href":"https:\/\/portal.uern.br\/prae\/wp-json\/wp\/v2\/pages\/1780\/revisions\/3199"}],"wp:attachment":[{"href":"https:\/\/portal.uern.br\/prae\/wp-json\/wp\/v2\/media?parent=1780"}],"curies":[{"name":"wp","href":"https:\/\/api.w.org\/{rel}","templated":true}]}}