{"id":1744,"date":"2024-02-15T13:21:31","date_gmt":"2024-02-15T16:21:31","guid":{"rendered":"https:\/\/portal.uern.br\/prae\/?page_id=1744"},"modified":"2024-05-15T11:37:34","modified_gmt":"2024-05-15T14:37:34","slug":"2023-2","status":"publish","type":"page","link":"https:\/\/portal.uern.br\/prae\/2023-2\/","title":{"rendered":"2023"},"content":{"rendered":"<h3><strong>EDITAIS &#8211; PRAE 2023<\/strong><\/h3>\n<p><strong>EDITAIS DE EST\u00c1GIO<\/strong><\/p>\n<ul>\n<li style=\"text-align: left\"><strong>Edital n\u00ba 09\/2024 -PRAE<\/strong> TORNA P\u00daBLICO O EDITAL DE CONVOCA\u00c7\u00c3O PARA ENTREVISTAS DE SELE\u00c7\u00c3O PARA PREENCHIMENTO DE VAGAS EM EST\u00c1GIO N\u00c3O-OBRIGAT\u00d3RIO INTERNO DA UERN. (<a href=\"https:\/\/portal.uern.br\/prae\/wp-content\/uploads\/2024\/02\/EDITAL-09-PRAE-UERN.pdf\">Clique Aqui)<\/a><\/li>\n<\/ul>\n<p><strong>RENOVA\u00c7\u00d5ES PARA O ANO DE 2024<\/strong><\/p>\n<ul>\n<li><strong>Edital n\u00ba 128\/2023 -PRAE<\/strong> &#8211; RENOVA\u00c7\u00c3O DE V\u00cdNCULO DOS(AS) BENEFICI\u00c1RIOS DO PROGRAMA MORADIA UNIVERSIT\u00c1RIA &#8211; MODALIDADE AUX\u00cdLIO FINANCEIRO (<a href=\"https:\/\/portal.uern.br\/prae\/wp-content\/uploads\/2024\/01\/EDITAL-128_2023_-renovacao-do-moradia.pdf\">Clique Aqui<\/a>)<\/li>\n<li><strong>Edital n\u00ba 129\/2023 -PRAE &#8211;<\/strong> RENOVA\u00c7\u00c3O DE V\u00cdNCULO DOS(AS) BENEFICI\u00c1RIOS DO PROGRAMA AUX\u00cdLIO CRECHE (<a href=\"https:\/\/portal.uern.br\/prae\/wp-content\/uploads\/2024\/01\/EDITAL-N-129_2023_renovacao-creche.pdf\">Clique Aqui<\/a>)<\/li>\n<li><strong>Edital n\u00ba 130\/2023 -PRAE &#8211; <\/strong>RENOVA\u00c7\u00c3O DE V\u00cdNCULO DOS(AS) BENEFICI\u00c1RIOS DO PAE, EDI\u00c7\u00c3O 2023.1 (<a href=\"https:\/\/portal.uern.br\/prae\/wp-content\/uploads\/2024\/01\/EDITAL-N-130_2023_renovacao-PAE-2023_1.pdf\">Clique Aqui<\/a>)<\/li>\n<li><strong>Edital n\u00ba 131\/2023 -PRAE &#8211; <\/strong>RENOVA\u00c7\u00c3O DE V\u00cdNCULO DOS(AS) BENEFICI\u00c1RIOS DO PAE, EDI\u00c7\u00c3O 2023.2 (<a href=\"https:\/\/portal.uern.br\/prae\/wp-content\/uploads\/2024\/01\/EDITAL-N-130_2023_renovacao-PAE-2023_2.pdf\">Clique Aqui<\/a>)<\/li>\n<\/ul>\n<p>&nbsp;<\/p>\n<p><strong>MANIFESTA\u00c7\u00c3O DE INTERESSE PARA O AUX\u00cdLIO ALIMENTA\u00c7\u00c3O &#8211; RESIDENTES UNIVERSIT\u00c1RIOS<\/strong><\/p>\n<ul>\n<li><strong>Edital n\u00ba 125\/2023 &#8211; PRAE<\/strong> &#8211; CONVOCA\u00c7\u00c3O PARA MANIFESTA\u00c7\u00c3O DE INTERESSE PARA CONCESS\u00c3O DO AUX\u00cdLIO ALIMENTA\u00c7\u00c3O AOS RESIDENTES UNIVERSIT\u00c1RIOS. (<a href=\"https:\/\/portal.uern.br\/prae\/wp-content\/uploads\/2023\/12\/SEI_SEARH-23971930-Edital.pdf\">Clique Aqui<\/a>)<\/li>\n<li><strong>Edital n\u00ba001\/2024-PRAE<\/strong> &#8211; RESULTADO PRELIMINAR DA MANIFESTA\u00c7\u00c3O DE INTERESSE PARA CONCESS\u00c3O DO AUX\u00cdLIO ALIMENTA\u00c7\u00c3O AOS RESIDENTES UNIVERSIT\u00c1RIOS. (<a href=\"https:\/\/portal.uern.br\/prae\/wp-content\/uploads\/2024\/01\/SEI_04410060.001750_2023_72.pdf\">Clique Aqui<\/a>)<\/li>\n<li><strong>Edital N\u00ba 004\/2024 &#8211; PRAE<\/strong> &#8211; RESULTADO FINAL DA MANIFESTA\u00c7\u00c3O DE INTERESSE PARA CONCESS\u00c3O DO AUX\u00cdLIO ALIMENTA\u00c7\u00c3O AOS RESIDENTES UNIVERSIT\u00c1RIOS. (<a href=\"https:\/\/portal.uern.br\/prae\/wp-content\/uploads\/2024\/01\/EDITAL-No-0042024-PRAEUERN2024.pdf\">Clique Aqui<\/a>)<\/li>\n<\/ul>\n<p>&nbsp;<\/p>\n<p><em><strong>PRESTA\u00c7\u00c3O DE CONTAS AUX\u00cdLIO CRECHE &#8211; 2023<\/strong><\/em><\/p>\n<ul>\n<li><strong>Edital n\u00ba 124\/2023 &#8211; PRAE<\/strong> &#8211; CONVOCA\u00c7\u00c3O PARA PRESTA\u00c7\u00c3O DE CONTAS DO PROGRAMA AUX\u00cdLIO CRECHE (<a href=\"https:\/\/portal.uern.br\/prae\/wp-content\/uploads\/2023\/12\/Edital-124.2023-PRAE.UERN_.pdf\">Clique Aqui<\/a>)<\/li>\n<li><strong>Edital n\u00ba 127\/2023 &#8211; PRAE <\/strong>&#8211;\u00a0 RESULTADO PRELIMINAR DA PRESTA\u00c7\u00c3O DE CONTAS DO PROGRAMA AUX\u00cdLIO CRECHE (<a href=\"https:\/\/portal.uern.br\/prae\/wp-content\/uploads\/2023\/12\/SEI_04410055.001775_2023_45.pdf\">Clique Aqui<\/a>)<\/li>\n<li><strong>Edital n\u00ba 007\/2024 &#8211; PRAE<\/strong> &#8211; RESULTADO FINAL DA PRESTA\u00c7\u00c3O DE CONTAS DOS RECURSOS FINANCEIROS RELATIVO AO PROGRAMA AUX\u00cdLIO CRECHE. (<a href=\"https:\/\/portal.uern.br\/prae\/wp-content\/uploads\/2024\/01\/Edital-0072024-PRAEUERN.pdf\">Clique Aqui<\/a>)<\/li>\n<\/ul>\n<p>&nbsp;<\/p>\n<p><em><strong>PRESTA\u00c7\u00c3O DE CONTAS DO AUX\u00cdLIO FINANCEIRO DO PROGRAMA MORADIA UNIVERSIT\u00c1RIA &#8211; 202<\/strong><strong>3<\/strong><\/em><\/p>\n<ul>\n<li><strong>Edital n\u00ba 123\/2023 &#8211; PRAE<\/strong> &#8211; CONVOCA\u00c7\u00c3O PARA PRESTA\u00c7\u00c3O DE CONTAS DO PROGRAMA MORADIA UNIVERSIT\u00c1RIA,\u00a0 MODALIDADE AUX\u00cdLIO FINANCEIRO. (<a href=\"https:\/\/portal.uern.br\/prae\/wp-content\/uploads\/2023\/12\/Edital-123.2023-PRAE.UERN_.pdf\">Clique Aqui<\/a>)<\/li>\n<li><strong>Edital n\u00ba 126\/2023 &#8211; PRAE<\/strong> &#8211; RESULTADO PRELIMINAR DA PRESTA\u00c7\u00c3O DE CONTAS DO PROGRAMA MORADIA UNIVERSIT\u00c1RIA,\u00a0 MODALIDADE AUX\u00cdLIO FINANCEIRO. (<a href=\"https:\/\/portal.uern.br\/prae\/wp-content\/uploads\/2023\/12\/SEI_04410055.001634_2023_22.pdf\">Clique Aqui<\/a>)<\/li>\n<li><strong>Edital n\u00ba 006\/2024 &#8211; PRAE<\/strong> &#8211; RESULTADO FINAL DA PRESTA\u00c7\u00c3O DE CONTAS DOS RECURSOS FINANCEIROS RELATIVO AO PROGRAMA MORADIA UNIVERSIT\u00c1RIA, MODALIDADE AUX\u00cdLIO FINANCEIRO . (<a href=\"https:\/\/portal.uern.br\/prae\/wp-content\/uploads\/2024\/01\/Edital-0062024-PRAEUERN.pdf\">Clique Aqui<\/a>)<\/li>\n<\/ul>\n<p>&nbsp;<\/p>\n<p><em><strong>PROCESSO SELETIVO &#8211; RESID\u00caNCIAS UNIVERSIT\u00c1RIAS 2023.2<\/strong><\/em><\/p>\n<ul>\n<li><strong>Edital n\u00ba 113\/2023 &#8211; PRAE<\/strong> &#8211; ABERTURA DO PROCESSO SELETIVO PARA ACESSO AO PROGRAMA DE MORADIA UNIVERSIT\u00c1RIA \u2013 MODALIDADE RESID\u00caNCIA UNIVERSIT\u00c1RIA, NO SEMESTRE 2023.2. (<a href=\"https:\/\/portal.uern.br\/prae\/wp-content\/uploads\/2023\/11\/SEI_SEARH-23195133-Edital.pdf\">Clique Aqui<\/a>)<\/li>\n<li><strong>Edital n\u00ba 120\/2023-PRAE<\/strong> &#8211; RESULTADO DAS INSCRI\u00c7\u00d5ES DO PROGRAMA DE MORADIA UNIVERSIT\u00c1RIA \/ RESID\u00caNCIA UNIVERSIT\u00c1RIA, SEMESTRE 2023.2. (<a href=\"https:\/\/portal.uern.br\/prae\/wp-content\/uploads\/2023\/12\/SEI_04410055.002092_2023_13-1.pdf\">Clique Aqui<\/a>)<\/li>\n<li><strong>Edital n.\u00ba 121\/2023 &#8211; PRAE<\/strong> &#8211; RESULTADO DOS RECURSOS E CONVOCA\u00c7\u00c3O PARA ENTREVISTAS &#8211; RESID\u00caNCIA UNIVERSIT\u00c1RIA. (<a href=\"https:\/\/portal.uern.br\/prae\/wp-content\/uploads\/2023\/11\/EDITAL-n_121_2023_PRAE_UERN.pdf\">Clique Aqui<\/a>)<\/li>\n<\/ul>\n<p><em><strong>PROCESSO SELETIVO &#8211; PAE 2023.2<\/strong><\/em><\/p>\n<ul>\n<li><strong>Edital n\u00ba 100\/2023 &#8211; PRAE<\/strong> &#8211; ABERTURA DO PROCESSO SELETIVO PARA ACESSO AO PROGRAMA DE APOIO AO ESTUDANTE (PAE) NO SEMESTRE 2023.2. (<a href=\"https:\/\/portal.uern.br\/prae\/wp-content\/uploads\/2023\/09\/EDITAL-No-100-2023-PRAE-UERN-2023.pdf\">Clique Aqui<\/a>)<\/li>\n<li><strong>Edital n\u00ba 112\/2023 &#8211; PRAE<\/strong> &#8211; RESULTADO FINAL DO PROGRAMA DE APOIO AO ESTUDANTE (PAE) NO SEMESTRE 2023.2. (<a href=\"https:\/\/portal.uern.br\/prae\/wp-content\/uploads\/2024\/05\/Edital_112_2023___PRAE_UERN.pdf\">Clique Aqui<\/a>)<\/li>\n<\/ul>\n<p>&nbsp;<\/p>\n<p><strong>RESULTADO FINAL DA REAVALIA\u00c7\u00c3O ACAD\u00caMICA DOS(AS) BENEFICI\u00c1RIOS(AS) DO PROGRAMA DE MORADIA UNIVERSIT\u00c1RIA \u2013 PMU DO SEMESTRE LETIVO DE 2022.2<\/strong><\/p>\n<p>TORNA P\u00daBLICO O RESULTADO FINAL DA REAVALIA\u00c7\u00c3O ACAD\u00caMICA DOS(AS) BENEFICI\u00c1RIOS(AS) DO PROGRAMA DE MORADIA UNIVERSIT\u00c1RIA \u2013 PMU DO SEMESTRE LETIVO DE 2022.2 (<a href=\"https:\/\/portal.uern.br\/prae\/wp-content\/uploads\/2023\/06\/EDITAL-No-057.2023-PRAE-UERN-2023.pdf\">Clique Aqui<\/a>)<\/p>\n<p>&nbsp;<\/p>\n<p><strong>RESULTADO FINAL DA REAVALIA\u00c7\u00c3O ACAD\u00caMICA DOS(AS) BENEFICI\u00c1RIOS(AS) DO PAE 2022.2<\/strong><\/p>\n<p>TORNA P\u00daBLICO O RESULTADO FINAL DA REAVALIA\u00c7\u00c3O ACAD\u00caMICA DOS(AS) BENEFICI\u00c1RIOS(AS) DO PROGRAMA DE APOIO AO ESTUDANTE \u2013PAE DO SEMESTRE LETIVO DE 2022.2 (<a href=\"https:\/\/portal.uern.br\/prae\/wp-content\/uploads\/2023\/06\/EDITAL-No-056.2023-PRAE-UERN-2023.pdf\">Clique Aqui<\/a>)<\/p>\n<p>&nbsp;<\/p>\n<p><strong>RESULTADO FINAL DO PROGRAMA MORADIA UNIVERSIT\u00c1RIA 2023.1 (VAGAS REMANESCENTES)<\/strong><\/p>\n<p>TORNA P\u00daBLICO O RESULTADO FINAL DO PROCESSO SELETIVO PARA ACESSO AO PROGRAMA DE<br \/>\nMORADIA UNIVERSIT\u00c1RIA, MODALIDADE RESID\u00caNCIA UNIVERSIT\u00c1RIA, VAGAS REMANESCENTES,<br \/>\nSEMESTRE 2023.1 (<a href=\"https:\/\/portal.uern.br\/prae\/wp-content\/uploads\/2023\/05\/Edital-044-2023-Moradia-Universitaria.pdf\">Clique Aqui<\/a>)<\/p>\n<p><strong>RESULTADO DAS INSCRI\u00c7\u00d5ES DO PROGRAMA MORADIA UNIVERSIT\u00c1RIA\u00a0 2023.1<\/strong><\/p>\n<p>TORNA P\u00daBLICO O RESULTADO DAS INSCRI\u00c7\u00d5ES E A CONVOCA\u00c7\u00c3O PARA ENTREVISTAS DO PROGRAMA DE MORADIA UNIVERSIT\u00c1RIA \u2013 MODALIDADE RESID\u00caNCIA UNIVERSIT\u00c1RIA , VAGAS REMANESCENTES, SEMESTRE 2023.1. (<a href=\"https:\/\/portal.uern.br\/prae\/wp-content\/uploads\/2023\/05\/EDITAL-No-043.2023.pdf\">Clique Aqui<\/a>)<\/p>\n<p><strong>RESULTADO REAVALIA\u00c7\u00c3O ACAD\u00caMICA PROGRAMA MORIADIA UNIVESIT\u00c1RIA 2022.2<\/strong><\/p>\n<p>TORNA P\u00daBLICO O RESULTADO PRELIMINAR DA REAVALIA\u00c7\u00c3O ACAD\u00caMICA DOS(AS) BENEFICI\u00c1RIOS(AS) DO PROGRAMA DE MORADIA UNIVERSIT\u00c1RIA \u2013 PMU DO SEMESTRE LETIVO DE 2022.2. (<a href=\"https:\/\/portal.uern.br\/prae\/wp-content\/uploads\/2023\/05\/EDITAL-No-041.2023-PRAEUERN2023-1.pdf\">Clique Aqui<\/a>)<\/p>\n<p><strong>RESULTADO REAVALIA\u00c7\u00c3O ACAD\u00caMICA &#8211; PAE 2022.2<\/strong><\/p>\n<p>TORNA P\u00daBLICO O RESULTADO PRELIMINAR DA REAVALIA\u00c7\u00c3O ACAD\u00caMICA DOS(AS) BENEFICI\u00c1RIOS(AS) DO PROGRAMA DE APOIO AO ESTUDANTE \u2013 PAE DO SEMESTRE LETIVO DE 2022.2. (<a href=\"https:\/\/portal.uern.br\/prae\/wp-content\/uploads\/2023\/05\/EDITAL-No-040.2023-PRAEUERN2023.pdf\">Clique Aqui<\/a>)<\/p>\n<p><strong>FLUXO CONT\u00cdNUO &#8211; RESID\u00caNCIA UNIVERSIT\u00c1RIA 2022.2<\/strong><\/p>\n<ul>\n<li>EDITAL No 027\/2023 &#8211; PRAE\/UERN\/2023 &#8211; TORNA P\u00daBLICO O RESULTADO FINAL DO PROCESSO SELETIVO PARA ACESSO AO PROGRAMA DE RESID\u00caNCIA UNIVERSIT\u00c1RIA, SEMESTRE 2022.2, EDITAL CONT\u00cdNUO (TERCEIRA ETAPA). (<a href=\"https:\/\/portal.uern.br\/prae\/wp-content\/uploads\/2023\/04\/Edital-No-27-2022-PRAE-UERN.pdf\">Clique Aqui<\/a>)<\/li>\n<li>EDITAL N\u00ba 022\/2023 &#8211; PRAE\/UERN\/2023 &#8211; TORNA P\u00daBLICO O RESULTADO DE DEFERIMENTO DAS INSCRI\u00c7\u00d5ES DA TERCEIRA ETAPA DO PROCESSO SELETIVO PARA ACESSO AO PROGRAMA DE RESID\u00caNCIA UNIVERSIT\u00c1RIA, SEMESTRE\u00a0 \u00a02022.2. (<a href=\"https:\/\/portal.uern.br\/prae\/wp-content\/uploads\/2023\/04\/Edital-No-22-2023-PRAE-UERN.pdf\">Clique Aqui<\/a>)<\/li>\n<li>EDITAL N\u00ba 021\/2023 &#8211; PRAE\/UERN\/2023 &#8211; TORNA P\u00daBLICO O EDITAL DE TERCEIRA ETAPA REFERENTE AO EDITAL DE FLUXO CONT\u00cdNUO AO PROGRAMA DE RESID\u00caNCIA UNIVERSIT\u00c1RIA \u2013 SEMESTRE 2022.2. (<a href=\"https:\/\/portal.uern.br\/wp-content\/uploads\/2023\/02\/PRAE-SEI_04410055.003346_2022_21-1.pdf\">Clique Aqui<\/a>)<\/li>\n<li>EDITAL N\u00ba 009\/2023 &#8211; TORNA P\u00daBLICO O EDITAL DE FLUXO CONT\u00cdNUO PARA ACESSO \u00c0S VAGAS REMANESCENTES DO PROGRAMA DE RESID\u00caNCIA UNIVERSIT\u00c1RIA \u2013 SEMESTRE 2022.2. (<a href=\"http:\/\/www.uern.br\/controledepaginas\/prae-editais\/arquivos\/4664edital_n_092023.pdf\" target=\"_blank\" rel=\"noopener\">Clique Aqui<\/a>)<\/li>\n<li>EDITAL N\u00ba 015\/2023 &#8211; TORNA P\u00daBLICO O RESULTADO DE DEFERIMENTO DAS INSCRI\u00c7\u00d5ES DO PROCESSO SELETIVO PARA ACESSO AO PROGRAMA DE RESID\u00caNCIA UNIVERSIT\u00c1RIA, SEMESTRE 2022.2 (PRIMEIRA ETAPA). (<a href=\"http:\/\/www.uern.br\/controledepaginas\/prae-editais\/arquivos\/4664edital_na_15_2023_prae_uern.pdf\" target=\"_blank\" rel=\"noopener\">Clique Aqui<\/a>)<\/li>\n<li>EDITAL N\u00ba 016\/2023 &#8211;\u00a0 TORNA P\u00daBLICO O RESULTADO FINAL DO PROCESSO SELETIVO PARA ACESSO AO PROGRAMA DE RESID\u00caNCIA UNIVERSIT\u00c1RIA, SEMESTRE 2022.2 (PRIMEIRA ETAPA). (<a href=\"http:\/\/www.uern.br\/controledepaginas\/prae-editais\/arquivos\/4664edital_na_16_2023_prae_uern.pdf\" target=\"_blank\" rel=\"noopener\">Clique Aqui<\/a>)<\/li>\n<li>EDITAL N\u00ba 017\/2023 &#8211;\u00a0TERMO ADITIVO DO EDITAL No 009\/2023 \u2013 PRAE\/UERN (<a href=\"http:\/\/www.uern.br\/controledepaginas\/prae-editais\/arquivos\/4664edital_na_17_20223_prae_uern.pdf\" target=\"_blank\" rel=\"noopener\">Clique Aqui<\/a>)<\/li>\n<li>EDITAL N\u00ba 018\/2023 &#8211;\u00a0 TORNA P\u00daBLICO O EDITAL DE SEGUNDA ETAPA REFERENTE AO EDITAL DE FLUXO CONT\u00cdNUO AO PROGRAMA DE RESID\u00caNCIA UNIVERSIT\u00c1RIA \u2013 SEMESTRE 2022.2. (<a href=\"http:\/\/www.uern.br\/controledepaginas\/prae-editais\/arquivos\/4664edital_na_18_2023_prae_uern.pdf\" target=\"_blank\" rel=\"noopener\">Clique Aqui<\/a>)<\/li>\n<\/ul>\n<p><strong>PROGRAMA MORADIA UNIVERSIT\u00c1RIA\u00a0<\/strong><\/p>\n<ul>\n<li>EDITAL No 032\/2023 &#8211; PRAE\/UERN\/2023 &#8211; TORNA P\u00daBLICA A REAVALIA\u00c7\u00c3O ACAD\u00caMICA DOS(AS)<br \/>\nBENEFICI\u00c1RIOS(AS) DO PROGRAMA MORADIA UNIVERSIT\u00c1RIA, PARA FINS<br \/>\nDE AVALIA\u00c7\u00c3O DAS CONDI\u00c7\u00d5ES DE PERMAN\u00caNCIA. (<a href=\"https:\/\/portal.uern.br\/prae\/wp-content\/uploads\/2023\/04\/Edital-No-032.2023-PRAE-UERN.pdf\">Clique Aqui<\/a>)<\/li>\n<\/ul>\n<p><strong>REAVALIA\u00c7\u00c3O ACAD\u00caMICA &#8211; PAE 2022.2<\/strong><\/p>\n<ul>\n<li>EDITAL No 031\/2023 &#8211; PRAE\/UERN\/2023 &#8211; TORNA P\u00daBLICA A REAVALIA\u00c7\u00c3O ACAD\u00caMICA DOS(AS) DISCENTES DO PROGRAMA DE APOIO AO ESTUDANTE \u2013 PAE, SEMESTRE 2022.2, PARA FINS DE AVALIA\u00c7\u00c3O DAS CONDI\u00c7\u00d5ES DE PERMAN\u00caNCIA. (<a href=\"https:\/\/portal.uern.br\/prae\/wp-content\/uploads\/2023\/04\/Edital-031.2023-PRAE-UERN-2.pdf\">Clique Aqui<\/a>)<\/li>\n<\/ul>\n<p><strong>CONVOCA\u00c7\u00d5ES CADASTRO DE RESERVA DO PAE 2022.2<\/strong><\/p>\n<ul>\n<li>EDITAL N\u00ba 007\/2023 &#8211; TORNA P\u00daBLICO A CONVOCA\u00c7\u00c3O DOS CLASSIFICADOS EM CADASTRO RESERVA PARA O PREENCHIMENTO DE VAGAS NO PROGRAMA DE APOIO AO ESTUDANTE \u2013 PAE, SEMESTRE LETIVO 2022.1. (<a href=\"http:\/\/www.uern.br\/controledepaginas\/prae-editais\/arquivos\/4664edital_na_07_2023_prae_uern.pdf\" target=\"_blank\" rel=\"noopener\">Clique Aqui<\/a>)<\/li>\n<li>EDITAL N\u00ba 010\/2023 &#8211;\u00a0Termo Aditivo ao Anexo I do Edital n.o 005\/2023 &#8211; PRAE\/UERN\/2023 (<a href=\"http:\/\/www.uern.br\/controledepaginas\/prae-editais\/arquivos\/4664edital_na_10_2023_prae_uern.pdf\" target=\"_blank\" rel=\"noopener\">Clique Aqui<\/a>)<\/li>\n<li>EDITAL N\u00ba 011\/2023 &#8211; TORNA P\u00daBLICO A CONVOCA\u00c7\u00c3O DOS CLASSIFICADOS EM CADASTRO RESERVA PARA O PREENCHIMENTO DE VAGAS NO PROGRAMA DE APOIO AO ESTUDANTE \u2013 PAE, SEMESTRE LETIVO 2022.2. (<a href=\"http:\/\/www.uern.br\/controledepaginas\/prae-editais\/arquivos\/4664edital_na_11_2023_prae_uern.pdf\" target=\"_blank\" rel=\"noopener\">Clique Aqui<\/a>)<\/li>\n<li>EDITAL N\u00ba 012\/2023 &#8211;\u00a0 TORNA P\u00daBLICO A CONVOCA\u00c7\u00c3O DOS CLASSIFICADOS EM CADASTRO RESERVA PARA O PREENCHIMENTO DE VAGAS NO PROGRAMA DE APOIO AO ESTUDANTE \u2013 PAE, SEMESTRE LETIVO 2022.1. (<a href=\"http:\/\/www.uern.br\/controledepaginas\/prae-editais\/arquivos\/4664edital_na_12_2023_prae_uern.pdf\" target=\"_blank\" rel=\"noopener\">Clique Aqui<\/a>)<\/li>\n<\/ul>\n<p><strong>CONVOCA\u00c7\u00c3O PARA EST\u00c1GIO N\u00c3O-OBRIGAT\u00d3RIO<\/strong><\/p>\n<ul>\n<li>EDITAL N\u00ba 03\/2023 &#8211; TORNA P\u00daBLICO O EDITAL DE CONVOCA\u00c7\u00c3O DOS CANDIDATOS CLASSIFICADOS EM PROCESSOS SELETIVOS PARA PREENCHIMENTO DE VAGAS EM EST\u00c1GIO N\u00c3O OBRIGAT\u00d3RIO DESTINADAS \u00c0 UERN. (<a href=\"http:\/\/www.uern.br\/controledepaginas\/prae-editais\/arquivos\/4664edital_na_03_2023_prae_uern.pdf\" target=\"_blank\" rel=\"noopener\">Clique Aqui<\/a>)<\/li>\n<\/ul>\n<p><strong>SELE\u00c7\u00c3O DE EST\u00c1GIO N\u00c3O-OBRIGAT\u00d3RIO<\/strong><\/p>\n<ul>\n<li>EDITAL No 30-PRAE\/UERN\/2023 &#8211; TORNA P\u00daBLICO O RESULTADO FINAL DO PROCESSO SELETIVO PARA PREENCHIMENTO DE VAGAS EM EST\u00c1GIO N\u00c3O OBRIGAT\u00d3RIO DESTINADAS \u00c0 UERN. (<a href=\"https:\/\/portal.uern.br\/prae\/wp-content\/uploads\/2023\/04\/EDITAL-No-30-2023-PRAE-UERN.pdf\">Clique Aqui<\/a>)<\/li>\n<li>EDITAL No 29-PRAE\/UERN\/2023 &#8211; ADITIVO AO EDITAL No 28\/2023 \u2013 PRAE\/UERN. (<a href=\"https:\/\/portal.uern.br\/prae\/wp-content\/uploads\/2023\/04\/Edital-No-29-2023-PRAE-UERN.pdf\">Clique Aqui<\/a>)<\/li>\n<li>EDITAL No 28-PRAE\/UERN\/2023 &#8211; TORNA P\u00daBLICO O RESULTADO PRELIMINAR DO PROCESSO SELETIVO PARA<br \/>\nPREENCHIMENTO DE VAGAS EM EST\u00c1GIO N\u00c3O OBRIGAT\u00d3RIO DESTINADAS \u00c0 UERN. (<a href=\"https:\/\/portal.uern.br\/prae\/wp-content\/uploads\/2023\/04\/Edital-No-28-2023-PRAE-UERN.pdf\">Clique Aqui<\/a>)<\/li>\n<li>EDITAL No 26-PRAE\/UERN\/2023 &#8211; TORNA P\u00daBLICO O CALEND\u00c1RIO DE ENTREVISTAS PARA O PROCESSO SELETIVO DE PREENCHIMENTO DE VAGAS EM EST\u00c1GIO N\u00c3O-OBRIGAT\u00d3RIO INTERNO DA UERN. (<a href=\"https:\/\/portal.uern.br\/prae\/wp-content\/uploads\/2023\/04\/Edital-No-26-2022-PRAE-UERN-1.pdf\">Clique Aqui<\/a>)<\/li>\n<li>EDITAL No 25-PRAE\/UERN\/2023 &#8211; ADITIVO AO EDITAL No 23\/2023 \u2013 PRAE\/UERN (<a href=\"https:\/\/portal.uern.br\/prae\/wp-content\/uploads\/2023\/04\/Edital-No-25-2023-PRAE-UERN.pdf\">Clique Aqui<\/a>)<\/li>\n<li>EDITAL No 24-PRAE\/UERN\/2023 &#8211; ADITIVO AO EDITAL No 23\/2023 \u2013 PRAE\/UERN. (<a href=\"https:\/\/portal.uern.br\/prae\/wp-content\/uploads\/2023\/04\/Edital-No-24-2023-PRAE-UERN.pdf\">Clique Aqui<\/a>)<\/li>\n<li>EDITAL No 23-PRAE\/UERN\/2023 &#8211; TORNA P\u00daBLICO PROCESSO SELETIVO PARA PREENCHIMENTO DE<br \/>\nVAGAS EM EST\u00c1GIO CURRICULAR SUPERVISIONADO N\u00c3O OBRIGAT\u00d3RIO DESTINADAS \u00c0 ATUA\u00c7\u00c3O NO \u00c2MBITO DA UNIVERSIDADE DO ESTADO DO RIO GRANDE DO NORTE \u2013 UERN. (<a href=\"https:\/\/portal.uern.br\/prae\/wp-content\/uploads\/2023\/04\/Edital-No-23-2023-PRAE-UERN.pdf\">Clique Aqui<\/a>)<\/li>\n<li>EDITAL N\u00ba 02\/2023 &#8211; TORNA P\u00daBLICO PROCESSO SELETIVO PARA PREENCHIMENTO DE VAGAS EM EST\u00c1GIO CURRICULAR SUPERVISIONADO N\u00c3O OBRIGAT\u00d3RIO DESTINADAS \u00c0 ATUA\u00c7\u00c3O NO \u00c2MBITO DA UNIVERSIDADE DO ESTADO DO RIO GRANDE DO NORTE \u2013 UERN. (<a href=\"http:\/\/www.uern.br\/controledepaginas\/prae-editais\/arquivos\/4664edital_na_02_2023_prae_uern.pdf\" target=\"_blank\" rel=\"noopener\">Clique Aqui<\/a>)<\/li>\n<li>EDITAL N\u00ba 08\/2023 &#8211; TORNA P\u00daBLICO O CALEND\u00c1RIO DE ENTREVISTAS PARA O PROCESSO SELETIVO DE PREENCHIMENTO DE VAGAS EM EST\u00c1GIO N\u00c3O- OBRIGAT\u00d3RIO INTERNO DA UERN. (<a href=\"http:\/\/www.uern.br\/controledepaginas\/prae-editais\/arquivos\/4664edital_na_08_2023_prae_uern.pdf\" target=\"_blank\" rel=\"noopener\">Clique Aqui<\/a>)<\/li>\n<li>EDITAL N\u00ba 13\/2023 &#8211; TORNA P\u00daBLICO O RESULTADO PRELIMINAR DO PROCESSO SELETIVO PARA PREENCHIMENTO DE VAGAS EM EST\u00c1GIO N\u00c3O OBRIGAT\u00d3RIO DESTINADAS \u00c0 UERN. (<a href=\"http:\/\/www.uern.br\/controledepaginas\/prae-editais\/arquivos\/4664edital_na_13_2023_prae_uern.pdf\" target=\"_blank\" rel=\"noopener\">Clique Aqui<\/a>)<\/li>\n<li>EDITAL N\u00ba 14\/2023 &#8211;\u00a0 TORNA P\u00daBLICO O RESULTADO FINAL DO PROCESSO SELETIVO PARA PREENCHIMENTO DE VAGAS EM EST\u00c1GIO N\u00c3O OBRIGAT\u00d3RIO DESTINADAS \u00c0 UERN. (<a href=\"http:\/\/www.uern.br\/controledepaginas\/prae-editais\/arquivos\/4664edital_na_14_2023_prae_uern.pdf\" target=\"_blank\" rel=\"noopener\">Clique Aqui<\/a>)<\/li>\n<\/ul>\n","protected":false},"excerpt":{"rendered":"<p>EDITAIS &#8211; PRAE 2023 EDITAIS DE EST\u00c1GIO Edital n\u00ba 09\/2024 -PRAE TORNA P\u00daBLICO O EDITAL DE CONVOCA\u00c7\u00c3O PARA ENTREVISTAS DE SELE\u00c7\u00c3O PARA PREENCHIMENTO DE VAGAS EM EST\u00c1GIO N\u00c3O-OBRIGAT\u00d3RIO INTERNO DA UERN. (Clique Aqui) RENOVA\u00c7\u00d5ES PARA O ANO DE 2024 Edital n\u00ba 128\/2023 -PRAE &#8211; RENOVA\u00c7\u00c3O DE V\u00cdNCULO DOS(AS) BENEFICI\u00c1RIOS DO PROGRAMA MORADIA UNIVERSIT\u00c1RIA &#8211; MODALIDADE [&hellip;]<\/p>\n","protected":false},"author":3,"featured_media":0,"parent":0,"menu_order":0,"comment_status":"closed","ping_status":"closed","template":"","meta":{"footnotes":""},"class_list":["post-1744","page","type-page","status-publish","hentry"],"_links":{"self":[{"href":"https:\/\/portal.uern.br\/prae\/wp-json\/wp\/v2\/pages\/1744","targetHints":{"allow":["GET"]}}],"collection":[{"href":"https:\/\/portal.uern.br\/prae\/wp-json\/wp\/v2\/pages"}],"about":[{"href":"https:\/\/portal.uern.br\/prae\/wp-json\/wp\/v2\/types\/page"}],"author":[{"embeddable":true,"href":"https:\/\/portal.uern.br\/prae\/wp-json\/wp\/v2\/users\/3"}],"replies":[{"embeddable":true,"href":"https:\/\/portal.uern.br\/prae\/wp-json\/wp\/v2\/comments?post=1744"}],"version-history":[{"count":4,"href":"https:\/\/portal.uern.br\/prae\/wp-json\/wp\/v2\/pages\/1744\/revisions"}],"predecessor-version":[{"id":2002,"href":"https:\/\/portal.uern.br\/prae\/wp-json\/wp\/v2\/pages\/1744\/revisions\/2002"}],"wp:attachment":[{"href":"https:\/\/portal.uern.br\/prae\/wp-json\/wp\/v2\/media?parent=1744"}],"curies":[{"name":"wp","href":"https:\/\/api.w.org\/{rel}","templated":true}]}}