{"id":1735,"date":"2024-02-15T13:09:31","date_gmt":"2024-02-15T16:09:31","guid":{"rendered":"https:\/\/portal.uern.br\/prae\/?page_id=1735"},"modified":"2024-02-28T08:55:48","modified_gmt":"2024-02-28T11:55:48","slug":"2022-2","status":"publish","type":"page","link":"https:\/\/portal.uern.br\/prae\/2022-2\/","title":{"rendered":"2022"},"content":{"rendered":"<h3><strong>EDITAIS &#8211; PRAE 2022<\/strong><\/h3>\n<p><strong>RENOVA\u00c7\u00d5ES DE V\u00cdNCULOS: PAE 2022.1, AUX\u00cdLIO CRECHE (2021.2 E 2022.1) E MORADIA (2021.2 E 2022.1)<\/strong><\/p>\n<ul>\n<li>EDITAL N\u00ba 151\/2022 &#8211; TORNA P\u00daBLICA A RENOVA\u00c7\u00c3O DE V\u00cdNCULO DOS(AS) BENEFICI\u00c1RIOS DO PROGRAMA MORADIA UNIVERSIT\u00c1RIA &#8211; MODALIDADE AUX\u00cdLIO FINANCEIRO (<a href=\"http:\/\/www.uern.br\/controledepaginas\/prae-editais\/arquivos\/4664edital_na_151_2022_prae_uern.pdf\" target=\"_blank\" rel=\"noopener\">Clique Aqui<\/a>)<\/li>\n<li>EDITAL No 152\/2022 &#8211;\u00a0TORNA P\u00daBLICA A RENOVA\u00c7\u00c3O DE V\u00cdNCULO DOS(AS) BENEFICI\u00c1RIOS DO PROGRAMA AUX\u00cdLIO CRECHE (<a href=\"http:\/\/www.uern.br\/controledepaginas\/prae-editais\/arquivos\/4664edital_na_152_2022_prae_uern.pdf\" target=\"_blank\" rel=\"noopener\">Clique Aqui<\/a>)<\/li>\n<li>EDITAL No 153\/2022 &#8211;\u00a0TORNA P\u00daBLICA A RENOVA\u00c7\u00c3O DO PROGRAMA DE APOIO AO ESTUDANTE (PAE) &#8211; EDI\u00c7\u00c3O 2022.1 (<a href=\"http:\/\/www.uern.br\/controledepaginas\/prae-editais\/arquivos\/4664edital_na_153_2022_prae_uern.pdf\" target=\"_blank\" rel=\"noopener\">Clique Aqui<\/a>)<\/li>\n<\/ul>\n<p><strong>EST\u00c1GIOS N\u00c3O-OBRIGAT\u00d3RIOS<\/strong><\/p>\n<ul>\n<li>EDITAL N\u00ba 148\/2022 &#8211; TORNA P\u00daBLICO O EDITAL DE CONVOCA\u00c7\u00c3O DOS CANDIDATOS CLASSIFICADOS EM PROCESSOS SELETIVOS PARA PREENCHIMENTO DE VAGAS EM EST\u00c1GIO N\u00c3O OBRIGAT\u00d3RIO DESTINADAS \u00c0 UERN. (<a href=\"http:\/\/www.uern.br\/controledepaginas\/prae-editais\/arquivos\/4664edital_na_148_2022_prae_uern.pdf\" target=\"_blank\" rel=\"noopener\">Clique Aqui<\/a>)<\/li>\n<\/ul>\n<p><strong>PROGRAMA DE APOIO AO ESTUDANTE (PAE) 2022.2<\/strong><\/p>\n<ul>\n<li>EDITAL N\u00ba 146\/2022 &#8211;\u00a0TORNA P\u00daBLICO O PROCESSO SELETIVO PARA ACESSO AO PROGRAMA DE APOIO AO ESTUDANTE \u2013 PAE, REFERENTE AO SEMESTRE LETIVO DE 2022.2.\u00a0(<a href=\"https:\/\/www.uern.br\/controledepaginas\/prae-editais\/arquivos\/4664edital_na_146_2022_prae_uern.pdf\" target=\"_blank\" rel=\"noopener\">Clique Aqui<\/a>)<\/li>\n<li>EDITAL N\u00ba 147\/2022 &#8211;\u00a0Retifica\u00e7\u00e3o do Edital no 146\/2022 \u2013 PRAE\/UERN (<a href=\"http:\/\/www.uern.br\/controledepaginas\/prae-editais\/arquivos\/4664edital_na_147_2022_prae_uern.pdf\" target=\"_blank\" rel=\"noopener\">Clique Aqui<\/a>)<\/li>\n<li>EDITAL N\u00ba 001\/2023 &#8211; TORNA P\u00daBLICO O RESULTADO PRELIMINAR DO PROCESSO SELETIVO PARA CONCESS\u00c3O DO PROGRAMA DE APOIO AO ESTUDANTE (PAE), SEMESTRE 2022.2. (<a href=\"http:\/\/www.uern.br\/controledepaginas\/prae-editais\/arquivos\/4664edital_na_01_2023_prae_uern.pdf\" target=\"_blank\" rel=\"noopener\">Clique Aqui<\/a>)<\/li>\n<li>EDITAL N\u00ba 005\/2023 &#8211; TORNA P\u00daBLICO O RESULTADO FINAL DO PROCESSO SELETIVO PARA CONCESS\u00c3O DO PROGRAMA DE APOIO AO ESTUDANTE (PAE), SEMESTRE 2022.2. (<a href=\"http:\/\/www.uern.br\/controledepaginas\/prae-editais\/arquivos\/4664edital_na_05_2023_prae_uern.pdf\" target=\"_blank\" rel=\"noopener\">Clique Aqui<\/a>)<\/li>\n<\/ul>\n<p><strong>RESID\u00caNCIA UNIVERSIT\u00c1RIA 2022.2<\/strong><\/p>\n<ul>\n<li>EDITAL N\u00ba 127\/2022 &#8211;\u00a0TORNA P\u00daBLICO O PROCESSO SELETIVO PARA ACESSO AO PROGRAMA DE MORADIA UNIVERSIT\u00c1RIA \u2013 MODALIDADE RESID\u00caNCIA UNIVERSIT\u00c1RIA \u2013 SEMESTRE 2022.2. (<a href=\"https:\/\/www.uern.br\/controledepaginas\/prae-editais\/arquivos\/4664edital_n_1272022.pdf\" target=\"_blank\" rel=\"noopener\">Clique Aqui<\/a>)<\/li>\n<li>EDITAL N\u00ba 136\/2022 &#8211;\u00a0TORNA P\u00daBLICO O RESULTADO DAS INSCRI\u00c7\u00d5ES E A CONVOCA\u00c7\u00c3O PARA ENTREVISTAS DO PROGRAMA DE MORADIA UNIVERSIT\u00c1RIA \u2013 MODALIDADE RESID\u00caNCIA UNIVERSIT\u00c1RIA \u2013 SEMESTRE 2022.2. (<a href=\"http:\/\/www.uern.br\/controledepaginas\/prae-editais\/arquivos\/4664edital_n_1372022.pdf\" target=\"_blank\" rel=\"noopener\">Clique Aqui<\/a>)<\/li>\n<li>EDITAL N\u00ba 138\/2022 &#8211;\u00a0TORNA P\u00daBLICO O RESULTADO PRELIMINAR DO PROCESSO SELETIVO PARA ACESSO AO PROGRAMA DE MORADIA UNIVERSIT\u00c1RIA, MODALIDADE RESID\u00caNCIA UNIVERSIT\u00c1RIA, SEMESTRE 2022.2. (<a href=\"http:\/\/www.uern.br\/controledepaginas\/prae-editais\/arquivos\/4664edital_n_1382022.pdf\" target=\"_blank\" rel=\"noopener\">Clique Aqui<\/a>)<\/li>\n<li>EDITAL N\u00ba 143\/2022 &#8211;\u00a0TORNA P\u00daBLICO O RESULTADO FINAL DO PROCESSO SELETIVO PARA ACESSO AO PROGRAMA DE MORADIA UNIVERSIT\u00c1RIA, MODALIDADE RESID\u00caNCIA UNIVERSIT\u00c1RIA, SEMESTRE 2022.2. (<a href=\"http:\/\/www.uern.br\/controledepaginas\/prae-editais\/arquivos\/4664edital_n_1432022.pdf\" target=\"_blank\" rel=\"noopener\">Clique Aqui<\/a>)<\/li>\n<li>EDITAL N\u00ba 006\/2023 &#8211;\u00a0TORNA P\u00daBLICO A CONVOCA\u00c7\u00c3O DOS CLASSIFICADOS EM CADASTRO RESERVA PARA O PREENCHIMENTO DE VAGAS NA RESID\u00caNCIA UNIVERSIT\u00c1RIA DA UNIVERSIDADE DO ESTADO DO RIO GRANDE DO NORTE, SEMESTRE LETIVO 2022.2. (<a href=\"http:\/\/www.uern.br\/controledepaginas\/prae-editais\/arquivos\/4664edital_n_062023.pdf\" target=\"_blank\" rel=\"noopener\">Clique Aqui<\/a>)<\/li>\n<\/ul>\n<p><strong>REAVALIA\u00c7\u00c3O ACAD\u00caMICA DO PROGRAMA MORADIA UNIVERSIT\u00c1RIA &#8211; 2022<\/strong><\/p>\n<ul>\n<li>EDITAL N\u00ba 113\/2022 &#8211;\u00a0TORNA P\u00daBLICA A REAVALIA\u00c7\u00c3O ACAD\u00caMICA DOS(AS) DISCENTES DO PROGRAMA MORADIA UNIVERSIT\u00c1RIA, PARA FINS DE AVALIA\u00c7\u00c3O DAS CONDI\u00c7\u00d5ES DE PERMAN\u00caNCIA.\u00a0(<a href=\"http:\/\/www.uern.br\/controledepaginas\/prae-editais\/arquivos\/4664edital_n_1132022.pdf\" target=\"_blank\" rel=\"noopener\">Clique Aqui<\/a>)<\/li>\n<li>EDITAL N\u00ba 117\/2022 &#8211;\u00a0TERMO ADITIVO AO EDITAL N.\u00ba 113\/2022 \u2013 PRAE\/UERN (<a href=\"http:\/\/www.uern.br\/controledepaginas\/prae-editais\/arquivos\/4664edital_n_1172022.pdf\" target=\"_blank\" rel=\"noopener\">Clique Aqui<\/a>)<\/li>\n<li>EDITAL N\u00ba 124\/2022 &#8211;\u00a0TERMO ADITIVO AOS EDITAIS N.\u00ba 113\/2022 \u2013 PRAE\/UERN e 117\/2022 \u2013 PRAE\/UERN (<a href=\"http:\/\/www.uern.br\/controledepaginas\/prae-editais\/arquivos\/4664edital_n_1242022.pdf\" target=\"_blank\" rel=\"noopener\">Clique Aqui<\/a>)<\/li>\n<li>EDITAL N\u00ba 125\/2022 &#8211;\u00a0TORNA P\u00daBLICO O\u00a0<strong>RESULTADO PRELIMINAR<\/strong>\u00a0DA REAVALIA\u00c7\u00c3O ACAD\u00caMICA DOS(AS) DISCENTES DO PROGRAMA DE MORADIA UNIVERSIT\u00c1RIA, COM FINALIDADE DE AVALIAR AS CONDI\u00c7\u00d5ES DE PERMAN\u00caNCIA PARA O SEMESTRE ATUAL. (<a href=\"http:\/\/www.uern.br\/controledepaginas\/prae-editais\/arquivos\/4664edital_n_1252022.pdf\" target=\"_blank\" rel=\"noopener\">Clique Aqui<\/a>)<\/li>\n<li>EDITAL N\u00ba 131\/2022 &#8211;\u00a0TORNA P\u00daBLICO O\u00a0<strong>RESULTADO FINAL<\/strong>\u00a0DA REAVALIA\u00c7\u00c3O ACAD\u00caMICA DOS(AS) DISCENTES DO PROGRAMA DE MORADIA UNIVERSIT\u00c1RIA, COM FINALIDADE DE AVALIAR AS CONDI\u00c7\u00d5ES DE PERMAN\u00caNCIA PARA O SEMESTRE ATUAL. (<a href=\"http:\/\/www.uern.br\/controledepaginas\/prae-editais\/arquivos\/4664edital_n_1312022.pdf\" target=\"_blank\" rel=\"noopener\">Clique Aqui<\/a>)<\/li>\n<\/ul>\n<p><strong>PRESTA\u00c7\u00c3O DE CONTAS AUX\u00cdLIO CRECHE 2021 E 2022<\/strong><\/p>\n<ul>\n<li>EDITAL N\u00ba 106\/2022 &#8211;\u00a0TORNA P\u00daBLICA A CONVOCA\u00c7\u00c3O DOS(DAS) ESTUDANTES CONTEMPLADOS(AS) NO PROGRAMA AUX\u00cdLIO CRECHE, NOS SEMESTRES LETIVOS 2021.2 E 2022.1, PARA COMPROVA\u00c7\u00c3O DO USO DOS RECURSOS FINANCEIROS. (<a href=\"http:\/\/www.uern.br\/controledepaginas\/prae-editais\/arquivos\/4664edital_n_1062022.pdf\" target=\"_blank\" rel=\"noopener\">Clique Aqui<\/a>)<\/li>\n<li>EDITAL N\u00ba 116\/2022 &#8211;\u00a0TORNA P\u00daBLICO\u00a0O\u00a0<strong>RESULTADO PRELIMINAR<\/strong>\u00a0DA PRESTA\u00c7\u00c3O DE CONTAS\u00a0 DO PROGRAMA AUX\u00cdLIO CRECHE, NOS SEMESTRES LETIVOS 2021.2 E 2022.1, REFERENTE A COMPROVA\u00c7\u00c3O DO USO DOS RECURSOS FINANCEIROS. (<a href=\"http:\/\/www.uern.br\/controledepaginas\/prae-editais\/arquivos\/4664edital_n_1162022.pdf\" target=\"_blank\" rel=\"noopener\">Clique Aqui<\/a>)<\/li>\n<li>EDITAL N\u00ba 123\/2022 &#8211;\u00a0TORNA P\u00daBLICO O\u00a0<strong>RESULTADO FINAL<\/strong>\u00a0DA PRESTA\u00c7\u00c3O DE CONTAS\u00a0 DO PROGRAMA AUX\u00cdLIO CRECHE, DOS SEMESTRES LETIVOS 2021.2 E 2022.1, REFERENTE A COMPROVA\u00c7\u00c3O DO USO DOS RECURSOS FINANCEIROS. (<a href=\"http:\/\/www.uern.br\/controledepaginas\/prae-editais\/arquivos\/4664edital_n_1232022.pdf\" target=\"_blank\" rel=\"noopener\">Clique Aqui<\/a>)<\/li>\n<\/ul>\n<p><strong>PROGRAMA AUX\u00cdLIO CRECHE 2022.1<\/strong><\/p>\n<ul>\n<li>EDITAL N\u00ba 074\/2022 &#8211;\u00a0TORNA P\u00daBLICO O PROCESSO SELETIVO PARA ACESSO AO PROGRAMA AUX\u00cdLIO-CRECHE, REFERENTE AO SEMESTRE 2022.1. (<a href=\"http:\/\/portal.uern.br\/wp-content\/uploads\/2022\/06\/Edital-no-74-2022-PRAE-UERN.pdf\" target=\"_blank\" rel=\"noopener\">Clique Aqui<\/a>)<\/li>\n<li>EDITAL N\u00ba 081\/2022 &#8211;\u00a0TORNA P\u00daBLICO OS RESULTADOS DAS INSCRI\u00c7\u00d5ES E A CONVOCA\u00c7\u00c3O PARA AS ENTREVISTAS DO PROCESSO SELETIVO PARA ACESSO AO PROGRAMA AUX\u00cdLIO-CRECHE \u2013 SEMESTRE 2022.1. (<a href=\"http:\/\/www.uern.br\/controledepaginas\/prae-editais\/arquivos\/4664edital_n_0812022.pdf\" target=\"_blank\" rel=\"noopener\">Clique Aqui<\/a>)<\/li>\n<li>EDITAL N\u00ba 084\/2022 &#8211;\u00a0TORNA P\u00daBLICO O\u00a0<strong>RESULTADO PRELIMINAR<\/strong>\u00a0DO PROCESSO SELETIVO PARA CONCESS\u00c3O DO PROGRAMA AUX\u00cdLIO-CRECHE, SEMESTRE 2022.1. (<a href=\"http:\/\/www.uern.br\/controledepaginas\/prae-editais\/arquivos\/4664edital_n_0842022.pdf\" target=\"_blank\" rel=\"noopener\">Clique Aqui<\/a>)<\/li>\n<li>EDITAL N\u00ba 085\/2022 &#8211;\u00a0TORNA P\u00daBLICO O\u00a0<strong>RESULTADO FINAL<\/strong>\u00a0DO PROCESSO SELETIVO PARA ACESSO AO PROGRAMA AUX\u00cdLIO-CRECHE, SEMESTRE 2022.1 (<a href=\"http:\/\/portal.uern.br\/wp-content\/uploads\/2022\/07\/Edital-No-85-2022-PRAE-UERN.pdf\" target=\"_blank\" rel=\"noopener\">Clique Aqui<\/a>)<\/li>\n<li>EDITAL N\u00ba 090\/2022 &#8211;\u00a0TORNA P\u00daBLICO O\u00a0<strong>EDITAL DE FLUXO CONT\u00cdNUO PARA ACESSO \u00c0S VAGAS REMANESCENTES<\/strong>\u00a0DO PROGRAMA AUX\u00cdLIO-CRECHE, REFERENTE AO SEMESTRE 2022.1. (<a href=\"http:\/\/portal.uern.br\/wp-content\/uploads\/2022\/08\/Edital-No-90-2022-PRAE-UERN.pdf\" target=\"_blank\" rel=\"noopener\">Clique Aqui<\/a>)<\/li>\n<li>EDITAL N\u00ba 092\/2022 &#8211;\u00a0TORNA P\u00daBLICO O RESULTADO DAS INSCRI\u00c7\u00d5ES E A CONVOCA\u00c7\u00c3O PARA AS ENTREVISTAS DA PRIMEIRA ETAPA DO EDITAL DE FLUXO CONT\u00cdNUO PARA ACESSO \u00c0S VAGAS REMANESCENTES DO PROGRAMA AUX\u00cdLIO-CRECHE \u2013 SEMESTRE 2022.1. (<a href=\"http:\/\/www.uern.br\/controledepaginas\/prae-editais\/arquivos\/4664edital_n_0922022.pdf\" target=\"_blank\" rel=\"noopener\">Clique Aqui<\/a>)<\/li>\n<li>EDITAL N\u00ba 094\/2022 &#8211;\u00a0TORNA P\u00daBLICO O\u00a0<strong>RESULTADO FINAL DA PRIMEIRA ETAPA<\/strong>\u00a0DO EDITAL DE FLUXO CONT\u00cdNUO PARA ACESSO \u00c0S VAGAS REMANESCENTES DO PROGRAMA AUX\u00cdLIO-CRECHE, SEMESTRE 2022.1 (<a href=\"http:\/\/portal.uern.br\/wp-content\/uploads\/2022\/08\/Edital-No-94-2022-PRAE-UERN.pdf\" target=\"_blank\" rel=\"noopener\">Clique Aqui<\/a>)<\/li>\n<li>EDITAL N\u00ba N\u00ba 104\/2022 &#8211;\u00a0TORNA P\u00daBLICO O RESULTADO DAS INSCRI\u00c7\u00d5ES E A CONVOCA\u00c7\u00c3O PARA AS ENTREVISTAS DA SEGUNDA ETAPA DO EDITAL DE FLUXO CONT\u00cdNUO PARA ACESSO \u00c0S VAGAS REMANESCENTES DO PROGRAMA AUX\u00cdLIO-CRECHE \u2013 SEMESTRE 2022.1. (<a href=\"http:\/\/www.uern.br\/controledepaginas\/prae-editais\/arquivos\/4664edital_n_1042022.pdf\" target=\"_blank\" rel=\"noopener\">Clique Aqui<\/a>)<\/li>\n<li>EDITAL N\u00ba 112\/2022 &#8211;\u00a0TORNA P\u00daBLICO O RESULTADO DAS INSCRI\u00c7\u00d5ES E A CONVOCA\u00c7\u00c3O PARA AS ENTREVISTAS DA TERCEIRA ETAPA DO EDITAL DE FLUXO CONT\u00cdNUO PARA ACESSO \u00c0S VAGAS REMANESCENTES DO PROGRAMA AUX\u00cdLIO-CRECHE \u2013 SEMESTRE 2022.1. (<a href=\"http:\/\/www.uern.br\/controledepaginas\/prae-editais\/arquivos\/4664edital_n_1122022.pdf\">Clique Aqui<\/a>)<\/li>\n<li>EDITAL N\u00ba 114\/2022 &#8211;\u00a0TORNA P\u00daBLICO O\u00a0<strong>RESULTADO FINAL DA TERCEIRA ETAPA<\/strong>\u00a0DO EDITAL DE FLUXO CONT\u00cdNUO PARA ACESSO \u00c0S VAGAS REMANESCENTES DO PROGRAMA AUX\u00cdLIO-CRECHE, SEMESTRE 2022.1 (<a href=\"http:\/\/portal.uern.br\/wp-content\/uploads\/2022\/10\/Edital-No-114-2022-PRAE-UERN.pdf\" target=\"_blank\" rel=\"noopener\">Clique Aqui<\/a>)<\/li>\n<\/ul>\n<p><strong>AUX\u00cdLIO INCLUS\u00c3O DIGITAL 2022.1<\/strong><\/p>\n<ul>\n<li>EDITAL N\u00ba 073\/2022 &#8211;\u00a0TORNA P\u00daBLICO O PROCESSO SELETIVO PARA CONCESS\u00c3O DO AUX\u00cdLIO INCLUS\u00c3O DIGITAL \u2013 SEMESTRE 2022.1 POR MEIO DO PROGRAMA DE FOMENTO \u00c0S A\u00c7\u00d5ES DE ASSIST\u00caNCIA \u00c0 PERMAN\u00caNCIA ESTUDANTIL NO \u00c2MBITO DA UERN (PR\u00d3-UERN). (<a href=\"http:\/\/portal.uern.br\/wp-content\/uploads\/2022\/06\/Inclusao-Digital.pdf\" target=\"_blank\" rel=\"noopener\">Clique Aqui<\/a>)<\/li>\n<li>EDITAL N\u00ba 082\/2022 &#8211;\u00a0TORNA P\u00daBLICO O\u00a0<strong>RESULTADO PRELIMINAR<\/strong>\u00a0DO PROCESSO SELETIVO PARA CONCESS\u00c3O DO AUX\u00cdLIO INCLUS\u00c3O DIGITAL, SEMESTRE 2022.1. (<a href=\"http:\/\/www.uern.br\/controledepaginas\/prae-editais\/arquivos\/4664edital_n_822022.pdf\" target=\"_blank\" rel=\"noopener\">Clique Aqui<\/a>)<\/li>\n<li>EDITAL N\u00ba 086\/2022 &#8211;\u00a0TORNA P\u00daBLICO O\u00a0<strong>RESULTADO FINAL<\/strong>\u00a0DO PROCESSO SELETIVO PARA CONCESS\u00c3O DO AUX\u00cdLIO INCLUS\u00c3O DIGITAL, SEMESTRE 2022.1. (<a href=\"http:\/\/portal.uern.br\/wp-content\/uploads\/2022\/07\/Edital-No-86-2022-PRAE-UERN.pdf\" target=\"_blank\" rel=\"noopener\">Clique Aqui<\/a>)<\/li>\n<li>EDITAL N\u00ba 110\/2022 &#8211;\u00a0TORNA P\u00daBLICO O TERMO ADITIVO AO EDITAL DO RESULTADO\n<ul>\n<li>FINAL DO PROCESSO SELETIVO PARA CONCESS\u00c3O DO AUX\u00cdLIO INCLUS\u00c3O DIGITAL \u2013 SEMESTRE 2022.1. (<a href=\"http:\/\/www.uern.br\/controledepaginas\/prae-editais\/arquivos\/4664edital_n_1102022.pdf\" target=\"_blank\" rel=\"noopener\">Clique Aqui<\/a>)<\/li>\n<li>EDITAL N\u00ba 149\/2022 \u2013\u00a0TORNA P\u00daBLICO O RESULTADO PRELIMINAR REFERENTE \u00c0 COMPROVA\u00c7\u00c3O DO USO DOS RECURSOS FINANCEIROS DO AUX\u00cdLIO INCLUS\u00c3O DIGITAL 2022.1 (<a href=\"http:\/\/www.uern.br\/controledepaginas\/prae-editais\/arquivos\/4664edital_n_1492022.pdf\" target=\"_blank\" rel=\"noopener\">Clique Aqui<\/a>)<\/li>\n<li>EDITAL N\u00ba 004\/2023 \u2013\u00a0TORNA P\u00daBLICO O\u00a0<strong>RESULTADO FINAL\u00a0 PARA COMPROVA\u00c7\u00c3O DE UTILIZA\u00c7\u00c3O DOS RECURSOS DO AUX\u00cdLIO INCLUS\u00c3O DIGITAL<\/strong>, APROVADOS NO SEMESTRE 2022.1. (<a href=\"http:\/\/www.uern.br\/controledepaginas\/prae-editais\/arquivos\/4664edital_n_042023.pdf\" target=\"_blank\" rel=\"noopener\">Clique Aqui<\/a>)<\/li>\n<\/ul>\n<\/li>\n<li><strong>PROGRAMA MORADIA UNIVERSIT\u00c1RIA 2022.1<\/strong>\n<ul>\n<li>EDITAL N\u00ba 061\/2022 \u2013\u00a0TORNA P\u00daBLICO O PROCESSO SELETIVO PARA ACESSO AO PROGRAMA DE MORADIA UNIVERSIT\u00c1RIA \u2013 SEMESTRE 2022.1<strong>. (<a href=\"https:\/\/www.uern.br\/controledepaginas\/prae-editais\/arquivos\/4664edital_061_moradia.pdf\" target=\"_blank\" rel=\"noopener\">Clique Aqui<\/a>)<\/strong><\/li>\n<li>EDITAL N\u00ba 067\/2022 \u2013\u00a0TORNA P\u00daBLICO O\u00a0<strong>RESULTADO DAS INSCRI\u00c7\u00d5ES E CONVOCA\u00c7\u00c3O PARA AS ENTREVISTAS<\/strong>\u00a0DO PROCESSO SELETIVO PARA ACESSO AO PROGRAMA DE MORADIA UNIVERSIT\u00c1RIA \u2013 SEMESTRE 2022.1 (<a href=\"https:\/\/www.uern.br\/controledepaginas\/prae-editais\/arquivos\/4664edital_067_2022_prae_convocacao_para_entrevistas_moradia.pdf\" target=\"_blank\" rel=\"noopener\">Clique Aqui<\/a>)<\/li>\n<li>EDITAL N\u00ba 069\/2022 \u2013\u00a0TORNA P\u00daBLICA RETIFICA\u00c7\u00c3O AO EDITAL 061\/2022 \u2013 PRAE, REFERENTE AO PROCESSO SELETIVO PARA ACESSO AO PROGRAMA DE MORADIA UNIVERSIT\u00c1RIA \u2013 SEMESTRE 2022.1 (<a href=\"http:\/\/www.uern.br\/controledepaginas\/prae-editais\/arquivos\/4664edital_069.pdf\" target=\"_blank\" rel=\"noopener\">Clique Aqui<\/a>)<\/li>\n<li>EDITAL N\u00ba 075\/2022 \u2013 TORNA P\u00daBLICO O\u00a0<strong>RESULTADO PRELIMINAR<\/strong>\u00a0DO PROCESSO SELETIVO PARA ACESSO AO PROGRAMA DE MORADIA UNIVERSIT\u00c1RIA (<a href=\"https:\/\/www.uern.br\/controledepaginas\/prae-editais\/arquivos\/4664edital_075_2022.pdf\" target=\"_blank\" rel=\"noopener\">Clique Aqui<\/a>)<\/li>\n<li>EDITAL N\u00ba 079\/2022 \u2013\u00a0TORNA P\u00daBLICO O\u00a0<strong>RESULTADO FINAL<\/strong>\u00a0DO PROCESSO SELETIVO PARA ACESSO AO PROGRAMA DE MORADIA UNIVERSIT\u00c1RIA \u2013 SEMESTRE 2022.1 (<a href=\"http:\/\/portal.uern.br\/wp-content\/uploads\/2022\/07\/Edital-No-79-2022-PRAE-UERN.pdf\" target=\"_blank\" rel=\"noopener\">Clique Aqui<\/a>)<\/li>\n<li>EDITAL N\u00ba 089\/2022 \u2013\u00a0TORNA P\u00daBLICO O\u00a0<strong>EDITAL DE FLUXO CONT\u00cdNUO PARA ACESSO \u00c0S VAGAS REMANESCENTES<\/strong>\u00a0DO PROGRAMA DE MORADIA UNIVERSIT\u00c1RIA \u2013 SEMESTRE 2022.1 (<a href=\"http:\/\/portal.uern.br\/wp-content\/uploads\/2022\/08\/Edital-No-89-2022-PRAE-UERN-1.pdf\" target=\"_blank\" rel=\"noopener\">Clique Aqui<\/a>)<\/li>\n<li>EDITAL N\u00ba 091\/2022 \u2013 RESULTADO DAS INSCRI\u00c7\u00d5ES E CONVOCA\u00c7\u00c3O PARA ENTREVISTAS DA 1\u00aa ETAPA DO FLUXO CONT\u00cdNUO (<a href=\"https:\/\/www.uern.br\/controledepaginas\/prae-editais\/arquivos\/4664edital_091_2022.pdf\" target=\"_blank\" rel=\"noopener\">Clique Aqui<\/a>)<\/li>\n<li>EDITAL N\u00ba 093\/2022 \u2013\u00a0TORNA P\u00daBLICO O\u00a0<strong>RESULTADO FINAL DA PRIMEIRA ETAPA DO EDITAL DE FLUXO CONT\u00cdNUO<\/strong>\u00a0PARA ACESSO \u00c0S VAGAS REMANESCENTES DO PROGRAMA DE MORADIA UNIVERSIT\u00c1RIA \u2013 SEMESTRE 2022.1. (<a href=\"http:\/\/portal.uern.br\/wp-content\/uploads\/2022\/08\/Edital-No-93-2022-PRAE-UERN.pdf\" target=\"_blank\" rel=\"noopener\">Clique Aqui<\/a>)<\/li>\n<li>EDITAL N\u00ba 103\/2022 \u2013\u00a0TORNA P\u00daBLICO O RESULTADO DAS INSCRI\u00c7\u00d5ES E A CONVOCA\u00c7\u00c3O PARA ENTREVISTAS DA SEGUNDA ETAPA DO EDITAL DE FLUXO CONT\u00cdNUO PARA ACESSO \u00c0S VAGAS REMANESCENTES DO PROGRAMA DE MORADIA UNIVERSIT\u00c1RIA \u2013 SEMESTRE 2022.1. (<a href=\"http:\/\/www.uern.br\/controledepaginas\/prae-editais\/arquivos\/4664edital_103.pdf\" target=\"_blank\" rel=\"noopener\">Clique Aqui<\/a>)<\/li>\n<li>EDITAL N\u00ba 105\/2022 \u2013\u00a0TORNA P\u00daBLICO O\u00a0<strong>RESULTADO FINAL DA SEGUNDA ETAPA<\/strong>\u00a0DO EDITAL DE FLUXO CONT\u00cdNUO PARA ACESSO \u00c0S VAGAS REMANESCENTES DO PROGRAMA DE MORADIA UNIVERSIT\u00c1RIA \u2013 SEMESTRE 2022.1. (<a href=\"http:\/\/www.uern.br\/controledepaginas\/prae-editais\/arquivos\/4664edital_105.pdf\" target=\"_blank\" rel=\"noopener\">Clique Aqui<\/a>)<\/li>\n<li>TORNA P\u00daBLICO O TERMO ADITIVO AO EDITAL DE FLUXO CONT\u00cdNUO PARA ACESSO \u00c0S VAGAS REMANESCENTES DO PROGRAMA DE MORADIA UNIVERSIT\u00c1RIA \u2013 SEMESTRE 2022.1. (<a href=\"http:\/\/www.uern.br\/controledepaginas\/prae-editais\/arquivos\/4664termo_aditivo_ao_edital_n_089.pdf\" target=\"_blank\" rel=\"noopener\">Clique Aqui<\/a>)<\/li>\n<li>EDITAL N\u00ba 111\/2022 \u2013\u00a0TORNA P\u00daBLICO O RESULTADO DAS INSCRI\u00c7\u00d5ES E A CONVOCA\u00c7\u00c3O PARA ENTREVISTAS DA TERCEIRA ETAPA DO EDITAL DE FLUXO CONT\u00cdNUO PARA ACESSO \u00c0S VAGAS REMANESCENTES DO PROGRAMA DE MORADIA UNIVERSIT\u00c1RIA \u2013 SEMESTRE 2022.1. (<a href=\"http:\/\/www.uern.br\/controledepaginas\/prae-editais\/arquivos\/4664edital_111.pdf\" target=\"_blank\" rel=\"noopener\">Clique Aqui<\/a>)<\/li>\n<li>EDITAL N\u00ba 115\/2022 \u2013\u00a0TORNA P\u00daBLICO O\u00a0<strong>RESULTADO FINAL DA TERCEIRA ETAPA DO EDITAL DE FLUXO CONT\u00cdNUO<\/strong>\u00a0PARA ACESSO \u00c0S VAGAS REMANESCENTES DO PROGRAMA DE MORADIA UNIVERSIT\u00c1RIA \u2013 SEMESTRE 2022.1. (<a href=\"http:\/\/www.uern.br\/controledepaginas\/prae-editais\/arquivos\/4664edital_115.pdf\" target=\"_blank\" rel=\"noopener\">Clique Aqui<\/a>)<\/li>\n<\/ul>\n<p><strong>PROGRAMA DE APOIO AO ESTUDANTE 2022.1<\/strong><\/p>\n<ul>\n<li>EDITAL N\u00ba 062\/2022 \u2013\u00a0TORNA P\u00daBLICO O PROCESSO SELETIVO PARA ACESSO AO PROGRAMA DE APOIO AO ESTUDANTE \u2013 PAE, REFERENTE AO SEMESTRE LETIVO DE 2022.1 (<a href=\"https:\/\/www.uern.br\/controledepaginas\/prae-editais\/arquivos\/4664edital_062_pae.pdf\" target=\"_blank\" rel=\"noopener\">Clique Aqui<\/a>)<\/li>\n<li>EDITAL N\u00ba 076\/2022 \u2013\u00a0TORNA P\u00daBLICO O\u00a0<strong>RESULTADO PRELIMINAR<\/strong>\u00a0DO PROCESSO SELETIVO PARA CONCESS\u00c3O DO PROGRAMA DE APOIO AO ESTUDANTE (PAE), SEMESTRE 2022.1 (<a href=\"http:\/\/www.uern.br\/controledepaginas\/prae-editais\/arquivos\/4664edital_76.pdf\" target=\"_blank\" rel=\"noopener\">Clique Aqui<\/a>)<\/li>\n<li>EDITAL N\u00ba 078\/2022 \u2013\u00a0TORNA P\u00daBLICO O\u00a0<strong>RESULTADO FINAL<\/strong>\u00a0DO PROCESSO SELETIVO PARA CONCESS\u00c3O DO PROGRAMA DE APOIO AO ESTUDANTE (PAE), SEMESTRE 2022.1. (<a href=\"http:\/\/portal.uern.br\/wp-content\/uploads\/2022\/07\/Edital-No-78-2022-PRAE-UERN.pdf\" target=\"_blank\" rel=\"noopener\">Clique Aqui<\/a>)<\/li>\n<\/ul>\n<\/li>\n<\/ul>\n","protected":false},"excerpt":{"rendered":"<p>EDITAIS &#8211; PRAE 2022 RENOVA\u00c7\u00d5ES DE V\u00cdNCULOS: PAE 2022.1, AUX\u00cdLIO CRECHE (2021.2 E 2022.1) E MORADIA (2021.2 E 2022.1) EDITAL N\u00ba 151\/2022 &#8211; TORNA P\u00daBLICA A RENOVA\u00c7\u00c3O DE V\u00cdNCULO DOS(AS) BENEFICI\u00c1RIOS DO PROGRAMA MORADIA UNIVERSIT\u00c1RIA &#8211; MODALIDADE AUX\u00cdLIO FINANCEIRO (Clique Aqui) EDITAL No 152\/2022 &#8211;\u00a0TORNA P\u00daBLICA A RENOVA\u00c7\u00c3O DE V\u00cdNCULO DOS(AS) BENEFICI\u00c1RIOS DO PROGRAMA AUX\u00cdLIO [&hellip;]<\/p>\n","protected":false},"author":3,"featured_media":0,"parent":0,"menu_order":0,"comment_status":"closed","ping_status":"closed","template":"","meta":{"footnotes":""},"class_list":["post-1735","page","type-page","status-publish","hentry"],"_links":{"self":[{"href":"https:\/\/portal.uern.br\/prae\/wp-json\/wp\/v2\/pages\/1735","targetHints":{"allow":["GET"]}}],"collection":[{"href":"https:\/\/portal.uern.br\/prae\/wp-json\/wp\/v2\/pages"}],"about":[{"href":"https:\/\/portal.uern.br\/prae\/wp-json\/wp\/v2\/types\/page"}],"author":[{"embeddable":true,"href":"https:\/\/portal.uern.br\/prae\/wp-json\/wp\/v2\/users\/3"}],"replies":[{"embeddable":true,"href":"https:\/\/portal.uern.br\/prae\/wp-json\/wp\/v2\/comments?post=1735"}],"version-history":[{"count":5,"href":"https:\/\/portal.uern.br\/prae\/wp-json\/wp\/v2\/pages\/1735\/revisions"}],"predecessor-version":[{"id":1778,"href":"https:\/\/portal.uern.br\/prae\/wp-json\/wp\/v2\/pages\/1735\/revisions\/1778"}],"wp:attachment":[{"href":"https:\/\/portal.uern.br\/prae\/wp-json\/wp\/v2\/media?parent=1735"}],"curies":[{"name":"wp","href":"https:\/\/api.w.org\/{rel}","templated":true}]}}