{"id":1720,"date":"2024-02-15T12:48:54","date_gmt":"2024-02-15T15:48:54","guid":{"rendered":"https:\/\/portal.uern.br\/prae\/?page_id=1720"},"modified":"2024-02-15T12:54:34","modified_gmt":"2024-02-15T15:54:34","slug":"2020-2","status":"publish","type":"page","link":"https:\/\/portal.uern.br\/prae\/2020-2\/","title":{"rendered":"2020"},"content":{"rendered":"<h3><strong>EDITAIS &#8211; PRAE 2020<\/strong><\/h3>\n<p>EDITAL N\u00ba 44\/2020 &#8211; PRAE\/UERN &#8211; Torna P\u00fablica a convoca\u00e7\u00e3o dos estudantes no processo seletivo do aux\u00edlio inclus\u00e3o digital para comprava\u00e7\u00e3o do uso dos recursos financeiros.<a href=\"http:\/\/portal.uern.br\/wp-content\/uploads\/2020\/12\/Edital-para-a-AGECOM.pdf\">\u00a0Aqui<\/a><\/p>\n<p>EDITAL N\u00ba 43\/2020 &#8211; PRAE\/UERN &#8211; Torna P\u00fablico o Resultado do Processo Seletivo para preenchimento de vagas em est\u00e1gio n\u00e3o-obrigat\u00f3rio.<a href=\"http:\/\/portal.uern.br\/wp-content\/uploads\/2020\/12\/EDITAL-043.2020-RESULTADO-DE-SELE%C3%87%C3%83O.pdf\">\u00a0Aqui<\/a><\/p>\n<p>EDITAL N\u00ba 42\/2020 &#8211; PRAE\/UERN &#8211; Torna P\u00fablico o Resultado Preliminar\u00a0 do Processo Seletivo para preenchimento de vagas em est\u00e1gio n\u00e3o-obrigat\u00f3rio.<a href=\"http:\/\/portal.uern.br\/wp-content\/uploads\/2020\/11\/Edital-40.2020-PRAE.UERN-Est%C3%A1gios-N%C3%A3o-obrigat%C3%B3rios-cronograma-de-entrevistas.pdf\">\u00a0Aqui<\/a><\/p>\n<p>EDITAL N\u00ba 41\/2020 &#8211; PRAE\/UERN &#8211; Torna P\u00fablica a convoca\u00e7\u00e3o de candidatos classificados em processo seletivo do aux\u00edlio digital para preechimento das vagas remanescentes.<a href=\"http:\/\/portal.uern.br\/wp-content\/uploads\/2020\/11\/Edital-N%C2%BA-41.2020-convocacao_para_vagas_remanescentes_auxilio_inclusao_digital-1.pdf\">\u00a0Aqui<\/a><\/p>\n<p>EDITAL N\u00ba 40\/2020 &#8211; PRAE\/UERN &#8211; Torna P\u00fablico o Calend\u00e1rio de Entrevistas do Processo Seletivo para preenchimento de vagas em est\u00e1gio n\u00e3o-obrigat\u00f3rio.<a href=\"http:\/\/portal.uern.br\/wp-content\/uploads\/2020\/11\/Edital-40.2020-PRAE.UERN-Est%C3%A1gios-N%C3%A3o-obrigat%C3%B3rios-cronograma-de-entrevistas.pdf\">\u00a0Aqui<\/a><\/p>\n<p>EDITAL N\u00ba 39\/2020 &#8211; PRAE\/UERN &#8211; Torna P\u00fablico o Calend\u00e1rio de Entrevistas do Processo Seletivo para preenchimento de vagas em est\u00e1gio n\u00e3o-obrigat\u00f3rio (edi\u00e7\u00f5es UERN) .<a href=\"http:\/\/portal.uern.br\/wp-content\/uploads\/2020\/11\/Edital-39.2020-PRAE.UERN-Est%C3%A1gios-N%C3%A3o-obrigat%C3%B3rios-cronograma-de-entrevistas.pdf\">\u00a0Aqui<\/a><\/p>\n<p>EDITAL N\u00ba 37\/2020 &#8211; PRAE\/UERN &#8211; Torna P\u00fablico o Processo Seletivo para preenchimento de vagas em est\u00e1gio n\u00e3o-obrigat\u00f3rio (edi\u00e7\u00f5es UERN) .<a href=\"http:\/\/portal.uern.br\/wp-content\/uploads\/2020\/11\/EDITAL-N%C2%BA-037.2020.pdf\">\u00a0Aqui<\/a><\/p>\n<p>EDITAL N\u00ba 36\/2020 &#8211; PRAE\/UERN &#8211; Torna P\u00fablico o resultado do Processo Seletivo para preenchimento de vagas em est\u00e1gio n\u00e3o-obrigat\u00f3rio.<a href=\"http:\/\/portal.uern.br\/wp-content\/uploads\/2020\/11\/EDITAL-36.2020-RESULTADO-FINAL-JOUERN.pdf\">\u00a0Aqui<\/a><\/p>\n<p>EDITAL N\u00ba 35\/2020 &#8211; PRAE\/UERN &#8211; Torna P\u00fablico o resultado das per\u00edcias realizadas pela junta multiprofissional da UERN.<a href=\"http:\/\/portal.uern.br\/wp-content\/uploads\/2020\/10\/EDITAL-n%C2%BA-35.2020-RESULTADO-da-JUNTA-MULTIPROFISSIONAL-INCLUS%C3%83O-DIGITAL.pdf\">\u00a0Aqui<\/a><\/p>\n<p>EDITAL N\u00ba 34\/2020 &#8211; PRAE\/UERN &#8211; Torna P\u00fablico o calend\u00e1rio de entrevistas do Processo Seletivo para preenchimento de vagas em est\u00e1gio n\u00e3o-obrigat\u00f3rio(Letras, Direito, Comunica\u00e7\u00e3o e Computa\u00e7\u00e3o.<a href=\"http:\/\/portal.uern.br\/wp-content\/uploads\/2020\/10\/Edital-34.2020-PRAE.UERN-Est%C3%A1gios-N%C3%A3o-obrigat%C3%B3rios-cronograma-de-entrevistas.pdf\">\u00a0Aqui<\/a><\/p>\n<p>EDITAL N\u00ba 33\/2020 &#8211; PRAE\/UERN &#8211; Torna P\u00fablico o resultado do Processo Seletivo para preenchimento de vagas em est\u00e1gio n\u00e3o-obrigat\u00f3rio(Letras, Direito, Comunica\u00e7\u00e3o e Computa\u00e7\u00e3o.<a href=\"http:\/\/portal.uern.br\/wp-content\/uploads\/2020\/10\/EDITAL-N%C2%BA-033-2020-agecom.pdf\">\u00a0Aqui<\/a><\/p>\n<p>EDITAL N\u00ba 32\/2020 &#8211; PRAE\/UERN &#8211; Torna P\u00fablico o resultado do Processo Seletivo para preenchimento de vagas em est\u00e1gio n\u00e3o-obrigat\u00f3rio.\u00a0<a href=\"http:\/\/portal.uern.br\/wp-content\/uploads\/2020\/10\/EDITAL-032.2020-RESULTADO-DE-SELE%C3%87%C3%83O.pdf\">Aqui<\/a><\/p>\n<p>EDITAL N\u00ba 29\/2020 &#8211; PRAE\/UERN &#8211; Torna P\u00fablico o Calend\u00e1rio de entrevistas do processo seletivo para preenchimento de vagas em est\u00e1gio n\u00e3o-obrigat\u00f3rio.\u00a0<a href=\"http:\/\/portal.uern.br\/wp-content\/uploads\/2020\/10\/Edital-29.2020-PRAE.UERN-Est%C3%A1gios-N%C3%A3o-obrigat%C3%B3rios-cronograma-de-entrevistas.pdf\">Aqui<\/a><\/p>\n<p>EDITAL N\u00ba 28\/2020 &#8211; PRAE\/UERN &#8211; Resultado Final segunda fase aux\u00edlio digital &#8211;\u00a0<a href=\"http:\/\/portal.uern.br\/wp-content\/uploads\/2020\/10\/Edital-n-028-PROUERN-Inclus%C3%A3o-Digital-2-FASE-Resultado-Final.pdf\">Aqui<\/a><\/p>\n<p>Rela\u00e7\u00e3o dos aprovadxs &#8211;\u00a0<a href=\"https:\/\/www.uern.br\/controledepaginas\/prae-editais\/arquivos\/4664relacaodosaprovadosresultado_final.pdf\">aq<\/a>ui<\/p>\n<p>EDITAL N\u00ba 27\/2020 &#8211;\u00a0 PRAE\/UERN &#8211; Torna P\u00fablico Processo Seletivo para preenchimento de vagas em est\u00e1gio curricular supervisionado n\u00e3o-obrigat\u00f3rio.\u00a0<a href=\"http:\/\/portal.uern.br\/wp-content\/uploads\/2020\/10\/EDITAL-N%C2%BA-027.2020-PRAE.pdf\">Aqui<\/a><a href=\"http:\/\/portal.uern.br\/wp-content\/uploads\/2020\/09\/EDITAL25_PRAE_RETIFICA%C3%87%C3%83OAOEDITAL21.pdf\"><br \/>\n<\/a><\/p>\n<p>EDITAL N\u00ba\u00a0 26\/2020 &#8211; PRAE\/UERN &#8211; Torna p\u00fablico resultado preliminar da segunda fase do Processo Seletivo para Concess\u00e3o do Aux\u00edlio Digital &#8211;\u00a0<a href=\"http:\/\/portal.uern.br\/wp-content\/uploads\/2020\/09\/EDITAL26RESULTADOPRELIMINARAuxilioInclusooDigital2afase.pdf\">Aqui<\/a><\/p>\n<p><strong><sub>Rela\u00e7\u00e3o dxs aprovadxs &#8211;\u00a0<a href=\"https:\/\/www.uern.br\/controledepaginas\/prae-editais\/arquivos\/4664relacaodosaprovadoseditalpreliminar.pdf\">Aqui<\/a><\/sub><\/strong><\/p>\n<p>EDITAL N\u00ba 25\/2020 &#8211;\u00a0 PRAE\/UERN &#8211; Torna P\u00fablica retifica\u00e7\u00e3o ao edital n\u00ba 21\/2020-PRAE.\u00a0<a href=\"http:\/\/portal.uern.br\/wp-content\/uploads\/2020\/09\/EDITAL25_PRAE_RETIFICA%C3%87%C3%83OAOEDITAL21.pdf\">Aqui<\/a><\/p>\n<p>EDITAL N\u00ba 22\/2020 &#8211;\u00a0 PRAE\/UERN &#8211; Resultado Preliminar para vagas de est\u00e1gio no \u00e2mbito da UERN &#8211; \u00e1rea direito &#8211;\u00a0<a href=\"http:\/\/portal.uern.br\/wp-content\/uploads\/2020\/09\/EDITAL-22.2020-RESULTADO-PRELIMINAR-DE-SELE%C3%87%C3%83O.pdf\">Aqui<\/a><\/p>\n<p>EDITAL\u00a0 N\u00ba 19\/2020 &#8211; PRAE\/UERN &#8211; Aditivo ao Edital n\u00ba 15\/2020 &#8211; PRAE\/UERN &#8211; Processo seletivo para aux\u00edlio inclus\u00e3o digital &#8211;\u00a0Prorroga inscri\u00e7\u00f5es at\u00e9 16\/09 &#8211;\u00a0<a href=\"https:\/\/prae.uern.br\/EDITAL%20%20N%C2%BA%2015\/2020%20-%20PRAE\/UERN%20-%20Aditivo%20ao%20Edital%20n%C2%BA%2008\/2020%20-%20PRAE\/UERN%20-%20Processo%20seletivo%20para%20aux%C3%ADlio%20inclus%C3%A3o%20digital%20-%20ajusta%20os%20valores%20e%20novas%20vagas%20-%20Aqui\">Aqui<\/a><\/p>\n<p>EDITAL\u00a0 N\u00ba 15\/2020 &#8211; PRAE\/UERN &#8211; Aditivo ao Edital n\u00ba 08\/2020 &#8211; PRAE\/UERN &#8211; Processo seletivo para aux\u00edlio inclus\u00e3o digital &#8211;\u00a0ajusta os valores e novas vagas\u00a0&#8211;\u00a0<a href=\"http:\/\/portal.uern.br\/wp-content\/uploads\/2020\/09\/ADITIVO-ao-Edital-08.2020-PRAE.UERN-Inclus%C3%A3o-Digital-3-1.pdf\">Aqui<\/a><\/p>\n<p>EDITAL N\u00ba 12\/2020 &#8211; PRAE\/UERN &#8211;\u00a0\u00a0TORNA P\u00daBLICO O RESULTADO FINAL DO PROCESSO SELETIVO PARA CONCESS\u00c3O DO AUX\u00cdLIO INCLUS\u00c3O DIGITAL.\u00a0<a href=\"http:\/\/portal.uern.br\/jouern\/wp-content\/uploads\/sites\/18\/2020\/07\/UERN_Jornal-Oficial-039-17-jul-20.pdf\">(AQUI)<\/a><\/p>\n<p>EDITAL N\u00ba 11\/2020 &#8211; PRAE\/UERN &#8211;\u00a0RETIFICA O EDITAL N\u00ba 010\/2020 \u2013 PRAE\/UERN DO RESULTADO PRELIMINAR DO PROCESSO SELETIVO PARA CONCESS\u00c3O DO AUX\u00cdLIO INCLUS\u00c3O DIGITAL.\u00a0<a href=\"http:\/\/portal.uern.br\/wp-content\/uploads\/2020\/07\/Edital-n-011-PROUERN-Inclus%C3%A3o-Digital.pdf\">(AQUI)<\/a><\/p>\n<p>EDITAL N\u00ba 10\/2020 &#8211; PRAE\/UERN &#8211;\u00a0TORNA P\u00daBLICO O RESULTADO PRELIMINAR DO PROCESSO SELETIVO PARA CONCESS\u00c3O DO AUX\u00cdLIO INCLUS\u00c3O DIGITAL.\u00a0<a href=\"http:\/\/portal.uern.br\/wp-content\/uploads\/2020\/07\/Edital-n-010-PROUERN-Inclus%C3%A3o-Digital-Resultado-Preliminar.pdf\">(AQUI)<\/a><\/p>\n<p>EDITAL N\u00ba 09\/2020 &#8211; PRAE\/UERN &#8211;\u00a0PRORROGA OS PRAZOS DO PROCESSO SELETIVO PARA CONCESS\u00c3O DO AUX\u00cdLIO INCLUS\u00c3O DIGITAL POR MEIO DO PROGRAMA DE FOMENTO \u00c0S A\u00c7\u00d5ES DE ASSIST\u00caNCIA \u00c0 PERMAN\u00caNCIA ESTUDANTIL.\u00a0<a href=\"http:\/\/portal.uern.br\/wp-content\/uploads\/2020\/06\/Edital-PROUERN-Auxilio-Inclus%C3%A3o-Digital-prorrogacao-de-prazos-formato-AGECOM.pdf\">(AQUI)<\/a><\/p>\n<p>EDITAL N\u00ba 08\/2020 &#8211; PRAE\/UERN &#8211;\u00a0TORNA P\u00daBLICO O PROCESSO SELETIVO PARA CONCESS\u00c3O DO AUX\u00cdLIO INCLUS\u00c3O DIGITAL POR MEIO DO PROGRAMA DE FOMENTO \u00c0S A\u00c7\u00d5ES DE ASSIST\u00caNCIA \u00c0 PERMAN\u00caNCIA ESTUDANTIL NO \u00c2MBITO DA UERN (PROUERN).\u00a0<a href=\"http:\/\/portal.uern.br\/wp-content\/uploads\/2020\/06\/Edital-PROUERNInclus%C3%A3oDigital.pdf\">(AQUI)<\/a><\/p>\n<p>EDITAL N\u00ba 07\/2020 &#8211; PRAE\/UERN &#8211;\u00a0TORNA P\u00daBLICO RESULTADO\u00a0<strong>FINAL<\/strong>\u00a0DA REAVALIA\u00c7\u00c3O ACAD\u00caMICA DOS (AS) DISCENTES DO PROGRAMA DE APOIO AO ESTUDANTE \u2013 PAE, COM A FINALIDADE DE PRORROGA\u00c7\u00c3O DO BENEFICIO.\u00a0(AQUI)<\/p>\n<p>EDITAL N\u00ba 06\/2020 &#8211; PRAE\/UERN &#8211;\u00a0TORNA P\u00daBLICO O RESULTADO PRELIMINAR DO PROCESSO DE REAVALIA\u00c7\u00c3O ACAD\u00caMICA DOS (AS) CONTEMPLADOS (AS) COM O PROGRAMA DE APOIO AO ESTUDANTE \u2013 PAE.\u00a0<a href=\"http:\/\/portal.uern.br\/wp-content\/uploads\/2020\/05\/Edital-reavaliacao-preliminar-PRAE.pdf\">(AQUI)<\/a><\/p>\n<p>EDITAL N\u00ba 05\/2020 &#8211; PRAE\/UERN &#8211;\u00a0TORNA P\u00daBLICA A REAVALIA\u00c7\u00c3O ACAD\u00caMICA DOS (AS) DISCENTES DO PROGRAMA DE APOIO AO ESTUDANTE \u2013 PAE, COM A FINALIDADE DE PRORROGA\u00c7\u00c3O DO BENEFICIO.\u00a0(AQUI)<\/p>\n<p>EDITAL N\u00ba 04\/2020 &#8211; PRAE\/UERN &#8211;\u00a0TORNA P\u00daBLICO O RESULTADO DO PROCESSO SELETIVO PARA PREENCHIMENTO DE VAGAS EM EST\u00c1GIO N\u00c3O-OBRIGAT\u00d3RIO DESTINADAS \u00c0 UERN.\u00a0<a href=\"http:\/\/portal.uern.br\/wp-content\/uploads\/2020\/02\/EDITAL_04.2020_RESULTADODESELECAO.pdf\">(AQUI)<\/a><\/p>\n<p>EDITAL N\u00ba 03\/2020 &#8211; PRAE\/UERN &#8211; TORNA P\u00daBLICO O CALEND\u00c1RIO DE ENTREVISTAS PARA O PROCESSO SELETIVO DE PREENCHIMENTO DE VAGAS EM EST\u00c1GIO N\u00c3O-OBRIGAT\u00d3RIO INTERNO DA UERN NOS CAMPI AVAN\u00c7ADOS.\u00a0(AQUI)<\/p>\n<p>EDITAL N\u00ba 002\/2020 &#8211; PRAE\/UERN. TORNA P\u00daBLICO O CALEND\u00c1RIO DE ENTREVISTAS PARA O PROCESSO SELETIVO DE PREENCHIMENTO DE VAGAS EM EST\u00c1GIO N\u00c3O-OBRIGAT\u00d3RIO INTERNO DA UERN.\u00a0<a href=\"http:\/\/portal.uern.br\/wp-content\/uploads\/2020\/02\/Edital-02.2020-PRAE.UERN-Est%C3%A1gios-N%C3%A3o-obrigat%C3%B3rios-cronograma-de-entrevistas.pdf\">Aqui<\/a><\/p>\n<p>ERRATA N\u00ba 02 AO\u00a0 EDITAL N\u00ba 001\/2020 &#8211; PRAE\/UERN. CORRIGE O QUADRO DE VAGAS DO EDITAL N\u00ba 001\/2020 \u2013 PRAE\/UERN.\u00a0<a href=\"http:\/\/portal.uern.br\/wp-content\/uploads\/2020\/02\/ERRATA-N%C2%BA-02-AO-EDITAL-N%C2%BA-001.pdf\">Aqui<\/a><\/p>\n<p>ERRATA AO EDITAL N\u00ba 001\/2020 &#8211; PRAE\/UERN. CORRIGE O QUADRO DE VAGAS DO EDITAL N\u00ba 001\/2020 \u2013 PRAE\/UERN.\u00a0<a href=\"http:\/\/portal.uern.br\/wp-content\/uploads\/2020\/02\/ERRATA-ao-EDITAL-001.2020-1.pdf\">Aqui.<\/a><\/p>\n<p>EDITAL N\u00ba 001\/2020 &#8211;\u00a0 PRAE\/UERN. TORNA P\u00daBLICO PROCESSO SELETIVO PARA PREENCHIMENTO DE VAGAS EM EST\u00c1GIO CURRICULAR SUPERVISIONADO N\u00c3O-OBRIGAT\u00d3RIO DESTINADAS \u00c0 ATUA\u00c7\u00c3O NO \u00c2MBITO DA UNIVERSIDADE DO ESTADO DO RIO GRANDE DO NORTE &#8211; UERN.\u00a0<a href=\"http:\/\/portal.uern.br\/jouern\/wp-content\/uploads\/sites\/18\/2020\/02\/UERN_Jornal-Oficial-027.pdf\">Aqui<\/a><\/p>\n<p>&nbsp;<\/p>\n","protected":false},"excerpt":{"rendered":"<p>EDITAIS &#8211; PRAE 2020 EDITAL N\u00ba 44\/2020 &#8211; PRAE\/UERN &#8211; Torna P\u00fablica a convoca\u00e7\u00e3o dos estudantes no processo seletivo do aux\u00edlio inclus\u00e3o digital para comprava\u00e7\u00e3o do uso dos recursos financeiros.\u00a0Aqui EDITAL N\u00ba 43\/2020 &#8211; PRAE\/UERN &#8211; Torna P\u00fablico o Resultado do Processo Seletivo para preenchimento de vagas em est\u00e1gio n\u00e3o-obrigat\u00f3rio.\u00a0Aqui EDITAL N\u00ba 42\/2020 &#8211; PRAE\/UERN [&hellip;]<\/p>\n","protected":false},"author":3,"featured_media":0,"parent":0,"menu_order":0,"comment_status":"closed","ping_status":"closed","template":"","meta":{"footnotes":""},"class_list":["post-1720","page","type-page","status-publish","hentry"],"_links":{"self":[{"href":"https:\/\/portal.uern.br\/prae\/wp-json\/wp\/v2\/pages\/1720","targetHints":{"allow":["GET"]}}],"collection":[{"href":"https:\/\/portal.uern.br\/prae\/wp-json\/wp\/v2\/pages"}],"about":[{"href":"https:\/\/portal.uern.br\/prae\/wp-json\/wp\/v2\/types\/page"}],"author":[{"embeddable":true,"href":"https:\/\/portal.uern.br\/prae\/wp-json\/wp\/v2\/users\/3"}],"replies":[{"embeddable":true,"href":"https:\/\/portal.uern.br\/prae\/wp-json\/wp\/v2\/comments?post=1720"}],"version-history":[{"count":1,"href":"https:\/\/portal.uern.br\/prae\/wp-json\/wp\/v2\/pages\/1720\/revisions"}],"predecessor-version":[{"id":1721,"href":"https:\/\/portal.uern.br\/prae\/wp-json\/wp\/v2\/pages\/1720\/revisions\/1721"}],"wp:attachment":[{"href":"https:\/\/portal.uern.br\/prae\/wp-json\/wp\/v2\/media?parent=1720"}],"curies":[{"name":"wp","href":"https:\/\/api.w.org\/{rel}","templated":true}]}}