{"id":1716,"date":"2024-02-15T12:44:40","date_gmt":"2024-02-15T15:44:40","guid":{"rendered":"https:\/\/portal.uern.br\/prae\/?page_id=1716"},"modified":"2024-02-15T12:54:07","modified_gmt":"2024-02-15T15:54:07","slug":"2019-2","status":"publish","type":"page","link":"https:\/\/portal.uern.br\/prae\/2019-2\/","title":{"rendered":"2019"},"content":{"rendered":"<p><strong>EDITAIS &#8211; PRAE 2019<\/strong><\/p>\n<p>EDITAL N\u00ba 46\/2019 &#8211; DIVULGA RESULTADO FINAL DO PROGRAMA DE MORADIA UNIVERSIT\u00c1RIA NA MODALIDADE RESID\u00caNCIA UNIVERSIT\u00c1RIA.\u00a0<a href=\"http:\/\/portal.uern.br\/wp-content\/uploads\/2019\/12\/EDITAL462019RESULTADO-FINAL-PROGRAMA-DE-MORADIA-RESIDENCIAS-UNIVERSITARIAS.pdf\">Aqui<\/a><\/p>\n<p>EDITAL N\u00ba 45\/2019 &#8211; DIVULGA RESULTADO PRELIMINAR DO PROGRAMA DE MORADIA UNIVERSIT\u00c1RIA NA MODALIDADE RESID\u00caNCIA UNIVERSIT\u00c1RIA.\u00a0<a href=\"https:\/\/www.uern.br\/controledepaginas\/prae-editais\/arquivos\/4664edital_45_2019_edital_preliminar_resultado_ok.pdf\">Aqui<\/a><\/p>\n<p>EDITAL N\u00ba 44\/2019 &#8211; CONVOCA CANDIDATOS PARA ENTREVISTA DO PROGRAMA DE MORADIA UNIVERSIT\u00c1RIA MODALIDADE RESID\u00caNCIA UNIVERSIT\u00c1RIA.\u00a0<a href=\"http:\/\/portal.uern.br\/wp-content\/uploads\/2019\/12\/EDITAL-44_CONVOCA%C3%87%C3%83O_ENTREVISTAS_RESID%C3%8ANCIAS_-2019.2.pdf\">Aqui<\/a><\/p>\n<p>EDITAL N\u00ba 42\/2019 &#8211; DIVULGA RESULTADO RESULTADO FINAL DO PROGRAMA DE MORADIA UNIVERSIT\u00c1RIA NA MODALIDADE AUX\u00cdLIO FINANCEIRO (Campus de Pau dos Ferros) 2019.2.\u00a0<a href=\"https:\/\/www.uern.br\/controledepaginas\/prae-editais\/arquivos\/4664edital_042_2019_resultado_final_do_auxilio_financeiro_campus_de_pau_dos_ferros.pdf\">Aqui<\/a><\/p>\n<p>EDITAL N\u00ba 41\/2019 &#8211; DIVULGA RESULTADO PRELIMINAR DO PROGRAMA DE MORADIA UNIVERSIT\u00c1RIA NA MODALIDADE AUX\u00cdLIO FINANCEIRO.\u00a0<a href=\"https:\/\/www.uern.br\/controledepaginas\/prae-editais\/arquivos\/4664edital_041_2019_resultado_preliminar_auxilio_financeiro_ok.pdf\">Aqui<\/a><\/p>\n<p>EDITAL N\u00ba 40\/2019 &#8211; CONVOCA CANDIDATOS PARA ENTREGA DE DOCUMENTOS NA MODALIDADE RESID\u00caNCIA UNIVERSIT\u00c1RIA.\u00a0<a href=\"https:\/\/www.uern.br\/controledepaginas\/prae-editais\/arquivos\/4664edital_040_2019_convoca_para_entrega_de_documentos_modalidade_residencia_universitaria_ok.pdf\">Aqui<\/a><\/p>\n<p><a href=\"https:\/\/www.uern.br\/controledepaginas\/prae-editais\/arquivos\/4664anexosmoradia20192.pdf\">Acesso aos anexos do Edital\u00a0<\/a><\/p>\n<p>EDITAL N\u00ba 39\/2019 &#8211; TORNA P\u00daBLICA A SEGUNDA CONVOCA\u00c7\u00c3O PARA ENTREGA DE DOCUMENTOS DO AUX\u00cdLIO FINANCEIRO.\u00a0<a href=\"http:\/\/portal.uern.br\/wp-content\/uploads\/2019\/11\/EDITAL-39-2019-SEGUNDA-CHAMADA-AUXILIO-FINANCEIRO-OK.pdf\">Aqui<\/a><\/p>\n<p><a href=\"https:\/\/www.uern.br\/controledepaginas\/prae-editais\/arquivos\/4664anexosmoradia20192.pdf\">Acesso aos anexos do Edital\u00a0<\/a><\/p>\n<p>EDITAL N\u00ba 38\/2019 PRAE\/UERN &#8211; CONVOCA CANDIDATOS PARA ENTREGA DE DOCUMENTOS DO AUXILIO FINANCEIRO E PRORROGA PRAZO PARA INSCRI\u00c7\u00d5ES NAS RESID\u00caNCIAS UNIVERSIT\u00c1RIAS.\u00a0<a href=\"http:\/\/portal.uern.br\/wp-content\/uploads\/2019\/11\/EDITAL-38-2019-PROGRAMA-DE-MORADIA.pdf\">Aqui<\/a><\/p>\n<p><a href=\"https:\/\/www.uern.br\/controledepaginas\/prae-editais\/arquivos\/4664anexosmoradia20192.pdf\">Acesso aos anexos do Edital\u00a0<\/a><\/p>\n<p>RETIFICA\u00c7\u00c3O N\u00ba 01 AO EDITAL N\u00ba 36\/2019 &#8211; PRAE\/UERN. TORNA P\u00daBLICO RETIFICA\u00c7\u00c3O AO RESULTADO PRELIMINAR DA REAVALIA\u00c7\u00c3O ACAD\u00caMICA DOS RESIDENTES UNIVERSIT\u00c1RIO E DOS CONTEMPLADOS (AS) COM PROGRAMA DE APOIO AO ESTUDANTE PAE. 2018.2 E 2019.1\u00a0<a href=\"http:\/\/portal.uern.br\/wp-content\/uploads\/2019\/11\/Retificacao-01-ao-Edital-36-2019-reavalia%C3%A7%C3%A3o-academica-PAE-e-RUs.pdf\">Aqui<\/a><\/p>\n<p>EDITAL N\u00ba 37\/2019 &#8211; PRAE\/UERN. TORNA P\u00daBLICO O PROCESSO SELETIVO PARA ACESSO AO PROGRAMA DE MORADIA UNIVERSIT\u00c1RIA.\u00a0<a href=\"https:\/\/www.uern.br\/controledepaginas\/prae-editais\/arquivos\/4664edital_037_2019_programa_de_auxilio_moradia_com_cabea%E2%80%A1alho.pdf\">Aqui.<\/a><a href=\"http:\/\/portal.uern.br\/wp-content\/uploads\/2019\/11\/EDITAL-N-036.2019-RES.-PRELIMINAR-AVALIA%C3%87%C3%83O-ACAD%C3%8AMICA_2019.pdf\"><br \/>\n<\/a><\/p>\n<p><a href=\"https:\/\/www.uern.br\/controledepaginas\/prae-editais\/arquivos\/4664anexosmoradia20192.pdf\">acesso aos anexos do edital 37\/2019<\/a><\/p>\n<p>EDITAL N\u00ba 36\/2019 &#8211; PRAE\/UERN. TORNA P\u00daBLICO O RESULTADO PRELIMINAR DA REAVALIA\u00c7\u00c3O ACAD\u00caMICA DOS RESIDENTES UNIVERSIT\u00c1RIO E DOS CONTEMPLADOS (AS) COM PROGRAMA DE APOIO AO ESTUDANTE PAE. 2018.2 E 2019.1.\u00a0<a href=\"http:\/\/portal.uern.br\/wp-content\/uploads\/2019\/11\/EDITAL-N-036.2019-RES.-PRELIMINAR-AVALIA%C3%87%C3%83O-ACAD%C3%8AMICA_2019.pdf\">Aqui<\/a><\/p>\n<p>EDITAL N\u00ba 34\/2019 &#8211; PRAE\/UERN. TORNA P\u00daBLICO O RESULTADO DO PROCESSO SELETIVO PARA PREENCHIMENTO DE VAGAS EM EST\u00c1GIO N\u00c3O-OBRIGAT\u00d3RIO DESTINADAS \u00c0 UERN.\u00a0<a href=\"http:\/\/portal.uern.br\/wp-content\/uploads\/2019\/08\/EDITAL034.2019RESULTADOSELECAOPRAE.pdf\">Aqui<\/a><\/p>\n<p>EDITAL N\u00ba 33\/2019 &#8211; PRAE\/UERN. TORNA P\u00daBLICO O RESULTADO FINAL DOS CANDIDATOS APROVADOS NO PROCESSO SELETIVO DO PROGRAMA DE APOIO AO ESTUDANTE &#8211; PAE.\u00a0<a href=\"http:\/\/portal.uern.br\/wp-content\/uploads\/2019\/08\/EDITAL_n%C2%BA-33-RESULTADO-FINAL-_PAE-2019-1.pdf\">Aqui<\/a><\/p>\n<p>EDITAL N\u00ba 32\/2019 &#8211; PRAE\/UERN. TORNA P\u00daBLICO O CALEND\u00c1RIO DE ENTREVISTAS PARA O PROCESSO SELETIVO DE PREENCHIMENTO DE VAGAS EM EST\u00c1GIO N\u00c3O-OBRIGAT\u00d3RIO INTERNO DA UERN.\u00a0<a href=\"http:\/\/portal.uern.br\/wp-content\/uploads\/2019\/07\/EDITAL-032.2019-CRONOGRAMA-DE-ENTREVISTAS-SELE%C3%87%C3%83O-EST%C3%81GIO.pdf\">Aqui<\/a><\/p>\n<p>EDITAL N\u00ba 31\/2019 &#8211; PRAE\/UERN. TORNA P\u00daBLICO O RESULTADO PRELIMINAR DOS CANDIDATOS APROVADOS NO PROCESSO SELETIVO PARA O PROGRAMA DE APOIO AO ESTUDANTE &#8211; PAE.\u00a0<a href=\"http:\/\/portal.uern.br\/wp-content\/uploads\/2019\/07\/EDITAL-031_RESULTADO-PRELIMINAR_PAE-2019.pdf\">Aqui<\/a><\/p>\n<p>EDITAL N\u00ba 29\/2019-PRAE\/UERN.\u00a0TORNA P\u00daBLICO O RESULTADO PRELIMINAR DO PROCESSO DE SELE\u00c7\u00c3O PARA AS VAGAS NAS RESID\u00caNCIAS UNIVERSIT\u00c1RIAS DA UERN DO CAMPUS CENTRAL E CAMPI AVAN\u00c7ADOS DE ASS\u00da, NATAL, CAIC\u00d3 E PATU.<a href=\"http:\/\/portal.uern.br\/wp-content\/uploads\/2019\/07\/EDITAL-29-2019-RESULTADO-PRELIMINAR-RESID%C3%8ANCIAS-2019-1.pdf\">\u00a0Aqui<\/a><\/p>\n<p>EDITAL N\u00ba 28\/2019- PRAE\/UERN. TORNA P\u00daBLICA A CONVOCA\u00c7\u00c3O PARA ENTREVISTAS DO PROCESSO SELETIVO PARA PRENCHIMENTO DE VAGAS NAS RESID\u00caNCIAS UNIVERSIT\u00c1RIAS DA UERN.\u00a0<a href=\"http:\/\/portal.uern.br\/wp-content\/uploads\/2019\/07\/EDITAL-n-028-ENTREVISTAS-RESID%C3%8ANCIAS-2019-1.pdf\">Aqui<\/a><\/p>\n<p>PRIMEIRO ADITIVO AO EDITAL N\u00ba 23\/2019 &#8211;\u00a0 PRAE\/UERN. TORNA P\u00daBLICO O PRIMEIRO ADITIVO CONTENDO A SEGUNDA CONVOCA\u00c7\u00c3O DE CANDIDATOS PARA O PROCESSO SELETIVO DO PROGRAMA DE APOIO AO ESTUDANTE &#8211; PAE E D\u00c1 OUTRAS PROVID\u00caNCIAS.\u00a0<a href=\"http:\/\/portal.uern.br\/wp-content\/uploads\/2019\/07\/Primeiro-Aditivo-Segunda-Convoca%C3%A7%C3%A3o-do-PAE-2019-1.pdf\">Aqui<\/a><\/p>\n<p>EDITAL N\u00ba 26\/2019 &#8211; PRAE\/UERN. TORNA P\u00daBLICO O PROCESSO SELETIVO PARA PREENCHIMENTO DE VAGAS EM EST\u00c1GIO CURRICULAR SUPERVISIONADO N\u00c3O OBRIGAT\u00d3RIO NA UERN.\u00a0<a href=\"http:\/\/portal.uern.br\/wp-content\/uploads\/2019\/07\/EDITAL-026.2019-Edital-de-Sele%C3%A7%C3%A3o-de-Estagi%C3%A1rios.pdf\">Aqui<\/a><\/p>\n<p>EDITAL N\u00ba 25\/2019 &#8211; PRAE\/UERN. TORNA P\u00daBLICO O RESULTADO FINAL DO PROCESSO DE REAVALIA\u00c7\u00c3O ACAD\u00caMICA DOS RESIDENTES UNIVERSIT\u00c1RIOS E DOS CONTEMPLANDO COM O PROGRAMA DE APOIO AO ESTUDANTE &#8211; PAE.\u00a0<a href=\"http:\/\/portal.uern.br\/wp-content\/uploads\/2019\/07\/EDITAL-025_R-FINAL-AVALIA%C3%87%C3%83O-ACAD%C3%8AMICA-2018-2.pdf\">Aqui<\/a><\/p>\n<p>EDITAL N\u00ba 24\/2019 &#8211; PRAE\/UERN. TORNA P\u00daBLICA CONVOCA\u00c7\u00c3O PARA ENTREGA DA DOCUMENTA\u00c7\u00c3O COMPROBAT\u00d3RIA REFERENTE AO PROCESSO SELETIVO PARA VAGAS NAS RESID\u00caNCIAS UNIVERSIT\u00c1RIAS DA UERN.\u00a0<a href=\"http:\/\/portal.uern.br\/wp-content\/uploads\/2019\/07\/Edital-024_CONVOCA%C3%87%C3%83O_resid%C3%AAncias-2019-1.pdf\">Aqui<\/a><\/p>\n<p>EDITAL N\u00ba 23\/2019 &#8211; PRAE\/UERN. TORNA P\u00daBLICA CONVOCA\u00c7\u00c3O PARA ENTREGA DA DOCUMENTA\u00c7\u00c3O COMPROBAT\u00d3RIA PARA O PROCESSO SELETIVO DE APOIO AO ESTUDANTE &#8211; PAE.\u00a0<a href=\"http:\/\/portal.uern.br\/wp-content\/uploads\/2019\/07\/MINUTA_CONVOCA%C3%87%C3%83O_PAE-2019.1.pdf\">Aqui<\/a><\/p>\n<p>RETIFICA\u00c7\u00c3O N\u00ba 01 AO EDITAL N\u00ba 022\/2019 &#8211; PRAE\/UERN &#8211; DIVULGA RETIFICA\u00c7\u00c3O AO\u00a0RESULTADO DO PROCESSO DE REAVALIA\u00c7\u00c3O ACAD\u00caMICA DOS RESIDENTES UNIVERSIT\u00c1RIOS E DOS CONTEMPLADOS COM O PROGRAMA DE APOIO AO ESTUDANTE &#8211; PAE.\u00a0<a href=\"https:\/\/www.uern.br\/controledepaginas\/prae-editais\/arquivos\/4664retificacao_01_oa_edital_22_2019_reavaliaa%C2%A7a%C2%A3o_academica_pae_2018.2.pdf\">Aqui<\/a><\/p>\n<p>EDITAL N\u00ba 022\/2019 &#8211; PRAE\/UERN. TORNA P\u00daBLICO O RESULTADO DO PROCESSO DE REAVALIA\u00c7\u00c3O ACAD\u00caMICA DOS RESIDENTES UNIVERSIT\u00c1RIOS E DOS CONTEMPLADOS COM O PROGRAMA DE APOIO AO ESTUDANTE &#8211; PAE.\u00a0<a href=\"https:\/\/www.uern.br\/controledepaginas\/prae-editais\/arquivos\/4664edital_022_resultado_preliminar_avaliaa%E2%80%A1a%C6%92o_acada%C5%A1mica_20182.pdf\">Aqui<\/a><\/p>\n<p>EDITAL n\u00ba 021\/2019 &#8211; PRAE\/UERN. TORNA P\u00daBLICO O PROCESSO DE REAVALIA\u00c7\u00c3O ACAD\u00caMICA DOS RESIDENTES UNIVERSIT\u00c1RIOS E DOS CONTEMPLADOS COM O PROGRAMA DE APOIO AO ESTUDANTE &#8211; PAE.\u00a0<a href=\"http:\/\/portal.uern.br\/wp-content\/uploads\/2019\/06\/EDITAL_n-021AVALIA%C3%87%C3%83O-ACAD%C3%8AMICA_20191.pdf\">Aqui<\/a><\/p>\n<p>EDITAL N\u00ba 020\/2019 \u2013 PRAE\/UERN. TORNA P\u00daBLICO O PROCESSO SELETIVO PARA PREENCHIMENTO DE VAGAS NAS RESID\u00caNCIAS UNIVERSIT\u00c1RIAS DA UERN DO CAMPUS CENTRAL E CAMPI AVAN\u00c7ADOS DE NATAL, ASS\u00da, CAIC\u00d3 E PATU.\u00a0<a href=\"https:\/\/www.uern.br\/controledepaginas\/dae-edital\/arquivos\/2589edital_n_020_resida%C5%A1ncias_20191.pdf\" target=\"_blank\" rel=\"noopener\">Aqui<\/a><\/p>\n<p>EDITAL N\u00ba 019\/2019 \u2013 PRAE\/UERN TORNA P\u00daBLICO O PROCESSO SELETIVO PARA ACESSO AO PROGRAMA DE APOIO AO ESTUDANTE \u2013 PAE.\u00a0<a href=\"https:\/\/www.uern.br\/controledepaginas\/dae-edital\/arquivos\/2589edital_n019_pae_20191.pdf\" target=\"_blank\" rel=\"noopener\">Aqui<\/a><\/p>\n<p>EDITAL N\u00ba 18\/2019 &#8211;\u00a0CONVOCA CANDIDATO CLASSIFICADO NO PROCESSO SELETIVO INTERNO PARA PREENCHIMENTO DE VAGA EM EST\u00c1GIO N\u00c3O-OBRIGAT\u00d3RIO DESTINADA \u00c0 UERN. Aqui<\/p>\n<p>EDITAL N\u00ba 17\/2019 &#8211;\u00a0CONVOCA CANDIDATO CLASSIFICADO NO PROCESSO SELETIVO INTERNO PARA PREENCHIMENTO DE VAGA EM EST\u00c1GIO N\u00c3O-OBRIGAT\u00d3RIO DESTINADA \u00c0 DEAD\/UERN. Aqui<\/p>\n<p>EDITAL N\u00ba 16\/2019 &#8211; PRAE\/UERN &#8211; TORNA P\u00daBLICO O RESULTADO DO PROCESSO SELETIVO PARA O PREENCHIMENTO DE VAGAS EM EST\u00c1GIO N\u00c3O OBRIGAT\u00d3RIO INTERNO DA UERN.<a href=\"http:\/\/portal.uern.br\/wp-content\/uploads\/2019\/04\/Edital_estagiarios_PRAE.pdf\">\u00a0Aqui<\/a><\/p>\n<p>EDITAL N\u00ba 15\/2019 &#8211; PRAE\/UERN &#8211; TORNA P\u00daBLICO O RESULTADO FINAL DOS CONTEMPLADOS NO PROCESSO SELETIVO DO PROGRAMA DE APOIO AO ESTUDANTE &#8211; PAE.\u00a0<a href=\"http:\/\/portal.uern.br\/wp-content\/uploads\/2019\/04\/EDITAL-015-2019_RESULTADO-FINAL_PAE-2018.2.pdf\">Aqui<\/a><\/p>\n<p>EDITAL N\u00ba 14\/2019 -PRAE\/UERN &#8211; TORNA P\u00daBLICO O CALEND\u00c1RIO DE ENTREVISTAS PARA O PREENCHIMENTO DE VAGAS PARA EST\u00c1GIO N\u00c3O OBRIGAT\u00d3RIO INTERNO DA UERN.\u00a0<a href=\"https:\/\/www.uern.br\/controledepaginas\/prae-editais\/arquivos\/4664edital_014_2019__cronograma_de_entrevistas.pdf\">Aqui<\/a><\/p>\n<p>EDITAL N\u00ba 013\/2019 \u2013 PRAE\/UERN &#8211; TORNA P\u00daBLICO O RESULTADO PRELIMINAR DOS CANDIDATOS (AS) APROVADOS NO PROCESSO SELETIVO DO PROGRAMA DE APOIO AO ESTUDANTE (PAE).\u00a0<a href=\"https:\/\/www.uern.br\/controledepaginas\/dae-edital\/arquivos\/2589edital_013_resultado_preliminar_pae_2018.2.pdf\" target=\"_blank\" rel=\"noopener\">Aqui<\/a><\/p>\n<p>EDITAL N\u00ba 12\/2019 &#8211; PRAE\/UERN &#8211; TORNA P\u00daBLICO O RESULTADO DO PROCESSO SELETIVO PARA VAGAS NAS RESID\u00caNCIAS UNIVERSIT\u00c1RIAS DO CAMPUS CENTRAL E DOS CAMPI AVAN\u00c7ADOS DE ASS\u00da, NATAL, CAIC\u00d3 E PATU.\u00a0<a href=\"https:\/\/www.uern.br\/controledepaginas\/prae-editais\/arquivos\/4664edital_12_2019_resultado_residencias_2.pdf\">Aqui<\/a><\/p>\n<p>RETIFICA\u00c7\u00c3O 001 AO EDITAL N\u00ba 11\/2019 &#8211; PRAE\/UERN &#8211; TORNA P\u00daBLICA A RETIFICA\u00c7\u00c3O AO RESULTADO\u00a0PRELIMINAR DO PROCESSO SELETIVO PARA O PREENCHIMENTO DE VAGAS NAS RESID\u00caNCIAS UNIVERSIT\u00c1RIAS\u00a0\u00a0DO CAMPUS CENTRAL E CAMPI AVAN\u00c7ADOS DE ASS\u00da, NATAL, CAIC\u00d3 E PATU.\u00a0<a href=\"http:\/\/portal.uern.br\/wp-content\/uploads\/2019\/03\/RETIFICA%C3%87%C3%83O_EDITAL-011-2019_RESID%C3%8ANCIAS_2018.2-1.pdf\">Aqui<\/a><\/p>\n<p>EDITAL N\u00ba 11\/2019 &#8211; PRAE\/UERN &#8211; TORNA P\u00daBLICO O RESULTADO PRELIMINAR DO PROCESSO SELETIVO PARA O PREENCHIMENTO DE VAGAS NAS RESID\u00caNCIAS UNIVERSIT\u00c1RIAS\u00a0\u00a0DO CAMPUS CENTRAL E CAMPI AVAN\u00c7ADOS DE ASS\u00da, NATAL, CAIC\u00d3 E PATU.\u00a0<a href=\"http:\/\/portal.uern.br\/wp-content\/uploads\/2019\/03\/EDITAL-011_PRELIMINAR_RESID%C3%8ANCIAS_-2018.2.pdf\">Aqui\u00a0<\/a><\/p>\n<p>EDITAL N\u00ba 10\/2019 &#8211; PRAE\/UERN &#8211;\u00a0TORNA P\u00daBLICO PROCESSO SELETIVO PARA PREENCHIMENTO DE VAGAS EM EST\u00c1GIO CURRICULAR SUPERVISIONADO N\u00c3O-OBRIGAT\u00d3RIO DESTINADAS \u00c0 ATUA\u00c7\u00c3O NO \u00c2MBITO DA UNIVERSIDADE DO ESTADO DO RIO GRANDE DO NORTE &#8211; UERN.<a href=\"http:\/\/portal.uern.br\/wp-content\/uploads\/2019\/03\/EDITAL-010.2018-Edital-de-Sele%C3%A7%C3%A3o-de-Estagi%C3%A1rios.pdf\">\u00a0Aqui<\/a><\/p>\n<p>EDITAL N\u00ba 09\/2019 &#8211; PRAE\/UERN &#8211; TORNA P\u00daBLICA A CONVOCA\u00c7\u00c3O PARA ENTREVISTAS DE SELE\u00c7\u00c3O PARA PREENCHIMENTO DE VAGAS NAS RESID\u00caNCIAS UNIVERSIT\u00c1RIAS DA UERN DO CAMPUS CENTRAL E CAMPI AVAN\u00c7ADOS DE ASS\u00da, NATAL, CAIC\u00d3 E PATU.<a href=\"http:\/\/portal.uern.br\/wp-content\/uploads\/2019\/03\/EDITAL-009-2019-RESIDENCIAS-CONVOCACAO-2018.2.pdf\">\u00a0Aqui<\/a><\/p>\n<p>EDITAL N\u00ba 008\/2019 \u2013 PRAE\/UERN &#8211; TORNA P\u00daBLICA A CONVOCA\u00c7\u00c3O DOS CANDIDATOS (AS) PARA APRESENTA\u00c7\u00c3O DE DOCUMENTA\u00c7\u00c3O COMPROBAT\u00d3RIA PARA O PROCESSO SELETIVO DO PROGRAMA DE APOIO AO ESTUDANTE (PAE).\u00a0<a href=\"http:\/\/portal.uern.br\/wp-content\/uploads\/2019\/02\/EDITAL-008_CONVOCA%C3%87%C3%83O_PAE-2018.2.pdf\" target=\"_blank\" rel=\"noopener\">Aqui<\/a><\/p>\n<p>ADITIVO N\u00ba 01 AO EDITAL N\u00ba 07\/2019 &#8211;\u00a0 ALTERA O CRONOGRAMA DAS ENTREVISTAS DAS RESID\u00caNCIAS UNIVERSIT\u00c1RIAS SEMESTRE 2018.2.\u00a0<a href=\"https:\/\/www.uern.br\/controledepaginas\/prae-editais\/arquivos\/4664aditivo_edital_entrevistas_resida%C5%A1ncias_2018.2.pdf\">Aqui<\/a><\/p>\n<p>EDITAL N\u00ba 007\/2019 \u2013 PRAE\/UERN. TORNA P\u00daBLICA A CONVOCA\u00c7\u00c3O PARA ENTREGA DE DOCUMENTA\u00c7\u00c3O COMPROBAT\u00d3RIA DO PROCESSO SELETIVO PARA PREENCHIMENTO DE VAGAS NAS RESID\u00caNCIAS UNIVERSIT\u00c1RIAS DA UERN DO CAMPUS CENTRAL E DOS CAMPI AVAN\u00c7ADOS DE NATAL, ASS\u00da, CAIC\u00d3 E PATU.\u00a0<a href=\"https:\/\/www.uern.br\/controledepaginas\/dae-edital\/arquivos\/2589edital_007_convocaa%E2%80%A1a%C6%92o_residancias_2018.2.pdf\" target=\"_blank\" rel=\"noopener\">Aqui<\/a><\/p>\n<p>RETIFICA\u00c7\u00c3O N\u00ba 01 AO EDITAL N\u00ba 06\/2019 &#8211; PRAE\/UERN &#8211; ALTERA O QUADRO DE DISTRIBUI\u00c7\u00c3O DAS VAGAS.\u00a0<a href=\"http:\/\/portal.uern.br\/wp-content\/uploads\/2019\/02\/RETIFICA%C3%87%C3%83O-n%C2%BA001-ao-EDITAL-006-PAE_2018.2.pdf\">Aqui<\/a><\/p>\n<p>EDITAL N\u00ba 006\/2019 \u2013 PRAE\/UERN.\u00a0TORNA P\u00daBLICO O PROCESSO SELETIVO PARA ACESSO AO PROGRAMA DE APOIO AO ESTUDANTE (PAE).\u00a0<a href=\"https:\/\/www.uern.br\/controledepaginas\/dae-edital\/arquivos\/2589edital_006_pae_2018.2.pdf\" target=\"_blank\" rel=\"noopener\">Aqui<\/a><\/p>\n<p>EDITAL N\u00ba 005\/2019 \u2013 PRAE\/UERN. TORNA P\u00daBLICO O PROCESSO SELETIVO PARA PREENCHIMENTO DE VAGAS NAS RESID\u00caNCIAS UNIVERSIT\u00c1RIAS DA UERN DO CAMPUS CENTRAL E CAMPI AVAN\u00c7ADOS DE NATAL, ASS\u00da, CAIC\u00d3 E PATU.\u00a0<a href=\"https:\/\/www.uern.br\/controledepaginas\/dae-edital\/arquivos\/2589edital_005_resida%C5%A1ncias_2019.pdf\" target=\"_blank\" rel=\"noopener\">Aqui<\/a><\/p>\n<p>EDITAL N\u00ba 004\/2018 \u2013 PRAE. TORNA P\u00daBLICO PROCESSO SELETIVO PARA PREENCHIMENTO DE VAGAS EM EST\u00c1GIO CURRICULAR SUPERVISIONADO N\u00c3O OBRIGAT\u00d3RIO DESTINADAS \u00c0 ATUA\u00c7\u00c3O NO \u00c2MBITO DA UNIVERSIDADE DO ESTADO DO RIO GRANDE DO NORTE &#8211; UERN.\u00a0<a href=\"https:\/\/www.uern.br\/controledepaginas\/dae-edital\/arquivos\/2589edital_04.2019_selea%E2%80%A1a%C6%92o.pdf\" target=\"_blank\" rel=\"noopener\">Aqui<\/a><\/p>\n<p>EDITAL N\u00ba 003\/2019 \u2013 SEC\/PRAE.\u00a0CONVOCA\u00c7\u00c3O PARA PREENCHIMENTO DE VAGAS EM EST\u00c1GIO N\u00c3O OBIGAT\u00d3RIO DESTINADAS \u00c0 ATUA\u00c7\u00c3O NO \u00c2MBITO DA DEAD\/UERN \u2013 CAMPUS CENTRAL.\u00a0<a href=\"https:\/\/www.uern.br\/controledepaginas\/dae-edital\/arquivos\/2589edital_003.2019_selea%E2%80%A1a%C6%92o_dead.pdf\" target=\"_blank\" rel=\"noopener\">Aqui<\/a><\/p>\n<p>EDITAL N\u00ba 002\/2019 \u2013 PRAE\/UERN. TORNA P\u00daBLICO O RESULTADO DO PROCESSO DE REAVALIA\u00c7\u00c3O ACAD\u00caMICA DOS (AS) RESIDENTES UNIVERSIT\u00c1RIOS (AS) E DOS (AS) CONTEMPLADOS(AS) COM O PROGRAMA DE APOIO AO ESTUDANTE &#8211; PAE.\u00a0<a href=\"https:\/\/www.uern.br\/controledepaginas\/dae-edital\/arquivos\/2589edital_002_resultado_reavaliaa%C2%A7a%C2%A3o_academica_pae_e_ru_2018.2.pdf\" target=\"_blank\" rel=\"noopener\">Aqui<\/a><\/p>\n<p>EDITAL N\u00ba 001\/2019 \u2013 PRAE\/UERN. TORNA P\u00daBLICA A CONVOCA\u00c7\u00c3O DOS ESTUDANTES DA RESID\u00caNCIA UNIVERSIT\u00c1RIA MASCULINA \u2013 RUM II PARA A REALIZA\u00c7\u00c3O DA MUDAN\u00c7A DE ENDERE\u00c7O.\u00a0<a href=\"https:\/\/www.uern.br\/controledepaginas\/prae-editais\/arquivos\/4664edital_001resida%C5%A1nciasmudana%E2%80%A1arumii.pdf\" target=\"_blank\" rel=\"noopener\">Aqui<\/a><\/p>\n<p>&nbsp;<\/p>\n","protected":false},"excerpt":{"rendered":"<p>EDITAIS &#8211; PRAE 2019 EDITAL N\u00ba 46\/2019 &#8211; DIVULGA RESULTADO FINAL DO PROGRAMA DE MORADIA UNIVERSIT\u00c1RIA NA MODALIDADE RESID\u00caNCIA UNIVERSIT\u00c1RIA.\u00a0Aqui EDITAL N\u00ba 45\/2019 &#8211; DIVULGA RESULTADO PRELIMINAR DO PROGRAMA DE MORADIA UNIVERSIT\u00c1RIA NA MODALIDADE RESID\u00caNCIA UNIVERSIT\u00c1RIA.\u00a0Aqui EDITAL N\u00ba 44\/2019 &#8211; CONVOCA CANDIDATOS PARA ENTREVISTA DO PROGRAMA DE MORADIA UNIVERSIT\u00c1RIA MODALIDADE RESID\u00caNCIA UNIVERSIT\u00c1RIA.\u00a0Aqui EDITAL N\u00ba 42\/2019 [&hellip;]<\/p>\n","protected":false},"author":3,"featured_media":0,"parent":0,"menu_order":0,"comment_status":"closed","ping_status":"closed","template":"","meta":{"footnotes":""},"class_list":["post-1716","page","type-page","status-publish","hentry"],"_links":{"self":[{"href":"https:\/\/portal.uern.br\/prae\/wp-json\/wp\/v2\/pages\/1716","targetHints":{"allow":["GET"]}}],"collection":[{"href":"https:\/\/portal.uern.br\/prae\/wp-json\/wp\/v2\/pages"}],"about":[{"href":"https:\/\/portal.uern.br\/prae\/wp-json\/wp\/v2\/types\/page"}],"author":[{"embeddable":true,"href":"https:\/\/portal.uern.br\/prae\/wp-json\/wp\/v2\/users\/3"}],"replies":[{"embeddable":true,"href":"https:\/\/portal.uern.br\/prae\/wp-json\/wp\/v2\/comments?post=1716"}],"version-history":[{"count":2,"href":"https:\/\/portal.uern.br\/prae\/wp-json\/wp\/v2\/pages\/1716\/revisions"}],"predecessor-version":[{"id":1725,"href":"https:\/\/portal.uern.br\/prae\/wp-json\/wp\/v2\/pages\/1716\/revisions\/1725"}],"wp:attachment":[{"href":"https:\/\/portal.uern.br\/prae\/wp-json\/wp\/v2\/media?parent=1716"}],"curies":[{"name":"wp","href":"https:\/\/api.w.org\/{rel}","templated":true}]}}