{"id":1713,"date":"2024-02-15T12:40:38","date_gmt":"2024-02-15T15:40:38","guid":{"rendered":"https:\/\/portal.uern.br\/prae\/?page_id=1713"},"modified":"2024-02-15T13:15:34","modified_gmt":"2024-02-15T16:15:34","slug":"2018-2","status":"publish","type":"page","link":"https:\/\/portal.uern.br\/prae\/2018-2\/","title":{"rendered":"2018"},"content":{"rendered":"<h3>Editais &#8211; PRAE 2018<\/h3>\n<h3><strong>ADITIVOS E RETIFICA\u00c7\u00d5ES &#8211; PRAE 2018<\/strong><\/h3>\n<p>EDITAL N\u00ba 34\/2018 &#8211; RESULTADO PRELIMINAR DO PROCESSO SELETIVO PARA VAGAS REMANESCENTES NAS RESID\u00caNCIAS UNIVERSIT\u00c1RIAS.\u00a0<a href=\"https:\/\/www.uern.br\/controledepaginas\/prae-editais\/arquivos\/4664edital_34_2018_resultado_preliminar_ru.pdf\">Aqui<\/a><\/p>\n<p>ADITIVO 01 AO EDITAL N\u00ba 018\/2018 \u2013 PRAE\/UERN. TORNA P\u00daBLICA A CONVOCA\u00c7\u00c3O PARA ENTREVISTAS DE SELE\u00c7\u00c3O PARA PREENCHIMENTO DE VAGAS NA RESID\u00caNCIA UNIVERSIT\u00c1RIA DA UERN DO CAMPUS DE PATU.\u00a0<a href=\"http:\/\/portal.uern.br\/wp-content\/uploads\/2018\/10\/ADITIVO_EDITAL-n18_ENTREVISTAS_RESID%C3%8ANCIAS_-2018.pdf\" target=\"_blank\" rel=\"noopener\">Aqui<\/a><\/p>\n<p>ADITIVO 001\/2018 AO EDITAL N\u00ba 010\/2018 \u2013 PRAE\/UERN. TORNA P\u00daBLICA A PRORROGA\u00c7\u00c3O PARA ENTREGA DE DOCUMENTA\u00c7\u00c3O COMPROBAT\u00d3RIA DO PROCESSO SELETIVO PARA PREENCHIMENTO DE VAGAS NAS RESID\u00caNCIAS UNIVERSIT\u00c1RIAS DA UERN DO CAMPUS CENTRAL E CAMPI AVAN\u00c7ADOS DE NATAL, ASS\u00da E PATU.\u00a0<a href=\"https:\/\/www.uern.br\/controledepaginas\/prae-editais\/arquivos\/4664010_minuta_prorrogao_residencias_2018.pdf\" target=\"_blank\" rel=\"noopener\">Aqui<\/a><\/p>\n<p>ADITIVO N\u00ba 001\/2018 AO EDITAL N\u00ba 009\/2018 \u2013 PRAE\/UERN TORNA P\u00daBLICA A PRORROGA\u00c7\u00c3O PARA\u00a0APRESENTA\u00c7\u00c3O DE DOCUMENTA\u00c7\u00c3O COMPROBAT\u00d3RIA DO PROCESSO SELETIVO<br \/>\nDO PROGRAMA DE APOIO AO ESTUDANTE (PAE).\u00a0<a href=\"https:\/\/www.uern.br\/controledepaginas\/prae-editais\/arquivos\/466409_minuta__aditivo_edital_prorrogao_pae_2018.pdf\" target=\"_blank\" rel=\"noopener\">Aqui<\/a><\/p>\n<p>ADITIVO AO EDITAL n\u00ba 03\/2018 &#8211; PRAE\/UERN. Prorroga inscri\u00e7\u00f5es do Processo Seletivo para preenchimento de Vagas nas Resid\u00eancias Universit\u00e1rias de Caic\u00f3.\u00a0<a href=\"https:\/\/www.uern.br\/controledepaginas\/prae-editais\/arquivos\/4664aditivo_n_01_edital_03_2018_residancia_universita%C2%A1ria_de_caica%C2%B3.pdf\">Aqui<\/a><\/p>\n<p>EDITAL DE RETIFICA\u00c7\u00c3O N\u00ba 002\/2018 \u2013 PRAE\/UERN.\u00a0DIVULGA RETIFICA\u00c7\u00c3O DO EDITAL N\u00ba 014\/2018 DA\u00a0SEGUNDA CONVOCA\u00c7\u00c3O PARA A ENTREGA DA\u00a0DOCUMENTA\u00c7\u00c3O COMPROBAT\u00d3RIA DO\u00a0PROGRAMA DE APOIO AO ESTUDANTE &#8211; PAE.\u00a0<a href=\"https:\/\/www.uern.br\/controledepaginas\/prae-editais\/arquivos\/4664edital_retificacaoo_na002_pae_2018.1.pdf\" target=\"_blank\" rel=\"noopener\">Aqui<\/a><\/p>\n<p><strong>EDITAIS &#8211; PRAE 2018<\/strong><\/p>\n<p>EDITAL N\u00ba 37\/2018 \u2013 PRAE\/UERN. INSTAURA O PROCESSO DE REAVALIA\u00c7\u00c3O ACAD\u00caMICA DOS (AS) RESIDENTES UNIVERSIT\u00c1RIOS (AS) E DOS (AS) CONTEMPLADOS(AS) COM O PROGRAMA DE APOIO AO ESTUDANTE &#8211; PAE.\u00a0<a href=\"http:\/\/portal.uern.br\/wp-content\/uploads\/2018\/12\/Edital-n37-2018-1.pdf\" target=\"_blank\" rel=\"noopener\">Aqui.<\/a><\/p>\n<p>EDITAL N\u00ba 035\/2018 \u2013 PRAE\/UERN. TORNA P\u00daBLICO O RESULTADO DO PROCESSO DE SELE\u00c7\u00c3O PARA AS VAGAS REMANESCENTES NAS RESID\u00caNCIAS UNIVERSIT\u00c1RIAS DA UERN DO CAMPUS CENTRAL E CAMPI AVAN\u00c7ADOS DE NATAL E CAIC\u00d3.\u00a0<a href=\"https:\/\/www.uern.br\/controledepaginas\/prae-editais\/arquivos\/4664edital_35_2018_resultado_ru.pdf\" target=\"_blank\" rel=\"noopener\">Aqui<\/a><\/p>\n<p>EDITAL N\u00ba 034\/2018 \u2013 PRAE\/UERN. TORNA P\u00daBLICO O RESULTADO PRELIMINAR DO PROCESSO DE SELE\u00c7\u00c3O PARA AS VAGAS REMANESCENTES NAS RESID\u00caNCIAS UNIVERSIT\u00c1RIAS DA UERN DO CAMPUS CENTRAL E CAMPI AVAN\u00c7ADOS DE NATAL E CAIC\u00d3.\u00a0<a href=\"https:\/\/prae.uern.br\/editais\/arquivos\/4664edital_34_2018_resultado_preliminar_ru.pdf\" target=\"_blank\" rel=\"noopener\">Aqui<\/a><\/p>\n<p>EDITAL N\u00ba 33\/2018\u00a0 &#8211; PRAE\/UERN. TORNA P\u00daBLICA A CONVOCA\u00c7\u00c3O PARA ENTREVISTAS PARA AS VAGAS REMANESCENTES NAS RESIDENCIAS UNIVERSIT\u00c1RIAS DO CAMPUS CENTRAL, NATAL, PATU E CAICO.<a href=\"https:\/\/www.uern.br\/controledepaginas\/prae-editais\/arquivos\/4664edital_33_2018_convoca_para_entrevista.pdf\">\u00a0Aqui<\/a><\/p>\n<p>EDITAL N\u00ba 031\/2018 \u2013 PRAE\/UERN. TORNA P\u00daBLICO O RESULTADO DO PROCESSO DE SELE\u00c7\u00c3O PARA AS VAGAS NAS RESID\u00caNCIAS UNIVERSIT\u00c1RIAS DA UERN DO CAMPUS AVAN\u00c7ADO DE ASSU.\u00a0<a href=\"http:\/\/portal.uern.br\/wp-content\/uploads\/2018\/11\/Edital-31-2018-Resultado-Processo-Seletivo-Assu.pdf\" target=\"_blank\" rel=\"noopener\">Aqui<\/a><\/p>\n<p>EDITAL N\u00ba 30\/2018 \u2013 PRAE\/UERN. TORNA P\u00daBLICO O PROCESSO SELETIVO PARA PREENCHIMENTO DE VAGAS REMANESCENTES NAS RESID\u00caNCIAS UNIVERSIT\u00c1RIAS DA UERN DO CAMPUS CENTRAL E CAMPI AVAN\u00c7ADOS DE NATAL, CAIC\u00d3 E PATU.\u00a0<a href=\"http:\/\/portal.uern.br\/wp-content\/uploads\/2018\/11\/EDITA-30-2018-RESID%C3%8ANCIAS-VAGAS-REMANESCENTES-2018.pdf\" target=\"_blank\" rel=\"noopener\">Aqui<\/a><\/p>\n<p>EDITAL N\u00ba 29\/2018 \u2013 PRAE\/UERN &#8211; CONVOVA CANDIDATO CLASSIFICADO NO PROCESSO SELETIVO INTERNO PARA PREENCHIMENTO DE VAGA EM EST\u00c1GIO N\u00c3O-OBRIGAT\u00d3RIO DESTINADA \u00c0 DEAD\/UERN.<\/p>\n<p>EDITAL N\u00ba 28\/2018 \u2013 PRAE\/UERN &#8211;\u00a0TORNA P\u00daBLICO O RESULTADO DO PROCESSO SELETIVO PARA PREENCHIMENTO DE VAGA EM EST\u00c1GIO N\u00c3O-OBIGAT\u00d3RIO DESTINADA \u00c0 DEAD\/UERN.<\/p>\n<p>EDITAL No 27\/2018 \u2013 PRAE\/UERN. TORNA P\u00daBLICO O PROCESSO SELETIVO PARA PREENCHIMENTO DE VAGAS NAS RESID\u00caNCIAS UNIVERSIT\u00c1RIAS DO CAMPUS AVAN\u00c7ADO DE ASS\u00da.\u00a0<a href=\"https:\/\/www.uern.br\/controledepaginas\/dae-edital\/arquivos\/2589edital_027_2018.1_residencias_2018.pdf\" target=\"_blank\" rel=\"noopener\">Aqui<\/a>\u00a0&#8211; Question\u00e1rio Socioeconomico:\u00a0<a href=\"https:\/\/www.uern.br\/controledepaginas\/dae-edital\/arquivos\/2589questionariosocio.pdf\" target=\"_blank\" rel=\"noopener\">Aqui<\/a><\/p>\n<p>EDITAL N\u00ba 026\/2018 \u2013 PRAE\/UERN &#8211; TORNA P\u00daBLICO O CALEND\u00c1RIO DE ENTREVISTAS PARA O PROCESSO SELETIVO DE PREENCHIMENTO DE VAGA EM EST\u00c1GIO N\u00c3O OBRIGAT\u00d3RIO INTERNO DA UERN.<\/p>\n<p>EDITAL N\u00ba 025\/2018 \u2013 PRAE\/UERN. TORNA P\u00daBLICO O RESULTADO DO PROCESSO DE SELE\u00c7\u00c3O PARA AS VAGAS NAS RESID\u00caNCIAS UNIVERSIT\u00c1RIAS DA UERN DO CAMPUS AVAN\u00c7ADO DE PATU.\u00a0<a href=\"http:\/\/portal.uern.br\/wp-content\/uploads\/2018\/10\/EDITAL-25-RESULTADO-RESIDENCIA-PATU-2018-1-1.pdf\" target=\"_blank\" rel=\"noopener\">Aqui<\/a><\/p>\n<p>EDITAL N\u00ba 24\/2018 \u2013 PRAE\/UERN &#8211; TORNA P\u00daBLICO PROCESSO SELETIVO PARA PREENCHIMENTO DE VAGA EM EST\u00c1GIO CURRICULAR SUPERVISIONADO N\u00c3O-OBRIGAT\u00d3RIO DESTINADAS \u00c0 ATUA\u00c7\u00c3O NO \u00c2MBITO DA UNIVERSIDADE DO ESTADO DO RIO GRANDE DO NORTE &#8211; UERN.<\/p>\n<p>EDITAL n\u00ba 23\/2018 &#8211; TORNA P\u00daBLICO O RESULTADO DO PROCESSO DE SELE\u00c7\u00c3O PARA AS VAGAS NAS RESID\u00caNCIAS UNIVERSIT\u00c1RIAS DA UERN DO CAMPUS CENTRAL E CAMPI AVAN\u00c7ADOS DE NATAL E ASS\u00da.<\/p>\n<p>EDITAL N\u00ba 22\/2018 \u2013 PRAE\/UERN &#8211; CONVOVA CANDIDATO CLASSIFICADO NO PROCESSO SELETIVO INTERNO PARA PREENCHIMENTO DE VAGA EM EST\u00c1GIO N\u00c3O OBIGAT\u00d3RIO DESTINADA \u00c0 UERN.<\/p>\n<p>EDITAL n\u00ba 21\/2018 &#8211;\u00a0TORNA P\u00daBLICA A CONVOCA\u00c7\u00c3O DAS ESTUDANTES DA RESID\u00caNCIA UNIVERSIT\u00c1RIA FEMININA &#8211; RUF 1 PARA A REALIZA\u00c7\u00c3O DA MUDAN\u00c7A DE ENDERE\u00c7O.<\/p>\n<p>EDITAL n\u00ba 20\/2018 &#8211;\u00a0TORNA P\u00daBLICO O RESULTADO FINAL DO PROCESSO SELETIVO PARA ACESSO AO PROGRAMA DE APOIO AO ESTUDANTE (PAE).\u00a0<a href=\"https:\/\/www.uern.br\/controledepaginas\/prae-editais\/arquivos\/4664edital_resultado_final_pae_2018.pdf\" target=\"_blank\" rel=\"noopener\">Aqui<\/a><\/p>\n<p>EDITAL N\u00ba 18\/2018 &#8211; PRAE\/UERN &#8211; CONVOCA\u00c7\u00c3O PARA ENTREVISTAS PARA PREENCHIMENTO DE VAGAS NAS RESID\u00caNCIAS UNIVERSIT\u00c1RIAS DE MOSSOR\u00d3 E DOS CAMPI AVAN\u00c7ADOS DE NATAL, PATU E ASSU.\u00a0<a href=\"https:\/\/www.uern.br\/controledepaginas\/prae-editais\/arquivos\/4664edital_18_2018_convocacao_entrevistas_rus_campus_central_e_campi.pdf\">Aqui<\/a><\/p>\n<p>EDITAL N\u00ba 17\/2018 \u2013 PRAE\/UERN &#8211; TORNA P\u00daBLICO O RESULTADO DO PROCESSO SELETIVO PARA PREENCHIMENTO DE VAGAS EM EST\u00c1GIO N\u00c3O OBIGAT\u00d3RIO DESTINADAS \u00c0 UERN.<\/p>\n<p>EDITAL N\u00ba 016\/2018 \u2013 SEC\/PRAE\/UERN \u2013 ADITIVO &#8211; ADITIVO AO EDITAL N\u00ba 015\/2018\u2013 SEC\/PRAE\/UERN SOBRE DIVULGA\u00c7\u00c3O DO CRONOGRMA DAS ENTREVISTAS PARA VAGAS EM EST\u00c1GIO SUPERVISIONADO N\u00c3O OBIGAT\u00d3RIO DESTINADAS \u00c0 ATUA\u00c7\u00c3O NO \u00c2MBITO DA UERN.<\/p>\n<p>EDITAL N\u00ba 015\/2018 \u2013 PRAE\/UERN &#8211; TORNA P\u00daBLICO O CALEND\u00c1RIO DE ENTREVISTAS PARA O PROCESSO SELETIVO DE PREENCHIMENTO DE VAGAS EM EST\u00c1GIO N\u00c3O OBRIGAT\u00d3RIO INTERNO DA UERN.<\/p>\n<p>EDITAL N\u00ba 14\/2018 &#8211; PRAE\/UERN &#8211; TORNA P\u00daBLICA A SEGUNDA CONVOCA\u00c7\u00c3O DOS CANDIDATOS PARA APRESENTA\u00c7\u00c3O DE DOCUMENTA\u00c7\u00c3O COMPROB\u00c1TORIA PARA O PROCESSO SELETIVO DO PROGRAMA DE APOIO AO ESTUDANTE (PAE). Aqui<\/p>\n<p>EDITAL n\u00ba 13 TORNA P\u00daBLICO A 2\u00aa CONVOCA\u00c7\u00c3O PARA ENTREGA DE DOCUMENTA\u00c7\u00c3O COMPROBAT\u00d3RIA DO PROCESSO SELETIVO PARA PREENCHIMENTO DE VAGAS NAS RESID\u00caNCIAS UNIVERSIT\u00c1RIAS DA UERN DO CAMPUS CENTRAL E CAMPI AVAN\u00c7ADOS DE NATAL, ASS\u00da E PATU.\u00a0<a href=\"https:\/\/www.uern.br\/controledepaginas\/prae-editais\/arquivos\/4664edital_13__2_convocacao_residencias_2018_1_(1).pdf\" target=\"_blank\" rel=\"noopener\">Aqui<\/a><\/p>\n<p>EDITAL N\u00ba 012\/2018 \u2013 PRAE\/UERN &#8211; TORNA P\u00daBLICO O RESULTADO DO PROCESSO DE SELE\u00c7\u00c3O PARA PREENCHIMENTO DE VAGAS NAS RESID\u00caNCIAS UNIVERSIT\u00c1RIAS DA UERN DO CAMPUS DE CAIC\u00d3. Aqui<\/p>\n<p>EDITAL N\u00ba 11\/2018 \u2013 PRAE\/UERN &#8211; TORNA P\u00daBLICO PROCESSO SELETIVO PARA PREENCHIMENTO DE VAGAS EM EST\u00c1GIO CURRICULAR SUPERVISIONADO N\u00c3O-OBRIGAT\u00d3RIO DESTINADAS \u00c0 ATUA\u00c7\u00c3O NO \u00c2MBITO DA UNIVERSIDADE DO ESTADO DO RIO GRANDE DO NORTE &#8211; UERN. Aqui<\/p>\n<p>Edital n\u00ba 10\/2018 &#8211; PRAE\/UERN. Torna P\u00fablica a convoca\u00e7\u00e3o dos candidatos para entrega de documenta\u00e7\u00e3o comprobat\u00f3ria para ingresso nas resid\u00eancias universit\u00e1rias de Mossor\u00f3, Natal, Patu e Assu.\u00a0<a href=\"https:\/\/www.uern.br\/controledepaginas\/prae-editais\/arquivos\/4664edital_n_010_convocaa%E2%80%A1a%C6%92o_1_residencias_2018_1.pdf\" target=\"_blank\" rel=\"noopener\">Aqui<\/a><\/p>\n<p>Edital n\u00ba 09\/2018 &#8211; PRAE\/UERN. Torna P\u00fablica a convoca\u00e7\u00e3o dos candidatos para apresenta\u00e7\u00e3o de documenta\u00e7\u00e3o comprobat\u00f3ria para ingresso no Programa de Apoio ao Estudante.\u00a0<a href=\"https:\/\/www.uern.br\/controledepaginas\/prae-editais\/arquivos\/4664edital_09_convocaa%C2%A7a%C2%A3o_pae_2018_1_ok.pdf\">Aqui<\/a><\/p>\n<p>Edital n\u00ba 08\/2018 &#8211; PRAE\/UERN. Torna P\u00fablica a convoca\u00e7\u00e3o para entrevistas de sele\u00e7\u00e3o para preenchimento de vagas nas Resid\u00eancias Universit\u00e1rias de Caic\u00f3.\u00a0<a href=\"https:\/\/www.uern.br\/controledepaginas\/prae-editais\/arquivos\/4664edital_n_008_2018_residencias_caico.pdf\">Aqui<\/a><\/p>\n<p>Edital n\u00ba 06\/2018 &#8211; PRAE\/UERN. Torna p\u00fablico o processo seletivo para acesso ao Programa de Apoio ao Estudante (PAE).\u00a0<a title=\"PAE\" href=\"http:\/\/portal.uern.br\/wp-content\/uploads\/2018\/08\/EDITAL-n%C2%BA-06_PAE_2018.1.pdf\" target=\"_blank\" rel=\"noopener\">Aqui<\/a><\/p>\n<p>Edital n\u00ba 05\/2018 &#8211; PRAE\/UERN. TORNA P\u00daBLICO O RESULTADO DO PROCESSO SELETIVO PARA PREENCHIMENTO DE VAGAS EM EST\u00c1GIO N\u00c3O OBIGAT\u00d3RIO DESTINADAS \u00c0 UERN.\u00a0<a href=\"https:\/\/www.uern.br\/controledepaginas\/prae-editais\/arquivos\/4664edital_005.2018_selecao_estagio_interno_uern.pdf\" target=\"_blank\" rel=\"noopener\">Aqui\u00a0<\/a><\/p>\n<p>Edital n\u00ba 04\/2018 &#8211; PRAE\/UERN. TORNA P\u00daBLICO O CALEND\u00c1RIO DE ENTREVISTAS PARA O PROCESSO SELETIVO DE PREENCHIMENTO DE VAGAS EM EST\u00c1GIO N\u00c3O OBRIGAT\u00d3RIO INTERNO DA UERN.\u00a0<a href=\"https:\/\/www.uern.br\/controledepaginas\/prae-editais\/arquivos\/4664edital_004.2018_cronograma_de_entrevistas.pdf\" target=\"_blank\" rel=\"noopener\">Aqui\u00a0<\/a><\/p>\n<p>EDITAL N\u00ba 03\/2018 \u2013 PRAE\/UERN &#8211; TORNA P\u00daBLICO O PROCESSO SELETIVO PARA PREENCHIMENTO DE VAGAS NA RESID\u00caNCIA UNIVERSIT\u00c1RIA DO CAMPUS AVAN\u00c7ADO DE CAIC\u00d3\/RN<\/p>\n<p>Edital n\u00ba 02\/2018 &#8211; PRAE\/UERN. TORNA P\u00daBLICO PROCESSO SELETIVO PARA PREENCHIMENTO DE VAGAS EM EST\u00c1GIO CURRICULAR SUPERVISIONADO N\u00c3O-OBRIGAT\u00d3RIO DESTINADAS \u00c0 ATUA\u00c7\u00c3O NO \u00c2MBITO DA UNIVERSIDADE DO ESTADO DO RIO GRANDE DO NORTE &#8211; UERN.\u00a0<a title=\"PAE\" href=\"https:\/\/www.uern.br\/controledepaginas\/prae-editais\/arquivos\/4664edital_002.2018_edital_de_selea%C2%A7a%C2%A3o_de_estagia%C2%A1rios.pdf\" target=\"_blank\" rel=\"noopener\">Aqui<\/a><\/p>\n<p>Edital n\u00ba 01\/2018 &#8211; PRAE\/UERN. Torna p\u00fablico o Resultado Final do Programa de Apoio ao Estudante 2017.2 (PAE).\u00a0<a title=\"PAE\" href=\"https:\/\/www.uern.br\/controledepaginas\/prae-editais\/arquivos\/4664edital_001.2018_resultado_final_pae_2017.2_(3).pdf\" target=\"_blank\" rel=\"noopener\">Aqui<\/a><\/p>\n","protected":false},"excerpt":{"rendered":"<p>Editais &#8211; PRAE 2018 ADITIVOS E RETIFICA\u00c7\u00d5ES &#8211; PRAE 2018 EDITAL N\u00ba 34\/2018 &#8211; RESULTADO PRELIMINAR DO PROCESSO SELETIVO PARA VAGAS REMANESCENTES NAS RESID\u00caNCIAS UNIVERSIT\u00c1RIAS.\u00a0Aqui ADITIVO 01 AO EDITAL N\u00ba 018\/2018 \u2013 PRAE\/UERN. TORNA P\u00daBLICA A CONVOCA\u00c7\u00c3O PARA ENTREVISTAS DE SELE\u00c7\u00c3O PARA PREENCHIMENTO DE VAGAS NA RESID\u00caNCIA UNIVERSIT\u00c1RIA DA UERN DO CAMPUS DE PATU.\u00a0Aqui ADITIVO [&hellip;]<\/p>\n","protected":false},"author":3,"featured_media":0,"parent":0,"menu_order":0,"comment_status":"closed","ping_status":"closed","template":"","meta":{"footnotes":""},"class_list":["post-1713","page","type-page","status-publish","hentry"],"_links":{"self":[{"href":"https:\/\/portal.uern.br\/prae\/wp-json\/wp\/v2\/pages\/1713","targetHints":{"allow":["GET"]}}],"collection":[{"href":"https:\/\/portal.uern.br\/prae\/wp-json\/wp\/v2\/pages"}],"about":[{"href":"https:\/\/portal.uern.br\/prae\/wp-json\/wp\/v2\/types\/page"}],"author":[{"embeddable":true,"href":"https:\/\/portal.uern.br\/prae\/wp-json\/wp\/v2\/users\/3"}],"replies":[{"embeddable":true,"href":"https:\/\/portal.uern.br\/prae\/wp-json\/wp\/v2\/comments?post=1713"}],"version-history":[{"count":3,"href":"https:\/\/portal.uern.br\/prae\/wp-json\/wp\/v2\/pages\/1713\/revisions"}],"predecessor-version":[{"id":1741,"href":"https:\/\/portal.uern.br\/prae\/wp-json\/wp\/v2\/pages\/1713\/revisions\/1741"}],"wp:attachment":[{"href":"https:\/\/portal.uern.br\/prae\/wp-json\/wp\/v2\/media?parent=1713"}],"curies":[{"name":"wp","href":"https:\/\/api.w.org\/{rel}","templated":true}]}}