{"id":1606,"date":"2023-11-06T20:32:58","date_gmt":"2023-11-06T23:32:58","guid":{"rendered":"https:\/\/portal.uern.br\/prae\/?page_id=1606"},"modified":"2024-04-11T19:11:51","modified_gmt":"2024-04-11T22:11:51","slug":"projeto-esporte-na-uern","status":"publish","type":"page","link":"https:\/\/portal.uern.br\/prae\/projeto-esporte-na-uern\/","title":{"rendered":"Projeto Esporte na UERN"},"content":{"rendered":"<div class=\"elementor-element elementor-element-81e74d1 elementor-widget elementor-widget-theme-post-title elementor-page-title elementor-widget-heading\" data-id=\"81e74d1\" data-element_type=\"widget\" data-widget_type=\"theme-post-title.default\" data-raofz=\"16\">\n<div class=\"elementor-widget-container\" data-raofz=\"16\">\n<h1 data-raofz=\"40\"><img fetchpriority=\"high\" decoding=\"async\" class=\"aligncenter wp-image-1903 size-large\" src=\"https:\/\/portal.uern.br\/prae\/wp-content\/uploads\/2024\/04\/Copia-de-Esporte-na-Uern-36-x-62-in-A4-horizontal-1024x724.jpg\" alt=\"\" width=\"800\" height=\"566\" srcset=\"https:\/\/portal.uern.br\/prae\/wp-content\/uploads\/2024\/04\/Copia-de-Esporte-na-Uern-36-x-62-in-A4-horizontal-1024x724.jpg 1024w, https:\/\/portal.uern.br\/prae\/wp-content\/uploads\/2024\/04\/Copia-de-Esporte-na-Uern-36-x-62-in-A4-horizontal-300x212.jpg 300w, https:\/\/portal.uern.br\/prae\/wp-content\/uploads\/2024\/04\/Copia-de-Esporte-na-Uern-36-x-62-in-A4-horizontal-768x543.jpg 768w, https:\/\/portal.uern.br\/prae\/wp-content\/uploads\/2024\/04\/Copia-de-Esporte-na-Uern-36-x-62-in-A4-horizontal-1536x1086.jpg 1536w, https:\/\/portal.uern.br\/prae\/wp-content\/uploads\/2024\/04\/Copia-de-Esporte-na-Uern-36-x-62-in-A4-horizontal.jpg 2000w\" sizes=\"(max-width: 800px) 100vw, 800px\" \/><\/h1>\n<h1 class=\"elementor-heading-title elementor-size-default\" data-raofz=\"40\"><\/h1>\n<h1 class=\"elementor-heading-title elementor-size-default\" data-raofz=\"40\">Uern promove atividades esportivas para estudantes, servidores e egressos<\/h1>\n<\/div>\n<\/div>\n<div class=\"elementor-element elementor-element-2cd673a elementor-widget elementor-widget-theme-post-content\" data-id=\"2cd673a\" data-element_type=\"widget\" data-widget_type=\"theme-post-content.default\" data-raofz=\"16\">\n<div class=\"elementor-widget-container\" data-raofz=\"16\">\n<p data-raofz=\"16\">A Pr\u00f3-Reitoria de Assuntos Estudantis da Universidade do Estado do Rio Grande do Norte (PRAE\/UERN) atrav\u00e9s do Setor de Esporte, Cultura e Lazer est\u00e1 oferecendo uma a\u00e7\u00e3o extensionista que trabalhar\u00e1 a inclus\u00e3o dos discentes, docentes, servidores e egressos em modalidades esportivas.<\/p>\n<p data-raofz=\"16\">Em parceria com a a Faculdade de Educa\u00e7\u00e3o F\u00edsica (FAEF) ser\u00e3o oferecidas pr\u00e1ticas das modalidades esportiva de futsal, basquete, handebol e v\u00f4lei indoor e v\u00f4lei de praia.<\/p>\n<p data-raofz=\"16\">Os servi\u00e7os ser\u00e3o ofertados dentro da estrutura da FAEF.<\/p>\n<p data-raofz=\"16\">Os interessados podem fazer a inscri\u00e7\u00e3o neste link:\u00a0<a role=\"link\" href=\"https:\/\/forms.gle\/gTPPh3KSiixt2XAu9\" data-raofz=\"16\">https:\/\/forms.gle\/gTPPh3KSiixt2XAu9<\/a><\/p>\n<p data-raofz=\"16\">Al\u00e9m das atividades esportiva a parceria entre PRAE e FAEF vai oferecer pr\u00e1ticas meditativas de yoga e a modalidade de luta taekwondo na sala de dan\u00e7a da FAEF e espa\u00e7os livres da UERN (que ser\u00e3o previamente informados aos inscritos).<\/p>\n<p data-raofz=\"16\">O Link do formul\u00e1rio para essas inscri\u00e7\u00f5es \u00e9 este:\u00a0<a role=\"link\" href=\"https:\/\/forms.gle\/Mciw1HGZtrL8Htub9\" data-raofz=\"16\">https:\/\/forms.gle\/Mciw1HGZtrL8Htub9<\/a><\/p>\n<p data-raofz=\"16\">E por fim, ser\u00e3o oferecidas pr\u00e1ticas com jogos anal\u00f3gicos com objetivo de incentivo ao esporte (xadrez) e o lazer (ludo, dama, domin\u00f3) no per\u00edodo da manh\u00e3 e noite, em espa\u00e7os livres da UERN pr\u00f3ximo ao Centro de Conviv\u00eancia. Para utilizar estes servi\u00e7os n\u00e3o precisa de inscri\u00e7\u00e3o. Os interessados apenas dever\u00e3o comparecer no local. Nesta \u00e1rea estar\u00e3o bolsistas nas segundas e quintas nos turnos da manh\u00e3 e da noite.<\/p>\n<p data-raofz=\"16\"><strong>Documenta\u00e7\u00e3o<\/strong><\/p>\n<p data-raofz=\"16\">Todos os interessados dever\u00e3o preencher os formul\u00e1rios dispon\u00edveis com: nome completo, data de nascimento, celular, CPF, se discentes (curso, per\u00edodo e anexar declara\u00e7\u00e3o de matr\u00edcula), se egresso (anexar diploma de conclus\u00e3o), se docente ou servidor (informar o setor que trabalha, por exemplo: curso, departamento ou pr\u00f3 reitoria) e informar a modalidade de interesse, o dia e hor\u00e1rio.<\/p>\n<p data-raofz=\"16\">Aten\u00e7\u00e3o os interessados s\u00f3 poder\u00e3o preencher os formul\u00e1rios uma vez porque h\u00e1 limite de vagas, mas com lista de reserva.<\/p>\n<p data-raofz=\"16\">O per\u00edodo de inscri\u00e7\u00e3o para novatos (participantes \/ volunt\u00e1rios) ser\u00e1 de 11 a 16 de abril de 2024.<\/p>\n<p data-raofz=\"16\">Confira o quadro de hor\u00e1rios:<\/p>\n<p data-raofz=\"16\"><img decoding=\"async\" class=\"alignnone wp-image-1901 size-large aligncenter\" src=\"https:\/\/portal.uern.br\/prae\/wp-content\/uploads\/2024\/04\/Esporte-na-Uern-A4-paisagem-1024x724.jpg\" alt=\"\" width=\"800\" height=\"566\" srcset=\"https:\/\/portal.uern.br\/prae\/wp-content\/uploads\/2024\/04\/Esporte-na-Uern-A4-paisagem-1024x724.jpg 1024w, https:\/\/portal.uern.br\/prae\/wp-content\/uploads\/2024\/04\/Esporte-na-Uern-A4-paisagem-300x212.jpg 300w, https:\/\/portal.uern.br\/prae\/wp-content\/uploads\/2024\/04\/Esporte-na-Uern-A4-paisagem-768x543.jpg 768w, https:\/\/portal.uern.br\/prae\/wp-content\/uploads\/2024\/04\/Esporte-na-Uern-A4-paisagem-1536x1086.jpg 1536w, https:\/\/portal.uern.br\/prae\/wp-content\/uploads\/2024\/04\/Esporte-na-Uern-A4-paisagem.jpg 2000w\" sizes=\"(max-width: 800px) 100vw, 800px\" \/><\/p>\n<\/div>\n<\/div>\n","protected":false},"excerpt":{"rendered":"<p>Uern promove atividades esportivas para estudantes, servidores e egressos A Pr\u00f3-Reitoria de Assuntos Estudantis da Universidade do Estado do Rio Grande do Norte (PRAE\/UERN) atrav\u00e9s do Setor de Esporte, Cultura e Lazer est\u00e1 oferecendo uma a\u00e7\u00e3o extensionista que trabalhar\u00e1 a inclus\u00e3o dos discentes, docentes, servidores e egressos em modalidades esportivas. Em parceria com a a [&hellip;]<\/p>\n","protected":false},"author":3,"featured_media":0,"parent":0,"menu_order":0,"comment_status":"closed","ping_status":"closed","template":"","meta":{"footnotes":""},"class_list":["post-1606","page","type-page","status-publish","hentry"],"_links":{"self":[{"href":"https:\/\/portal.uern.br\/prae\/wp-json\/wp\/v2\/pages\/1606","targetHints":{"allow":["GET"]}}],"collection":[{"href":"https:\/\/portal.uern.br\/prae\/wp-json\/wp\/v2\/pages"}],"about":[{"href":"https:\/\/portal.uern.br\/prae\/wp-json\/wp\/v2\/types\/page"}],"author":[{"embeddable":true,"href":"https:\/\/portal.uern.br\/prae\/wp-json\/wp\/v2\/users\/3"}],"replies":[{"embeddable":true,"href":"https:\/\/portal.uern.br\/prae\/wp-json\/wp\/v2\/comments?post=1606"}],"version-history":[{"count":4,"href":"https:\/\/portal.uern.br\/prae\/wp-json\/wp\/v2\/pages\/1606\/revisions"}],"predecessor-version":[{"id":1904,"href":"https:\/\/portal.uern.br\/prae\/wp-json\/wp\/v2\/pages\/1606\/revisions\/1904"}],"wp:attachment":[{"href":"https:\/\/portal.uern.br\/prae\/wp-json\/wp\/v2\/media?parent=1606"}],"curies":[{"name":"wp","href":"https:\/\/api.w.org\/{rel}","templated":true}]}}