{"id":1521,"date":"2023-09-13T15:02:02","date_gmt":"2023-09-13T18:02:02","guid":{"rendered":"https:\/\/portal.uern.br\/prae\/?page_id=1521"},"modified":"2023-09-13T15:02:02","modified_gmt":"2023-09-13T18:02:02","slug":"relacao-dos-estudantes-da-uern-que-participarao-do-1o-circuito-de-corridas-do-servidor-etapa-de-mossoro-uern-55-anos-de-forma-gratuita-inscricoes-deferidas","status":"publish","type":"page","link":"https:\/\/portal.uern.br\/prae\/relacao-dos-estudantes-da-uern-que-participarao-do-1o-circuito-de-corridas-do-servidor-etapa-de-mossoro-uern-55-anos-de-forma-gratuita-inscricoes-deferidas\/","title":{"rendered":"RELA\u00c7\u00c3O DOS ESTUDANTES DA UERN QUE PARTICIPAR\u00c3O DO 1\u00ba CIRCUITO DE CORRIDAS DO SERVIDOR &#8211; ETAPA DE MOSSOR\u00d3 &#8211; UERN 55 ANOS (DE FORMA GRATUITA) INSCRI\u00c7\u00d5ES DEFERIDAS"},"content":{"rendered":"<p><strong>RELA\u00c7\u00c3O DOS ESTUDANTES DA UERN QUE PARTICIPAR\u00c3O DO 1\u00ba CIRCUITO DE CORRIDAS DO SERVIDOR &#8211; ETAPA DE MOSSOR\u00d3 &#8211; UERN 55 ANOS DE FORMA GRATUITA INSCRI\u00c7\u00d5ES DEFERIDAS.<\/strong> (<a href=\"https:\/\/portal.uern.br\/prae\/wp-content\/uploads\/2023\/09\/DIVULGACAO-RELACAO-DOS-ESTUDANTES-PRAE-\u2013-SETOR-DE-ESPORTES-CULTURA-E-LAZER.pdf\">Clique Aqui<\/a>)<\/p>\n<p>&nbsp;<\/p>\n","protected":false},"excerpt":{"rendered":"<p>RELA\u00c7\u00c3O DOS ESTUDANTES DA UERN QUE PARTICIPAR\u00c3O DO 1\u00ba CIRCUITO DE CORRIDAS DO SERVIDOR &#8211; ETAPA DE MOSSOR\u00d3 &#8211; UERN 55 ANOS DE FORMA GRATUITA INSCRI\u00c7\u00d5ES DEFERIDAS. (Clique Aqui) &nbsp;<\/p>\n","protected":false},"author":3,"featured_media":0,"parent":0,"menu_order":0,"comment_status":"closed","ping_status":"closed","template":"","meta":{"footnotes":""},"class_list":["post-1521","page","type-page","status-publish","hentry"],"_links":{"self":[{"href":"https:\/\/portal.uern.br\/prae\/wp-json\/wp\/v2\/pages\/1521","targetHints":{"allow":["GET"]}}],"collection":[{"href":"https:\/\/portal.uern.br\/prae\/wp-json\/wp\/v2\/pages"}],"about":[{"href":"https:\/\/portal.uern.br\/prae\/wp-json\/wp\/v2\/types\/page"}],"author":[{"embeddable":true,"href":"https:\/\/portal.uern.br\/prae\/wp-json\/wp\/v2\/users\/3"}],"replies":[{"embeddable":true,"href":"https:\/\/portal.uern.br\/prae\/wp-json\/wp\/v2\/comments?post=1521"}],"version-history":[{"count":1,"href":"https:\/\/portal.uern.br\/prae\/wp-json\/wp\/v2\/pages\/1521\/revisions"}],"predecessor-version":[{"id":1523,"href":"https:\/\/portal.uern.br\/prae\/wp-json\/wp\/v2\/pages\/1521\/revisions\/1523"}],"wp:attachment":[{"href":"https:\/\/portal.uern.br\/prae\/wp-json\/wp\/v2\/media?parent=1521"}],"curies":[{"name":"wp","href":"https:\/\/api.w.org\/{rel}","templated":true}]}}