{"id":99438,"date":"2023-03-21T09:16:29","date_gmt":"2023-03-21T12:16:29","guid":{"rendered":"https:\/\/portal.uern.br\/portaldatransparencia\/?page_id=99438"},"modified":"2023-06-21T09:34:46","modified_gmt":"2023-06-21T12:34:46","slug":"gratificacoes","status":"publish","type":"page","link":"https:\/\/portal.uern.br\/portaldatransparencia\/gratificacoes\/","title":{"rendered":"Servidores(as) com Fun\u00e7\u00e3o Gratificada ou Cargo Comissionado"},"content":{"rendered":"\t\t<div data-elementor-type=\"wp-page\" data-elementor-id=\"99438\" class=\"elementor elementor-99438\" data-elementor-post-type=\"page\">\n\t\t\t\t\t\t<section class=\"elementor-section elementor-top-section elementor-element elementor-element-d3ba72c elementor-section-boxed elementor-section-height-default elementor-section-height-default\" data-id=\"d3ba72c\" data-element_type=\"section\">\n\t\t\t\t\t\t<div class=\"elementor-container elementor-column-gap-default\">\n\t\t\t\t\t<div class=\"elementor-column elementor-col-100 elementor-top-column elementor-element elementor-element-b77514f\" data-id=\"b77514f\" data-element_type=\"column\">\n\t\t\t<div class=\"elementor-widget-wrap elementor-element-populated\">\n\t\t\t\t\t\t<div class=\"elementor-element elementor-element-1aa7a34 elementor-widget elementor-widget-text-editor\" data-id=\"1aa7a34\" data-element_type=\"widget\" data-widget_type=\"text-editor.default\">\n\t\t\t\t<div class=\"elementor-widget-container\">\n\t\t\t<style>\/*! elementor - v3.19.0 - 07-02-2024 *\/\n.elementor-widget-text-editor.elementor-drop-cap-view-stacked .elementor-drop-cap{background-color:#69727d;color:#fff}.elementor-widget-text-editor.elementor-drop-cap-view-framed .elementor-drop-cap{color:#69727d;border:3px solid;background-color:transparent}.elementor-widget-text-editor:not(.elementor-drop-cap-view-default) .elementor-drop-cap{margin-top:8px}.elementor-widget-text-editor:not(.elementor-drop-cap-view-default) .elementor-drop-cap-letter{width:1em;height:1em}.elementor-widget-text-editor .elementor-drop-cap{float:left;text-align:center;line-height:1;font-size:50px}.elementor-widget-text-editor .elementor-drop-cap-letter{display:inline-block}<\/style>\t\t\t\t<p>Rela\u00e7\u00e3o, por setor, dos(as) servidores e servidoras que ocupam Cargos Comissionados (CC) e Fun\u00e7\u00f5es Gratificadas (FG) na Fuern.<\/p>\n<p>Esta rela\u00e7\u00e3o atende o que diz o art. 5\u00ba da <a href=\"https:\/\/portal.uern.br\/portaldatransparencia\/wp-content\/uploads\/sites\/21\/2023\/03\/5106resolucao_n_2022_59___cd___define_as_nomenclaturas_e_os_quantitativos_dos_cargos_comissionados_e_das_funcoes_gratificadas_da_fuern_e_institui_os_organogramas-1.pdf\">Resolu\u00e7\u00e3o N\u00ba 59\/2022 \u2013 CD<\/a>.&nbsp; Para ter acesso \u00e0s informa\u00e7\u00f5es clique no setor desejado.<\/p>\n<h5><b>Reitoria e unidades de apoio<\/b><\/h5>\n<ul>\n<li><a href=\"https:\/\/portal.uern.br\/portaldatransparencia\/ccs-e-fgs-reitoria\/\">Reitoria<\/a><\/li>\n<li><a href=\"https:\/\/portal.uern.br\/portaldatransparencia\/ccs-e-fgs-vice-reitoria\/\">Vice-Reitoria<\/a><\/li>\n<li><a href=\"https:\/\/portal.uern.br\/portaldatransparencia\/ccs-e-fgs-aai\/\">AAI | Assessoria de Avalia\u00e7\u00e3o Institucional<\/a><br><\/li>\n<li>AAN | Assessoria de Atos Normativos<\/li>\n<li><a href=\"https:\/\/portal.uern.br\/portaldatransparencia\/ccs-e-fgs-agt\/\">AGT | Assessoria de Governan\u00e7a e Transpar\u00eancia<\/a><\/li>\n<li><a href=\"https:\/\/portal.uern.br\/portaldatransparencia\/ccs-e-fgs-ajur\/\">AJUR | Assessoria Jur\u00eddica<\/a><\/li>\n<li><a href=\"https:\/\/portal.uern.br\/portaldatransparencia\/ccs-e-fgs-uci\/\">UCI | Unidade de Controle Interno<\/a><\/li>\n<\/ul>\n<h5><strong>Pr\u00f3-Reitorias<\/strong><\/h5>\n<ul>\n<li><a href=\"https:\/\/portal.uern.br\/portaldatransparencia\/ccs-e-fgs-prae\/\">PRAE | Pr\u00f3-Reitoria de Assuntos Estudantis<\/a><\/li>\n<li><a href=\"https:\/\/portal.uern.br\/portaldatransparencia\/ccs-e-fgs-proad\/\">PROAD | Pr\u00f3-Reitoria de Administra\u00e7\u00e3o<\/a><\/li>\n<li><a href=\"https:\/\/portal.uern.br\/portaldatransparencia\/ccs-e-fgs-proeg\/\">PROEG | Pr\u00f3-Reitoria de Ensino e Gradua\u00e7\u00e3o<\/a><\/li>\n<li><a href=\"https:\/\/portal.uern.br\/portaldatransparencia\/ccs-e-fgs-proex\/\">PROEX | Pr\u00f3-Reitoria de Extens\u00e3o<\/a><\/li>\n<li><a href=\"https:\/\/portal.uern.br\/portaldatransparencia\/ccs-e-fgs-progep\/\">PROGEP | Pr\u00f3-Reitoria de Gest\u00e3o de Pessoas<\/a><\/li>\n<li><a href=\"https:\/\/portal.uern.br\/portaldatransparencia\/ccs-e-fgs-propeg\/\">PROPEG | Pr\u00f3-Reitoria de Pesquisa e P\u00f3s-Gradua\u00e7\u00e3o<\/a><\/li>\n<li><a href=\"https:\/\/portal.uern.br\/portaldatransparencia\/ccs-e-fgs-proplan\/\">PROPLAN | Pr\u00f3-Reitoria de Planejamento<\/a><\/li>\n<\/ul>\n<h5><strong>Superintend\u00eancia<\/strong><\/h5>\n<ul>\n<li><a href=\"https:\/\/portal.uern.br\/portaldatransparencia\/ccs-e-fgs-sobe\/\">SOBE | Superintend\u00eancia de Obras e Engenharia<\/a><\/li>\n<li><a href=\"https:\/\/portal.uern.br\/portaldatransparencia\/ccs-e-fgs-sti\/\">STI | Superintend\u00eancia de Tecnologia da Informa\u00e7\u00e3o<\/a><\/li>\n<\/ul>\n<h5><strong>Diretorias Administrativas<\/strong><\/h5>\n<ul>\n<li><a href=\"https:\/\/portal.uern.br\/portaldatransparencia\/ccs-e-fgs-agecom\/\">AGECOM | Ag\u00eancia de Comunica\u00e7\u00e3o<\/a><\/li>\n<li>DAB | Diretoria de Assist\u00eancia Biopsicossocial<\/li>\n<li><a href=\"https:\/\/portal.uern.br\/portaldatransparencia\/ccs-e-fgs-dain\/\">DAIN | Diretoria de A\u00e7\u00f5es Inclusivas<\/a><\/li>\n<li><a href=\"https:\/\/portal.uern.br\/portaldatransparencia\/ccs-e-fgs-dead\/\">DEAD | Diretoria de Educa\u00e7\u00e3o a Dist\u00e2ncia<\/a><\/li>\n<li><a href=\"https:\/\/portal.uern.br\/portaldatransparencia\/ccs-e-fgs-diaad\/\">DIAAD | Diretoria de A\u00e7\u00f5es Afirmativas e Diversidade<\/a><\/li>\n<li><a href=\"https:\/\/portal.uern.br\/portaldatransparencia\/ccs-e-fgs-digah\/\">DIGAH | Diretoria de Gest\u00e3o Acad\u00eamica Hospitalar<\/a><\/li>\n<li><a href=\"https:\/\/portal.uern.br\/portaldatransparencia\/ccs-e-fgs-dice\/\">DICE | Diretoria de Cerimonial e Eventos<\/a><\/li>\n<li><a href=\"https:\/\/portal.uern.br\/portaldatransparencia\/ccs-e-fgs-diri\/\">DIRI | Diretoria de Rela\u00e7\u00f5es Internacionais e Interinstitucionais<\/a><\/li>\n<li>DIPAHC | Diretoria de Patrim\u00f4nio Hist\u00f3rico, Cient\u00edfico e Cultural<\/li>\n<li><a href=\"https:\/\/portal.uern.br\/portaldatransparencia\/ccs-e-fgs-eduern\/\">EDUERN | Edi\u00e7\u00f5es UERN<\/a><\/li>\n<li><a href=\"https:\/\/portal.uern.br\/portaldatransparencia\/ccs-e-fgs-ouviuern\/\">OUVIUERN | Ouvidoria da UERN<\/a><\/li>\n<li><a href=\"https:\/\/portal.uern.br\/portaldatransparencia\/ccs-e-fgs-dsib\/\">DSIB | Diretoria do Sistema Integrado de Bibliotecas<\/a><\/li>\n<\/ul>\n<h5><strong>Unidades Universit\u00e1rias<\/strong><\/h5>\n<ul>\n<li><a href=\"https:\/\/portal.uern.br\/portaldatransparencia\/ccs-e-fgs-caa\/\">CAA | Campus Avan\u00e7ado de Ass\u00fa<\/a><\/li>\n<li><a href=\"https:\/\/portal.uern.br\/portaldatransparencia\/ccs-e-fgs-cac\/\">CAC | Campus Avan\u00e7ado de Caic\u00f3<\/a><\/li>\n<li><a href=\"https:\/\/portal.uern.br\/portaldatransparencia\/ccs-e-fgs-can\/\">CAN | Campus Avan\u00e7ado de Natal<\/a><\/li>\n<li><a href=\"https:\/\/portal.uern.br\/portaldatransparencia\/ccs-e-fgs-cap\/\">CAP | Campus Avan\u00e7ado de Patu<\/a><\/li>\n<li><a href=\"https:\/\/portal.uern.br\/portaldatransparencia\/ccs-e-fgs-capf\/\">CAPF | Campus Avan\u00e7ado de Pau dos Ferros<\/a><\/li>\n<li><a href=\"https:\/\/portal.uern.br\/portaldatransparencia\/ccs-e-fgs-facem\/\">FACEM | Faculdade de Ci\u00eancias Econ\u00f4micas<\/a><\/li>\n<li><a href=\"https:\/\/portal.uern.br\/portaldatransparencia\/ccs-e-fgs-facs\/\">FACS | Faculdade de Ci\u00eancias da Sa\u00fade<\/a><\/li>\n<li><a href=\"https:\/\/portal.uern.br\/portaldatransparencia\/ccs-e-fgs-fad\/\">FAD | Faculdade de Direito<\/a><\/li>\n<li><a href=\"https:\/\/portal.uern.br\/portaldatransparencia\/ccs-e-fgs-faef\/\">FAEF | Faculdade de Educa\u00e7\u00e3o F\u00edsica<\/a><\/li>\n<li><a href=\"https:\/\/portal.uern.br\/portaldatransparencia\/ccs-e-fgs-faen\/\">FAEN | Faculdade de Enfermagem<\/a><\/li>\n<li><a href=\"https:\/\/portal.uern.br\/portaldatransparencia\/ccs-e-fgs-fafic\/\">FAFIC | Faculdade de Filosofia e Ci\u00eancias Sociais<\/a><\/li>\n<li><a href=\"https:\/\/portal.uern.br\/portaldatransparencia\/ccs-e-fgs-fala\/\">FALA | Faculdade de Letras e Artes<\/a><\/li>\n<li><a href=\"https:\/\/portal.uern.br\/portaldatransparencia\/ccs-e-fgs-fanat\/\">FANAT | Faculdade de Ci\u00eancias Exatas e Naturais<\/a><\/li>\n<li><a href=\"https:\/\/portal.uern.br\/portaldatransparencia\/ccs-e-fgs-fasso\/\">FASSO | Faculdade de Servi\u00e7o Social<\/a><\/li>\n<li><a href=\"https:\/\/portal.uern.br\/portaldatransparencia\/ccs-e-fgs-fe\/\">FE | Faculdade de Educa\u00e7\u00e3o<\/a><\/li>\n<\/ul>\t\t\t\t\t\t<\/div>\n\t\t\t\t<\/div>\n\t\t\t\t\t<\/div>\n\t\t<\/div>\n\t\t\t\t\t<\/div>\n\t\t<\/section>\n\t\t\t\t<\/div>\n\t\t","protected":false},"excerpt":{"rendered":"<p>Rela\u00e7\u00e3o, por setor, dos(as) servidores e servidoras que ocupam Cargos Comissionados (CC) e Fun\u00e7\u00f5es Gratificadas (FG) na Fuern. Esta rela\u00e7\u00e3o atende o que diz o art. 5\u00ba da Resolu\u00e7\u00e3o N\u00ba 59\/2022 \u2013 CD.&nbsp; Para ter acesso \u00e0s informa\u00e7\u00f5es clique no setor desejado. Reitoria e unidades de apoio Reitoria Vice-Reitoria AAI | Assessoria de Avalia\u00e7\u00e3o Institucional [&hellip;]<\/p>\n","protected":false},"author":1,"featured_media":0,"parent":0,"menu_order":0,"comment_status":"closed","ping_status":"closed","template":"","meta":[],"_links":{"self":[{"href":"https:\/\/portal.uern.br\/portaldatransparencia\/wp-json\/wp\/v2\/pages\/99438"}],"collection":[{"href":"https:\/\/portal.uern.br\/portaldatransparencia\/wp-json\/wp\/v2\/pages"}],"about":[{"href":"https:\/\/portal.uern.br\/portaldatransparencia\/wp-json\/wp\/v2\/types\/page"}],"author":[{"embeddable":true,"href":"https:\/\/portal.uern.br\/portaldatransparencia\/wp-json\/wp\/v2\/users\/1"}],"replies":[{"embeddable":true,"href":"https:\/\/portal.uern.br\/portaldatransparencia\/wp-json\/wp\/v2\/comments?post=99438"}],"version-history":[{"count":129,"href":"https:\/\/portal.uern.br\/portaldatransparencia\/wp-json\/wp\/v2\/pages\/99438\/revisions"}],"predecessor-version":[{"id":99976,"href":"https:\/\/portal.uern.br\/portaldatransparencia\/wp-json\/wp\/v2\/pages\/99438\/revisions\/99976"}],"wp:attachment":[{"href":"https:\/\/portal.uern.br\/portaldatransparencia\/wp-json\/wp\/v2\/media?parent=99438"}],"curies":[{"name":"wp","href":"https:\/\/api.w.org\/{rel}","templated":true}]}}