{"id":972,"date":"2023-04-20T09:06:02","date_gmt":"2023-04-20T12:06:02","guid":{"rendered":"https:\/\/portal.uern.br\/paudosferros\/?page_id=972"},"modified":"2024-06-24T08:24:14","modified_gmt":"2024-06-24T11:24:14","slug":"ii-exposicao","status":"publish","type":"page","link":"https:\/\/portal.uern.br\/paudosferros\/ii-exposicao\/","title":{"rendered":"II Exposi\u00e7\u00e3o"},"content":{"rendered":"<p><strong>II Exposi\u00e7\u00e3o tem\u00e1tica<\/strong><\/p>\n<p>No ano de 2013, o MCS em parceria com o projeto de extens\u00e3o \u201cMuseu da Cultura Sertaneja \u2013 2\u00aa edi\u00e7\u00e3o\u201d, coordenado pela professora Dra. Ros\u00e2ngela Alves dos Santos Bernardino (Departamento de Letras Estrangeiras), realizou a I Mostra de Cultura Sertaneja com oficinas, minicurso, palestras e atividades culturais. Na mesma ocasi\u00e3o, ocorreu a abertura da II Exposi\u00e7\u00e3o Tem\u00e1tica do MCS intitulada \u201cCasa arrumada\u201d em que foi exposto como a mulher sertaneja organizava o seu lar, bem como quais eram os objetos e utens\u00edlios que eram utilizados para o trabalho dom\u00e9stico e para ornamentar a casa.<\/p>\n<p>&nbsp;<\/p>\n<p><strong>BANNER:<\/strong><a href=\"https:\/\/portal.uern.br\/paudosferros\/wp-content\/uploads\/2024\/06\/II_Exposicao.png\"><br \/>\n<\/a><a href=\"https:\/\/portal.uern.br\/paudosferros\/wp-content\/uploads\/2024\/06\/II_Exposicao.png\"><img fetchpriority=\"high\" decoding=\"async\" class=\"aligncenter wp-image-2115\" src=\"https:\/\/portal.uern.br\/paudosferros\/wp-content\/uploads\/2024\/06\/II_Exposicao-300x225.png\" alt=\"\" width=\"712\" height=\"535\" srcset=\"https:\/\/portal.uern.br\/paudosferros\/wp-content\/uploads\/2024\/06\/II_Exposicao-300x225.png 300w, https:\/\/portal.uern.br\/paudosferros\/wp-content\/uploads\/2024\/06\/II_Exposicao-768x576.png 768w, https:\/\/portal.uern.br\/paudosferros\/wp-content\/uploads\/2024\/06\/II_Exposicao.png 960w\" sizes=\"(max-width: 712px) 100vw, 712px\" \/><\/a><\/p>\n<p><strong>FOTOS DE VISITAS:<\/strong><\/p>\n<p><a href=\"https:\/\/portal.uern.br\/paudosferros\/wp-content\/uploads\/2024\/06\/1453353_485276658254652_1199344330_n.jpg\"><img decoding=\"async\" class=\"aligncenter wp-image-2113\" src=\"https:\/\/portal.uern.br\/paudosferros\/wp-content\/uploads\/2024\/06\/1453353_485276658254652_1199344330_n-300x225.jpg\" alt=\"\" width=\"590\" height=\"442\" srcset=\"https:\/\/portal.uern.br\/paudosferros\/wp-content\/uploads\/2024\/06\/1453353_485276658254652_1199344330_n-300x225.jpg 300w, https:\/\/portal.uern.br\/paudosferros\/wp-content\/uploads\/2024\/06\/1453353_485276658254652_1199344330_n-768x576.jpg 768w, https:\/\/portal.uern.br\/paudosferros\/wp-content\/uploads\/2024\/06\/1453353_485276658254652_1199344330_n.jpg 960w\" sizes=\"(max-width: 590px) 100vw, 590px\" \/><\/a><\/p>\n<p>&nbsp;<\/p>\n<p><strong>FOTOS DA EXPOSI\u00c7\u00c3O:<\/strong><\/p>\n<p style=\"text-align: center\"><a href=\"https:\/\/portal.uern.br\/paudosferros\/wp-content\/uploads\/2024\/06\/IMG_0225-scaled.jpg\"><img decoding=\"async\" class=\"aligncenter wp-image-2120\" src=\"https:\/\/portal.uern.br\/paudosferros\/wp-content\/uploads\/2024\/06\/IMG_0225-300x225.jpg\" alt=\"\" width=\"590\" height=\"443\" srcset=\"https:\/\/portal.uern.br\/paudosferros\/wp-content\/uploads\/2024\/06\/IMG_0225-300x225.jpg 300w, https:\/\/portal.uern.br\/paudosferros\/wp-content\/uploads\/2024\/06\/IMG_0225-1024x768.jpg 1024w, https:\/\/portal.uern.br\/paudosferros\/wp-content\/uploads\/2024\/06\/IMG_0225-768x576.jpg 768w, https:\/\/portal.uern.br\/paudosferros\/wp-content\/uploads\/2024\/06\/IMG_0225-1536x1152.jpg 1536w, https:\/\/portal.uern.br\/paudosferros\/wp-content\/uploads\/2024\/06\/IMG_0225-2048x1536.jpg 2048w\" sizes=\"(max-width: 590px) 100vw, 590px\" \/><\/a><\/p>\n<p style=\"text-align: center\"><a href=\"https:\/\/portal.uern.br\/paudosferros\/wp-content\/uploads\/2024\/06\/IMG_0212-scaled.jpg\"><img loading=\"lazy\" decoding=\"async\" class=\"alignnone wp-image-2119\" src=\"https:\/\/portal.uern.br\/paudosferros\/wp-content\/uploads\/2024\/06\/IMG_0212-300x225.jpg\" alt=\"\" width=\"590\" height=\"443\" srcset=\"https:\/\/portal.uern.br\/paudosferros\/wp-content\/uploads\/2024\/06\/IMG_0212-300x225.jpg 300w, https:\/\/portal.uern.br\/paudosferros\/wp-content\/uploads\/2024\/06\/IMG_0212-1024x768.jpg 1024w, https:\/\/portal.uern.br\/paudosferros\/wp-content\/uploads\/2024\/06\/IMG_0212-768x576.jpg 768w, https:\/\/portal.uern.br\/paudosferros\/wp-content\/uploads\/2024\/06\/IMG_0212-1536x1152.jpg 1536w, https:\/\/portal.uern.br\/paudosferros\/wp-content\/uploads\/2024\/06\/IMG_0212-2048x1536.jpg 2048w\" sizes=\"(max-width: 590px) 100vw, 590px\" \/><\/a><\/p>\n<p style=\"text-align: center\"><a href=\"https:\/\/portal.uern.br\/paudosferros\/wp-content\/uploads\/2024\/06\/IMG_0175-scaled.jpg\"><img loading=\"lazy\" decoding=\"async\" class=\"alignnone wp-image-2116\" src=\"https:\/\/portal.uern.br\/paudosferros\/wp-content\/uploads\/2024\/06\/IMG_0175-300x225.jpg\" alt=\"\" width=\"590\" height=\"443\" srcset=\"https:\/\/portal.uern.br\/paudosferros\/wp-content\/uploads\/2024\/06\/IMG_0175-300x225.jpg 300w, https:\/\/portal.uern.br\/paudosferros\/wp-content\/uploads\/2024\/06\/IMG_0175-1024x768.jpg 1024w, https:\/\/portal.uern.br\/paudosferros\/wp-content\/uploads\/2024\/06\/IMG_0175-768x576.jpg 768w, https:\/\/portal.uern.br\/paudosferros\/wp-content\/uploads\/2024\/06\/IMG_0175-1536x1152.jpg 1536w, https:\/\/portal.uern.br\/paudosferros\/wp-content\/uploads\/2024\/06\/IMG_0175-2048x1536.jpg 2048w\" sizes=\"(max-width: 590px) 100vw, 590px\" \/><\/a><\/p>\n<p style=\"text-align: center\"><a href=\"https:\/\/portal.uern.br\/paudosferros\/wp-content\/uploads\/2024\/06\/IMG_0207-scaled.jpg\"><img loading=\"lazy\" decoding=\"async\" class=\"wp-image-2117 aligncenter\" src=\"https:\/\/portal.uern.br\/paudosferros\/wp-content\/uploads\/2024\/06\/IMG_0207-300x225.jpg\" alt=\"\" width=\"590\" height=\"443\" srcset=\"https:\/\/portal.uern.br\/paudosferros\/wp-content\/uploads\/2024\/06\/IMG_0207-300x225.jpg 300w, https:\/\/portal.uern.br\/paudosferros\/wp-content\/uploads\/2024\/06\/IMG_0207-1024x768.jpg 1024w, https:\/\/portal.uern.br\/paudosferros\/wp-content\/uploads\/2024\/06\/IMG_0207-768x576.jpg 768w, https:\/\/portal.uern.br\/paudosferros\/wp-content\/uploads\/2024\/06\/IMG_0207-1536x1152.jpg 1536w, https:\/\/portal.uern.br\/paudosferros\/wp-content\/uploads\/2024\/06\/IMG_0207-2048x1536.jpg 2048w\" sizes=\"(max-width: 590px) 100vw, 590px\" \/><\/a><\/p>\n<p style=\"text-align: center\"><a href=\"https:\/\/portal.uern.br\/paudosferros\/wp-content\/uploads\/2024\/06\/IMG_0211-scaled.jpg\"><img loading=\"lazy\" decoding=\"async\" class=\"alignnone wp-image-2118\" src=\"https:\/\/portal.uern.br\/paudosferros\/wp-content\/uploads\/2024\/06\/IMG_0211-300x225.jpg\" alt=\"\" width=\"590\" height=\"443\" srcset=\"https:\/\/portal.uern.br\/paudosferros\/wp-content\/uploads\/2024\/06\/IMG_0211-300x225.jpg 300w, https:\/\/portal.uern.br\/paudosferros\/wp-content\/uploads\/2024\/06\/IMG_0211-1024x768.jpg 1024w, https:\/\/portal.uern.br\/paudosferros\/wp-content\/uploads\/2024\/06\/IMG_0211-768x576.jpg 768w, https:\/\/portal.uern.br\/paudosferros\/wp-content\/uploads\/2024\/06\/IMG_0211-1536x1152.jpg 1536w, https:\/\/portal.uern.br\/paudosferros\/wp-content\/uploads\/2024\/06\/IMG_0211-2048x1536.jpg 2048w\" sizes=\"(max-width: 590px) 100vw, 590px\" \/><\/a><\/p>\n<p>&nbsp;<\/p>\n","protected":false},"excerpt":{"rendered":"<p>II Exposi\u00e7\u00e3o tem\u00e1tica No ano de 2013, o MCS em parceria com o projeto de extens\u00e3o \u201cMuseu da Cultura Sertaneja \u2013 2\u00aa edi\u00e7\u00e3o\u201d, coordenado pela professora Dra. Ros\u00e2ngela Alves dos Santos Bernardino (Departamento de Letras Estrangeiras), realizou a I Mostra de Cultura Sertaneja com oficinas, minicurso, palestras e atividades culturais. Na mesma ocasi\u00e3o, ocorreu a [&hellip;]<\/p>\n","protected":false},"author":12,"featured_media":0,"parent":0,"menu_order":0,"comment_status":"closed","ping_status":"closed","template":"","meta":{"footnotes":""},"class_list":["post-972","page","type-page","status-publish","hentry"],"_links":{"self":[{"href":"https:\/\/portal.uern.br\/paudosferros\/wp-json\/wp\/v2\/pages\/972","targetHints":{"allow":["GET"]}}],"collection":[{"href":"https:\/\/portal.uern.br\/paudosferros\/wp-json\/wp\/v2\/pages"}],"about":[{"href":"https:\/\/portal.uern.br\/paudosferros\/wp-json\/wp\/v2\/types\/page"}],"author":[{"embeddable":true,"href":"https:\/\/portal.uern.br\/paudosferros\/wp-json\/wp\/v2\/users\/12"}],"replies":[{"embeddable":true,"href":"https:\/\/portal.uern.br\/paudosferros\/wp-json\/wp\/v2\/comments?post=972"}],"version-history":[{"count":5,"href":"https:\/\/portal.uern.br\/paudosferros\/wp-json\/wp\/v2\/pages\/972\/revisions"}],"predecessor-version":[{"id":2247,"href":"https:\/\/portal.uern.br\/paudosferros\/wp-json\/wp\/v2\/pages\/972\/revisions\/2247"}],"wp:attachment":[{"href":"https:\/\/portal.uern.br\/paudosferros\/wp-json\/wp\/v2\/media?parent=972"}],"curies":[{"name":"wp","href":"https:\/\/api.w.org\/{rel}","templated":true}]}}