{"id":968,"date":"2023-04-20T08:59:24","date_gmt":"2023-04-20T11:59:24","guid":{"rendered":"https:\/\/portal.uern.br\/paudosferros\/?page_id=968"},"modified":"2024-07-04T08:32:32","modified_gmt":"2024-07-04T11:32:32","slug":"i-exposicao","status":"publish","type":"page","link":"https:\/\/portal.uern.br\/paudosferros\/i-exposicao\/","title":{"rendered":"I Exposi\u00e7\u00e3o"},"content":{"rendered":"<p><strong>I Exposi\u00e7\u00e3o tem\u00e1tica<\/strong><\/p>\n<p>Em 2012, o Museu junto com o projeto de extens\u00e3o \u201cMuseu da Cultura Sertaneja\u201d, coordenado pela professora Ma. Rosa Leite da Costa (Departamento de Letras Vern\u00e1culas), realizou a I Exposi\u00e7\u00e3o Tem\u00e1tica intitulada \u201cO sertanejo e o trabalho\u201d, que apresentou algumas pe\u00e7as e ferramentas utilizadas pelos sertanejos na labuta. A inten\u00e7\u00e3o dessa exposi\u00e7\u00e3o era proporcionar ao seu p\u00fablico o contato direto com as ferramentas que os homens e mulheres do sert\u00e3o costumavam utilizar em seu cotidiano para o trabalho, seja na ro\u00e7a, com os animais, em casa e qualquer outra atividade.<\/p>\n<p><strong>BANNER:\u00a0<\/strong><\/p>\n<p><a href=\"https:\/\/portal.uern.br\/paudosferros\/wp-content\/uploads\/2024\/07\/museu.jpeg\"><img fetchpriority=\"high\" decoding=\"async\" class=\"alignnone wp-image-2275 size-full\" src=\"https:\/\/portal.uern.br\/paudosferros\/wp-content\/uploads\/2024\/07\/museu.jpeg\" alt=\"\" width=\"692\" height=\"518\" srcset=\"https:\/\/portal.uern.br\/paudosferros\/wp-content\/uploads\/2024\/07\/museu.jpeg 692w, https:\/\/portal.uern.br\/paudosferros\/wp-content\/uploads\/2024\/07\/museu-300x225.jpeg 300w\" sizes=\"(max-width: 692px) 100vw, 692px\" \/><\/a><\/p>\n<p>&nbsp;<\/p>\n<p><strong>FOTOS DE VISITAS:<\/strong><\/p>\n<p><a href=\"https:\/\/portal.uern.br\/paudosferros\/wp-content\/uploads\/2023\/04\/exposicao-I.jpg\"><img decoding=\"async\" class=\"aligncenter wp-image-967 \" src=\"https:\/\/portal.uern.br\/paudosferros\/wp-content\/uploads\/2023\/04\/exposicao-I-300x225.jpg\" alt=\"\" width=\"764\" height=\"573\" srcset=\"https:\/\/portal.uern.br\/paudosferros\/wp-content\/uploads\/2023\/04\/exposicao-I-300x225.jpg 300w, https:\/\/portal.uern.br\/paudosferros\/wp-content\/uploads\/2023\/04\/exposicao-I-768x576.jpg 768w, https:\/\/portal.uern.br\/paudosferros\/wp-content\/uploads\/2023\/04\/exposicao-I.jpg 960w\" sizes=\"(max-width: 764px) 100vw, 764px\" \/><\/a><\/p>\n<p>&nbsp;<\/p>\n<p>&nbsp;<\/p>\n<p><strong>OBJETOS:<\/strong><\/p>\n<p><a href=\"https:\/\/portal.uern.br\/paudosferros\/wp-content\/uploads\/2023\/04\/Exposicao-I-2.jpg\"><img decoding=\"async\" class=\"alignleft wp-image-966 size-full\" src=\"https:\/\/portal.uern.br\/paudosferros\/wp-content\/uploads\/2023\/04\/Exposicao-I-2.jpg\" alt=\"\" width=\"720\" height=\"540\" srcset=\"https:\/\/portal.uern.br\/paudosferros\/wp-content\/uploads\/2023\/04\/Exposicao-I-2.jpg 720w, https:\/\/portal.uern.br\/paudosferros\/wp-content\/uploads\/2023\/04\/Exposicao-I-2-300x225.jpg 300w\" sizes=\"(max-width: 720px) 100vw, 720px\" \/><\/a><\/p>\n<div style=\"width: 640px;\" class=\"wp-video\"><video class=\"wp-video-shortcode\" id=\"video-968-1\" width=\"640\" height=\"480\" preload=\"metadata\" controls=\"controls\"><source type=\"video\/mp4\" src=\"https:\/\/portal.uern.br\/paudosferros\/wp-content\/uploads\/2024\/06\/fotos-mcs_E9TSODrf.mp4?_=1\" \/><a href=\"https:\/\/portal.uern.br\/paudosferros\/wp-content\/uploads\/2024\/06\/fotos-mcs_E9TSODrf.mp4\">https:\/\/portal.uern.br\/paudosferros\/wp-content\/uploads\/2024\/06\/fotos-mcs_E9TSODrf.mp4<\/a><\/video><\/div>\n<p>&nbsp;<\/p>\n<p>&nbsp;<\/p>\n<p>&nbsp;<\/p>\n","protected":false},"excerpt":{"rendered":"<p>I Exposi\u00e7\u00e3o tem\u00e1tica Em 2012, o Museu junto com o projeto de extens\u00e3o \u201cMuseu da Cultura Sertaneja\u201d, coordenado pela professora Ma. Rosa Leite da Costa (Departamento de Letras Vern\u00e1culas), realizou a I Exposi\u00e7\u00e3o Tem\u00e1tica intitulada \u201cO sertanejo e o trabalho\u201d, que apresentou algumas pe\u00e7as e ferramentas utilizadas pelos sertanejos na labuta. A inten\u00e7\u00e3o dessa exposi\u00e7\u00e3o [&hellip;]<\/p>\n","protected":false},"author":12,"featured_media":0,"parent":0,"menu_order":0,"comment_status":"closed","ping_status":"closed","template":"","meta":{"footnotes":""},"class_list":["post-968","page","type-page","status-publish","hentry"],"_links":{"self":[{"href":"https:\/\/portal.uern.br\/paudosferros\/wp-json\/wp\/v2\/pages\/968","targetHints":{"allow":["GET"]}}],"collection":[{"href":"https:\/\/portal.uern.br\/paudosferros\/wp-json\/wp\/v2\/pages"}],"about":[{"href":"https:\/\/portal.uern.br\/paudosferros\/wp-json\/wp\/v2\/types\/page"}],"author":[{"embeddable":true,"href":"https:\/\/portal.uern.br\/paudosferros\/wp-json\/wp\/v2\/users\/12"}],"replies":[{"embeddable":true,"href":"https:\/\/portal.uern.br\/paudosferros\/wp-json\/wp\/v2\/comments?post=968"}],"version-history":[{"count":6,"href":"https:\/\/portal.uern.br\/paudosferros\/wp-json\/wp\/v2\/pages\/968\/revisions"}],"predecessor-version":[{"id":2277,"href":"https:\/\/portal.uern.br\/paudosferros\/wp-json\/wp\/v2\/pages\/968\/revisions\/2277"}],"wp:attachment":[{"href":"https:\/\/portal.uern.br\/paudosferros\/wp-json\/wp\/v2\/media?parent=968"}],"curies":[{"name":"wp","href":"https:\/\/api.w.org\/{rel}","templated":true}]}}