{"id":958,"date":"2023-04-20T08:08:09","date_gmt":"2023-04-20T11:08:09","guid":{"rendered":"https:\/\/portal.uern.br\/paudosferros\/?page_id=958"},"modified":"2025-09-09T07:55:13","modified_gmt":"2025-09-09T10:55:13","slug":"calendario-academico","status":"publish","type":"page","link":"https:\/\/portal.uern.br\/paudosferros\/calendario-academico\/","title":{"rendered":"Calend\u00e1rio Acad\u00eamico"},"content":{"rendered":"<p><a href=\"https:\/\/portal.uern.br\/wp-content\/uploads\/2023\/01\/0976calenda%C2%A1rio_universitario_2023.pdf\" target=\"_blank\" rel=\"noopener\">Calend\u00e1rio Universitario 2023.1 e 2023.2 &#8211; RESOLU\u00c7\u00c3O N.\u00b0 91\/2022 &#8211; CONSEPE\u00a0\u00a0<\/a><\/p>\n<p><a href=\"https:\/\/portal.uern.br\/paudosferros\/wp-content\/uploads\/2023\/12\/Calendario-universitario-2024.pdf\" target=\"_blank\" rel=\"noopener\">Calend\u00e1rio Universitario 2024<\/a><\/p>\n<p><a href=\"https:\/\/portal.uern.br\/wp-content\/uploads\/2025\/01\/Calendario-Academico-2025.pdf\" target=\"_blank\" rel=\"noopener\">Calend\u00e1rio Universit\u00e1rio 2025<\/a><\/p>\n<p><a href=\"https:\/\/portal.uern.br\/paudosferros\/wp-content\/uploads\/2025\/09\/Calendario_universitario_2026.pdf\">Calend\u00e1rio Universit\u00e1rio 2026<\/a><\/p>\n","protected":false},"excerpt":{"rendered":"<p>Calend\u00e1rio Universitario 2023.1 e 2023.2 &#8211; RESOLU\u00c7\u00c3O N.\u00b0 91\/2022 &#8211; CONSEPE\u00a0\u00a0 Calend\u00e1rio Universitario 2024 Calend\u00e1rio Universit\u00e1rio 2025 Calend\u00e1rio Universit\u00e1rio 2026<\/p>\n","protected":false},"author":12,"featured_media":0,"parent":0,"menu_order":0,"comment_status":"closed","ping_status":"closed","template":"","meta":{"footnotes":""},"class_list":["post-958","page","type-page","status-publish","hentry"],"_links":{"self":[{"href":"https:\/\/portal.uern.br\/paudosferros\/wp-json\/wp\/v2\/pages\/958","targetHints":{"allow":["GET"]}}],"collection":[{"href":"https:\/\/portal.uern.br\/paudosferros\/wp-json\/wp\/v2\/pages"}],"about":[{"href":"https:\/\/portal.uern.br\/paudosferros\/wp-json\/wp\/v2\/types\/page"}],"author":[{"embeddable":true,"href":"https:\/\/portal.uern.br\/paudosferros\/wp-json\/wp\/v2\/users\/12"}],"replies":[{"embeddable":true,"href":"https:\/\/portal.uern.br\/paudosferros\/wp-json\/wp\/v2\/comments?post=958"}],"version-history":[{"count":6,"href":"https:\/\/portal.uern.br\/paudosferros\/wp-json\/wp\/v2\/pages\/958\/revisions"}],"predecessor-version":[{"id":2565,"href":"https:\/\/portal.uern.br\/paudosferros\/wp-json\/wp\/v2\/pages\/958\/revisions\/2565"}],"wp:attachment":[{"href":"https:\/\/portal.uern.br\/paudosferros\/wp-json\/wp\/v2\/media?parent=958"}],"curies":[{"name":"wp","href":"https:\/\/api.w.org\/{rel}","templated":true}]}}