{"id":266,"date":"2022-09-21T15:20:46","date_gmt":"2022-09-21T18:20:46","guid":{"rendered":"https:\/\/paisdemossoro.com.br\/wordpress\/paudosferros\/?page_id=266"},"modified":"2025-06-16T09:23:45","modified_gmt":"2025-06-16T12:23:45","slug":"ouvidoria","status":"publish","type":"page","link":"https:\/\/portal.uern.br\/paudosferros\/ouvidoria\/","title":{"rendered":"Ouvidoria"},"content":{"rendered":"<p align=\"justify\"><span style=\"color: #000000;font-family: georgia, palatino, serif;font-size: 12pt\">\u00a0 \u00a0 \u00a0 A Ouvidoria \u00e9 um servi\u00e7o disponibilizado para garantir a efetiva comunica\u00e7\u00e3o entre a comunidade acad\u00eamica e sociedade em geral e os \u00f3rg\u00e3os existentes na UERN. Com o novo Organograma da UERN a Ouvidoria est\u00e1 presente em todos os Campi Avan\u00e7ados.<\/span><\/p>\n<p align=\"justify\"><span style=\"color: #000000;font-family: georgia, palatino, serif;font-size: 12pt\">\u00a0 \u00a0 \u00a0A Ouvidoria auxilia o cidad\u00e3o em suas rela\u00e7\u00f5es com a UERN, com vistas a prestar um servi\u00e7o de qualidade na promo\u00e7\u00e3o e defesa dos direitos de estudantes, docentes, t\u00e9cnicos administrativos e \u00e0 comunidade externa; contribuindo para o desenvolvimento institucional.<\/span><\/p>\n<p align=\"justify\"><span style=\"color: #000000;font-family: georgia, palatino, serif;font-size: 12pt\">\u00a0 \u00a0 \u00a0O registro de uma manifesta\u00e7\u00e3o de ouvidoria (solicita\u00e7\u00e3o de provid\u00eancia, reclama\u00e7\u00e3o, den\u00fancia, sugest\u00e3o e elogio) deve vir sempre por escrito, com identifica\u00e7\u00e3o do remetente, cujo sigilo ser\u00e1 garantido, se assim for solicitado. As manifesta\u00e7\u00f5es an\u00f4nimas s\u00e3o consideradas comunica\u00e7\u00f5es de irregularidade, ou seja, n\u00e3o s\u00e3o consideradas manifesta\u00e7\u00f5es nos termos da Lei 13.460\/2017, portanto, n\u00e3o s\u00e3o pass\u00edveis de acompanhamento pelo seu autor ou de recebimento da resposta, uma vez que ele optou por n\u00e3o se identificar.<\/span><\/p>\n<p align=\"justify\"><span style=\"color: #000000;font-family: georgia, palatino, serif;font-size: 12pt\">\u00a0 \u00a0 \u00a0 \u00a0A Ouvidoria do CAPF est\u00e1 funcionando na Sala H-05, atendendo presencialmente nos seguintes hor\u00e1rios:<\/span><\/p>\n<ul>\n<li style=\"list-style-type: none\">\n<ul>\n<li><span style=\"color: #000000;font-family: georgia, palatino, serif;font-size: 12pt\">Segunda-feira: 15h \u00e0s 21h<\/span><\/li>\n<li><span style=\"color: #000000;font-family: georgia, palatino, serif;font-size: 12pt\">Ter\u00e7a-feira: 07h \u00e0s 13h<\/span><\/li>\n<li><span style=\"color: #000000;font-family: georgia, palatino, serif;font-size: 12pt\">Quarta-feira: 15h \u00e0s 21h<\/span><\/li>\n<li><span style=\"color: #000000;font-family: georgia, palatino, serif;font-size: 12pt\">Quinta-feira: 07h \u00e0s 13h<\/span><\/li>\n<li><span style=\"color: #000000;font-family: georgia, palatino, serif;font-size: 12pt\">Sexta-feira: 07h \u00e0s 13h<\/span><\/li>\n<\/ul>\n<\/li>\n<\/ul>\n<p align=\"justify\"><span style=\"font-family: georgia, palatino, serif;font-size: 12pt\"><span style=\"color: #000000\">\u00a0 \u00a0 \u00a0 \u00a0<\/span><\/span><\/p>\n<p align=\"justify\"><span style=\"font-family: georgia, palatino, serif;font-size: 12pt\"><span style=\"color: #000000\">\u00a0 \u00a0 \u00a0 As manifesta\u00e7\u00f5es tamb\u00e9m podem ser registradas via e-mail, atrav\u00e9s do seguinte endere\u00e7o eletr\u00f4nico: <\/span><a href=\"mailto:ouvidoria.capf@uern.br\"><span style=\"color: #000000\">ouvidoria.capf@uern.br.<\/span><\/a><\/span><\/p>\n<p align=\"justify\"><span style=\"color: #000000;font-family: georgia, palatino, serif;font-size: 12pt\">\u00a0 \u00a0 \u00a0 Contamos tamb\u00e9m com a <strong>Plataforma Integrada de Ouvidoria, <\/strong>por interm\u00e9dio desse sistema \u00e9 poss\u00edvel realizar den\u00fancia, elogio, reclama\u00e7\u00e3o, solicita\u00e7\u00e3o e sugest\u00e3o cujo prazo de resposta \u00e9 de at\u00e9 30 dias prorrog\u00e1vel por mais 30, s\u00f3 acessar o link: <a href=\"https:\/\/falabr.cgu.gov.br\/publico\/Manifestacao\/SelecionarTipoManifestacao.aspx?ReturnUrl=%2F\">plataforma Fala BR<\/a>. <\/span><\/p>\n<p align=\"justify\"><span style=\"color: #000000;font-family: georgia, palatino, serif;font-size: 12pt\">\u00a0 \u00a0 \u00a0 Ouvidora: D\u00e9bora Katiene Pinheiro Sizenando<\/span><\/p>\n<p align=\"justify\"><span style=\"color: #000000;font-family: georgia, palatino, serif;font-size: 12pt\">\u00a0 \u00a0<\/span><span style=\"color: #000000;font-family: georgia, palatino, serif;font-size: 12pt\">\u00a0 \u00a0 \u00a0 E-mail: <a href=\"mailto:ouvidoria.capf@uern.br\">ouvidoria.capf@uern.br<\/a> <\/span><\/p>\n","protected":false},"excerpt":{"rendered":"<p>\u00a0 \u00a0 \u00a0 A Ouvidoria \u00e9 um servi\u00e7o disponibilizado para garantir a efetiva comunica\u00e7\u00e3o entre a comunidade acad\u00eamica e sociedade em geral e os \u00f3rg\u00e3os existentes na UERN. Com o novo Organograma da UERN a Ouvidoria est\u00e1 presente em todos os Campi Avan\u00e7ados. \u00a0 \u00a0 \u00a0A Ouvidoria auxilia o cidad\u00e3o em suas rela\u00e7\u00f5es com a [&hellip;]<\/p>\n","protected":false},"author":1,"featured_media":0,"parent":0,"menu_order":0,"comment_status":"closed","ping_status":"closed","template":"","meta":{"footnotes":""},"class_list":["post-266","page","type-page","status-publish","hentry"],"_links":{"self":[{"href":"https:\/\/portal.uern.br\/paudosferros\/wp-json\/wp\/v2\/pages\/266","targetHints":{"allow":["GET"]}}],"collection":[{"href":"https:\/\/portal.uern.br\/paudosferros\/wp-json\/wp\/v2\/pages"}],"about":[{"href":"https:\/\/portal.uern.br\/paudosferros\/wp-json\/wp\/v2\/types\/page"}],"author":[{"embeddable":true,"href":"https:\/\/portal.uern.br\/paudosferros\/wp-json\/wp\/v2\/users\/1"}],"replies":[{"embeddable":true,"href":"https:\/\/portal.uern.br\/paudosferros\/wp-json\/wp\/v2\/comments?post=266"}],"version-history":[{"count":6,"href":"https:\/\/portal.uern.br\/paudosferros\/wp-json\/wp\/v2\/pages\/266\/revisions"}],"predecessor-version":[{"id":2519,"href":"https:\/\/portal.uern.br\/paudosferros\/wp-json\/wp\/v2\/pages\/266\/revisions\/2519"}],"wp:attachment":[{"href":"https:\/\/portal.uern.br\/paudosferros\/wp-json\/wp\/v2\/media?parent=266"}],"curies":[{"name":"wp","href":"https:\/\/api.w.org\/{rel}","templated":true}]}}