{"id":262,"date":"2022-09-21T15:08:06","date_gmt":"2022-09-21T18:08:06","guid":{"rendered":"https:\/\/paisdemossoro.com.br\/wordpress\/paudosferros\/?page_id=262"},"modified":"2026-01-27T08:25:48","modified_gmt":"2026-01-27T11:25:48","slug":"setores-academico-administrativos","status":"publish","type":"page","link":"https:\/\/portal.uern.br\/paudosferros\/setores-academico-administrativos\/","title":{"rendered":"Setores Acad\u00eamico-Administrativos"},"content":{"rendered":"<p><strong>DEPARTAMENTO DE ADMINISTRA\u00c7\u00c3O (DAD) &#8211;\u00a0E-mail:\u00a0dad_pferros@uern.br<\/strong><br \/>\nChefe: Profa. Me. Sandra de Souza Paiva Holanda &#8211; E-mail: sandrapaiva@uern.br<br \/>\nSub-chefe: Prof. Dr. Francisco Jean Carlos de Souza Sampaio &#8211; E-mail: jeansampaio@uern.br\u00a0 \u00a0 \u00a0 \u00a0 \u00a0 \u00a0 \u00a0 \u00a0 \u00a0 \u00a0 \u00a0 \u00a0 \u00a0 \u00a0 \u00a0 \u00a0 \u00a0 \u00a0 \u00a0 \u00a0 \u00a0 \u00a0 \u00a0 \u00a0 \u00a0 \u00a0 \u00a0 \u00a0 \u00a0 \u00a0 \u00a0 \u00a0 \u00a0 \u00a0 \u00a0 \u00a0 \u00a0 \u00a0 \u00a0 \u00a0 \u00a0 \u00a0 \u00a0 \u00a0 <strong>Hor\u00e1rio de Funcionamento:<\/strong> 7:00 \u00e0s 13:00 e 16:00 \u00e0s 22:00.<\/p>\n<p>&nbsp;<\/p>\n<p><strong>DEPARTAMENTO DE ECONOMIA\u00a0(DEC) &#8211; E-mail:\u00a0dec_pferros@uern.br<\/strong><br \/>\nChefe Pr\u00f3-tempore: Prof. Miguel Henrique da Cunha Filho &#8211; E-mail: miguelfilho@uern.br<br \/>\nSub-chefe:\u00a0 \u00a0 \u00a0 \u00a0 \u00a0 \u00a0 \u00a0 \u00a0 \u00a0 \u00a0 \u00a0 \u00a0 \u00a0 \u00a0 \u00a0 \u00a0 \u00a0 \u00a0 \u00a0 \u00a0 \u00a0 \u00a0 \u00a0 \u00a0 \u00a0 \u00a0 \u00a0 \u00a0 \u00a0 \u00a0 \u00a0 \u00a0 \u00a0 \u00a0 \u00a0 \u00a0 \u00a0 \u00a0 \u00a0 \u00a0 \u00a0 \u00a0 \u00a0 \u00a0 \u00a0 \u00a0 \u00a0 \u00a0 \u00a0 \u00a0 \u00a0 \u00a0 \u00a0 \u00a0 \u00a0 \u00a0 \u00a0 \u00a0 \u00a0 \u00a0 \u00a0 \u00a0 \u00a0 \u00a0 \u00a0 \u00a0 \u00a0 \u00a0 \u00a0 \u00a0 \u00a0 \u00a0 \u00a0 \u00a0 \u00a0 \u00a0 \u00a0 \u00a0 \u00a0 \u00a0 \u00a0 \u00a0 \u00a0 \u00a0 \u00a0 \u00a0 \u00a0 \u00a0 \u00a0 \u00a0 \u00a0 \u00a0 \u00a0 \u00a0 \u00a0 \u00a0 \u00a0 \u00a0 \u00a0 \u00a0 \u00a0 \u00a0 \u00a0 \u00a0 \u00a0 \u00a0 \u00a0 \u00a0 \u00a0 \u00a0 \u00a0 \u00a0 \u00a0 \u00a0 \u00a0 \u00a0 \u00a0 \u00a0 \u00a0 \u00a0 \u00a0 \u00a0 \u00a0 \u00a0 \u00a0 \u00a0 \u00a0 \u00a0 \u00a0 \u00a0 \u00a0 \u00a0 \u00a0 \u00a0 \u00a0 <strong>Hor\u00e1rio de Funcionamento:<\/strong> 7:00 \u00e0s 13:00 e 16:00 \u00e0s 22:00.<\/p>\n<p>&nbsp;<\/p>\n<p><strong>DEPARTAMENTO DE EDUCA\u00c7\u00c3O (DE) &#8211; E-mail:\u00a0de_pferros@uern.br<\/strong><br \/>\nChefe: Profa. Dra. Iandra Fernandes Pereira Caldas &#8211; E-mail: iandrafernandes@uern.br<br \/>\nSub-chefe: Profa. Dra. Francicleide Ces\u00e1rio de Oliveira &#8211; E-mail: francicleidecesario@uern.br\u00a0 \u00a0 \u00a0 \u00a0 \u00a0 \u00a0 \u00a0 \u00a0 \u00a0 \u00a0 \u00a0 \u00a0 \u00a0 \u00a0 \u00a0 \u00a0 \u00a0 \u00a0 \u00a0 \u00a0 \u00a0 \u00a0 \u00a0 \u00a0 \u00a0 \u00a0 \u00a0 \u00a0 \u00a0 \u00a0 \u00a0 \u00a0 \u00a0 \u00a0 \u00a0 \u00a0 \u00a0 \u00a0 \u00a0 \u00a0 \u00a0 \u00a0 \u00a0 \u00a0 <strong>Hor\u00e1rio de Funcionamento:<\/strong> 7:00 \u00e0s 13:00 e 16:00 \u00e0s 22:00.<\/p>\n<p>&nbsp;<\/p>\n<p><strong>DEPARTAMENTO DE EDUCA\u00c7\u00c3O F\u00cdSICA (DEF) &#8211;\u00a0E-mail:\u00a0def_pferros@uern.br<\/strong><br \/>\nChefe: Prof. Me. Francisco Gama da Silva &#8211; E-mail: franciscogama@uern.br<br \/>\nSub-chefe: Prof. Me. Helder Cavalcante C\u00e2mara &#8211; E-mail: heldercavalcante@uern.br\u00a0 \u00a0 \u00a0 \u00a0 \u00a0 \u00a0 \u00a0 \u00a0 \u00a0 \u00a0 \u00a0 \u00a0 \u00a0 \u00a0 \u00a0 \u00a0 \u00a0 \u00a0 \u00a0 \u00a0 \u00a0 \u00a0 \u00a0 \u00a0 \u00a0 \u00a0 \u00a0 \u00a0 \u00a0 \u00a0 \u00a0 \u00a0 \u00a0 \u00a0 \u00a0 \u00a0 \u00a0 \u00a0 \u00a0 \u00a0 \u00a0 \u00a0 \u00a0 \u00a0 \u00a0 \u00a0 \u00a0 \u00a0 \u00a0 \u00a0 \u00a0 \u00a0 <strong>Hor\u00e1rio de Funcionamento:<\/strong> 7:00 \u00e0s 17:00<\/p>\n<p>&nbsp;<\/p>\n<p><strong>DEPARTAMENTO DE ENFERMAGEM (DEN) &#8211;\u00a0E-mail:\u00a0den.pferros@uern.br<\/strong><br \/>\nChefe: Prof. Dr. Jos\u00e9 Giovani Nobre Gomes &#8211; E-mail: giovaninobre@uern.br<br \/>\nSub-chefe: Profa. Dra. Jaira Gon\u00e7alves Trigueiro &#8211; E-mail: jairagoncalves@uern.br\u00a0 \u00a0 \u00a0 \u00a0 \u00a0 \u00a0 \u00a0 \u00a0 \u00a0 \u00a0 \u00a0 \u00a0 \u00a0 \u00a0 \u00a0 \u00a0 \u00a0 \u00a0 \u00a0 \u00a0 \u00a0 \u00a0 \u00a0 \u00a0 \u00a0 \u00a0 \u00a0 \u00a0 \u00a0 \u00a0 \u00a0 \u00a0 \u00a0 \u00a0 \u00a0 \u00a0 \u00a0 \u00a0 \u00a0 \u00a0 \u00a0 \u00a0 \u00a0 \u00a0 \u00a0 \u00a0 \u00a0 \u00a0 \u00a0 \u00a0 \u00a0 \u00a0 \u00a0 \u00a0 \u00a0 \u00a0 \u00a0 <strong>Hor\u00e1rio de Funcionamento:<\/strong> 7:00 \u00e0s 17:00<\/p>\n<p>&nbsp;<\/p>\n<p><strong>DEPARTAMENTO DE GEOGRAFIA (DGE) &#8211; E-mail:\u00a0dge.pferros@uern.br<\/strong><br \/>\nChefe: Profa. Dra. Andreza Tacyana F\u00e9lix Carvalho &#8211; E-mail: andrezafelix@uern.br<br \/>\nSub-chefe:\u00a0 \u00a0 \u00a0 \u00a0 \u00a0 \u00a0 \u00a0 \u00a0 \u00a0 \u00a0 \u00a0 \u00a0 \u00a0 \u00a0 \u00a0 \u00a0 \u00a0 \u00a0 \u00a0 \u00a0 \u00a0 \u00a0 \u00a0 \u00a0 \u00a0 \u00a0 \u00a0 \u00a0 \u00a0 \u00a0 \u00a0 \u00a0 \u00a0 \u00a0 \u00a0 \u00a0 \u00a0 \u00a0 \u00a0 \u00a0 \u00a0 \u00a0 \u00a0 \u00a0 \u00a0 \u00a0 \u00a0 \u00a0 \u00a0 \u00a0 \u00a0 \u00a0 \u00a0 \u00a0 \u00a0 \u00a0 \u00a0 \u00a0 \u00a0 \u00a0 \u00a0 \u00a0 \u00a0 \u00a0 \u00a0 \u00a0 \u00a0 \u00a0 \u00a0 \u00a0 \u00a0 \u00a0 \u00a0 \u00a0 \u00a0 \u00a0 \u00a0 \u00a0 \u00a0 \u00a0 \u00a0 \u00a0 \u00a0 \u00a0 \u00a0 \u00a0 \u00a0 \u00a0 \u00a0 \u00a0 \u00a0 \u00a0 \u00a0 \u00a0 \u00a0 \u00a0 \u00a0 \u00a0 \u00a0 \u00a0 \u00a0 \u00a0 \u00a0 \u00a0 \u00a0 \u00a0 \u00a0 \u00a0 \u00a0 \u00a0 \u00a0 \u00a0 \u00a0 \u00a0 \u00a0 \u00a0 \u00a0 \u00a0 \u00a0 \u00a0 \u00a0 \u00a0 \u00a0 \u00a0 \u00a0 \u00a0 \u00a0 \u00a0 \u00a0 \u00a0 \u00a0 \u00a0 \u00a0 \u00a0 <strong>Hor\u00e1rio de Funcionamento:<\/strong> 7:00 \u00e0s 13:00<\/p>\n<p>&nbsp;<\/p>\n<p><strong>DEPARTAMENTO DE LETRAS ESTRANGEIRAS (DLE) &#8211; E-mail:\u00a0dle_pferros@uern.br<\/strong><br \/>\nChefe: Prof. Dr. Jos\u00e9 Rodrigues de Mesquita Neto &#8211; E-mail: josemesquita@uern.br<br \/>\nSub-chefe: Prof. Dr. Francisco Roberto da Silva Santos &#8211; E-mail: robertosantos@uern.br\u00a0 \u00a0 \u00a0 \u00a0 \u00a0 \u00a0 \u00a0 \u00a0 \u00a0 \u00a0 \u00a0 \u00a0 \u00a0 \u00a0 \u00a0 \u00a0 \u00a0 \u00a0 \u00a0 \u00a0 \u00a0 \u00a0 \u00a0 \u00a0 \u00a0 \u00a0 \u00a0 \u00a0 \u00a0 \u00a0 \u00a0 \u00a0 \u00a0 \u00a0 \u00a0 \u00a0 \u00a0 \u00a0 \u00a0 \u00a0 \u00a0 \u00a0 \u00a0 \u00a0 \u00a0 \u00a0 \u00a0 \u00a0 \u00a0 <strong>Hor\u00e1rio de Funcionamento:<\/strong> 7:00 \u00e0s 13:00 e 16:00 \u00e0s 22:00.<br \/>\nSite: <a href=\"https:\/\/portal.uern.br\/paudosferros\/dle\/\">https:\/\/portal.uern.br\/paudosferros\/dle\/<\/a><\/p>\n<p>&nbsp;<\/p>\n<p><strong>CURSO LETRAS LIBRAS EAD-\u00a0E-mail: letraslibrasead.pferros@uern.br<\/strong><br \/>\nCoordenadora: Profa. Dra. Cr\u00edgina Cibelle Pereira &#8211; E-mail: criginacibelle@uern.br\u00a0 \u00a0 \u00a0 \u00a0 \u00a0 \u00a0 \u00a0 \u00a0 \u00a0 \u00a0 \u00a0 \u00a0 \u00a0 \u00a0 \u00a0 \u00a0 \u00a0 \u00a0 \u00a0 \u00a0 \u00a0 \u00a0 \u00a0 \u00a0 \u00a0 \u00a0 \u00a0 \u00a0 \u00a0 \u00a0 \u00a0 \u00a0 \u00a0 \u00a0 \u00a0 \u00a0 \u00a0 \u00a0 \u00a0 \u00a0 \u00a0 \u00a0 \u00a0 \u00a0 \u00a0 \u00a0 \u00a0 \u00a0 \u00a0 \u00a0 \u00a0 \u00a0 \u00a0 \u00a0 <strong>Hor\u00e1rio de Funcionamento:<\/strong> 7:00 \u00e0s 13:00<\/p>\n<p>&nbsp;<\/p>\n<p><strong>DEPARTAMENTO DE LETRAS VERN\u00c1CULAS\u00a0(DLV) &#8211; E-mail:\u00a0dlv_pferros@uern.br<\/strong><br \/>\nChefe: Profa. Dra. Vanessa Bastos Limas &#8211; E-mail: vanessabastos@uern.br<br \/>\nSub-chefe: Prof. Dr. Manoel Freire Rodrigues &#8211; E-mail: manoelfreire@uern.br\u00a0 \u00a0 \u00a0 \u00a0 \u00a0 \u00a0 \u00a0 \u00a0 \u00a0 \u00a0 \u00a0 \u00a0 \u00a0 \u00a0 \u00a0 \u00a0 \u00a0 \u00a0 \u00a0 \u00a0 \u00a0 \u00a0 \u00a0 \u00a0 \u00a0 \u00a0 \u00a0 \u00a0 \u00a0 \u00a0 \u00a0 \u00a0 \u00a0 \u00a0 \u00a0 \u00a0 \u00a0 \u00a0 \u00a0 \u00a0 \u00a0 \u00a0 \u00a0 \u00a0 \u00a0 \u00a0 \u00a0 \u00a0 \u00a0 \u00a0 \u00a0 \u00a0 \u00a0 \u00a0 \u00a0 \u00a0 \u00a0 \u00a0 \u00a0 \u00a0 \u00a0 <strong>Hor\u00e1rio de Funcionamento:<\/strong> 7:00 \u00e0s 13:00 e 16:00 \u00e0s 22:00.<\/p>\n<p>&nbsp;<\/p>\n<p>&nbsp;<\/p>\n","protected":false},"excerpt":{"rendered":"<p>DEPARTAMENTO DE ADMINISTRA\u00c7\u00c3O (DAD) &#8211;\u00a0E-mail:\u00a0dad_pferros@uern.br Chefe: Profa. Me. Sandra de Souza Paiva Holanda &#8211; E-mail: sandrapaiva@uern.br Sub-chefe: Prof. Dr. Francisco Jean Carlos de Souza Sampaio &#8211; E-mail: jeansampaio@uern.br\u00a0 \u00a0 \u00a0 \u00a0 \u00a0 \u00a0 \u00a0 \u00a0 \u00a0 \u00a0 \u00a0 \u00a0 \u00a0 \u00a0 \u00a0 \u00a0 \u00a0 \u00a0 \u00a0 \u00a0 \u00a0 \u00a0 \u00a0 \u00a0 \u00a0 \u00a0 \u00a0 \u00a0 [&hellip;]<\/p>\n","protected":false},"author":1,"featured_media":0,"parent":0,"menu_order":0,"comment_status":"closed","ping_status":"closed","template":"","meta":{"footnotes":""},"class_list":["post-262","page","type-page","status-publish","hentry"],"_links":{"self":[{"href":"https:\/\/portal.uern.br\/paudosferros\/wp-json\/wp\/v2\/pages\/262","targetHints":{"allow":["GET"]}}],"collection":[{"href":"https:\/\/portal.uern.br\/paudosferros\/wp-json\/wp\/v2\/pages"}],"about":[{"href":"https:\/\/portal.uern.br\/paudosferros\/wp-json\/wp\/v2\/types\/page"}],"author":[{"embeddable":true,"href":"https:\/\/portal.uern.br\/paudosferros\/wp-json\/wp\/v2\/users\/1"}],"replies":[{"embeddable":true,"href":"https:\/\/portal.uern.br\/paudosferros\/wp-json\/wp\/v2\/comments?post=262"}],"version-history":[{"count":43,"href":"https:\/\/portal.uern.br\/paudosferros\/wp-json\/wp\/v2\/pages\/262\/revisions"}],"predecessor-version":[{"id":2597,"href":"https:\/\/portal.uern.br\/paudosferros\/wp-json\/wp\/v2\/pages\/262\/revisions\/2597"}],"wp:attachment":[{"href":"https:\/\/portal.uern.br\/paudosferros\/wp-json\/wp\/v2\/media?parent=262"}],"curies":[{"name":"wp","href":"https:\/\/api.w.org\/{rel}","templated":true}]}}