{"id":260,"date":"2022-09-21T15:05:11","date_gmt":"2022-09-21T18:05:11","guid":{"rendered":"https:\/\/paisdemossoro.com.br\/wordpress\/paudosferros\/?page_id=260"},"modified":"2022-09-21T15:05:11","modified_gmt":"2022-09-21T18:05:11","slug":"programa-bale","status":"publish","type":"page","link":"https:\/\/portal.uern.br\/paudosferros\/programa-bale\/","title":{"rendered":"Programa BALE"},"content":{"rendered":"<p>O Programa BALE \u00e9 uma a\u00e7\u00e3o extensionista do grupo GEPPE, que objetiva viabilizar o acesso ao texto liter\u00e1rio e estimular o gosto pela leitura pela comunidade pauferrense e cidades vizinha, favorecendo o contato com v\u00e1rias obras liter\u00e1rias o que se constitui como um ponto de partida para a democratiza\u00e7\u00e3o da leitura. De forma l\u00fadica e divertida o BALE tem atendido tanto em espa\u00e7os escolares como tamb\u00e9m em espa\u00e7os n\u00e3o escolares desde 2007. (ano de sua cria\u00e7\u00e3o)<br \/>\nAcesse o site do\u00a0Programa BALE<\/p>\n","protected":false},"excerpt":{"rendered":"<p>O Programa BALE \u00e9 uma a\u00e7\u00e3o extensionista do grupo GEPPE, que objetiva viabilizar o acesso ao texto liter\u00e1rio e estimular o gosto pela leitura pela comunidade pauferrense e cidades vizinha, favorecendo o contato com v\u00e1rias obras liter\u00e1rias o que se constitui como um ponto de partida para a democratiza\u00e7\u00e3o da leitura. De forma l\u00fadica e [&hellip;]<\/p>\n","protected":false},"author":1,"featured_media":0,"parent":0,"menu_order":0,"comment_status":"closed","ping_status":"closed","template":"","meta":{"footnotes":""},"class_list":["post-260","page","type-page","status-publish","hentry"],"_links":{"self":[{"href":"https:\/\/portal.uern.br\/paudosferros\/wp-json\/wp\/v2\/pages\/260","targetHints":{"allow":["GET"]}}],"collection":[{"href":"https:\/\/portal.uern.br\/paudosferros\/wp-json\/wp\/v2\/pages"}],"about":[{"href":"https:\/\/portal.uern.br\/paudosferros\/wp-json\/wp\/v2\/types\/page"}],"author":[{"embeddable":true,"href":"https:\/\/portal.uern.br\/paudosferros\/wp-json\/wp\/v2\/users\/1"}],"replies":[{"embeddable":true,"href":"https:\/\/portal.uern.br\/paudosferros\/wp-json\/wp\/v2\/comments?post=260"}],"version-history":[{"count":1,"href":"https:\/\/portal.uern.br\/paudosferros\/wp-json\/wp\/v2\/pages\/260\/revisions"}],"predecessor-version":[{"id":261,"href":"https:\/\/portal.uern.br\/paudosferros\/wp-json\/wp\/v2\/pages\/260\/revisions\/261"}],"wp:attachment":[{"href":"https:\/\/portal.uern.br\/paudosferros\/wp-json\/wp\/v2\/media?parent=260"}],"curies":[{"name":"wp","href":"https:\/\/api.w.org\/{rel}","templated":true}]}}