{"id":257,"date":"2022-09-21T15:02:37","date_gmt":"2022-09-21T18:02:37","guid":{"rendered":"https:\/\/paisdemossoro.com.br\/wordpress\/paudosferros\/?page_id=257"},"modified":"2026-03-11T08:12:51","modified_gmt":"2026-03-11T11:12:51","slug":"pos-graduacao-stricto-sensu","status":"publish","type":"page","link":"https:\/\/portal.uern.br\/paudosferros\/pos-graduacao-stricto-sensu\/","title":{"rendered":"P\u00f3s-gradua\u00e7\u00e3o Stricto Sensu"},"content":{"rendered":"<p><strong>PROGRAMA DE P\u00d3S-GRADUA\u00c7\u00c3O EM LETRAS (PPGL) &#8211; E-mail: ppgl.pferros@uern.br<\/strong><br \/>\nCoordenador: Prof. Dr. Wellington Vieira Mendes &#8211; E-mail: wellingtonmentes@uern.br<br \/>\n<strong>Hor\u00e1rio de Funcionamento:<\/strong>\u00a07:00 \u00e0s 13:00<\/p>\n<p>Clique <a href=\"https:\/\/propeg.uern.br\/ppgl\/default.asp?item=ppgl-colegiado\" target=\"_blank\" rel=\"noopener\"><strong>aqui<\/strong><\/a> e acesse a p\u00e1gina do PPGL<\/p>\n<p>&nbsp;<\/p>\n<p><strong>PROGRAMA DE MESTRADO PROFISSIONAL EM LETRAS (PROFLETRAS) &#8211; E-mail: profletras.pferros@uern.br<\/strong><br \/>\nCoordenador: Prof. Dr. Marcos Nonato de Oliveira &#8211; E-mail: marcosnonato@uern.br<br \/>\nVice-coordenadora: Profa. Dra. Jaciara Limeira de Aquino &#8211; E-mail: jaciaralimeira@uern.br\u00a0 \u00a0 \u00a0 \u00a0 \u00a0 \u00a0 \u00a0 \u00a0 \u00a0 \u00a0 \u00a0 \u00a0 \u00a0 \u00a0 \u00a0 \u00a0 \u00a0 \u00a0 \u00a0 \u00a0 \u00a0 \u00a0 \u00a0 \u00a0 \u00a0 \u00a0 \u00a0 \u00a0 \u00a0 \u00a0 \u00a0 \u00a0 \u00a0 \u00a0 \u00a0 \u00a0 \u00a0 \u00a0 \u00a0 \u00a0 \u00a0 \u00a0 \u00a0 \u00a0 \u00a0 <strong>Hor\u00e1rio de Funcionamento:<\/strong>\u00a07:00 \u00e0s 13:00<\/p>\n<p>Clique <strong><a href=\"https:\/\/pferros.uern.br\/profletras\/default.asp?item=profletras-apresentacao\" target=\"_blank\" rel=\"noopener\">aqui<\/a><\/strong> e acesse a p\u00e1gina do PROFLETRAS<\/p>\n<p>&nbsp;<\/p>\n<p><strong>PROGRAMA DE P\u00d3S-GRADUA\u00c7\u00c3O EM ENSINO (PPGE) &#8211;\u00a0E-mail:\u00a0ppge.pferros@uern.br<\/strong><br \/>\nCoordenador: Prof. Dr. Jos\u00e9 Rodrigues de Mesquita Neto &#8211; E-mail: josemesquita@uern.br<br \/>\nVice-coordenador: Prof. Dr. Jos\u00e9 Cezinaldo Rocha Bessa &#8211; E-mail: cezinaldobessa@uern.br\u00a0 \u00a0 \u00a0 \u00a0 \u00a0 \u00a0 \u00a0 \u00a0 \u00a0 \u00a0 \u00a0 \u00a0 \u00a0 \u00a0 \u00a0 \u00a0 \u00a0 \u00a0 \u00a0 \u00a0 \u00a0 \u00a0 \u00a0 \u00a0 \u00a0 \u00a0 \u00a0 \u00a0 \u00a0 \u00a0 \u00a0 \u00a0 \u00a0 \u00a0 \u00a0 \u00a0 \u00a0 \u00a0 \u00a0 \u00a0 \u00a0 \u00a0 \u00a0 \u00a0 \u00a0 \u00a0 <strong>Hor\u00e1rio de Funcionamento:<\/strong>\u00a07:00 \u00e0s 13:00<\/p>\n<p>Clique <a href=\"https:\/\/propeg.uern.br\/ppge\/default.asp?item=ppge-apresentacao\" target=\"_blank\" rel=\"noopener\"><strong>aqui<\/strong><\/a> e acesse a p\u00e1gina do PPGE<\/p>\n<p>&nbsp;<\/p>\n<p><strong>PROGRAMA DE P\u00d3S-GRADUA\u00c7\u00c3O EM PLANEJAMENTO E DIN\u00c2MICAS TERRITORIAIS NO SEMI\u00c1RIDO &#8211; E-mail: plandites@gmail.com<\/strong><br \/>\nCoordenadora: Profa. Dra. Larissa da Silva Ferreira Alves &#8211; E-mail: larissaferreira@uern.br<br \/>\nVice-coordenador: Prof. Dr. Jos\u00e9 Elesb\u00e3o de Almeida &#8211; E-mail: elesb\u00e3oalmeida@uern.br\u00a0 \u00a0 \u00a0 \u00a0 \u00a0 \u00a0 \u00a0 \u00a0 \u00a0 \u00a0 \u00a0 \u00a0 \u00a0 \u00a0 \u00a0 \u00a0 \u00a0 \u00a0 \u00a0 \u00a0 \u00a0 \u00a0 \u00a0 \u00a0 \u00a0 \u00a0 \u00a0 \u00a0 \u00a0 \u00a0 \u00a0 \u00a0 \u00a0 \u00a0 \u00a0 \u00a0 \u00a0 \u00a0 \u00a0 \u00a0 \u00a0 \u00a0 \u00a0 \u00a0 \u00a0 \u00a0 \u00a0 \u00a0 \u00a0 <strong>Hor\u00e1rio de Funcionamento:<\/strong>\u00a07:00 \u00e0s 13:00<\/p>\n<p>Clique <a href=\"https:\/\/propeg.uern.br\/plandites\/default.asp?item=pp3197-apresentacao\" target=\"_blank\" rel=\"noopener\"><strong>aqui<\/strong><\/a> e acesse a p\u00e1gina do Plandites<\/p>\n<p>&nbsp;<\/p>\n<p>&nbsp;<\/p>\n<p>&nbsp;<\/p>\n","protected":false},"excerpt":{"rendered":"<p>PROGRAMA DE P\u00d3S-GRADUA\u00c7\u00c3O EM LETRAS (PPGL) &#8211; E-mail: ppgl.pferros@uern.br Coordenador: Prof. Dr. Wellington Vieira Mendes &#8211; E-mail: wellingtonmentes@uern.br Hor\u00e1rio de Funcionamento:\u00a07:00 \u00e0s 13:00 Clique aqui e acesse a p\u00e1gina do PPGL &nbsp; PROGRAMA DE MESTRADO PROFISSIONAL EM LETRAS (PROFLETRAS) &#8211; E-mail: profletras.pferros@uern.br Coordenador: Prof. Dr. Marcos Nonato de Oliveira &#8211; E-mail: marcosnonato@uern.br Vice-coordenadora: Profa. Dra. [&hellip;]<\/p>\n","protected":false},"author":1,"featured_media":0,"parent":0,"menu_order":0,"comment_status":"closed","ping_status":"closed","template":"","meta":{"footnotes":""},"class_list":["post-257","page","type-page","status-publish","hentry"],"_links":{"self":[{"href":"https:\/\/portal.uern.br\/paudosferros\/wp-json\/wp\/v2\/pages\/257","targetHints":{"allow":["GET"]}}],"collection":[{"href":"https:\/\/portal.uern.br\/paudosferros\/wp-json\/wp\/v2\/pages"}],"about":[{"href":"https:\/\/portal.uern.br\/paudosferros\/wp-json\/wp\/v2\/types\/page"}],"author":[{"embeddable":true,"href":"https:\/\/portal.uern.br\/paudosferros\/wp-json\/wp\/v2\/users\/1"}],"replies":[{"embeddable":true,"href":"https:\/\/portal.uern.br\/paudosferros\/wp-json\/wp\/v2\/comments?post=257"}],"version-history":[{"count":17,"href":"https:\/\/portal.uern.br\/paudosferros\/wp-json\/wp\/v2\/pages\/257\/revisions"}],"predecessor-version":[{"id":2608,"href":"https:\/\/portal.uern.br\/paudosferros\/wp-json\/wp\/v2\/pages\/257\/revisions\/2608"}],"wp:attachment":[{"href":"https:\/\/portal.uern.br\/paudosferros\/wp-json\/wp\/v2\/media?parent=257"}],"curies":[{"name":"wp","href":"https:\/\/api.w.org\/{rel}","templated":true}]}}