{"id":255,"date":"2022-09-21T15:00:54","date_gmt":"2022-09-21T18:00:54","guid":{"rendered":"https:\/\/paisdemossoro.com.br\/wordpress\/paudosferros\/?page_id=255"},"modified":"2024-06-21T11:06:49","modified_gmt":"2024-06-21T14:06:49","slug":"museu-de-cultura-sertaneja-mcs","status":"publish","type":"page","link":"https:\/\/portal.uern.br\/paudosferros\/museu-de-cultura-sertaneja-mcs\/","title":{"rendered":"O Museu"},"content":{"rendered":"<p>&nbsp;<\/p>\n<p><img fetchpriority=\"high\" decoding=\"async\" class=\"aligncenter wp-image-962 size-medium\" src=\"https:\/\/portal.uern.br\/paudosferros\/wp-content\/uploads\/2023\/04\/logo-museu-300x172.png\" alt=\"\" width=\"300\" height=\"172\" srcset=\"https:\/\/portal.uern.br\/paudosferros\/wp-content\/uploads\/2023\/04\/logo-museu-300x172.png 300w, https:\/\/portal.uern.br\/paudosferros\/wp-content\/uploads\/2023\/04\/logo-museu-1024x587.png 1024w, https:\/\/portal.uern.br\/paudosferros\/wp-content\/uploads\/2023\/04\/logo-museu-768x440.png 768w, https:\/\/portal.uern.br\/paudosferros\/wp-content\/uploads\/2023\/04\/logo-museu-1536x880.png 1536w, https:\/\/portal.uern.br\/paudosferros\/wp-content\/uploads\/2023\/04\/logo-museu.png 1600w\" sizes=\"(max-width: 300px) 100vw, 300px\" \/><\/p>\n<p style=\"padding-left: 40px\"><strong>Cria\u00e7\u00e3o<\/strong><\/p>\n<p>\u00a0 \u00a0 \u00a0 \u00a0 \u00a0 O Museu de Cultura Sertaneja (MCS) do <em>Campus<\/em> Avan\u00e7ado de Pau dos Ferros (CAPF) da Universidade do Estado do Rio Grande do Norte (UERN) foi inaugurado no dia 15 de junho de 2012 e consolidado na institui\u00e7\u00e3o por meio da Resolu\u00e7\u00e3o n\u00ba 13\/2012 \u2013 CONSUNI, de 31 de outubro de 2012, que cria\/aprova o Museu de Cultura Sertaneja (MCS) do CAMEAM\/UERN (<em>Campus Avan\u00e7ado<\/em>\u00a0de Pau dos Ferros\/RN).<\/p>\n<p style=\"padding-left: 40px\"><strong>Localiza\u00e7\u00e3o, p\u00fablico e Espa\u00e7o<\/strong><\/p>\n<p style=\"text-align: left\">\u00a0 \u00a0 \u00a0 \u00a0 \u00a0 O Museu funciona na sala B05, do Bloco B, t\u00e9rreo, na UERN \u2013 <em>Campus Avan\u00e7ado<\/em>\u00a0de Pau dos Ferros\/RN. O p\u00fablico do MCS consiste em escolas p\u00fablicas e privadas, institui\u00e7\u00f5es de ensino t\u00e9cnico e superior, comunidade acad\u00eamica do pr\u00f3prio\u00a0<em>campus<\/em> da UERN, al\u00e9m dos visitantes da sociedade civil.<\/p>\n<p style=\"text-align: left\">\u00a0 \u00a0 \u00a0 \u00a0 \u00a0 O espa\u00e7o \u00e9 dividido em \u201cCantinho do Cordel\u201d onde s\u00e3o expostos diversos cord\u00e9is de variadas tem\u00e1ticas e autores; \u201cMuseu Virtual\u201d que \u00e9 um ambiente reservado aos visitantes para assistir a entrevistas e document\u00e1rios sobre os temas que envolvem a cultura sertaneja, bem como\u00a0 acesso \u00e0 lousa digital que proporciona a intera\u00e7\u00e3o do visitante com o mapa e outros objetos virtuais; \u201cMuseu da Economia Sertaneja\u201d que retrata a economia da regi\u00e3o de cada \u00e9poca de acordo com a tem\u00e1tica tratada em cada exposi\u00e7\u00e3o; por fim, o espa\u00e7o principal em que expomos as pe\u00e7as e as fotos dos colaboradores.<\/p>\n<p><strong>Acervo e Atendimento<\/strong><\/p>\n<p>O Museu de Cultura Sertaneja possui um acervo de mais de 200 (duzentas) pe\u00e7as, 87 (oitenta e sete) livros e 780 (setecentos e oitenta) folhetos de cord\u00e9is, aproximadamente. H\u00e1 o acervo virtual que conta com 03 (tr\u00eas) document\u00e1rios e um total de 50 (cinquenta) entrevistas, sendo 20 (vinte) sobre os engenhos de cana-de-a\u00e7ucar e casas de farinha \u2013 produzidas no ano de 2014, 14 (quatorze) entrevistas sobre as mem\u00f3rias dos vaqueiros \u2013 produzidas no ano de 2016, e 16 (dezesseis) sobre as mem\u00f3rias da Coluna Prestes, produzidas em 2018. Ressalte-se que todas essas tem\u00e1ticas e pesquisas t\u00eam como ambiente de estudo a regi\u00e3o do Alto Oeste Potiguar. Esse material fica disponibilizado para os visitantes acessarem na sede do Museu, bem como para os alunos da gradua\u00e7\u00e3o e p\u00f3s-gradua\u00e7\u00e3o utilizarem como objetos de estudos e pesquisas cient\u00edficas.<\/p>\n<p>O MCS \u00e9 o \u00fanico museu da cidade de Pau dos Ferros e um dos que tem mais acervo da regi\u00e3o do Alto Oeste Potiguar. Funciona de segunda-feira a sexta-feira, das 7h \u00e0s 13h, n\u00e3o atendendo apenas como um espa\u00e7o para visitas, mas como \u201claborat\u00f3rio\u201d para as pesquisas e trabalhos sobre a cultura sertaneja.<\/p>\n<p style=\"padding-left: 40px;text-align: left\"><strong>Projetos\/Programas de Extens\u00e3o e Exposi\u00e7\u00f5es<\/strong><\/p>\n<p style=\"text-align: left\">\u00a0 \u00a0 \u00a0 \u00a0 \u00a0 Desde 2012, ano da sua funda\u00e7\u00e3o, o MCS realiza exposi\u00e7\u00f5es, oficinas, minicursos e eventos em parceria com os projetos\/programas de extens\u00e3o que s\u00e3o coordenados por professores e compostos por alunos e t\u00e9cnicos da UERN. O Museu atua diretamente com o Projeto de Extens\u00e3o Ra\u00edzes da Cultura Sertaneja (PROCULT) desde o ano de 2014. O PROCULT \u00e9 um projeto vinculado ao Departamento de Letras Vern\u00e1culas e que atua em parceria com o Museu, pesquisando e atendendo a sociedade.<\/p>\n<p>&nbsp;<\/p>\n<h3><em>Endere\u00e7o e Contato<\/em><\/h3>\n<p style=\"font-weight: 400\"><em>Campus<\/em>\u00a0Avan\u00e7ado de Pau dos Ferros (CAPF\/UERN)<\/p>\n<p style=\"font-weight: 400\">Museu de Cultura Sertaneja (MCS)<\/p>\n<p style=\"font-weight: 400\">Rodovia BR-405, Km 153, s\/n, bairro Arizona, Pau dos Ferros\/RN<\/p>\n<p style=\"font-weight: 400\"><strong>Contatos:<\/strong>\u00a0(84) 3351-2560\/3909<\/p>\n<p style=\"font-weight: 400\"><strong>E-mail:<\/strong>\u00a0museu.pferros@uern.com.br<\/p>\n<p style=\"font-weight: 400\"><strong>Facebook:<\/strong>\u00a0https:\/\/www.facebook.com\/museudeculturasertaneja\/<\/p>\n<p style=\"font-weight: 400\"><strong>Hor\u00e1rio de funcionamento:<\/strong>\u00a0de segunda a sexta-feira, das 7h \u00e0s 13h.<\/p>\n","protected":false},"excerpt":{"rendered":"<p>&nbsp; Cria\u00e7\u00e3o \u00a0 \u00a0 \u00a0 \u00a0 \u00a0 O Museu de Cultura Sertaneja (MCS) do Campus Avan\u00e7ado de Pau dos Ferros (CAPF) da Universidade do Estado do Rio Grande do Norte (UERN) foi inaugurado no dia 15 de junho de 2012 e consolidado na institui\u00e7\u00e3o por meio da Resolu\u00e7\u00e3o n\u00ba 13\/2012 \u2013 CONSUNI, de 31 de [&hellip;]<\/p>\n","protected":false},"author":1,"featured_media":0,"parent":0,"menu_order":0,"comment_status":"closed","ping_status":"closed","template":"","meta":{"footnotes":""},"class_list":["post-255","page","type-page","status-publish","hentry"],"_links":{"self":[{"href":"https:\/\/portal.uern.br\/paudosferros\/wp-json\/wp\/v2\/pages\/255","targetHints":{"allow":["GET"]}}],"collection":[{"href":"https:\/\/portal.uern.br\/paudosferros\/wp-json\/wp\/v2\/pages"}],"about":[{"href":"https:\/\/portal.uern.br\/paudosferros\/wp-json\/wp\/v2\/types\/page"}],"author":[{"embeddable":true,"href":"https:\/\/portal.uern.br\/paudosferros\/wp-json\/wp\/v2\/users\/1"}],"replies":[{"embeddable":true,"href":"https:\/\/portal.uern.br\/paudosferros\/wp-json\/wp\/v2\/comments?post=255"}],"version-history":[{"count":8,"href":"https:\/\/portal.uern.br\/paudosferros\/wp-json\/wp\/v2\/pages\/255\/revisions"}],"predecessor-version":[{"id":2235,"href":"https:\/\/portal.uern.br\/paudosferros\/wp-json\/wp\/v2\/pages\/255\/revisions\/2235"}],"wp:attachment":[{"href":"https:\/\/portal.uern.br\/paudosferros\/wp-json\/wp\/v2\/media?parent=255"}],"curies":[{"name":"wp","href":"https:\/\/api.w.org\/{rel}","templated":true}]}}