{"id":253,"date":"2022-09-21T15:00:32","date_gmt":"2022-09-21T18:00:32","guid":{"rendered":"https:\/\/paisdemossoro.com.br\/wordpress\/paudosferros\/?page_id=253"},"modified":"2022-09-21T15:00:32","modified_gmt":"2022-09-21T18:00:32","slug":"eventos","status":"publish","type":"page","link":"https:\/\/portal.uern.br\/paudosferros\/eventos\/","title":{"rendered":"Eventos"},"content":{"rendered":"<h5>XVIII SEMANA UNIVERSIT\u00c1RIA<\/h5>\n<p>O\u00a0Campus\u00a0Avan\u00e7ado de Pau dos Ferros, com o prop\u00f3sito de intensificar o interc\u00e2mbio entre professores, alunos e pesquisadores realizar\u00e1, no per\u00edodo de 11 a 14 de novembro de 2019, a\u00a0XVIII SEMANA UNIVERSIT\u00c1RIA.<\/p>\n<p>O evento ser\u00e1 composto por confer\u00eancias, mesas redondas, sess\u00f5es de comunica\u00e7\u00e3o oral, minicursos, oficinas, exposi\u00e7\u00f5es fotogr\u00e1ficas, instala\u00e7\u00f5es cient\u00edficas, atividades art\u00edstico-culturais e ser\u00e1 integrado com a Programa\u00e7\u00e3o da VII Semana de Ci\u00eancia, Tecnologia e Inova\u00e7\u00e3o e o Semin\u00e1rio de Pesquisa \u2013 SEMP do curso de Enfermagem.<\/p>\n<p>Com o tema \u201cDesafios e Perspectivas das Universidades P\u00fablicas Brasileiras na Conjuntura Atual\u201d, a\u00a0XVIII SEMANA UNIVERSIT\u00c1RIA\u00a0tem o objetivo de viabilizar o debate acerca das dificuldades das universidades p\u00fablicas brasileiras diante do contexto de crise econ\u00f4mica e pol\u00edtica que tem desafiado as dimens\u00f5es do ensino, da pesquisa e da extens\u00e3o, propondo uma agenda de discuss\u00f5es entre a academia e a comunidade que contribua para o conhecimento da realidade e de a\u00e7\u00f5es em resposta a esses desafios.<\/p>\n<p>SITE:\u00a0<a href=\"https:\/\/www.even3.com.br\/semanauniversitaria2019\/\">https:\/\/www.even3.com.br\/semanauniversitaria2019\/<\/a><\/p>\n<p>&nbsp;<\/p>\n<h5>I SIMP\u00d3SIO NACIONAL DE L\u00cdNGUAS, LITERATURA E ENSINO<\/h5>\n<p>O I Simp\u00f3sio Nacional de L\u00ednguas, Literaturas e Ensino (I SINALLEN), promovido pelo Departamento de Letras Vern\u00e1culas (DLV), da Universidade do Estado do Rio Grande do Norte (UERN),\u00a0Campus\u00a0Avan\u00e7ado Professora Maria Elisa de Albuquerque Maia (CAMEAM), em parceria com o Departamento de Letras Estrangeiras (DLE),\u00a0\u00a0Programa de P\u00f3s-Gradua\u00e7\u00e3o em Letras (PPGL),\u00a0Programa de Mestrado Profissional em Letras\u00a0(ProfLetras),\u00a0Programa de P\u00f3s-Gradua\u00e7\u00e3o em Ensino\u00a0(PPGE), ser\u00e1 realizado nos dias 03, 04 e 05 de Dezembro de 2019, em Pau dos Ferros RN.<\/p>\n<p>O I SINALLEN \u2013 I Simp\u00f3sio Nacional de L\u00ednguas, Literaturas e Ensino, tem como tema o<strong>\u00a0Ensino de l\u00ednguas e literaturas: o exerc\u00edcio da palavra como forma de resist\u00eancia<\/strong>\u00a0e tem como objetivo principal promover uma ampla discuss\u00e3o acerca do ensino de l\u00ednguas e literaturas no contexto educacional brasileiro, com \u00eanfase na constru\u00e7\u00e3o de a\u00e7\u00f5es afirmativas e de resist\u00eancias necess\u00e1rias \u00e0 (re)significa\u00e7\u00e3o dos saberes hist\u00f3rico-sociais, pela linguagem.<\/p>\n<p>Embora o ensino (ainda) esteja garantido pela nossa constitui\u00e7\u00e3o e pelos documentos que regem a nossa atividade, percebemos que, na atual conjuntura, o of\u00edcio docente encontra-se em um delicado processo de silenciamento. Os atos de pesquisar, pensar e transmitir o conhecimento, apesar de amparados legalmente, est\u00e3o postos em xeque por uma persegui\u00e7\u00e3o que vai do corte no financiamento das institui\u00e7\u00f5es \u00e0s pr\u00e1ticas individuais em sala de aula. Por esta raz\u00e3o, o I SINALLEN traz como foco a reflex\u00e3o sobre o ensino e pesquisa tanto em l\u00edngua quanto em literatura. \u00c9 na partilha de conhecimentos, na publiciza\u00e7\u00e3o e no di\u00e1logo entre as nossas produ\u00e7\u00f5es que estabeleceremos os elos necess\u00e1rios para a garantia de nosso of\u00edcio.<\/p>\n<p>Em sua primeira edi\u00e7\u00e3o, o evento contar\u00e1 com uma diversidade de atividades que perpassam as teorias lingu\u00edsticas, liter\u00e1rias e do ensino atrav\u00e9s de confer\u00eancias, mesas redondas, oficinas, minicursos, simp\u00f3sios tem\u00e1ticos, exposi\u00e7\u00f5es e apresenta\u00e7\u00f5es culturais, dentre outros. Desse modo, convidamos docentes universit\u00e1rios, pesquisadores, alunos de gradua\u00e7\u00e3o p\u00f3s-gradua\u00e7\u00e3o (mestrado e doutorado) de diversas IES do Brasil e do exterior a participarem de nossas atividades. Entre em contato conosco atrav\u00e9s do nosso site:\u00a0<a href=\"http:\/\/sinallen.com.br\/\">http:\/\/sinallen.com.br\/<\/a><\/p>\n","protected":false},"excerpt":{"rendered":"<p>XVIII SEMANA UNIVERSIT\u00c1RIA O\u00a0Campus\u00a0Avan\u00e7ado de Pau dos Ferros, com o prop\u00f3sito de intensificar o interc\u00e2mbio entre professores, alunos e pesquisadores realizar\u00e1, no per\u00edodo de 11 a 14 de novembro de 2019, a\u00a0XVIII SEMANA UNIVERSIT\u00c1RIA. O evento ser\u00e1 composto por confer\u00eancias, mesas redondas, sess\u00f5es de comunica\u00e7\u00e3o oral, minicursos, oficinas, exposi\u00e7\u00f5es fotogr\u00e1ficas, instala\u00e7\u00f5es cient\u00edficas, atividades art\u00edstico-culturais e [&hellip;]<\/p>\n","protected":false},"author":1,"featured_media":0,"parent":0,"menu_order":0,"comment_status":"closed","ping_status":"closed","template":"","meta":{"footnotes":""},"class_list":["post-253","page","type-page","status-publish","hentry"],"_links":{"self":[{"href":"https:\/\/portal.uern.br\/paudosferros\/wp-json\/wp\/v2\/pages\/253","targetHints":{"allow":["GET"]}}],"collection":[{"href":"https:\/\/portal.uern.br\/paudosferros\/wp-json\/wp\/v2\/pages"}],"about":[{"href":"https:\/\/portal.uern.br\/paudosferros\/wp-json\/wp\/v2\/types\/page"}],"author":[{"embeddable":true,"href":"https:\/\/portal.uern.br\/paudosferros\/wp-json\/wp\/v2\/users\/1"}],"replies":[{"embeddable":true,"href":"https:\/\/portal.uern.br\/paudosferros\/wp-json\/wp\/v2\/comments?post=253"}],"version-history":[{"count":1,"href":"https:\/\/portal.uern.br\/paudosferros\/wp-json\/wp\/v2\/pages\/253\/revisions"}],"predecessor-version":[{"id":254,"href":"https:\/\/portal.uern.br\/paudosferros\/wp-json\/wp\/v2\/pages\/253\/revisions\/254"}],"wp:attachment":[{"href":"https:\/\/portal.uern.br\/paudosferros\/wp-json\/wp\/v2\/media?parent=253"}],"curies":[{"name":"wp","href":"https:\/\/api.w.org\/{rel}","templated":true}]}}