{"id":251,"date":"2022-09-21T14:57:35","date_gmt":"2022-09-21T17:57:35","guid":{"rendered":"https:\/\/paisdemossoro.com.br\/wordpress\/paudosferros\/?page_id=251"},"modified":"2026-03-11T08:10:07","modified_gmt":"2026-03-11T11:10:07","slug":"equipe-tecnica","status":"publish","type":"page","link":"https:\/\/portal.uern.br\/paudosferros\/equipe-tecnica\/","title":{"rendered":"Equipe T\u00e9cnica"},"content":{"rendered":"<p class=\"western\" align=\"justify\"><span style=\"font-size: 12pt;font-family: georgia, palatino, serif;color: #000000\"><strong>DIRE\u00c7\u00c3O<\/strong><\/span><\/p>\n<p class=\"western\" align=\"justify\"><span style=\"font-size: 12pt;font-family: georgia, palatino, serif;color: #000000\">Luciano Dias Delfino \u2013 Agente T\u00e9cnico Administrativo<\/span><\/p>\n<p class=\"western\" align=\"justify\"><span style=\"font-size: 12pt;font-family: georgia, palatino, serif;color: #000000\"><strong>SECRETARIA GERAL<\/strong><\/span><\/p>\n<p class=\"western\" align=\"justify\"><span style=\"color: #000000;font-size: 12pt;font-family: georgia, palatino, serif\">Ivanilson Dantas da Silva \u2013 Secret\u00e1rio Geral do campus=<\/span><\/p>\n<p class=\"western\" align=\"justify\"><span style=\"font-size: 12pt;font-family: georgia, palatino, serif;color: #000000\">Eliane de Souza Lemos \u2013 Agente T\u00e9cnico Administrativo<\/span><\/p>\n<p class=\"western\" align=\"justify\"><span style=\"font-family: georgia, palatino, serif;font-size: 12pt;color: #000000\"><b>OUVIDORIA<\/b><\/span><\/p>\n<p class=\"western\" align=\"justify\"><span style=\"font-family: georgia, palatino, serif;font-size: 12pt;color: #000000\">Cintia Carize de G\u00f3is Menezes \u2013 Ouvidora<\/span><\/p>\n<p class=\"western\" align=\"justify\"><span style=\"font-family: georgia, palatino, serif;font-size: 12pt;color: #000000\"><b>DIVIS\u00c3O DE GOVERNAN\u00c7A<\/b><\/span><\/p>\n<p class=\"western\" align=\"justify\"><span style=\"color: #000000;font-size: 12pt;font-family: georgia, palatino, serif\"> Jos\u00e9 Roberto da Silva \u2013 Chefe de divis\u00e3o de Governan\u00e7a<\/span><\/p>\n<p class=\"western\" align=\"justify\"><span style=\"font-family: georgia, palatino, serif;font-size: 12pt;color: #000000\"><b>DIVIS\u00c3O DA TECNOLOGIA DA INFORMA\u00c7\u00c3O<\/b><\/span><\/p>\n<p class=\"western\" align=\"justify\"><span style=\"color: #000000;font-size: 12pt;font-family: georgia, palatino, serif\">Ivan Kleber Rego Gon\u00e7alves \u2013 Chefe da divis\u00e3o de inform\u00e1tica\u00a0<\/span><\/p>\n<p class=\"western\" align=\"justify\"><span style=\"font-family: georgia, palatino, serif;font-size: 12pt;color: #000000\"><b>DIVIS\u00c3O DE TRANSPORTE<\/b><\/span><\/p>\n<p class=\"western\" align=\"justify\"><span style=\"color: #000000;font-size: 12pt;font-family: georgia, palatino, serif\">Krysplus Sanchuan Oliveira Paiva \u2013 Chefe de divis\u00e3o de Transporte<\/span><\/p>\n<p class=\"western\" align=\"justify\"><span style=\"font-family: georgia, palatino, serif;font-size: 12pt;color: #000000\"><b>MUSEU DE CULTURA SERTANEJA\u00a0<\/b><\/span><\/p>\n<p class=\"western\" align=\"justify\"><span style=\"color: #000000;font-size: 12pt;font-family: georgia, palatino, serif\"> Prof. Dr. Jose Gevildo Viana \u2013 Coordenador do Museu<\/span><\/p>\n<p align=\"justify\"><span style=\"color: #000000;font-size: 12pt;font-family: georgia, palatino, serif\">D\u00e9bora Katiene Pinheiro Sizenando \u2013 Agente T\u00e9cnico Administrativo<\/span><\/p>\n<p class=\"western\" align=\"justify\"><span style=\"color: #000000;font-size: 12pt;font-family: georgia, palatino, serif\"><b>BIBLIOTECA SETORIAL\u00a0<\/b><\/span><\/p>\n<p class=\"western\" align=\"justify\"><span style=\"color: #000000;font-size: 12pt;font-family: georgia, palatino, serif\">Francismeyre Gomes de Oliveira \u2013 BIBLIOTEC\u00c1RIA \u2013 Coordenadora<\/span><\/p>\n<p class=\"western\" align=\"justify\"><span style=\"color: #000000;font-size: 12pt;font-family: georgia, palatino, serif\">Francisco Matheus Ricelly Pinto de Sena \u2013 Agente T\u00e9cnico Administrativo<\/span><\/p>\n<p class=\"western\" align=\"justify\"><span style=\"font-size: 12pt;font-family: georgia, palatino, serif;color: #000000\">Ant\u00f4nio Brunielle Pessoa Freire \u2013 <span style=\"font-size: 12pt;font-family: georgia, palatino, serif\">Agente T\u00e9cnico Administrativo<\/span><\/span><\/p>\n<p class=\"western\" align=\"justify\"><span style=\"color: #000000;font-size: 12pt;font-family: georgia, palatino, serif\"> Risonete Maria da Silva \u2013 Assistente Administrativo <\/span><\/p>\n<p class=\"western\" align=\"justify\"><span style=\"font-family: georgia, palatino, serif;font-size: 12pt;color: #000000\"><b>DEPARTAMENTO DE ADMINISTRA\u00c7\u00c3O\u00a0<\/b><\/span><\/p>\n<p class=\"western\" align=\"justify\"><span style=\"font-size: 12pt;font-family: georgia, palatino, serif;color: #000000\">Giullyana Lucenia Batalha Rocha Fernandes Lobo \u2013 <span style=\"font-size: 12pt;font-family: georgia, palatino, serif\">Agente T\u00e9cnico Administrativo<\/span><\/span><\/p>\n<p align=\"justify\"><span style=\"font-size: 12pt;font-family: georgia, palatino, serif;color: #000000\">Jos\u00e9 Carlos Gomes Batista \u2013 <span style=\"font-size: 12pt;font-family: georgia, palatino, serif\">Agente T\u00e9cnico Administrativo<\/span><\/span><\/p>\n<p class=\"western\" align=\"justify\"><span style=\"font-family: georgia, palatino, serif;font-size: 12pt;color: #000000\"><b>DEPARTAMENTO DE ECONOMIA<\/b><\/span><\/p>\n<p align=\"justify\"><span style=\"color: #000000;font-size: 12pt;font-family: georgia, palatino, serif\">Caio Matheus Ferreira Maia \u2013 Agente T\u00e9cnico Administrativo<\/span><\/p>\n<p class=\"western\" align=\"justify\"><span style=\"color: #000000;font-size: 12pt;font-family: georgia, palatino, serif\">Dayana Thais da Concei\u00e7\u00e3o Costa \u2013 Assistente administrativo<\/span><\/p>\n<p class=\"western\" align=\"justify\"><span style=\"font-family: georgia, palatino, serif;font-size: 12pt;color: #000000\"><b>DEPARTAMENTO DE EDUCA\u00c7\u00c3O<\/b><\/span><\/p>\n<p class=\"western\" align=\"justify\"><span style=\"color: #000000;font-size: 12pt;font-family: georgia, palatino, serif\"> Ant\u00f4nia Gerlania Viana Medeiros \u2013 Assistente Administrativo<\/span><\/p>\n<p class=\"western\" align=\"justify\"><span style=\"color: #000000;font-size: 12pt;font-family: georgia, palatino, serif\"> Francisco Lindomar Chaves da Silva \u2013 Agente T\u00e9cnico Administrativo<\/span><\/p>\n<p class=\"western\" align=\"justify\"><span style=\"font-family: georgia, palatino, serif;font-size: 12pt;color: #000000\"><strong>DEPARTAMENTO DE EDUCA\u00c7\u00c3O F\u00cdSICA\u00a0<\/strong><\/span><\/p>\n<p class=\"western\" align=\"justify\"><span style=\"color: #000000;font-size: 12pt;font-family: georgia, palatino, serif\">Jacicleide Alves Falc\u00e3o \u2013 Assistente Administrativo<\/span><\/p>\n<p class=\"western\" align=\"justify\"><span style=\"font-size: 12pt;font-family: georgia, palatino, serif;color: #000000\">Yuri Giwagner Alves Carvalho \u2013 <span style=\"font-size: 12pt;font-family: georgia, palatino, serif\">Agente T\u00e9cnico Administrativo<\/span><\/span><\/p>\n<p class=\"western\" align=\"justify\"><span style=\"font-family: georgia, palatino, serif;font-size: 12pt;color: #000000\"><b>DEPARTAMENTO DE ENFERMAGEM\u00a0<\/b><\/span><\/p>\n<p class=\"western\" align=\"justify\"><span style=\"color: #000000;font-size: 12pt;font-family: georgia, palatino, serif\">Jo\u00e3o Bezerra de Queiroz Neto \u2013 T\u00e9cnico de laborat\u00f3rio<\/span><\/p>\n<p class=\"western\" align=\"justify\"><span style=\"color: #000000;font-size: 12pt;font-family: georgia, palatino, serif\">Mary Jeane Ferreira Rocha \u2013 Assistente Administrativo<\/span><\/p>\n<p class=\"western\" align=\"justify\"><span style=\"color: #000000;font-size: 12pt;font-family: georgia, palatino, serif\">Rafaela Moreira Gurgel da Costa \u2013 Agente T\u00e9cnico Administrativo<\/span><\/p>\n<p class=\"western\" align=\"justify\"><span style=\"font-family: georgia, palatino, serif;font-size: 12pt;color: #000000\"><b>DEPARTAMENTO DE GEOGRAFIA<\/b><\/span><\/p>\n<p align=\"justify\"><span style=\"font-size: 12pt;font-family: georgia, palatino, serif;color: #000000\">Andreia Karla Michelle de Lima Ara\u00fajo \u2013 Assistente Administrativo<\/span><\/p>\n<p class=\"western\" align=\"justify\"><span style=\"color: #000000;font-size: 12pt;font-family: georgia, palatino, serif\">Eliane Maria de Oliveira \u2013 Assistente Administrativo<\/span><\/p>\n<p class=\"western\" align=\"justify\"><span style=\"font-family: georgia, palatino, serif;font-size: 12pt;color: #000000\"><b>DEPARTAMENTO DE LETRAS ESTRANGEIRAS<\/b><\/span><\/p>\n<p class=\"western\" align=\"justify\"><span style=\"font-size: 12pt;font-family: georgia, palatino, serif;color: #000000\">Cynthia Sonally Fernandes Ferreira \u2013 <span style=\"font-size: 12pt;font-family: georgia, palatino, serif\">Assistente Administrativo<\/span><\/span><\/p>\n<p class=\"western\" align=\"justify\"><span style=\"color: #000000;font-size: 12pt;font-family: georgia, palatino, serif\">Maria Tatiana Peixoto \u2013 Agente T\u00e9cnico Administrativo<\/span><\/p>\n<p class=\"western\" align=\"justify\"><span style=\"font-family: georgia, palatino, serif;font-size: 12pt;color: #000000\"><b>DEPARTAMENTO DE LETRAS VERN\u00c1CULAS<\/b><\/span><\/p>\n<p class=\"western\" align=\"justify\"><span style=\"color: #000000;font-size: 12pt;font-family: georgia, palatino, serif\">Kalliny M. da Concei\u00e7\u00e3o B. Teixeira \u2013 Assistente Administrativo<\/span><\/p>\n<p class=\"western\" align=\"justify\"><span style=\"color: #000000;font-size: 12pt;font-family: georgia, palatino, serif\">Simone Marcia dos G. Co\u00ealho \u2013 Agente T\u00e9cnico Administrativo<\/span><\/p>\n<p align=\"justify\"><span style=\"color: #000000;font-size: 12pt;font-family: georgia, palatino, serif\">M\u00e1rcio C\u00e9lio Freire T\u00f4rres &#8211; Assistente administrativo<\/span><\/p>\n<p class=\"western\" align=\"justify\"><span style=\"font-family: georgia, palatino, serif;font-size: 12pt;color: #000000\"><b>PROFLETRAS<\/b><\/span><\/p>\n<p class=\"western\" align=\"justify\"><span style=\"color: #000000;font-size: 12pt;font-family: georgia, palatino, serif\">Edneudo Cavalcante de Medeiros \u2013 Secret\u00e1rio<\/span><\/p>\n<p class=\"western\" align=\"justify\"><span style=\"font-family: georgia, palatino, serif;font-size: 12pt;color: #000000\"><b>PROGRAMA DE P\u00d3S-GRADUA\u00c7\u00c3O EM LETRAS \u2013 PPGL<\/b><\/span><\/p>\n<p align=\"justify\"><span style=\"color: #000000;font-size: 12pt;font-family: georgia, palatino, serif\">Ricardo Soares Abrantes \u2013 Secret\u00e1rio<\/span><\/p>\n<p class=\"western\" align=\"justify\"><span style=\"font-size: 12pt;font-family: georgia, palatino, serif;color: #000000\">Cyron Rodrigo Dias da Silva \u2013 Assistente Administrativo<\/span><\/p>\n<p class=\"western\" align=\"justify\"><span style=\"font-family: georgia, palatino, serif;font-size: 12pt;color: #000000\">Francisca Ticiany Barbosa Lopes de Oliveira \u2013 Assistente administrativo<\/span><\/p>\n<p class=\"western\" align=\"justify\"><span style=\"font-family: georgia, palatino, serif;font-size: 12pt;color: #000000\"><b>PROGRAMA DE P\u00d3S-GRADUA\u00c7\u00c3O EM ENSINO \u2013 PPGE<\/b><\/span><\/p>\n<p class=\"western\" align=\"justify\"><span style=\"font-size: 12pt;font-family: georgia, palatino, serif;color: #000000\">Francisco Renato da Silva Santos \u2013 Secret\u00e1rio<\/span><\/p>\n<p class=\"western\" align=\"justify\"><span style=\"font-family: georgia, palatino, serif;font-size: 12pt;color: #000000\"><b>PLANDITES<\/b><\/span><\/p>\n<p align=\"justify\"><span style=\"color: #000000;font-size: 12pt;font-family: georgia, palatino, serif\">Francisco Madson de Queiroz \u2013 Secret\u00e1rio<\/span><\/p>\n<p class=\"western\" align=\"left\">\n","protected":false},"excerpt":{"rendered":"<p>DIRE\u00c7\u00c3O Luciano Dias Delfino \u2013 Agente T\u00e9cnico Administrativo SECRETARIA GERAL Ivanilson Dantas da Silva \u2013 Secret\u00e1rio Geral do campus= Eliane de Souza Lemos \u2013 Agente T\u00e9cnico Administrativo OUVIDORIA Cintia Carize de G\u00f3is Menezes \u2013 Ouvidora DIVIS\u00c3O DE GOVERNAN\u00c7A Jos\u00e9 Roberto da Silva \u2013 Chefe de divis\u00e3o de Governan\u00e7a DIVIS\u00c3O DA TECNOLOGIA DA INFORMA\u00c7\u00c3O Ivan Kleber [&hellip;]<\/p>\n","protected":false},"author":1,"featured_media":0,"parent":0,"menu_order":0,"comment_status":"closed","ping_status":"closed","template":"","meta":{"footnotes":""},"class_list":["post-251","page","type-page","status-publish","hentry"],"_links":{"self":[{"href":"https:\/\/portal.uern.br\/paudosferros\/wp-json\/wp\/v2\/pages\/251","targetHints":{"allow":["GET"]}}],"collection":[{"href":"https:\/\/portal.uern.br\/paudosferros\/wp-json\/wp\/v2\/pages"}],"about":[{"href":"https:\/\/portal.uern.br\/paudosferros\/wp-json\/wp\/v2\/types\/page"}],"author":[{"embeddable":true,"href":"https:\/\/portal.uern.br\/paudosferros\/wp-json\/wp\/v2\/users\/1"}],"replies":[{"embeddable":true,"href":"https:\/\/portal.uern.br\/paudosferros\/wp-json\/wp\/v2\/comments?post=251"}],"version-history":[{"count":30,"href":"https:\/\/portal.uern.br\/paudosferros\/wp-json\/wp\/v2\/pages\/251\/revisions"}],"predecessor-version":[{"id":2607,"href":"https:\/\/portal.uern.br\/paudosferros\/wp-json\/wp\/v2\/pages\/251\/revisions\/2607"}],"wp:attachment":[{"href":"https:\/\/portal.uern.br\/paudosferros\/wp-json\/wp\/v2\/media?parent=251"}],"curies":[{"name":"wp","href":"https:\/\/api.w.org\/{rel}","templated":true}]}}