{"id":249,"date":"2022-09-21T14:56:25","date_gmt":"2022-09-21T17:56:25","guid":{"rendered":"https:\/\/paisdemossoro.com.br\/wordpress\/paudosferros\/?page_id=249"},"modified":"2026-01-27T08:09:09","modified_gmt":"2026-01-27T11:09:09","slug":"gestao","status":"publish","type":"page","link":"https:\/\/portal.uern.br\/paudosferros\/gestao\/","title":{"rendered":"Gest\u00e3o"},"content":{"rendered":"<p><span style=\"font-family: Times New Roman, serif\"><span style=\"font-size: large\">GEST\u00c3O 2024 A 2028<\/span><\/span><\/p>\n<p><span style=\"font-family: 'times new roman', times, serif;font-size: 14pt\"><strong>Prof. Dr. Jailson Jos\u00e9 dos Santos<\/strong><\/span><\/p>\n<p><span style=\"color: #1d1d1b\"><span style=\"font-family: Times New Roman, serif\"><span style=\"font-size: large\">Diretor do CAPF\/UERN<br \/>\nE-mail: jailsonsantos@uern.br<\/span><\/span><\/span><\/p>\n<p><span style=\"color: #1d1d1b;font-size: 14pt\"><span style=\"font-family: Times New Roman, serif\"><b>Profa. Dra. Sidn\u00e9ia Maia de Oliveira Rego<\/b><\/span><\/span><\/p>\n<p><span style=\"color: #1d1d1b\"><span style=\"font-family: Times New Roman, serif\"><span style=\"font-size: large\">Vice-diretora do CAPF\/UERN\u00a0 \u00a0 \u00a0 \u00a0 \u00a0 \u00a0 \u00a0 \u00a0 \u00a0 \u00a0 \u00a0 \u00a0 \u00a0 \u00a0 \u00a0 \u00a0 \u00a0 \u00a0 \u00a0 \u00a0 \u00a0 \u00a0 \u00a0 \u00a0 \u00a0 \u00a0 \u00a0 \u00a0 \u00a0 \u00a0 \u00a0 \u00a0 \u00a0 \u00a0 \u00a0 \u00a0 \u00a0 \u00a0 \u00a0 \u00a0 \u00a0 \u00a0 \u00a0 \u00a0 \u00a0 \u00a0 \u00a0 \u00a0 \u00a0 \u00a0 \u00a0 \u00a0 \u00a0 \u00a0 \u00a0 \u00a0 \u00a0 \u00a0 \u00a0 \u00a0 \u00a0 \u00a0 \u00a0 \u00a0 \u00a0 \u00a0 \u00a0 \u00a0 \u00a0 \u00a0 \u00a0 \u00a0 \u00a0 \u00a0 \u00a0 \u00a0 \u00a0 \u00a0 \u00a0 \u00a0 \u00a0<\/span><\/span><\/span><span style=\"color: #1d1d1b\"><span style=\"font-family: Times New Roman, serif\"><span style=\"font-size: large\">E-mail: sidneiamaia@uern.br<\/span><\/span><\/span><\/p>\n<p><span style=\"font-size: 14pt\"><strong><span style=\"color: #1d1d1b\"><span style=\"font-family: Times New Roman, serif\">Luciano Dias Rufino<\/span><\/span><\/strong><\/span><\/p>\n<p><span style=\"color: #1d1d1b\"><span style=\"font-family: Times New Roman, serif\"><span style=\"font-size: large\">T\u00e9cnico de N\u00edvel M\u00e9dio: Assistente Administrativo<br \/>\nE-mail: pferros@uern.br<\/span><\/span><\/span><\/p>\n<p><span style=\"font-size: 14pt\"><strong><span style=\"color: #1d1d1b\"><span style=\"font-family: Times New Roman, serif\">Ivanilson Dantas da Silva<\/span><\/span><\/strong><\/span><\/p>\n<p><span style=\"color: #1d1d1b\"><span style=\"font-family: Times New Roman, serif\"><span style=\"font-size: large\">Secret\u00e1rio-Geral do CAPF\/UERN<br \/>\nE-mail: secretaria.pferros@uern.br<\/span><\/span><\/span><\/p>\n<p><span style=\"color: #1d1d1b;font-size: 14pt\"><span style=\"font-family: Times New Roman, serif\"><b>C\u00edntia Carize de G\u00f3is Menezes<\/b><\/span><\/span><\/p>\n<p><span style=\"color: #1d1d1b\"><span style=\"font-family: Times New Roman, serif\"><span style=\"font-size: large\">Ouvidora do CAPF\/UERN\u00a0 \u00a0 \u00a0 \u00a0 \u00a0 \u00a0 \u00a0 \u00a0 \u00a0 \u00a0 \u00a0 \u00a0 \u00a0 \u00a0 \u00a0 \u00a0 \u00a0 \u00a0 \u00a0 \u00a0 \u00a0 \u00a0 \u00a0 \u00a0 \u00a0 \u00a0 \u00a0 \u00a0 \u00a0 \u00a0 \u00a0 \u00a0 \u00a0 \u00a0 \u00a0 \u00a0 \u00a0 \u00a0 \u00a0 \u00a0 \u00a0 \u00a0 \u00a0 \u00a0 \u00a0 \u00a0 \u00a0 \u00a0 \u00a0 \u00a0 \u00a0 \u00a0 \u00a0 \u00a0 \u00a0 \u00a0 \u00a0 \u00a0 \u00a0 \u00a0 \u00a0 \u00a0 \u00a0 \u00a0 \u00a0 \u00a0 \u00a0 \u00a0 \u00a0 \u00a0 \u00a0 \u00a0 \u00a0 \u00a0 \u00a0 \u00a0 \u00a0 \u00a0 \u00a0 \u00a0 \u00a0 \u00a0 \u00a0 <\/span><\/span><\/span><span style=\"color: #1d1d1b\"><span style=\"font-family: Times New Roman, serif\"><span style=\"font-size: large\">E-mail: ouvidoria.capf@uern.br<\/span><\/span><\/span><\/p>\n<p><span style=\"color: #1d1d1b;font-size: 14pt\"><span style=\"font-family: Times New Roman, serif\"><b>Francismeiry Gomes de Oliveira<\/b><\/span><\/span><\/p>\n<p><span style=\"color: #1d1d1b\"><span style=\"font-family: Times New Roman, serif\"><span style=\"font-size: large\">Coordenadora da Biblioteca Setorial\u00a0 \u00a0 \u00a0 \u00a0 \u00a0 \u00a0 \u00a0 \u00a0 \u00a0 \u00a0 \u00a0 \u00a0 \u00a0 \u00a0 \u00a0 \u00a0 \u00a0 \u00a0 \u00a0 \u00a0 \u00a0 \u00a0 \u00a0 \u00a0 \u00a0 \u00a0 \u00a0 \u00a0 \u00a0 \u00a0 \u00a0 \u00a0 \u00a0 \u00a0 \u00a0 \u00a0 \u00a0 \u00a0 \u00a0 \u00a0 \u00a0 \u00a0 \u00a0 \u00a0 \u00a0 \u00a0 \u00a0 \u00a0 \u00a0 \u00a0 \u00a0 \u00a0 \u00a0 \u00a0 \u00a0 \u00a0 \u00a0 \u00a0 \u00a0 \u00a0 \u00a0 \u00a0 \u00a0 \u00a0 \u00a0 \u00a0 \u00a0 \u00a0 \u00a0 \u00a0 \u00a0 \u00a0 \u00a0 \u00a0 \u00a0 <\/span><\/span><\/span><span style=\"color: #1d1d1b\"><span style=\"font-family: Times New Roman, serif\"><span style=\"font-size: large\">E-mail: pferros@biblioteca.uern.br<\/span><\/span><\/span><\/p>\n<p><span style=\"font-size: 14pt;font-family: 'times new roman', times, serif;color: #000000\"><strong>Jos\u00e9 Roberto da Silva<\/strong><\/span><\/p>\n<p><span style=\"color: #1d1d1b\"><span style=\"font-family: Times New Roman, serif\"><span style=\"font-size: large\">Chefe da Divis\u00e3o de Governan\u00e7a do CAPF\/UERN<br \/>\nE-mail: subprefeitura.pferros@uern.br<\/span><\/span><\/span><\/p>\n<p><span style=\"font-size: 14pt;color: #000000\"><strong><span style=\"font-family: 'times new roman', times, serif\">Prof. Dr. Jose Gevildo Viana<\/span><\/strong><\/span><\/p>\n<p><span style=\"color: #1d1d1b\"><span style=\"font-family: Times New Roman, serif\"><span style=\"font-size: large\">Coordenador do Museu\u00a0 \u00a0 \u00a0 \u00a0 \u00a0 \u00a0 \u00a0 \u00a0 \u00a0 \u00a0 \u00a0 \u00a0 \u00a0 \u00a0 \u00a0 \u00a0 \u00a0 \u00a0 \u00a0 \u00a0 \u00a0 \u00a0 \u00a0 \u00a0 \u00a0 \u00a0 \u00a0 \u00a0 \u00a0 \u00a0 \u00a0 \u00a0 \u00a0 \u00a0 \u00a0 \u00a0 \u00a0 \u00a0 \u00a0 \u00a0 \u00a0 \u00a0 \u00a0 \u00a0 \u00a0 \u00a0 \u00a0 \u00a0 \u00a0 \u00a0 \u00a0 \u00a0 \u00a0 \u00a0 \u00a0 \u00a0 \u00a0 \u00a0 \u00a0 \u00a0 \u00a0 \u00a0 \u00a0 \u00a0 \u00a0 \u00a0 \u00a0 \u00a0 \u00a0 \u00a0 \u00a0 \u00a0 \u00a0 \u00a0 \u00a0 \u00a0 \u00a0 \u00a0 \u00a0 \u00a0 \u00a0 \u00a0 \u00a0 \u00a0 \u00a0 \u00a0<\/span><\/span><\/span><span style=\"color: #1d1d1b\"><span style=\"font-family: Times New Roman, serif\"><span style=\"font-size: large\">E-mail: museu.pferros@uern.br<\/span><\/span><\/span><\/p>\n<p><span style=\"color: #000000;font-size: 14pt\"><span style=\"font-family: Times New Roman, serif\"><b>Krysplus Sanchuan de Oliveira Paiva<\/b><\/span><\/span><\/p>\n<p><span style=\"color: #000000\"><span style=\"font-family: Times New Roman, serif\"><span style=\"font-size: large\">Chefe da Divis\u00e3o de Transporte do CAPF\/UERN\u00a0 \u00a0 \u00a0 \u00a0 \u00a0 \u00a0 \u00a0 \u00a0 \u00a0 \u00a0 \u00a0 \u00a0 \u00a0 \u00a0 \u00a0 \u00a0 \u00a0 \u00a0 \u00a0 \u00a0 \u00a0 \u00a0 \u00a0 \u00a0 \u00a0 \u00a0 \u00a0 \u00a0 \u00a0 \u00a0 \u00a0 \u00a0 \u00a0 \u00a0 \u00a0 \u00a0 \u00a0 \u00a0 \u00a0 \u00a0 \u00a0 \u00a0 \u00a0 \u00a0 \u00a0 \u00a0 \u00a0 \u00a0 \u00a0 \u00a0 \u00a0 \u00a0 \u00a0 \u00a0 \u00a0 \u00a0 \u00a0 \u00a0 \u00a0 \u00a0 \u00a0 \u00a0 \u00a0 \u00a0 \u00a0 <\/span><\/span><\/span><span style=\"color: #000000\"><span style=\"font-family: Times New Roman, serif\"><span style=\"font-size: large\">E-mail: <\/span><\/span><\/span><span style=\"font-family: Times New Roman, serif\"><span style=\"font-size: large\">transporte.pferros@uern.br<\/span><\/span><\/p>\n<p><span style=\"color: #000000;font-size: 14pt\"><span style=\"font-family: Times New Roman, serif\"><b>Ivan Kleber Rego Gon\u00e7alves<\/b><\/span><\/span><\/p>\n<p><span style=\"color: #000000\"><span style=\"font-family: Times New Roman, serif\"><span style=\"font-size: large\">Chefe da Divis\u00e3o de Tecnologia da Informa\u00e7\u00e3o do CAPF\/UERN\u00a0 \u00a0 \u00a0 \u00a0 \u00a0 \u00a0 \u00a0 \u00a0 \u00a0 \u00a0 \u00a0 \u00a0 \u00a0 \u00a0 \u00a0 \u00a0 \u00a0 \u00a0 \u00a0 \u00a0 \u00a0 \u00a0 \u00a0 \u00a0 \u00a0 \u00a0 \u00a0 \u00a0 \u00a0 \u00a0 \u00a0 \u00a0 \u00a0 \u00a0 \u00a0 \u00a0 \u00a0 \u00a0 \u00a0 \u00a0 \u00a0 \u00a0 \u00a0 \u00a0 \u00a0 \u00a0 \u00a0 \u00a0 \u00a0 \u00a0 \u00a0 \u00a0 \u00a0<\/span><\/span><\/span><span style=\"color: #000000\"><span style=\"font-family: Times New Roman, serif\"><span style=\"font-size: large\">E-mail: sti@uern.br<\/span><\/span><\/span><\/p>\n<p><span style=\"color: #000000;font-size: 14pt\"><span style=\"font-family: Times New Roman, serif\"><b>Disneyl\u00e2ndia Maria Ribeiro<\/b><\/span><\/span><\/p>\n<p><span style=\"color: #000000\"><span style=\"font-family: Times New Roman, serif\"><span style=\"font-size: large\">Chefe da Divis\u00e3o de Pol\u00edticas e A\u00e7\u00f5es Inclusivas\u00a0 \u00a0 \u00a0 \u00a0 \u00a0 \u00a0 \u00a0 \u00a0 \u00a0 \u00a0 \u00a0 \u00a0 \u00a0 \u00a0 \u00a0 \u00a0 \u00a0 \u00a0 \u00a0 \u00a0 \u00a0 \u00a0 \u00a0 \u00a0 \u00a0 \u00a0 \u00a0 \u00a0 \u00a0 \u00a0 \u00a0 \u00a0 \u00a0 \u00a0 \u00a0 \u00a0 \u00a0 \u00a0 \u00a0 \u00a0 \u00a0 \u00a0 \u00a0 \u00a0 \u00a0 \u00a0 \u00a0 \u00a0 \u00a0 \u00a0 \u00a0 \u00a0 \u00a0 \u00a0 \u00a0 \u00a0 \u00a0 \u00a0 \u00a0 \u00a0 \u00a0 \u00a0 \u00a0 \u00a0 \u00a0 \u00a0 \u00a0 <\/span><\/span><\/span><span style=\"color: #000000\"><span style=\"font-family: Times New Roman, serif\"><span style=\"font-size: large\">E-mail: disneylandiaribeiro@uern.br<\/span><\/span><\/span><\/p>\n<p>&nbsp;<\/p>\n","protected":false},"excerpt":{"rendered":"<p>GEST\u00c3O 2024 A 2028 Prof. Dr. Jailson Jos\u00e9 dos Santos Diretor do CAPF\/UERN E-mail: jailsonsantos@uern.br Profa. Dra. Sidn\u00e9ia Maia de Oliveira Rego Vice-diretora do CAPF\/UERN\u00a0 \u00a0 \u00a0 \u00a0 \u00a0 \u00a0 \u00a0 \u00a0 \u00a0 \u00a0 \u00a0 \u00a0 \u00a0 \u00a0 \u00a0 \u00a0 \u00a0 \u00a0 \u00a0 \u00a0 \u00a0 \u00a0 \u00a0 \u00a0 \u00a0 \u00a0 \u00a0 \u00a0 \u00a0 \u00a0 \u00a0 [&hellip;]<\/p>\n","protected":false},"author":1,"featured_media":0,"parent":0,"menu_order":0,"comment_status":"closed","ping_status":"closed","template":"","meta":{"footnotes":""},"class_list":["post-249","page","type-page","status-publish","hentry"],"_links":{"self":[{"href":"https:\/\/portal.uern.br\/paudosferros\/wp-json\/wp\/v2\/pages\/249","targetHints":{"allow":["GET"]}}],"collection":[{"href":"https:\/\/portal.uern.br\/paudosferros\/wp-json\/wp\/v2\/pages"}],"about":[{"href":"https:\/\/portal.uern.br\/paudosferros\/wp-json\/wp\/v2\/types\/page"}],"author":[{"embeddable":true,"href":"https:\/\/portal.uern.br\/paudosferros\/wp-json\/wp\/v2\/users\/1"}],"replies":[{"embeddable":true,"href":"https:\/\/portal.uern.br\/paudosferros\/wp-json\/wp\/v2\/comments?post=249"}],"version-history":[{"count":16,"href":"https:\/\/portal.uern.br\/paudosferros\/wp-json\/wp\/v2\/pages\/249\/revisions"}],"predecessor-version":[{"id":2581,"href":"https:\/\/portal.uern.br\/paudosferros\/wp-json\/wp\/v2\/pages\/249\/revisions\/2581"}],"wp:attachment":[{"href":"https:\/\/portal.uern.br\/paudosferros\/wp-json\/wp\/v2\/media?parent=249"}],"curies":[{"name":"wp","href":"https:\/\/api.w.org\/{rel}","templated":true}]}}