{"id":2267,"date":"2024-06-28T08:33:18","date_gmt":"2024-06-28T11:33:18","guid":{"rendered":"https:\/\/portal.uern.br\/paudosferros\/?page_id=2267"},"modified":"2025-09-18T11:04:44","modified_gmt":"2025-09-18T14:04:44","slug":"carta-de-servico-2024","status":"publish","type":"page","link":"https:\/\/portal.uern.br\/paudosferros\/carta-de-servico-2024\/","title":{"rendered":"Carta de Servi\u00e7o"},"content":{"rendered":"<p>Conhe\u00e7a os servi\u00e7os ofertados pela UERN <em>Campus<\/em> Pau dos Ferros: <a href=\"https:\/\/portal.uern.br\/paudosferros\/wp-content\/uploads\/2025\/09\/Atualizacao_carta_de_servicos_ao_cidadao_2025.pdf\">Carta de servi\u00e7os ao cidad\u00e3o<\/a><\/p>\n","protected":false},"excerpt":{"rendered":"<p>Conhe\u00e7a os servi\u00e7os ofertados pela UERN Campus Pau dos Ferros: Carta de servi\u00e7os ao cidad\u00e3o<\/p>\n","protected":false},"author":12,"featured_media":0,"parent":0,"menu_order":0,"comment_status":"closed","ping_status":"closed","template":"","meta":{"footnotes":""},"class_list":["post-2267","page","type-page","status-publish","hentry"],"_links":{"self":[{"href":"https:\/\/portal.uern.br\/paudosferros\/wp-json\/wp\/v2\/pages\/2267","targetHints":{"allow":["GET"]}}],"collection":[{"href":"https:\/\/portal.uern.br\/paudosferros\/wp-json\/wp\/v2\/pages"}],"about":[{"href":"https:\/\/portal.uern.br\/paudosferros\/wp-json\/wp\/v2\/types\/page"}],"author":[{"embeddable":true,"href":"https:\/\/portal.uern.br\/paudosferros\/wp-json\/wp\/v2\/users\/12"}],"replies":[{"embeddable":true,"href":"https:\/\/portal.uern.br\/paudosferros\/wp-json\/wp\/v2\/comments?post=2267"}],"version-history":[{"count":3,"href":"https:\/\/portal.uern.br\/paudosferros\/wp-json\/wp\/v2\/pages\/2267\/revisions"}],"predecessor-version":[{"id":2572,"href":"https:\/\/portal.uern.br\/paudosferros\/wp-json\/wp\/v2\/pages\/2267\/revisions\/2572"}],"wp:attachment":[{"href":"https:\/\/portal.uern.br\/paudosferros\/wp-json\/wp\/v2\/media?parent=2267"}],"curies":[{"name":"wp","href":"https:\/\/api.w.org\/{rel}","templated":true}]}}