{"id":223,"date":"2022-09-21T14:53:09","date_gmt":"2022-09-21T17:53:09","guid":{"rendered":"https:\/\/paisdemossoro.com.br\/wordpress\/paudosferros\/?page_id=223"},"modified":"2023-07-17T11:04:49","modified_gmt":"2023-07-17T14:04:49","slug":"documentos","status":"publish","type":"page","link":"https:\/\/portal.uern.br\/paudosferros\/documentos\/","title":{"rendered":"Requerimentos"},"content":{"rendered":"<h5><\/h5>\n<p><a href=\"http:\/\/portal.uern.br\/wp-content\/uploads\/2023\/01\/Estatuto-UERN-Alterada-pelas-Emendas-Estatutaria-No-04-de-29-11-2022.pdf\" target=\"_blank\" rel=\"noopener\">Novo Estatuto da UERN\u00a0<\/a><\/p>\n<p><a href=\"https:\/\/portal.uern.br\/paudosferros\/wp-content\/uploads\/2023\/04\/Lei-Complementar-122-1994-de-Rio-Grande-do-Norte-RN.pdf\" target=\"_blank\" rel=\"noopener\">Lei Complementar Estadual 122\/94<\/a><\/p>\n<p><a href=\"http:\/\/portal.uern.br\/wp-content\/uploads\/2023\/01\/Regimento-Geral-da-Uern-ALTERADO-pela-Resolucao-No-11-2022-de-29-de-novembro-de-2022.pdf\" target=\"_blank\" rel=\"noopener\">Regimento Geral da UERN<\/a><\/p>\n<p><a href=\"https:\/\/portal.uern.br\/wp-content\/uploads\/2023\/04\/PDI-UERN-2016-2026.pdf\" target=\"_blank\" rel=\"noopener\">PDI UERN 2016<\/a><\/p>\n<h5>REQUERIMENTOS<\/h5>\n<ul>\n<li>Requerimento do servidor (<a href=\"https:\/\/www.uern.br\/controledepaginas\/progep-formularios\/arquivos\/4750requerimentop_padra%C6%92o_do_servidor_2021.2.pdf\" target=\"_blank\" rel=\"noopener\">ver documento<\/a>)<\/li>\n<li>Guia para junta m\u00e9dica do estado (<a href=\"https:\/\/www.uern.br\/controledepaginas\/prorhae-legislacao\/arquivos\/04770485guia_junta_medica_do_estado.pdf\" target=\"_blank\" rel=\"noopener\">ver documento<\/a>)<\/li>\n<li><span style=\"color: #000000\">Modelo de boletim de frequ\u00eancia<\/span> (<a href=\"https:\/\/portal.uern.br\/paudosferros\/wp-content\/uploads\/2023\/04\/Boletim-de-frequencia.pdf\" target=\"_blank\" rel=\"noopener\">ver documento<\/a>)<\/li>\n<li><span style=\"color: #000000\">Solicita\u00e7\u00e3o de pagamento de hora extra<\/span> (<a href=\"https:\/\/portal.uern.br\/paudosferros\/wp-content\/uploads\/2023\/04\/solicitacao-de-pagamento-extra.pdf\" target=\"_blank\" rel=\"noopener\">ver documento<\/a>)<\/li>\n<li>Requerimento de Final de fila (<a href=\"https:\/\/www.uern.br\/controledepaginas\/prorhae-form-doc-leg\/arquivos\/0477requerimento_de_final_de_fila.pdf\" target=\"_blank\" rel=\"noopener\">ver documento<\/a>)<\/li>\n<li>Declara\u00e7\u00e3o ac\u00famulo de cargos (<a href=\"https:\/\/www.uern.br\/controledepaginas\/progep-formularios\/arquivos\/4750declaraa%C2%A7ao_de_acamulo_de_cargo.pdf\" target=\"_blank\" rel=\"noopener\">ver documento<\/a>)<\/li>\n<li>Declara\u00e7\u00e3o entrada em exerc\u00edcio (<a href=\"https:\/\/portal.uern.br\/paudosferros\/wp-content\/uploads\/2023\/04\/declaracao-de-exercicio.pdf\" target=\"_blank\" rel=\"noopener\">ver documento<\/a>)<\/li>\n<li>Declara\u00e7\u00e3o do chefe imediato &#8211; Insalubridade\/periculosidade (<a href=\"https:\/\/portal.uern.br\/paudosferros\/wp-content\/uploads\/2023\/04\/declaracao-do-chefe-imediato.pdf\" target=\"_blank\" rel=\"noopener\">ver documento<\/a>)<\/li>\n<li>Declara\u00e7\u00e3o de n\u00e3o ac\u00famulo de aux\u00edlio sa\u00fade (<a href=\"https:\/\/www.uern.br\/controledepaginas\/progep-formularios\/arquivos\/4750declaraa%E2%80%A1a%C6%92o_de_na%C6%92o_aca%C5%A1mulo_pdf.pdf\" target=\"_blank\" rel=\"noopener\">ver documento<\/a>)<\/li>\n<li>Termo de ci\u00eancia e responsabilidade sobre o aux\u00edlio sa\u00fade (<a href=\"https:\/\/www.uern.br\/controledepaginas\/prorhae-auxiliosaude\/arquivos\/3549termo_de_cia%C5%A1ncia_e_responsabilidade_do_servidor.pdf\" target=\"_blank\" rel=\"noopener\">ver documento<\/a>)<\/li>\n<li><span style=\"color: #000000\">Declara\u00e7\u00e3o de dedica\u00e7\u00e3o exclusiva (<a href=\"https:\/\/www.uern.br\/controledepaginas\/prorhae-form-doc-leg\/arquivos\/0477declaraa%C2%A7a%C2%A3o_dedicaa%C2%A7a%C2%A3o_exlusiva_uern.pdf\" target=\"_blank\" rel=\"noopener\">ver documento<\/a>)<\/span><\/li>\n<li><span style=\"color: #000000\">Termo de ci\u00eancia do chefe imediato para participa\u00e7\u00e3o em evento de capacita\u00e7\u00e3o <\/span>(<a href=\"https:\/\/www.uern.br\/controledepaginas\/progep-formularios\/arquivos\/4750termo_de_ciancia_do_chefe_imediato.pdf\" target=\"_blank\" rel=\"noopener\">ver documento<\/a>)<\/li>\n<li>Requerimento de hor\u00e1rio especial &#8211; Lei complementar n\u00ba 685, de 08 de setembro (<a href=\"https:\/\/www.uern.br\/controledepaginas\/progep-formularios\/arquivos\/4750horario_especial___requerimento___termos_de_ciencia.pdf\" target=\"_blank\" rel=\"noopener\">ver documento<\/a>)<\/li>\n<li>Formul\u00e1rios anexos \u00e0 resolu\u00e7\u00e3o n\u00ba 23\/2022 &#8211; CD &#8211; Trabalho volunt\u00e1rio (<a href=\"https:\/\/portal.uern.br\/paudosferros\/wp-content\/uploads\/2023\/04\/formularios-anexos.pdf\" target=\"_blank\" rel=\"noopener\">ver documento<\/a>)<\/li>\n<li>Formul\u00e1rio requerimento ADA &#8211; NOVO (<a href=\"https:\/\/portal.uern.br\/paudosferros\/wp-content\/uploads\/2023\/04\/formularios-anexos.pdf\" target=\"_blank\" rel=\"noopener\">ver documento<\/a>)<\/li>\n<\/ul>\n<p>&nbsp;<\/p>\n<h5>ACAD\u00caMICOS<\/h5>\n<p><a href=\"http:\/\/beta.apps.uern.br\/wordpress\/paudosferros\/wp-content\/uploads\/2022\/09\/2323resoluaa\u00a7aao_026_2017.consepe.regularmento_de_graduaa\u00a7ao-1.pdf\">Resolu\u00e7\u00e3o 26_2017 Regularmento dos Cursos de Gradua\u00e7\u00e3o da UERN<\/a><\/p>\n<h5>T\u00c9CNICOS<\/h5>\n<p><a href=\"https:\/\/portal.uern.br\/paudosferros\/wp-content\/uploads\/2023\/04\/Lei-Complementar-699_2022_Plano-de-Cargos-e-Remuneracoes-dos-servidores-tecnicos-da-uern.pdf\" target=\"_blank\" rel=\"noopener\">Lei complementar 699_2022 plano de cargos e remunera\u00e7\u00e3o dos t\u00e9cnicos\u00a0<\/a><\/p>\n<p><a href=\"https:\/\/portal.uern.br\/paudosferros\/wp-content\/uploads\/2023\/04\/Formulario-Intencao-de-ferias.pdf\" target=\"_blank\" rel=\"noopener\">Formul\u00e1rio de Inten\u00e7\u00e3o de F\u00e9rias<\/a><\/p>\n<p><a href=\"https:\/\/portal.uern.br\/paudosferros\/wp-content\/uploads\/2023\/04\/Requerimento-padrao.pdf\" target=\"_blank\" rel=\"noopener\">Requerimento padr\u00e3o<\/a><\/p>\n<p><a href=\"http:\/\/beta.apps.uern.br\/wordpress\/paudosferros\/wp-content\/uploads\/2022\/09\/2323formula\u00a1rio_de_relata\u00b3rio_de_viagem.pdf\">Relat\u00f3rio de Viagem<\/a><\/p>\n<p><a href=\"http:\/\/beta.apps.uern.br\/wordpress\/paudosferros\/wp-content\/uploads\/2022\/09\/232304770485guia_junta_medica_do_estado-1.pdf\">Guia de Encaminhamento \u00e0 junta m\u00e9dica<\/a><\/p>\n<p><a href=\"http:\/\/beta.apps.uern.br\/wordpress\/paudosferros\/wp-content\/uploads\/2022\/09\/2323resolua\u00a7ao_na_7_2013_regulamentaa\u00a7ao_de_esta\u00a1gio_probata\u00b3rio_de_ta\u00a9cnico_administrativo.pdf\">Resolu\u00e7\u00e3o N.\u00ba 07\/2013 Regulamento de est\u00e1gio probat\u00f3rio de T\u00e9cnicos Administrativos<\/a><\/p>\n","protected":false},"excerpt":{"rendered":"<p>Novo Estatuto da UERN\u00a0 Lei Complementar Estadual 122\/94 Regimento Geral da UERN PDI UERN 2016 REQUERIMENTOS Requerimento do servidor (ver documento) Guia para junta m\u00e9dica do estado (ver documento) Modelo de boletim de frequ\u00eancia (ver documento) Solicita\u00e7\u00e3o de pagamento de hora extra (ver documento) Requerimento de Final de fila (ver documento) Declara\u00e7\u00e3o ac\u00famulo de cargos [&hellip;]<\/p>\n","protected":false},"author":1,"featured_media":0,"parent":0,"menu_order":0,"comment_status":"closed","ping_status":"closed","template":"","meta":{"footnotes":""},"class_list":["post-223","page","type-page","status-publish","hentry"],"_links":{"self":[{"href":"https:\/\/portal.uern.br\/paudosferros\/wp-json\/wp\/v2\/pages\/223","targetHints":{"allow":["GET"]}}],"collection":[{"href":"https:\/\/portal.uern.br\/paudosferros\/wp-json\/wp\/v2\/pages"}],"about":[{"href":"https:\/\/portal.uern.br\/paudosferros\/wp-json\/wp\/v2\/types\/page"}],"author":[{"embeddable":true,"href":"https:\/\/portal.uern.br\/paudosferros\/wp-json\/wp\/v2\/users\/1"}],"replies":[{"embeddable":true,"href":"https:\/\/portal.uern.br\/paudosferros\/wp-json\/wp\/v2\/comments?post=223"}],"version-history":[{"count":11,"href":"https:\/\/portal.uern.br\/paudosferros\/wp-json\/wp\/v2\/pages\/223\/revisions"}],"predecessor-version":[{"id":1611,"href":"https:\/\/portal.uern.br\/paudosferros\/wp-json\/wp\/v2\/pages\/223\/revisions\/1611"}],"wp:attachment":[{"href":"https:\/\/portal.uern.br\/paudosferros\/wp-json\/wp\/v2\/media?parent=223"}],"curies":[{"name":"wp","href":"https:\/\/api.w.org\/{rel}","templated":true}]}}