{"id":221,"date":"2022-09-21T14:40:25","date_gmt":"2022-09-21T17:40:25","guid":{"rendered":"https:\/\/paisdemossoro.com.br\/wordpress\/paudosferros\/?page_id=221"},"modified":"2024-04-05T15:16:05","modified_gmt":"2024-04-05T18:16:05","slug":"apresentacao","status":"publish","type":"page","link":"https:\/\/portal.uern.br\/paudosferros\/apresentacao\/","title":{"rendered":"Apresenta\u00e7\u00e3o"},"content":{"rendered":"<p>O Campus da UERN em Pau dos Ferros foi institu\u00eddo no ano de 1976 e come\u00e7ou a funcionar em 1977 quando se deu o primeiro ano letivo. H\u00e1 45 anos, o\u00a0<em>Campus\u00a0<\/em>Avan\u00e7ado de Pau dos Ferros \u2013 CAPF \u00e9 instrumento forte de forma\u00e7\u00e3o na regi\u00e3o do Alto Oeste Potiguar, com atua\u00e7\u00e3o tamb\u00e9m nas regi\u00f5es de fronteira com os estados da Para\u00edba e Cear\u00e1.<\/p>\n<p>A qualidade dos servi\u00e7os que o CAPF presta \u00e0 sociedade, desenvolvendo o ensino de gradua\u00e7\u00e3o e p\u00f3s-gradua\u00e7\u00e3o, inclusive em n\u00edvel de mestrado e doutorado, bem como a\u00e7\u00f5es de pesquisa e extens\u00e3o, al\u00e9m de dignificar o nome e a hist\u00f3ria da UERN \u2013 \u00fanica universidade estadual do RN, honra a hist\u00f3ria de luta e supera\u00e7\u00e3o do povo pauferrense e de gente de toda esta regi\u00e3o.<\/p>\n<p>Esta Unidade Acad\u00eamica disp\u00f5e de v\u00e1rios grupos de pesquisa que levam a cabo v\u00e1rios projetos institucionais, muitas a\u00e7\u00f5es extensionistas e projetos de ensino de gradua\u00e7\u00e3o que somados\u00a0\u00e0s pesquisas desenvolvidas nos cursos de mestrado e doutorado tem alcance em v\u00e1rios estados do Nordeste, isto \u00e9, o campus acabou atraindo pessoas para cursar suas faculdades, como tamb\u00e9m pesquisadores que passaram a desenvolver atividades acad\u00eamicas nesta cidade.\u00a0As parcerias estabelecidas e o alcance dos projetos que desenvolve d\u00e3o visibilidade e reconhecimento\u00a0a esta unidade da UERN.<\/p>\n<p>A\u00a0comunidade acad\u00eamica j\u00e1 \u00e9 de aproximadamente duas mil pessoas. S\u00e3o quase 150 professores\/as, 37 t\u00e9cnicos\/as administrativos\/as, 26 trabalhadores terceirizados e 1.800 alunos de gradua\u00e7\u00e3o e p\u00f3s gradua\u00e7\u00e3o. A capilaridade desta comunidade acad\u00eamica tamb\u00e9m representa muito de sua constitui\u00e7\u00e3o, s\u00e3o alunos oriundos de mais de 70 munic\u00edpios, principalmente dos estados do Rio Grande Norte, Para\u00edba e Cear\u00e1,\u00a0sendo que a p\u00f3s-gradua\u00e7\u00e3o eleva o n\u00famero de unidades da federa\u00e7\u00e3o alcan\u00e7adas pela unidade.<\/p>\n<p>Por toda a forma\u00e7\u00e3o que proporciona na regi\u00e3o o\u00a0<em>Campus<\/em>\u00a0da UERN em Pau dos Ferros\u00a0consolidou-se e\u00a0tornou-se\u00a0refer\u00eancia no que se refere \u00e0 promo\u00e7\u00e3o do ensino superior\u00a0gratuito, p\u00fablico e de qualidade. Essa refer\u00eancia do\u00a0<em>Campus<\/em>\u00a0da UERN com o seu local e com o seu territ\u00f3rio \u00e9 bem s\u00edmb\u00f3lica, basta ver que Pau dos Ferros\/RN\u00a0\u00e9 a menor cidade do Brasil a ofertar curso de doutorado.<\/p>\n<p><strong>Endere\u00e7o:<\/strong> Rodovia BR-405, S\/n &#8211; Arizona, Pau dos Ferros &#8211; RN, 59900-000<\/p>\n<p><strong>Telefone:<\/strong> (84) 3312-8834 (Dire\u00e7\u00e3o)<\/p>\n<p><strong>E-mail:<\/strong> pferros@uern.br<\/p>\n<p><strong>Hor\u00e1rio de Funcionamento:<\/strong> 7:00 \u00e0s 13:00<\/p>\n<p><strong>Telefone: <\/strong>(84) 3312-8829 (Secretaria Geral)<\/p>\n<p><strong>E-mail: <\/strong>secretaria.pferros@uern.br<\/p>\n<p><strong>Hor\u00e1rio de Funcionamento:<\/strong>\u00a07:00 \u00e0s 13:00 e 16:00 \u00e0s 22:00.<\/p>\n<p>&nbsp;<\/p>\n","protected":false},"excerpt":{"rendered":"<p>O Campus da UERN em Pau dos Ferros foi institu\u00eddo no ano de 1976 e come\u00e7ou a funcionar em 1977 quando se deu o primeiro ano letivo. H\u00e1 45 anos, o\u00a0Campus\u00a0Avan\u00e7ado de Pau dos Ferros \u2013 CAPF \u00e9 instrumento forte de forma\u00e7\u00e3o na regi\u00e3o do Alto Oeste Potiguar, com atua\u00e7\u00e3o tamb\u00e9m nas regi\u00f5es de fronteira [&hellip;]<\/p>\n","protected":false},"author":1,"featured_media":0,"parent":0,"menu_order":0,"comment_status":"closed","ping_status":"closed","template":"","meta":{"footnotes":""},"class_list":["post-221","page","type-page","status-publish","hentry"],"_links":{"self":[{"href":"https:\/\/portal.uern.br\/paudosferros\/wp-json\/wp\/v2\/pages\/221","targetHints":{"allow":["GET"]}}],"collection":[{"href":"https:\/\/portal.uern.br\/paudosferros\/wp-json\/wp\/v2\/pages"}],"about":[{"href":"https:\/\/portal.uern.br\/paudosferros\/wp-json\/wp\/v2\/types\/page"}],"author":[{"embeddable":true,"href":"https:\/\/portal.uern.br\/paudosferros\/wp-json\/wp\/v2\/users\/1"}],"replies":[{"embeddable":true,"href":"https:\/\/portal.uern.br\/paudosferros\/wp-json\/wp\/v2\/comments?post=221"}],"version-history":[{"count":3,"href":"https:\/\/portal.uern.br\/paudosferros\/wp-json\/wp\/v2\/pages\/221\/revisions"}],"predecessor-version":[{"id":2055,"href":"https:\/\/portal.uern.br\/paudosferros\/wp-json\/wp\/v2\/pages\/221\/revisions\/2055"}],"wp:attachment":[{"href":"https:\/\/portal.uern.br\/paudosferros\/wp-json\/wp\/v2\/media?parent=221"}],"curies":[{"name":"wp","href":"https:\/\/api.w.org\/{rel}","templated":true}]}}