{"id":2196,"date":"2024-06-19T16:09:05","date_gmt":"2024-06-19T19:09:05","guid":{"rendered":"https:\/\/portal.uern.br\/paudosferros\/?page_id=2196"},"modified":"2024-06-27T16:40:59","modified_gmt":"2024-06-27T19:40:59","slug":"vi-exposicao-2","status":"publish","type":"page","link":"https:\/\/portal.uern.br\/paudosferros\/vi-exposicao-2\/","title":{"rendered":"VII Exposi\u00e7\u00e3o"},"content":{"rendered":"<p align=\"justify\"><span style=\"font-size: 18pt;font-family: georgia, palatino, serif\"><strong>SOBRE A EDI\u00c7\u00c3O<\/strong><\/span><\/p>\n<p align=\"justify\"><strong>Tema:<\/strong> A religiosidade popular no Sert\u00e3o nordestino: hist\u00f3rias e mem\u00f3rias das Rezadeiras\/Benzedeiras e Rezadores do Alto Oeste Potiguar.<\/p>\n<p align=\"justify\">O Projeto Ra\u00edzes da Cultura Sertaneja (PROCULT) \u00e9 um projeto de extens\u00e3o criado pelo Departamento de Letras Vern\u00e1culas (DLV) em parceria com demais departamentos do <em>Campus<\/em> Avan\u00e7ado de Pau dos Ferros (CAPF), vinculado \u00e0 UERN e que atua junto ao Museu de Cultura Sertaneja (MCS) do CAPF\/UERN. Com sede no munic\u00edpio de Pau dos Ferros\/RN, o PROCULT \u00e9 um projeto de relev\u00e2ncia para o Territ\u00f3rio do Alto Oeste Potiguar e toda a regi\u00e3o de abrang\u00eancia do CAPF\/UERN, por possibilitar o acesso e conhecimento da identidade cultural de homens e mulheres do Sert\u00e3o por meio de a\u00e7\u00f5es de promo\u00e7\u00e3o e difus\u00e3o da cultura sertaneja.<\/p>\n<p style=\"text-align: left\" align=\"center\"><span style=\"font-size: 18pt\"><strong><span style=\"font-family: georgia, palatino, serif\">A\u00c7\u00d5ES DA 9\u00aa EDI\u00c7\u00c3O PROPOSTA 2023.1 2023.2:<\/span><\/strong><\/span><\/p>\n<p style=\"text-align: center\" align=\"left\"><span style=\"font-family: 'Times New Roman', serif;font-size: 18pt\">A\u00c7\u00c3O 01: Museu das Coisas Sertanejas e Virtual:<\/span><\/p>\n<p><strong>Respons\u00e1vel:<\/strong> Jos\u00e9 Gevildo Viana<\/p>\n<p><strong>Membros Vinculados:<\/strong><br \/>\nCiro Leandro Costa da Fonseca<br \/>\nAnt\u00f4nia Gerl\u00e2nia Viana Medeiros<br \/>\nJosinaldo Pereira de Paula<br \/>\nMar\u00edlia Cavalcante de Freitas Moreira<br \/>\nRicardo Soares Abrantes<br \/>\nC\u00edntia Carize de G\u00f3is Menezes<br \/>\nD\u00e9bora Katiene Pinheiro Sizenando<br \/>\nSolange Batista da Silva<br \/>\nClara Thalya Alves Gurgel<br \/>\nCamile Ferreira de Oliveira<br \/>\nAndr\u00e9 Lucas Silva Soares<br \/>\nFrancisco Roberto da Silva Santos<\/p>\n<p>&nbsp;<\/p>\n<p><strong>DOCUMENT\u00c1RIO:\u00a0<\/strong><span style=\"color: #000000\"><span style=\"font-family: Arial, serif\"><span style=\"font-size: medium\">A religiosidade popular no Sert\u00e3o nordestino: hist\u00f3rias e mem\u00f3rias das Rezadeiras\/Benzedeiras e Rezadores do Alto Oeste Potiguar.<\/span><\/span><\/span><\/p>\n<div style=\"width: 480px;\" class=\"wp-video\"><video class=\"wp-video-shortcode\" id=\"video-2196-1\" width=\"480\" height=\"270\" preload=\"metadata\" controls=\"controls\"><source type=\"video\/mp4\" src=\"https:\/\/portal.uern.br\/paudosferros\/wp-content\/uploads\/2024\/06\/Documentario-PROCULT-Rezadeiras-1-1.mp4?_=1\" \/><a href=\"https:\/\/portal.uern.br\/paudosferros\/wp-content\/uploads\/2024\/06\/Documentario-PROCULT-Rezadeiras-1-1.mp4\">https:\/\/portal.uern.br\/paudosferros\/wp-content\/uploads\/2024\/06\/Documentario-PROCULT-Rezadeiras-1-1.mp4<\/a><\/video><\/div>\n<p>Assista no YouTube:\u00a0<a href=\"https:\/\/www.youtube.com\/watch?v=B0JaAlDAcdI\">https:\/\/www.youtube.com\/watch?v=B0JaAlDAcdI<\/a><\/p>\n<p>&nbsp;<\/p>\n<p style=\"text-align: center\"><span style=\"font-size: 18pt\">A\u00c7\u00c3O 02: Museu do Cordel e Pedag\u00f3gico:<\/span><\/p>\n<p><strong>Respons\u00e1vel:<\/strong> Iandra Fernandes Pereira Caldas<\/p>\n<p><strong>Membros Vinculados:<\/strong><\/p>\n<p>Francisca Aline Micaely da Silva Dias<br \/>\nMar\u00edlia Cavalcante de Freitas Moreira<br \/>\nD\u00e9bora Katiene Pinheiro Sizenando<br \/>\nSolange Batista da Silva<br \/>\nVictor Emanuel Tavares<br \/>\nAndreza Mirele da Silva<br \/>\nV\u00e2ngela M\u00e1rcia Damascena<br \/>\nL\u00eddia de Sousa Lima<br \/>\nJoyce Eduarda Ara\u00fajo Feitosa<br \/>\nLucas Maur\u00edlio da Silva Ferreira<br \/>\nPedro Henrique Ribeiro Duarte<br \/>\nDami\u00e3o Jos\u00e9 de Lima Fernandes<\/p>\n<p>&nbsp;<\/p>\n<p><strong>AUDIOLIVRO:<\/strong> A pequena aprendiz de rezadeira, do livro do Prof. Dr. Ciro Leandro Costa da Fonseca; Ilustra\u00e7\u00f5es de P\u00e9rola Thalia Nunes Bento.<\/p>\n<div style=\"width: 480px;\" class=\"wp-video\"><video class=\"wp-video-shortcode\" id=\"video-2196-2\" width=\"480\" height=\"272\" preload=\"metadata\" controls=\"controls\"><source type=\"video\/mp4\" src=\"https:\/\/portal.uern.br\/paudosferros\/wp-content\/uploads\/2024\/06\/A-pequena-aprendiz-de-rezadeira-1.mp4?_=2\" \/><a href=\"https:\/\/portal.uern.br\/paudosferros\/wp-content\/uploads\/2024\/06\/A-pequena-aprendiz-de-rezadeira-1.mp4\">https:\/\/portal.uern.br\/paudosferros\/wp-content\/uploads\/2024\/06\/A-pequena-aprendiz-de-rezadeira-1.mp4<\/a><\/video><\/div>\n<p>Assista no YouTube:\u00a0<a href=\"https:\/\/www.youtube.com\/watch?v=gkJufgV4-q8\">https:\/\/www.youtube.com\/watch?v=gkJufgV4-q8<\/a><\/p>\n<p>&nbsp;<\/p>\n<p style=\"text-align: center\"><span style=\"font-size: 18pt\">A\u00c7\u00c3O 03 &#8211; Museu da Economia Sertaneja:<\/span><\/p>\n<p><strong>Respons\u00e1vel: <\/strong>Vanuza Maria Pontes Sena<\/p>\n<p><strong>Membros Vinculados:<\/strong><\/p>\n<p>Jefferson Ferreira de Oliveira<br \/>\nVanessa Baz\u00edlio Feitosa<br \/>\nMisly Fabr\u00edcia da Rocha Queiroz<\/p>\n<p>&nbsp;<\/p>\n<p><strong>TRECHOS DE ENTREVISTAS:<\/strong><\/p>\n<p><a href=\"https:\/\/portal.uern.br\/paudosferros\/wp-content\/uploads\/2024\/06\/WhatsApp-Image-2024-06-19-at-07.50.32-1.jpeg\"><img fetchpriority=\"high\" decoding=\"async\" class=\"alignnone wp-image-2201 size-full\" src=\"https:\/\/portal.uern.br\/paudosferros\/wp-content\/uploads\/2024\/06\/WhatsApp-Image-2024-06-19-at-07.50.32.jpeg\" alt=\"\" width=\"899\" height=\"1599\" srcset=\"https:\/\/portal.uern.br\/paudosferros\/wp-content\/uploads\/2024\/06\/WhatsApp-Image-2024-06-19-at-07.50.32.jpeg 899w, https:\/\/portal.uern.br\/paudosferros\/wp-content\/uploads\/2024\/06\/WhatsApp-Image-2024-06-19-at-07.50.32-169x300.jpeg 169w, https:\/\/portal.uern.br\/paudosferros\/wp-content\/uploads\/2024\/06\/WhatsApp-Image-2024-06-19-at-07.50.32-576x1024.jpeg 576w, https:\/\/portal.uern.br\/paudosferros\/wp-content\/uploads\/2024\/06\/WhatsApp-Image-2024-06-19-at-07.50.32-768x1366.jpeg 768w, https:\/\/portal.uern.br\/paudosferros\/wp-content\/uploads\/2024\/06\/WhatsApp-Image-2024-06-19-at-07.50.32-864x1536.jpeg 864w\" sizes=\"(max-width: 899px) 100vw, 899px\" \/><img decoding=\"async\" class=\"alignnone wp-image-2200 size-full\" src=\"https:\/\/portal.uern.br\/paudosferros\/wp-content\/uploads\/2024\/06\/WhatsApp-Image-2024-06-19-at-07.50.32-1.jpeg\" alt=\"\" width=\"899\" height=\"962\" srcset=\"https:\/\/portal.uern.br\/paudosferros\/wp-content\/uploads\/2024\/06\/WhatsApp-Image-2024-06-19-at-07.50.32-1.jpeg 899w, https:\/\/portal.uern.br\/paudosferros\/wp-content\/uploads\/2024\/06\/WhatsApp-Image-2024-06-19-at-07.50.32-1-280x300.jpeg 280w, https:\/\/portal.uern.br\/paudosferros\/wp-content\/uploads\/2024\/06\/WhatsApp-Image-2024-06-19-at-07.50.32-1-768x822.jpeg 768w\" sizes=\"(max-width: 899px) 100vw, 899px\" \/><\/a><\/p>\n<p>&nbsp;<\/p>\n<p><strong>4\u00aa Boca de Noite<\/strong><\/p>\n<p>No dia 19 de junho de 2024, \u00e0s 19 horas, no Audit\u00f3rio Prof. Ant\u00f4nio Capistrano, o Museu de Cultura Sertaneja (MCS), em parceria com o Projeto Ra\u00edzes da Cultura Sertaneja (PROCULT) do Departamento de Letras Vern\u00e1culas (DLV), do Campus Avan\u00e7ado de Pau dos Ferros (CAPF\/UERN), realizou a 4\u00aa Boca de Noite com o tema \u201cA cultura popular no espa\u00e7o acad\u00eamico: desafios e perspectivas.\u201d<\/p>\n<p>Na ocasi\u00e3o, ocorreram a cerim\u00f4nia de encerramento do PROCULT 9\u00aa edi\u00e7\u00e3o 2023 sob a tem\u00e1tica \u201cA religiosidade popular no Sert\u00e3o nordestino: hist\u00f3rias e mem\u00f3rias das Rezadeiras\/Benzedeiras e dos Rezadores do Alto Oeste Potiguar\u201d, e a abertura do PROCULT 10\u00aa edi\u00e7\u00e3o 2024 com a tem\u00e1tica: \u201cDan\u00e7as e brincadeiras populares do Alto Oeste Potiguar: entre na roda, dance e conte suas mem\u00f3rias!\u201d<\/p>\n<p>&nbsp;<\/p>\n<p><a href=\"https:\/\/portal.uern.br\/paudosferros\/wp-content\/uploads\/2024\/06\/WhatsApp-Image-2024-06-27-at-11.51.40.jpeg\"><img decoding=\"async\" class=\"alignnone wp-image-2264 size-medium\" src=\"https:\/\/portal.uern.br\/paudosferros\/wp-content\/uploads\/2024\/06\/WhatsApp-Image-2024-06-27-at-11.51.40-300x300.jpeg\" alt=\"\" width=\"300\" height=\"300\" srcset=\"https:\/\/portal.uern.br\/paudosferros\/wp-content\/uploads\/2024\/06\/WhatsApp-Image-2024-06-27-at-11.51.40-300x300.jpeg 300w, https:\/\/portal.uern.br\/paudosferros\/wp-content\/uploads\/2024\/06\/WhatsApp-Image-2024-06-27-at-11.51.40-1024x1024.jpeg 1024w, https:\/\/portal.uern.br\/paudosferros\/wp-content\/uploads\/2024\/06\/WhatsApp-Image-2024-06-27-at-11.51.40-150x150.jpeg 150w, https:\/\/portal.uern.br\/paudosferros\/wp-content\/uploads\/2024\/06\/WhatsApp-Image-2024-06-27-at-11.51.40-768x768.jpeg 768w, https:\/\/portal.uern.br\/paudosferros\/wp-content\/uploads\/2024\/06\/WhatsApp-Image-2024-06-27-at-11.51.40.jpeg 1080w\" sizes=\"(max-width: 300px) 100vw, 300px\" \/><\/a> \u00a0<a href=\"https:\/\/portal.uern.br\/paudosferros\/wp-content\/uploads\/2024\/06\/WhatsApp-Image-2024-06-27-at-11.51.39.jpeg\"><img loading=\"lazy\" decoding=\"async\" class=\"alignnone wp-image-2263 size-medium\" src=\"https:\/\/portal.uern.br\/paudosferros\/wp-content\/uploads\/2024\/06\/WhatsApp-Image-2024-06-27-at-11.51.39-300x300.jpeg\" alt=\"\" width=\"300\" height=\"300\" srcset=\"https:\/\/portal.uern.br\/paudosferros\/wp-content\/uploads\/2024\/06\/WhatsApp-Image-2024-06-27-at-11.51.39-300x300.jpeg 300w, https:\/\/portal.uern.br\/paudosferros\/wp-content\/uploads\/2024\/06\/WhatsApp-Image-2024-06-27-at-11.51.39-1024x1024.jpeg 1024w, https:\/\/portal.uern.br\/paudosferros\/wp-content\/uploads\/2024\/06\/WhatsApp-Image-2024-06-27-at-11.51.39-150x150.jpeg 150w, https:\/\/portal.uern.br\/paudosferros\/wp-content\/uploads\/2024\/06\/WhatsApp-Image-2024-06-27-at-11.51.39-768x768.jpeg 768w, https:\/\/portal.uern.br\/paudosferros\/wp-content\/uploads\/2024\/06\/WhatsApp-Image-2024-06-27-at-11.51.39.jpeg 1080w\" sizes=\"(max-width: 300px) 100vw, 300px\" \/><\/a> \u00a0<a href=\"https:\/\/portal.uern.br\/paudosferros\/wp-content\/uploads\/2024\/06\/WhatsApp-Image-2024-06-27-at-11.51.38.jpeg\"><img loading=\"lazy\" decoding=\"async\" class=\"alignnone wp-image-2261 size-medium\" src=\"https:\/\/portal.uern.br\/paudosferros\/wp-content\/uploads\/2024\/06\/WhatsApp-Image-2024-06-27-at-11.51.38-300x300.jpeg\" alt=\"\" width=\"300\" height=\"300\" srcset=\"https:\/\/portal.uern.br\/paudosferros\/wp-content\/uploads\/2024\/06\/WhatsApp-Image-2024-06-27-at-11.51.38-300x300.jpeg 300w, https:\/\/portal.uern.br\/paudosferros\/wp-content\/uploads\/2024\/06\/WhatsApp-Image-2024-06-27-at-11.51.38-1024x1024.jpeg 1024w, https:\/\/portal.uern.br\/paudosferros\/wp-content\/uploads\/2024\/06\/WhatsApp-Image-2024-06-27-at-11.51.38-150x150.jpeg 150w, https:\/\/portal.uern.br\/paudosferros\/wp-content\/uploads\/2024\/06\/WhatsApp-Image-2024-06-27-at-11.51.38-768x768.jpeg 768w, https:\/\/portal.uern.br\/paudosferros\/wp-content\/uploads\/2024\/06\/WhatsApp-Image-2024-06-27-at-11.51.38.jpeg 1080w\" sizes=\"(max-width: 300px) 100vw, 300px\" \/><\/a><\/p>\n<p><a href=\"https:\/\/portal.uern.br\/paudosferros\/wp-content\/uploads\/2024\/06\/WhatsApp-Image-2024-06-27-at-11.51.38-1.jpeg\"><img loading=\"lazy\" decoding=\"async\" class=\"alignnone wp-image-2260 size-medium\" src=\"https:\/\/portal.uern.br\/paudosferros\/wp-content\/uploads\/2024\/06\/WhatsApp-Image-2024-06-27-at-11.51.38-1-300x300.jpeg\" alt=\"\" width=\"300\" height=\"300\" srcset=\"https:\/\/portal.uern.br\/paudosferros\/wp-content\/uploads\/2024\/06\/WhatsApp-Image-2024-06-27-at-11.51.38-1-300x300.jpeg 300w, https:\/\/portal.uern.br\/paudosferros\/wp-content\/uploads\/2024\/06\/WhatsApp-Image-2024-06-27-at-11.51.38-1-1024x1024.jpeg 1024w, https:\/\/portal.uern.br\/paudosferros\/wp-content\/uploads\/2024\/06\/WhatsApp-Image-2024-06-27-at-11.51.38-1-150x150.jpeg 150w, https:\/\/portal.uern.br\/paudosferros\/wp-content\/uploads\/2024\/06\/WhatsApp-Image-2024-06-27-at-11.51.38-1-768x768.jpeg 768w, https:\/\/portal.uern.br\/paudosferros\/wp-content\/uploads\/2024\/06\/WhatsApp-Image-2024-06-27-at-11.51.38-1.jpeg 1080w\" sizes=\"(max-width: 300px) 100vw, 300px\" \/><\/a> \u00a0<a href=\"https:\/\/portal.uern.br\/paudosferros\/wp-content\/uploads\/2024\/06\/WhatsApp-Image-2024-06-27-at-11.51.36.jpeg\"><img loading=\"lazy\" decoding=\"async\" class=\"alignnone wp-image-2259 size-medium\" src=\"https:\/\/portal.uern.br\/paudosferros\/wp-content\/uploads\/2024\/06\/WhatsApp-Image-2024-06-27-at-11.51.36-225x300.jpeg\" alt=\"\" width=\"225\" height=\"300\" srcset=\"https:\/\/portal.uern.br\/paudosferros\/wp-content\/uploads\/2024\/06\/WhatsApp-Image-2024-06-27-at-11.51.36-225x300.jpeg 225w, https:\/\/portal.uern.br\/paudosferros\/wp-content\/uploads\/2024\/06\/WhatsApp-Image-2024-06-27-at-11.51.36-768x1024.jpeg 768w, https:\/\/portal.uern.br\/paudosferros\/wp-content\/uploads\/2024\/06\/WhatsApp-Image-2024-06-27-at-11.51.36-1152x1536.jpeg 1152w, https:\/\/portal.uern.br\/paudosferros\/wp-content\/uploads\/2024\/06\/WhatsApp-Image-2024-06-27-at-11.51.36.jpeg 1200w\" sizes=\"(max-width: 225px) 100vw, 225px\" \/><\/a> \u00a0<a href=\"https:\/\/portal.uern.br\/paudosferros\/wp-content\/uploads\/2024\/06\/WhatsApp-Image-2024-06-27-at-11.51.35.jpeg\"><img loading=\"lazy\" decoding=\"async\" class=\"alignnone wp-image-2257 size-medium\" src=\"https:\/\/portal.uern.br\/paudosferros\/wp-content\/uploads\/2024\/06\/WhatsApp-Image-2024-06-27-at-11.51.35-225x300.jpeg\" alt=\"\" width=\"225\" height=\"300\" srcset=\"https:\/\/portal.uern.br\/paudosferros\/wp-content\/uploads\/2024\/06\/WhatsApp-Image-2024-06-27-at-11.51.35-225x300.jpeg 225w, https:\/\/portal.uern.br\/paudosferros\/wp-content\/uploads\/2024\/06\/WhatsApp-Image-2024-06-27-at-11.51.35-768x1024.jpeg 768w, https:\/\/portal.uern.br\/paudosferros\/wp-content\/uploads\/2024\/06\/WhatsApp-Image-2024-06-27-at-11.51.35-1152x1536.jpeg 1152w, https:\/\/portal.uern.br\/paudosferros\/wp-content\/uploads\/2024\/06\/WhatsApp-Image-2024-06-27-at-11.51.35.jpeg 1200w\" sizes=\"(max-width: 225px) 100vw, 225px\" \/><\/a><\/p>\n<p><a href=\"https:\/\/portal.uern.br\/paudosferros\/wp-content\/uploads\/2024\/06\/WhatsApp-Image-2024-06-27-at-11.51.34.jpeg\"><img loading=\"lazy\" decoding=\"async\" class=\"alignnone wp-image-2256 size-medium\" src=\"https:\/\/portal.uern.br\/paudosferros\/wp-content\/uploads\/2024\/06\/WhatsApp-Image-2024-06-27-at-11.51.34-300x225.jpeg\" alt=\"\" width=\"300\" height=\"225\" srcset=\"https:\/\/portal.uern.br\/paudosferros\/wp-content\/uploads\/2024\/06\/WhatsApp-Image-2024-06-27-at-11.51.34-300x225.jpeg 300w, https:\/\/portal.uern.br\/paudosferros\/wp-content\/uploads\/2024\/06\/WhatsApp-Image-2024-06-27-at-11.51.34-1024x768.jpeg 1024w, https:\/\/portal.uern.br\/paudosferros\/wp-content\/uploads\/2024\/06\/WhatsApp-Image-2024-06-27-at-11.51.34-768x576.jpeg 768w, https:\/\/portal.uern.br\/paudosferros\/wp-content\/uploads\/2024\/06\/WhatsApp-Image-2024-06-27-at-11.51.34-1536x1152.jpeg 1536w, https:\/\/portal.uern.br\/paudosferros\/wp-content\/uploads\/2024\/06\/WhatsApp-Image-2024-06-27-at-11.51.34.jpeg 1600w\" sizes=\"(max-width: 300px) 100vw, 300px\" \/><\/a> \u00a0<a href=\"https:\/\/portal.uern.br\/paudosferros\/wp-content\/uploads\/2024\/06\/WhatsApp-Image-2024-06-27-at-11.51.36-1.jpeg\"><img loading=\"lazy\" decoding=\"async\" class=\"alignnone wp-image-2258 size-medium\" src=\"https:\/\/portal.uern.br\/paudosferros\/wp-content\/uploads\/2024\/06\/WhatsApp-Image-2024-06-27-at-11.51.36-1-300x225.jpeg\" alt=\"\" width=\"300\" height=\"225\" srcset=\"https:\/\/portal.uern.br\/paudosferros\/wp-content\/uploads\/2024\/06\/WhatsApp-Image-2024-06-27-at-11.51.36-1-300x225.jpeg 300w, https:\/\/portal.uern.br\/paudosferros\/wp-content\/uploads\/2024\/06\/WhatsApp-Image-2024-06-27-at-11.51.36-1-1024x768.jpeg 1024w, https:\/\/portal.uern.br\/paudosferros\/wp-content\/uploads\/2024\/06\/WhatsApp-Image-2024-06-27-at-11.51.36-1-768x576.jpeg 768w, https:\/\/portal.uern.br\/paudosferros\/wp-content\/uploads\/2024\/06\/WhatsApp-Image-2024-06-27-at-11.51.36-1-1536x1152.jpeg 1536w, https:\/\/portal.uern.br\/paudosferros\/wp-content\/uploads\/2024\/06\/WhatsApp-Image-2024-06-27-at-11.51.36-1.jpeg 1600w\" sizes=\"(max-width: 300px) 100vw, 300px\" \/><\/a> \u00a0<a href=\"https:\/\/portal.uern.br\/paudosferros\/wp-content\/uploads\/2024\/06\/WhatsApp-Image-2024-06-27-at-11.51.39-1.jpeg\"><img loading=\"lazy\" decoding=\"async\" class=\"alignnone wp-image-2262 size-medium\" src=\"https:\/\/portal.uern.br\/paudosferros\/wp-content\/uploads\/2024\/06\/WhatsApp-Image-2024-06-27-at-11.51.39-1-300x300.jpeg\" alt=\"\" width=\"300\" height=\"300\" srcset=\"https:\/\/portal.uern.br\/paudosferros\/wp-content\/uploads\/2024\/06\/WhatsApp-Image-2024-06-27-at-11.51.39-1-300x300.jpeg 300w, https:\/\/portal.uern.br\/paudosferros\/wp-content\/uploads\/2024\/06\/WhatsApp-Image-2024-06-27-at-11.51.39-1-1024x1024.jpeg 1024w, https:\/\/portal.uern.br\/paudosferros\/wp-content\/uploads\/2024\/06\/WhatsApp-Image-2024-06-27-at-11.51.39-1-150x150.jpeg 150w, https:\/\/portal.uern.br\/paudosferros\/wp-content\/uploads\/2024\/06\/WhatsApp-Image-2024-06-27-at-11.51.39-1-768x768.jpeg 768w, https:\/\/portal.uern.br\/paudosferros\/wp-content\/uploads\/2024\/06\/WhatsApp-Image-2024-06-27-at-11.51.39-1.jpeg 1080w\" sizes=\"(max-width: 300px) 100vw, 300px\" \/><\/a><\/p>\n<div style=\"width: 478px;\" class=\"wp-video\"><video class=\"wp-video-shortcode\" id=\"video-2196-3\" width=\"478\" height=\"850\" preload=\"metadata\" controls=\"controls\"><source type=\"video\/mp4\" src=\"https:\/\/portal.uern.br\/paudosferros\/wp-content\/uploads\/2024\/06\/WhatsApp-Video-2024-06-27-at-11.51.37.mp4?_=3\" \/><a href=\"https:\/\/portal.uern.br\/paudosferros\/wp-content\/uploads\/2024\/06\/WhatsApp-Video-2024-06-27-at-11.51.37.mp4\">https:\/\/portal.uern.br\/paudosferros\/wp-content\/uploads\/2024\/06\/WhatsApp-Video-2024-06-27-at-11.51.37.mp4<\/a><\/video><\/div>\n","protected":false},"excerpt":{"rendered":"<p>SOBRE A EDI\u00c7\u00c3O Tema: A religiosidade popular no Sert\u00e3o nordestino: hist\u00f3rias e mem\u00f3rias das Rezadeiras\/Benzedeiras e Rezadores do Alto Oeste Potiguar. O Projeto Ra\u00edzes da Cultura Sertaneja (PROCULT) \u00e9 um projeto de extens\u00e3o criado pelo Departamento de Letras Vern\u00e1culas (DLV) em parceria com demais departamentos do Campus Avan\u00e7ado de Pau dos Ferros (CAPF), vinculado \u00e0 [&hellip;]<\/p>\n","protected":false},"author":12,"featured_media":0,"parent":0,"menu_order":0,"comment_status":"closed","ping_status":"closed","template":"","meta":{"footnotes":""},"class_list":["post-2196","page","type-page","status-publish","hentry"],"_links":{"self":[{"href":"https:\/\/portal.uern.br\/paudosferros\/wp-json\/wp\/v2\/pages\/2196","targetHints":{"allow":["GET"]}}],"collection":[{"href":"https:\/\/portal.uern.br\/paudosferros\/wp-json\/wp\/v2\/pages"}],"about":[{"href":"https:\/\/portal.uern.br\/paudosferros\/wp-json\/wp\/v2\/types\/page"}],"author":[{"embeddable":true,"href":"https:\/\/portal.uern.br\/paudosferros\/wp-json\/wp\/v2\/users\/12"}],"replies":[{"embeddable":true,"href":"https:\/\/portal.uern.br\/paudosferros\/wp-json\/wp\/v2\/comments?post=2196"}],"version-history":[{"count":10,"href":"https:\/\/portal.uern.br\/paudosferros\/wp-json\/wp\/v2\/pages\/2196\/revisions"}],"predecessor-version":[{"id":2222,"href":"https:\/\/portal.uern.br\/paudosferros\/wp-json\/wp\/v2\/pages\/2196\/revisions\/2222"}],"wp:attachment":[{"href":"https:\/\/portal.uern.br\/paudosferros\/wp-json\/wp\/v2\/media?parent=2196"}],"curies":[{"name":"wp","href":"https:\/\/api.w.org\/{rel}","templated":true}]}}