{"id":2008,"date":"2024-04-05T09:57:18","date_gmt":"2024-04-05T12:57:18","guid":{"rendered":"https:\/\/portal.uern.br\/paudosferros\/?page_id=2008"},"modified":"2024-04-05T10:00:51","modified_gmt":"2024-04-05T13:00:51","slug":"perguntas-frequentes","status":"publish","type":"page","link":"https:\/\/portal.uern.br\/paudosferros\/perguntas-frequentes\/","title":{"rendered":"Perguntas Frequentes"},"content":{"rendered":"<p><span style=\"font-family: 'arial black', sans-serif;font-size: 14pt\"><strong><span style=\"color: #222222\">1.Quais os cursos que comp\u00f5e o <\/span><span style=\"color: #222222\"><i>Campus <\/i><\/span><span style=\"color: #222222\">da UERN em Pau dos Ferros?<\/span><\/strong><\/span><\/p>\n<p align=\"justify\"><span style=\"font-size: 12pt;font-family: arial, helvetica, sans-serif\"><span style=\"color: #222222\">Possu\u00edmos os seguintes cursos: Letras L\u00edngua Inglesa; Letras L\u00edngua Espanhola; <\/span><span style=\"color: #222222\">Letras L\u00edngua Portuguesa; Ci\u00eancias Econ\u00f4micas; Pedagogia; Administra\u00e7\u00e3o; <\/span><span style=\"color: #222222\">Educa\u00e7\u00e3o F\u00edsica; Enfermagem; Geografia, na modalidade presencial, e o Curso de <\/span><span style=\"color: #222222\">LIBRAS em EaD.<\/span><\/span><\/p>\n<p align=\"justify\"><b><\/b><span style=\"color: #00000a;font-family: 'arial black', sans-serif;font-size: 14pt\"><b>2. Quais os canais de comunica\u00e7\u00e3o da UERN em Pau dos Ferros?<\/b><\/span><\/p>\n<p align=\"justify\"><span style=\"color: #00000a\"><span style=\"font-family: Arial, sans-serif\"><span style=\"font-size: medium\">Podemos ser contatados atrav\u00e9s do e-mail da dire\u00e7\u00e3o: <\/span><\/span><\/span><span style=\"color: #000081\"><span style=\"font-family: Arial, sans-serif\"><span style=\"font-size: medium\">pferros@uern.br<\/span><\/span><\/span><span style=\"color: #00000a\"><span style=\"font-family: Arial, sans-serif\"><span style=\"font-size: medium\">, atrav\u00e9s do email <\/span><\/span><\/span><span style=\"color: #00000a\"><span style=\"font-family: Arial, sans-serif\"><span style=\"font-size: medium\">da Secretaria Geral do <\/span><\/span><\/span><span style=\"color: #00000a\"><span style=\"font-family: Arial, sans-serif\"><span style=\"font-size: medium\"><i>Campus<\/i><\/span><\/span><\/span><span style=\"color: #00000a\"><span style=\"font-family: Arial, sans-serif\"><span style=\"font-size: medium\">: <\/span><\/span><\/span><span style=\"color: #000081\"><span style=\"font-family: Arial, sans-serif\"><span style=\"font-size: medium\">secretaria.pferros@uern.br<\/span><\/span><\/span><span style=\"color: #00000a\"><span style=\"font-family: Arial, sans-serif\"><span style=\"font-size: medium\">, atrav\u00e9s do nosso <\/span><\/span><\/span><span style=\"color: #00000a\"><span style=\"font-family: Arial, sans-serif\"><span style=\"font-size: medium\">instagram @uernpaudosferros, e atrav\u00e9s do nosso telefone 3351-3909.<\/span><\/span><\/span><\/p>\n<p align=\"justify\"><span style=\"font-family: 'arial black', sans-serif;font-size: 14pt\"><span style=\"color: #00000a\"><b>3. Quais os cursos de p\u00f3s-gradua\u00e7\u00e3o do <\/b><\/span><span style=\"color: #00000a\"><i><b>Campus<\/b><\/i><\/span><span style=\"color: #00000a\"><b>?<\/b><\/span><\/span><\/p>\n<p align=\"justify\"><span style=\"color: #00000a\"><span style=\"font-family: Arial, sans-serif\"><span style=\"font-size: medium\">Programa de P\u00f3s-gradua\u00e7\u00e3o em Letras, possuindo Mestrado e Doutorado \u2013 PPGL;\u00a0 \u00a0 \u00a0 \u00a0 \u00a0 \u00a0 \u00a0 \u00a0 \u00a0 \u00a0 \u00a0 \u00a0 \u00a0 \u00a0 \u00a0 \u00a0 \u00a0 \u00a0 \u00a0 \u00a0 \u00a0 \u00a0 \u00a0 \u00a0 \u00a0 \u00a0 \u00a0 \u00a0 \u00a0 \u00a0 \u00a0 \u00a0 \u00a0 \u00a0 \u00a0 \u00a0 \u00a0 \u00a0 <\/span><\/span><\/span><span style=\"color: #00000a\"><span style=\"font-family: Arial, sans-serif\"><span style=\"font-size: medium\">Programa de P\u00f3s-gradua\u00e7\u00e3o em Ensino \u2013 PPGE;\u00a0 \u00a0 \u00a0 \u00a0 \u00a0 \u00a0 \u00a0 \u00a0 \u00a0 \u00a0 \u00a0 \u00a0 \u00a0 \u00a0 \u00a0 \u00a0 \u00a0 \u00a0 \u00a0 \u00a0 \u00a0 \u00a0 \u00a0 \u00a0 \u00a0 \u00a0 \u00a0 \u00a0 \u00a0 \u00a0 \u00a0 \u00a0 \u00a0 \u00a0 \u00a0 \u00a0 \u00a0 \u00a0 \u00a0 \u00a0 \u00a0 \u00a0 \u00a0 \u00a0 \u00a0 \u00a0 \u00a0 \u00a0 \u00a0 \u00a0 \u00a0 \u00a0 \u00a0 \u00a0 \u00a0 \u00a0 \u00a0 \u00a0 \u00a0 \u00a0 \u00a0 \u00a0 \u00a0 \u00a0 \u00a0 <\/span><\/span><\/span><span style=\"color: #00000a\"><span style=\"font-family: Arial, sans-serif\"><span style=\"font-size: medium\">Mestrado em Planejamento e Din\u00e2micas Territoriais no Semi\u00e1rido \u2013 PLANDITES;\u00a0 \u00a0 \u00a0 \u00a0 \u00a0 \u00a0 \u00a0 \u00a0 \u00a0 \u00a0 \u00a0 \u00a0 \u00a0 \u00a0 \u00a0 \u00a0 \u00a0 \u00a0 \u00a0 \u00a0 \u00a0 \u00a0 \u00a0 \u00a0 \u00a0 \u00a0 \u00a0 \u00a0 \u00a0 \u00a0 \u00a0 \u00a0 \u00a0 \u00a0 \u00a0 \u00a0 \u00a0 \u00a0 \u00a0 \u00a0 <\/span><\/span><\/span><span style=\"color: #00000a\"><span style=\"font-family: Arial, sans-serif\"><span style=\"font-size: medium\">Mestrado Profissional em Letras \u2013 PROFLETRAS.<\/span><\/span><\/span><\/p>\n<p align=\"justify\"><span style=\"font-family: 'arial black', sans-serif;font-size: 14pt\"><span style=\"color: #222222\"><b>4. Como agendar a utiliza\u00e7\u00e3o de espa\u00e7os f\u00edsicos do <\/b><\/span><span style=\"color: #222222\"><i><b>Campus<\/b><\/i><\/span><span style=\"color: #222222\"><b>?<\/b><\/span><\/span><\/p>\n<p align=\"justify\"><span style=\"color: #222222\"><span style=\"font-family: Arial, sans-serif\"><span style=\"font-size: medium\">Basta enviar e-mail para o endere\u00e7o <\/span><\/span><\/span><span style=\"color: #1155cd\"><span style=\"font-family: Arial, sans-serif\"><span style=\"font-size: medium\">secretaria.pferros@uern.br <\/span><\/span><\/span><span style=\"color: #222222\"><span style=\"font-family: Arial, sans-serif\"><span style=\"font-size: medium\">informando dia, <\/span><\/span><\/span><span style=\"color: #222222\"><span style=\"font-family: Arial, sans-serif\"><span style=\"font-size: medium\">hor\u00e1rio, a atividade que ser\u00e1 realizada e a quantidade de pessoas que participar\u00e3o.<\/span><\/span><\/span><\/p>\n<p align=\"justify\"><span style=\"color: #000000;font-family: 'arial black', sans-serif;font-size: 14pt\"><b>5. O curso de Mestrado em Ensino \u00e9 online ou presencial?<\/b><\/span><\/p>\n<p align=\"justify\"><span style=\"color: #000000\"><span style=\"font-family: Arial, sans-serif\"><span style=\"font-size: medium\">A modalidade de oferta regular de disciplinas do <\/span><\/span><\/span><span style=\"color: #00000a\"><span style=\"font-family: Arial, sans-serif\"><span style=\"font-size: medium\">Programa de P\u00f3s-gradua\u00e7\u00e3o em Ensino (<\/span><\/span><\/span><span style=\"color: #000000\"><span style=\"font-family: Arial, sans-serif\"><span style=\"font-size: medium\">PPGE) \u00e9 presencial, entretanto, em situa\u00e7\u00f5es at\u00edpicas, condicionadas a determina\u00e7\u00f5es e orienta\u00e7\u00f5es institucionais (como a pandemia do COVID-19, por exemplo), as disciplinas podem ocorrer de forma remota, por meio de aulas s\u00edncronas e ass\u00edncronas.<\/span><\/span><\/span><\/p>\n<p align=\"justify\"><span style=\"font-family: 'arial black', sans-serif;font-size: 14pt\"><span style=\"color: #000000\"><b>6. As disciplinas do <\/b><\/span><span style=\"color: #00000a\"><b>Programa de P\u00f3s-gradua\u00e7\u00e3o em Ensino (<\/b><\/span><span style=\"color: #000000\"><b>PPGE) acontecem em QUAIS dias e hor\u00e1rios?<\/b><\/span><\/span><\/p>\n<p align=\"justify\"><span style=\"color: #222222\"><span style=\"font-family: Arial, sans-serif\"><span style=\"font-size: medium\">As disciplinas do <\/span><\/span><\/span><span style=\"color: #00000a\"><span style=\"font-family: Arial, sans-serif\"><span style=\"font-size: medium\">Programa de P\u00f3s-gradua\u00e7\u00e3o em Ensino (<\/span><\/span><\/span><span style=\"color: #222222\"><span style=\"font-family: Arial, sans-serif\"><span style=\"font-size: medium\">PPGE) podem ser ofertadas de segunda \u00e0 sexta-feira, nos hor\u00e1rios matutino e vespertino, de acordo com a disponibilidade do professor respons\u00e1vel. Os cronogramas das aulas s\u00e3o divulgados em editais de matr\u00edcula publicados antes do in\u00edcio de cada semestre.<\/span><\/span><\/span><\/p>\n<p align=\"justify\"><span style=\"font-family: 'arial black', sans-serif;font-size: 14pt\"><span style=\"color: #222222\"><b>7. Como eu consigo o contato dos professores do <\/b><\/span><span style=\"color: #00000a\"><b>Programa de P\u00f3s-gradua\u00e7\u00e3o em Ensino(<\/b><\/span><span style=\"color: #222222\"><b>PPGE)?<\/b><\/span><\/span><\/p>\n<p align=\"justify\"><span style=\"color: #222222\"><span style=\"font-family: Arial, sans-serif\"><span style=\"font-size: medium\">Os e-mails dos professores do Programa, bem como diversas outras informa\u00e7\u00f5es do <\/span><\/span><\/span><span style=\"color: #222222\"><span style=\"font-family: Arial, sans-serif\"><span style=\"font-size: medium\">Curso de Mestrado Acad\u00eamico em Ensino est\u00e3o dispon\u00edveis na p\u00e1gina do PPGE, no <\/span><\/span><\/span><span style=\"color: #222222\"><span style=\"font-family: Arial, sans-serif\"><span style=\"font-size: medium\">seguinte endere\u00e7o: <\/span><\/span><\/span><span style=\"color: #1155cd\"><span style=\"font-family: Arial, sans-serif\"><span style=\"font-size: medium\">propeg.uern.br\/ppge<\/span><\/span><\/span><\/p>\n<ul>\n<li>\n<p align=\"justify\"><span style=\"color: #00000a;font-size: 14pt\"><span style=\"font-family: Arial, sans-serif\"><b>PROGRAMA DE P\u00d3S-GRADUA\u00c7\u00c3O EM LETRAS (PPGL)<\/b><\/span><\/span><\/p>\n<\/li>\n<\/ul>\n<p align=\"justify\"><span style=\"font-family: 'arial black', sans-serif;font-size: 12pt\"><span style=\"font-size: 14pt\"><span style=\"color: #00000a\"><b>8. Quais s\u00e3o os cursos existentes no Programa de P\u00f3s-Gradua\u00e7\u00e3o em Letras (PPGL) do <\/b><\/span><span style=\"color: #00000a\"><i><b>C<\/b><\/i><\/span><span style=\"color: #00000a\"><i><b>ampus <\/b><\/i><\/span><\/span><span style=\"color: #00000a\"><b><span style=\"font-size: 14pt\">de Pau dos Ferros (CAPF\/UERN)?<\/span>\u00a0<\/b><\/span><\/span><\/p>\n<p align=\"justify\"><span style=\"color: #00000a\"><span style=\"font-family: Arial, sans-serif\"><span style=\"font-size: medium\">Cursos de Mestrado e Doutorado em Letras<\/span><\/span><\/span><\/p>\n<p align=\"justify\"><span style=\"color: #00000a;font-family: 'arial black', sans-serif;font-size: 14pt\"><b>9. Quais s\u00e3o a(s) \u00e1rea(s) de concentra\u00e7\u00e3o do PROGRAMA DE P\u00d3S-GRADUA\u00c7\u00c3O EM LETRAS (PPGL\/UERN)?<\/b><\/span><\/p>\n<p align=\"justify\"><span style=\"color: #00000a\"><span style=\"font-family: Arial, sans-serif\"><span style=\"font-size: medium\"><b>Estudos do Discurso e do Texto &#8211; <\/b><\/span><\/span><\/span><span style=\"color: #00000a\"><span style=\"font-family: Arial, sans-serif\"><span style=\"font-size: medium\">Estudos sobre o discurso e o texto em diversas pr\u00e1ticas discursivas, sob m\u00faltiplas abordagens te\u00f3ricas, numa perspectiva interdisciplinar de constru\u00e7\u00e3o do conhecimento na \u00e1rea da linguagem, em que os textos, como materializa\u00e7\u00e3o dos discursos, possibilitam a investiga\u00e7\u00e3o em diversos campos discursivos.<\/span><\/span><\/span><\/p>\n<p align=\"justify\"><span style=\"color: #00000a;font-family: 'arial black', sans-serif;font-size: 14pt\"><b>10. Quais as Linhas de Pesquisa do PROGRAMA DE P\u00d3S-GRADUA\u00c7\u00c3O EM LETRAS (PPGL\/UERN)?<\/b><\/span><\/p>\n<p align=\"justify\"><span style=\"color: #00000a\"><span style=\"font-family: Arial, sans-serif\"><span style=\"font-size: medium\">i) <\/span><\/span><\/span><span style=\"color: #00000a\"><span style=\"font-family: Arial, sans-serif\"><span style=\"font-size: medium\"><b>Discurso, Mem\u00f3ria e Identidade <\/b><\/span><\/span><\/span><span style=\"color: #00000a\"><span style=\"font-family: Arial, sans-serif\"><span style=\"font-size: medium\">&#8211; Articula pesquisas que relacionam discurso, mem\u00f3ria e identidade, investigando a produ\u00e7\u00e3o de sentidos em diferentes campos discursivos e em diversos contextos s\u00f3cio-hist\u00f3ricos de produ\u00e7\u00e3o, circula\u00e7\u00e3o e recep\u00e7\u00e3o.<\/span><\/span><\/span><\/p>\n<p align=\"justify\"><span style=\"color: #00000a\"><span style=\"font-family: Arial, sans-serif\"><span style=\"font-size: medium\">ii)<\/span><\/span><\/span><span style=\"color: #00000a\"><span style=\"font-family: Arial, sans-serif\"><span style=\"font-size: medium\"><b>Texto e Constru\u00e7\u00e3o de Sentidos <\/b><\/span><\/span><\/span><span style=\"color: #00000a\"><span style=\"font-family: Arial, sans-serif\"><span style=\"font-size: medium\">&#8211; articula pesquisas sobre os fatores respons\u00e1veis pela produ\u00e7\u00e3o de sentidos no texto, considerando os elementos envolvidos na produ\u00e7\u00e3o e na recep\u00e7\u00e3o, com vistas a oferecer contribui\u00e7\u00f5es ao ensino do texto. iii) Texto Liter\u00e1rio, Cr\u00edtica e Cultura &#8211; articula pesquisas no \u00e2mbito dos estudos liter\u00e1rios, em diferentes abordagens, abarcando tanto o estudo do texto liter\u00e1rio enquanto objeto est\u00e9tico quanto a sua rela\u00e7\u00e3o com outras formas de produ\u00e7\u00e3o cultura.<\/span><\/span><\/span><\/p>\n<p align=\"justify\"><span style=\"color: #00000a;font-family: 'arial black', sans-serif;font-size: 14pt\"><b>11. Quem vai concorrer ao Mestrado PROGRAMA DE P\u00d3S-GRADUA\u00c7\u00c3O EM LETRAS (PPGL\/UERN) precisa ser graduado em Letras?<\/b><\/span><\/p>\n<p align=\"justify\"><span style=\"color: #00000a\"><span style=\"font-family: Arial, sans-serif\"><span style=\"font-size: medium\">N\u00e3o. Ser\u00e3o aceitas inscri\u00e7\u00f5es para o processo seletivo de candidatos: portadores de Diploma de Gradua\u00e7\u00e3o em Letras, bacharelado ou licenciatura, obtido em institui\u00e7\u00f5es reconhecidas pelo MEC; portadores de diploma de outros Cursos de Gradua\u00e7\u00e3o, pertencentes a \u00e1reas afins e credenciados pelo Conselho Nacional de Educa\u00e7\u00e3o, que, segundo avalia\u00e7\u00e3o do Colegiado ou de Comiss\u00e3o por este designada, atendam aos objetivos do Programa; portadores de diploma de gradua\u00e7\u00e3o de institui\u00e7\u00f5es estrangeiras que, segundo avalia\u00e7\u00e3o do Colegiado ou de Comiss\u00e3o por este designada, atendam aos objetivos do Programa; portador de Diploma e\/ou certificado de conclus\u00e3o de curso de P\u00f3s-Gradua\u00e7\u00e3o, n\u00edvel Mestrado em Letras e\/ou \u00e1rea afim. (Regimento Interno, Art. 15.)\u00a0<\/span><\/span><\/span><\/p>\n<p align=\"justify\"><span style=\"color: #00000a;font-family: 'arial black', sans-serif;font-size: 14pt\"><b>12. Quem vai concorrer ao Doutorado precisa ser graduado e ter Mestrado em Letras?<\/b><\/span><\/p>\n<p align=\"justify\"><span style=\"color: #00000a\"><span style=\"font-family: Arial, sans-serif\"><span style=\"font-size: medium\">N\u00e3o. Portador de Diploma e\/ou certificado de conclus\u00e3o de curso de P\u00f3s-<\/span><\/span><\/span><span style=\"color: #00000a\"><span style=\"font-family: Arial, sans-serif\"><span style=\"font-size: medium\">Gradua\u00e7\u00e3o, n\u00edvel Mestrado em Letras e\/ou \u00e1rea afim. (Regimento Interno, Art. 15.)<\/span><\/span><\/span><\/p>\n<p align=\"justify\"><span style=\"color: #00000a;font-family: 'arial black', sans-serif;font-size: 14pt\"><b>13. Qual a diferen\u00e7a entre ALUNO REGULAR e ALUNO ESPECIAL?<\/b><\/span><\/p>\n<p align=\"justify\"><span style=\"color: #00000a\"><span style=\"font-family: Arial, sans-serif\"><span style=\"font-size: medium\">O aluno Regular \u00e9 aquele admitido atrav\u00e9s de processo seletivo para cumprir com todos os requisitos do curso de Mestrado (em 24 meses) e do curso de Doutorado (em 48 meses). J\u00e1 o aluno Especial s\u00e3o os egressos de cursos de gradua\u00e7\u00e3o, que poder\u00e3o matricular-se em disciplinas, nesta condi\u00e7\u00e3o, desde que existam vagas dispon\u00edveis e mediante requerimento com a anu\u00eancia do professor respons\u00e1vel pela disciplina e homologado pelo Colegiado ou Comiss\u00e3o por este designada. No PPGL, o aluno especial poder\u00e1 cursar, no m\u00e1ximo, 01 (uma) disciplina por semestre letivo e, no m\u00e1ximo, 04 (quatro) semestres letivos (consecutivos ou n\u00e3o). A inscri\u00e7\u00e3o em disciplinas, na condi\u00e7\u00e3o de aluno especial, n\u00e3o assegura direito \u00e0 obten\u00e7\u00e3o de diploma de P\u00f3s-Gradua\u00e7\u00e3o. (Regimento Interno, Art. 18, \u00a7 4\u00ba ao 7\u00ba)<\/span><\/span><\/span><\/p>\n<p align=\"justify\"><span style=\"font-family: 'arial black', sans-serif;font-size: 14pt\"><span style=\"color: #00000a\"><b>14. Como posso me tornar um ALUNO ESPECIAL do curso de Mestrado ou de <\/b><\/span><span style=\"color: #00000a\"><b>Doutorado do PROGRAMA DE P\u00d3S-GRADUA\u00c7\u00c3O EM LETRAS (PPGL\/UERN)?<\/b><\/span><\/span><\/p>\n<p align=\"justify\"><span style=\"color: #00000a\"><span style=\"font-family: Arial, sans-serif\"><span style=\"font-size: medium\">A sele\u00e7\u00e3o de alunos especiais \u00e9 regulamentada em edital especifico e ocorre 02 (duas) vezes por ano, a cada in\u00edcio de semestre letivo.<\/span><\/span><\/span><\/p>\n<p align=\"justify\"><span style=\"color: #00000a;font-family: 'arial black', sans-serif;font-size: 14pt\"><b>15. Com que frequ\u00eancia ocorrem os processos seletivos para ALUNOS REGULARES do PROGRAMA DE P\u00d3S-GRADUA\u00c7\u00c3O EM LETRAS (PPGL\/UERN)?<\/b><\/span><\/p>\n<p align=\"justify\"><span style=\"color: #00000a\"><span style=\"font-family: Arial, sans-serif\"><span style=\"font-size: medium\">01 (uma) vez por ano.<\/span><\/span><\/span><\/p>\n<p align=\"justify\"><span style=\"font-family: 'arial black', sans-serif;font-size: 14pt\"><span style=\"color: #00000a\"><b>16- Quantas vagas para ALUNOS REGULARES o PROGRAMA DE P\u00d3S-GRADUA\u00c7\u00c3O EM LETRAS (PPGL\/UERN) oferece nos processos <\/b><\/span><span style=\"color: #00000a\"><b>seletivos?<\/b><\/span><\/span><\/p>\n<p align=\"justify\"><span style=\"color: #00000a\"><span style=\"font-family: Arial, sans-serif\"><span style=\"font-size: medium\">A quantidade de vagas muda de uma sele\u00e7\u00e3o para outra, pois a oferta depende da disponibilidade de cada professor e da aprova\u00e7\u00e3o do Colegiado do PPGL\/UERN. (Regimento Interno, Art. 5\u00ba)<\/span><\/span><\/span><\/p>\n<p align=\"justify\"><span style=\"font-family: 'arial black', sans-serif;font-size: 14pt\"><span style=\"color: #00000a\"><b>17. Com quanto tempo de curso o ALUNO REGULAR do curso de Mestrado do <\/b><\/span><span style=\"color: #00000a\"><b>PROGRAMA DE P\u00d3S-GRADUA\u00c7\u00c3O EM LETRAS (PPGL\/UERN) pode defender sua disserta\u00e7\u00e3o?<\/b><\/span><\/span><\/p>\n<p align=\"justify\"><span style=\"color: #00000a\"><span style=\"font-family: Arial, sans-serif\"><span style=\"font-size: medium\">Somente ap\u00f3s 01 (um) ano de curso. (Regimento Interno, Art. 93)<\/span><\/span><\/span><\/p>\n<p align=\"justify\"><span style=\"font-family: 'arial black', sans-serif;font-size: 14pt\"><span style=\"color: #00000a\"><b>18. Com quanto tempo de curso o ALUNO REGULAR do curso de Doutorado do <\/b><\/span><span style=\"color: #00000a\"><b>PROGRAMA DE P\u00d3S-GRADUA\u00c7\u00c3O EM LETRAS (PPGL\/UERN) pode defender sua tese?<\/b><\/span><\/span><\/p>\n<p align=\"justify\"><span style=\"color: #00000a\"><span style=\"font-family: Arial, sans-serif\"><span style=\"font-size: medium\">Somente ap\u00f3s 02 (um) ano de curso. (Regimento Interno, Art. 94)<\/span><\/span><\/span><\/p>\n<p align=\"justify\"><span style=\"color: #00000a;font-family: 'arial black', sans-serif;font-size: 14pt\"><b>19. O PROGRAMA DE P\u00d3S-GRADUA\u00c7\u00c3O EM LETRAS (PPGL\/UERN) aceita transfer\u00eancia de alunos de outras institui\u00e7\u00f5es?<\/b><\/span><\/p>\n<p align=\"justify\"><span style=\"color: #00000a\"><span style=\"font-family: Arial, sans-serif\"><span style=\"font-size: medium\">Sim. A crit\u00e9rio do Colegiado do PPGL. O processo de transfer\u00eancia est\u00e1 <\/span><\/span><\/span><span style=\"color: #00000a\"><span style=\"font-family: Arial, sans-serif\"><span style=\"font-size: medium\">regulamentado no Regimento Interno do Programa, dos Art. 29 ao 32.<\/span><\/span><\/span><\/p>\n","protected":false},"excerpt":{"rendered":"<p>1.Quais os cursos que comp\u00f5e o Campus da UERN em Pau dos Ferros? Possu\u00edmos os seguintes cursos: Letras L\u00edngua Inglesa; Letras L\u00edngua Espanhola; Letras L\u00edngua Portuguesa; Ci\u00eancias Econ\u00f4micas; Pedagogia; Administra\u00e7\u00e3o; Educa\u00e7\u00e3o F\u00edsica; Enfermagem; Geografia, na modalidade presencial, e o Curso de LIBRAS em EaD. 2. Quais os canais de comunica\u00e7\u00e3o da UERN em Pau dos [&hellip;]<\/p>\n","protected":false},"author":12,"featured_media":0,"parent":0,"menu_order":0,"comment_status":"closed","ping_status":"closed","template":"","meta":{"footnotes":""},"class_list":["post-2008","page","type-page","status-publish","hentry"],"_links":{"self":[{"href":"https:\/\/portal.uern.br\/paudosferros\/wp-json\/wp\/v2\/pages\/2008","targetHints":{"allow":["GET"]}}],"collection":[{"href":"https:\/\/portal.uern.br\/paudosferros\/wp-json\/wp\/v2\/pages"}],"about":[{"href":"https:\/\/portal.uern.br\/paudosferros\/wp-json\/wp\/v2\/types\/page"}],"author":[{"embeddable":true,"href":"https:\/\/portal.uern.br\/paudosferros\/wp-json\/wp\/v2\/users\/12"}],"replies":[{"embeddable":true,"href":"https:\/\/portal.uern.br\/paudosferros\/wp-json\/wp\/v2\/comments?post=2008"}],"version-history":[{"count":35,"href":"https:\/\/portal.uern.br\/paudosferros\/wp-json\/wp\/v2\/pages\/2008\/revisions"}],"predecessor-version":[{"id":2044,"href":"https:\/\/portal.uern.br\/paudosferros\/wp-json\/wp\/v2\/pages\/2008\/revisions\/2044"}],"wp:attachment":[{"href":"https:\/\/portal.uern.br\/paudosferros\/wp-json\/wp\/v2\/media?parent=2008"}],"curies":[{"name":"wp","href":"https:\/\/api.w.org\/{rel}","templated":true}]}}