{"id":1904,"date":"2023-12-11T15:19:32","date_gmt":"2023-12-11T18:19:32","guid":{"rendered":"https:\/\/portal.uern.br\/paudosferros\/?page_id=1904"},"modified":"2023-12-11T15:19:48","modified_gmt":"2023-12-11T18:19:48","slug":"contatos","status":"publish","type":"page","link":"https:\/\/portal.uern.br\/paudosferros\/contatos\/","title":{"rendered":"Contatos"},"content":{"rendered":"<p>&nbsp;<\/p>\n<table style=\"border-collapse: collapse;width: 100%;height: 856px\">\n<tbody>\n<tr style=\"height: 24px\">\n<td style=\"width: 5.79096%;text-align: center;height: 24px\"><\/td>\n<td style=\"width: 44.209%;text-align: center;height: 24px\"><strong>Setor<\/strong><\/td>\n<td style=\"width: 25%;height: 24px;text-align: center\"><strong>N\u00famero para contato<\/strong><\/td>\n<td style=\"width: 25%;height: 24px;text-align: center\"><strong>Email<\/strong><\/td>\n<\/tr>\n<tr style=\"height: 52px\">\n<td style=\"width: 5.79096%;text-align: center;height: 52px\">1<\/td>\n<td style=\"width: 44.209%;text-align: left;height: 52px\">Dire\u00e7\u00e3o do CAPF<\/td>\n<td style=\"width: 25%;text-align: center;height: 52px\">3312-8834<\/td>\n<td style=\"width: 25%;text-align: center;height: 52px\">pferros@uern.br<\/td>\n<\/tr>\n<tr style=\"height: 52px\">\n<td style=\"width: 5.79096%;text-align: center;height: 52px\">2<\/td>\n<td style=\"width: 44.209%;text-align: left;height: 52px\">Divis\u00e3o de Transporte &#8211; DT<\/td>\n<td style=\"width: 25%;text-align: center;height: 52px\">3312-8825<\/td>\n<td style=\"width: 25%;text-align: center;height: 52px\">transportes.pferros@uern.br<\/td>\n<\/tr>\n<tr style=\"height: 52px\">\n<td style=\"width: 5.79096%;text-align: center;height: 52px\">3<\/td>\n<td style=\"width: 44.209%;text-align: left;height: 52px\">Divis\u00e3o de Governan\u00e7a &#8211; DG<\/td>\n<td style=\"width: 25%;text-align: center;height: 52px\">3312-8815<\/td>\n<td style=\"width: 25%;text-align: center;height: 52px\">subprefeitura.pferros@uern.br<\/td>\n<\/tr>\n<tr style=\"height: 52px\">\n<td style=\"width: 5.79096%;text-align: center;height: 52px\">4<\/td>\n<td style=\"width: 44.209%;text-align: left;height: 52px\">Divis\u00e3o de Tecnologia da Informa\u00e7\u00e3o &#8211; DTI<\/td>\n<td style=\"width: 25%;text-align: center;height: 52px\">3312-8822<\/td>\n<td style=\"width: 25%;text-align: center;height: 52px\">dti.capf@uern.br<\/td>\n<\/tr>\n<tr style=\"height: 52px\">\n<td style=\"width: 5.79096%;text-align: center;height: 52px\">5<\/td>\n<td style=\"width: 44.209%;text-align: left;height: 52px\">Museu de Cultura Sertaneja &#8211; MCS<\/td>\n<td style=\"width: 25%;text-align: center;height: 52px\">3312-8839<\/td>\n<td style=\"width: 25%;text-align: center;height: 52px\">museu.pferros@uern.br<\/td>\n<\/tr>\n<tr style=\"height: 52px\">\n<td style=\"width: 5.79096%;text-align: center;height: 52px\">6<\/td>\n<td style=\"width: 44.209%;text-align: left;height: 52px\">Divis\u00e3o de Pol\u00edticas e A\u00e7\u00f5es Inclusivas &#8211; DPAI<\/td>\n<td style=\"width: 25%;text-align: center;height: 52px\">3312-8846<\/td>\n<td style=\"width: 25%;text-align: center;height: 52px\">&#8211;<\/td>\n<\/tr>\n<tr style=\"height: 52px\">\n<td style=\"width: 5.79096%;text-align: center;height: 52px\">7<\/td>\n<td style=\"width: 44.209%;text-align: left;height: 52px\">Secretaria Geral &#8211; SG<\/td>\n<td style=\"width: 25%;text-align: center;height: 52px\">3312-8829<\/td>\n<td style=\"width: 25%;text-align: center;height: 52px\">secretaria.pferros@uern.br<\/td>\n<\/tr>\n<tr style=\"height: 52px\">\n<td style=\"width: 5.79096%;text-align: center;height: 52px\">8<\/td>\n<td style=\"width: 44.209%;text-align: left;height: 52px\">Setor de Biblioteca &#8211; SB<\/td>\n<td style=\"width: 25%;text-align: center;height: 52px\">3312-8817<\/td>\n<td style=\"width: 25%;text-align: center;height: 52px\">pferros@biblioteca.uern.br<\/td>\n<\/tr>\n<tr style=\"height: 52px\">\n<td style=\"width: 5.79096%;text-align: center;height: 52px\">9<\/td>\n<td style=\"width: 44.209%;text-align: left;height: 52px\">Setor de Ouvidoria &#8211; SO<\/td>\n<td style=\"width: 25%;text-align: center;height: 52px\">3315-2116<\/td>\n<td style=\"width: 25%;text-align: center;height: 52px\">ouvidoria.capf@uern.br<\/td>\n<\/tr>\n<tr style=\"height: 52px\">\n<td style=\"width: 5.79096%;text-align: center;height: 52px\">10<\/td>\n<td style=\"width: 44.209%;text-align: left;height: 52px\">Departamento de Administra\u00e7\u00e3o &#8211; DAD<\/td>\n<td style=\"width: 25%;text-align: center;height: 52px\">3312-8845<\/td>\n<td style=\"width: 25%;text-align: center;height: 52px\">dad_pferros@uern.br<\/td>\n<\/tr>\n<tr style=\"height: 52px\">\n<td style=\"width: 5.79096%;text-align: center;height: 52px\">11<\/td>\n<td style=\"width: 44.209%;text-align: left;height: 52px\">Departamento de Economia &#8211; DEC<\/td>\n<td style=\"width: 25%;text-align: center;height: 52px\">3312-5410<\/td>\n<td style=\"width: 25%;text-align: center;height: 52px\">dec_pferros@uern.br<\/td>\n<\/tr>\n<tr style=\"height: 52px\">\n<td style=\"width: 5.79096%;text-align: center;height: 52px\">12<\/td>\n<td style=\"width: 44.209%;text-align: left;height: 52px\">Departamento de Ecuca\u00e7\u00e3o &#8211; DE<\/td>\n<td style=\"width: 25%;text-align: center;height: 52px\">3312-5416<\/td>\n<td style=\"width: 25%;text-align: center;height: 52px\">de_pferros@uern.br<\/td>\n<\/tr>\n<tr style=\"height: 52px\">\n<td style=\"width: 5.79096%;text-align: center;height: 52px\">13<\/td>\n<td style=\"width: 44.209%;text-align: left;height: 52px\">Departamento de Educa\u00e7\u00e3o F\u00edsica &#8211; DEF<\/td>\n<td style=\"width: 25%;text-align: center;height: 52px\">3312-8843<\/td>\n<td style=\"width: 25%;text-align: center;height: 52px\">def_pferros@uern.br<\/td>\n<\/tr>\n<tr style=\"height: 52px\">\n<td style=\"width: 5.79096%;text-align: center;height: 52px\">14<\/td>\n<td style=\"width: 44.209%;text-align: left;height: 52px\">Departamento de Enfermagem &#8211; DEN<\/td>\n<td style=\"width: 25%;text-align: center;height: 52px\">3312-8802<\/td>\n<td style=\"width: 25%;text-align: center;height: 52px\">den.pferros@uern.br<\/td>\n<\/tr>\n<tr style=\"height: 52px\">\n<td style=\"width: 5.79096%;text-align: center;height: 52px\">15<\/td>\n<td style=\"width: 44.209%;text-align: left;height: 52px\">Departamento de Geografia &#8211; DGE<\/td>\n<td style=\"width: 25%;text-align: center;height: 52px\">3312-8847<\/td>\n<td style=\"width: 25%;text-align: center;height: 52px\">dge.pferros@uern.br<\/td>\n<\/tr>\n<tr style=\"height: 52px\">\n<td style=\"width: 5.79096%;text-align: center;height: 52px\">16<\/td>\n<td style=\"width: 44.209%;text-align: left;height: 52px\">Departamento de Letras Estrangeiras &#8211; DLE<\/td>\n<td style=\"width: 25%;text-align: center;height: 52px\">3312-8851<\/td>\n<td style=\"width: 25%;text-align: center;height: 52px\">dle_pferros@uern.br<\/td>\n<\/tr>\n<tr>\n<td style=\"width: 5.79096%;text-align: center\">17<\/td>\n<td style=\"width: 44.209%;text-align: left\">Departamento de Letras Vern\u00e1culas &#8211; DLV<\/td>\n<td style=\"width: 25%;text-align: center\">3312-8828<\/td>\n<td style=\"width: 25%;text-align: center\">dlv_pferros@uern.br<\/td>\n<\/tr>\n<tr>\n<td style=\"width: 5.79096%;text-align: center\">18<\/td>\n<td style=\"width: 44.209%;text-align: left\">Programa de P\u00f3s-Gradua\u00e7\u00e3o em Educa\u00e7\u00e3o &#8211; PPGE<\/td>\n<td style=\"width: 25%;text-align: center\">3312-8837<\/td>\n<td style=\"width: 25%;text-align: center\">ppge.pferros@uern.br<\/td>\n<\/tr>\n<tr>\n<td style=\"width: 5.79096%;text-align: center\">19<\/td>\n<td style=\"width: 44.209%;text-align: left\">Programa de Mestrado Profissional em Letras &#8211; Profletras<\/td>\n<td style=\"width: 25%;text-align: center\">3312-8848<\/td>\n<td style=\"width: 25%;text-align: center\">profletras.pferros@uern.br<\/td>\n<\/tr>\n<tr>\n<td style=\"width: 5.79096%;text-align: center\">20<\/td>\n<td style=\"width: 44.209%;text-align: left\">Programa de P\u00f3s-Gradua\u00e7\u00e3o em Planejamento e Din\u00e2micas Territoriais &#8211; Plandites<\/td>\n<td style=\"width: 25%;text-align: center\">3312-8841<\/td>\n<td style=\"width: 25%;text-align: center\">plandites@mestrado.uern.br<\/td>\n<\/tr>\n<tr>\n<td style=\"width: 5.79096%;text-align: center\">21<\/td>\n<td style=\"width: 44.209%;text-align: left\">Programa de P\u00f3s-Gradu\u00e7\u00e3o em Letras &#8211; PPGL<\/td>\n<td style=\"width: 25%;text-align: center\">3312-8818<\/td>\n<td style=\"width: 25%;text-align: center\">ppgl.pferros@uern.br<\/td>\n<\/tr>\n<\/tbody>\n<\/table>\n<p>&nbsp;<\/p>\n<p>&nbsp;<\/p>\n","protected":false},"excerpt":{"rendered":"<p>&nbsp; Setor N\u00famero para contato Email 1 Dire\u00e7\u00e3o do CAPF 3312-8834 pferros@uern.br 2 Divis\u00e3o de Transporte &#8211; DT 3312-8825 transportes.pferros@uern.br 3 Divis\u00e3o de Governan\u00e7a &#8211; DG 3312-8815 subprefeitura.pferros@uern.br 4 Divis\u00e3o de Tecnologia da Informa\u00e7\u00e3o &#8211; DTI 3312-8822 dti.capf@uern.br 5 Museu de Cultura Sertaneja &#8211; MCS 3312-8839 museu.pferros@uern.br 6 Divis\u00e3o de Pol\u00edticas e A\u00e7\u00f5es Inclusivas &#8211; [&hellip;]<\/p>\n","protected":false},"author":12,"featured_media":0,"parent":0,"menu_order":0,"comment_status":"closed","ping_status":"closed","template":"","meta":{"footnotes":""},"class_list":["post-1904","page","type-page","status-publish","hentry"],"_links":{"self":[{"href":"https:\/\/portal.uern.br\/paudosferros\/wp-json\/wp\/v2\/pages\/1904","targetHints":{"allow":["GET"]}}],"collection":[{"href":"https:\/\/portal.uern.br\/paudosferros\/wp-json\/wp\/v2\/pages"}],"about":[{"href":"https:\/\/portal.uern.br\/paudosferros\/wp-json\/wp\/v2\/types\/page"}],"author":[{"embeddable":true,"href":"https:\/\/portal.uern.br\/paudosferros\/wp-json\/wp\/v2\/users\/12"}],"replies":[{"embeddable":true,"href":"https:\/\/portal.uern.br\/paudosferros\/wp-json\/wp\/v2\/comments?post=1904"}],"version-history":[{"count":5,"href":"https:\/\/portal.uern.br\/paudosferros\/wp-json\/wp\/v2\/pages\/1904\/revisions"}],"predecessor-version":[{"id":1909,"href":"https:\/\/portal.uern.br\/paudosferros\/wp-json\/wp\/v2\/pages\/1904\/revisions\/1909"}],"wp:attachment":[{"href":"https:\/\/portal.uern.br\/paudosferros\/wp-json\/wp\/v2\/media?parent=1904"}],"curies":[{"name":"wp","href":"https:\/\/api.w.org\/{rel}","templated":true}]}}