{"id":1811,"date":"2023-10-09T10:35:48","date_gmt":"2023-10-09T13:35:48","guid":{"rendered":"https:\/\/portal.uern.br\/paudosferros\/?page_id=1811"},"modified":"2023-10-09T19:51:54","modified_gmt":"2023-10-09T22:51:54","slug":"certificados-da-mesa-redonda-rede-de-apoio-ao-combate-e-prevencao-a-violencia-contra-a-mulher","status":"publish","type":"page","link":"https:\/\/portal.uern.br\/paudosferros\/certificados-da-mesa-redonda-rede-de-apoio-ao-combate-e-prevencao-a-violencia-contra-a-mulher\/","title":{"rendered":"Certificados da mesa redonda: &#8220;Rede de apoio ao combate e preven\u00e7\u00e3o \u00e0 viol\u00eancia contra a mulher&#8221;"},"content":{"rendered":"<p><a href=\"https:\/\/portal.uern.br\/paudosferros\/wp-content\/uploads\/2023\/10\/Adrian-Thomas-da-S.-Vasconcelos.pdf\">Adrian Thom\u00e1s da S. Vasconcelos<\/a><\/p>\n<p><a href=\"https:\/\/portal.uern.br\/paudosferros\/wp-content\/uploads\/2023\/10\/Andreia-A-Gama-da-Silva.pdf\">Andreia A Gama da Silva<\/a><\/p>\n<p><a href=\"https:\/\/portal.uern.br\/paudosferros\/wp-content\/uploads\/2023\/10\/Antonia-Gerlandia-Viana-Medeiros.pdf\">Antonia Gerlandia Viana Medeiros<\/a><\/p>\n<p><a href=\"https:\/\/portal.uern.br\/paudosferros\/wp-content\/uploads\/2023\/10\/Antonia-Karenne-Maia-Paiva.pdf\">Antonia Karenne Maia Paiva<\/a><\/p>\n<p><a href=\"https:\/\/portal.uern.br\/paudosferros\/wp-content\/uploads\/2023\/10\/Antonio-Leonando-da-Silva-Dantas.pdf\">Antonio Leonando da Silva Dantas<\/a><\/p>\n<p><a href=\"https:\/\/portal.uern.br\/paudosferros\/wp-content\/uploads\/2023\/10\/Cesiane-de-Freitas-Lopes-Torres.pdf\">Cesiane de Freitas Lopes Torres<\/a><\/p>\n<p><a href=\"https:\/\/portal.uern.br\/paudosferros\/wp-content\/uploads\/2023\/10\/Danielle-Oliveira-Almeida.pdf\">Danielle Oliveira Almeida<\/a><\/p>\n<p><a href=\"https:\/\/portal.uern.br\/paudosferros\/wp-content\/uploads\/2023\/10\/Elaine-Vitoria-Ferreira-Pereira.pdf\">Elaine Vit\u00f3ria Ferreira Pereira<\/a><\/p>\n<p><a href=\"https:\/\/portal.uern.br\/paudosferros\/wp-content\/uploads\/2023\/10\/Estela-Kiara-de-Oliveira.pdf\">Estela Kiara de Oliveira<\/a><\/p>\n<p><a href=\"https:\/\/portal.uern.br\/paudosferros\/wp-content\/uploads\/2023\/10\/Evelly-Taina-da-Silva-Santos.pdf\">Evelly Tain\u00e1 da Silva Santos<\/a><\/p>\n<p><a href=\"https:\/\/portal.uern.br\/paudosferros\/wp-content\/uploads\/2023\/10\/Francisco-Jefferson-Gomes-Matias-.pdf\">Francisco Jefferson Gomes Matias<\/a><\/p>\n<p><a href=\"https:\/\/portal.uern.br\/paudosferros\/wp-content\/uploads\/2023\/10\/Francismeiry-Gomes-de-Oliveira.pdf\">Francismeiry Gomes de Oliveira<\/a><\/p>\n<p><a href=\"https:\/\/portal.uern.br\/paudosferros\/wp-content\/uploads\/2023\/10\/Francivone-Higino-Goncalves-Moura.pdf\">Francivone Higino Gon\u00e7alves Moura<\/a><\/p>\n<p><a href=\"https:\/\/portal.uern.br\/paudosferros\/wp-content\/uploads\/2023\/10\/Genilson-de-Freitas-Queiroz.pdf\">Genilson de Freitas Queiroz<\/a><\/p>\n<p><a href=\"https:\/\/portal.uern.br\/paudosferros\/wp-content\/uploads\/2023\/10\/Geovanna-Goncalves-do-Nascimento.pdf\">Geovanna Gon\u00e7alves do Nascimento<\/a><\/p>\n<p><a href=\"https:\/\/portal.uern.br\/paudosferros\/wp-content\/uploads\/2023\/10\/Ingrid-Raiane-Alves-de-Santana.pdf\">Ingrid Raiane Alves de Santana<\/a><\/p>\n<p><a href=\"https:\/\/portal.uern.br\/paudosferros\/wp-content\/uploads\/2023\/10\/Ivanilson-Dantas-da-Silva.pdf\">Ivanilson Dantas da Silva<\/a><\/p>\n<p><a href=\"https:\/\/portal.uern.br\/paudosferros\/wp-content\/uploads\/2023\/10\/Izaura-Vitoria-Feitosa-Maia.pdf\">Izaura Vit\u00f3ria Feitosa Maia<\/a><\/p>\n<p><a href=\"https:\/\/portal.uern.br\/paudosferros\/wp-content\/uploads\/2023\/10\/Jose-Alisson-Alves-Pessoa.pdf\">Jos\u00e9 Alisson Alves Pessoa<\/a><\/p>\n<p><a href=\"https:\/\/portal.uern.br\/paudosferros\/wp-content\/uploads\/2023\/10\/Jucimara-da-Silva-Pereira.pdf\">Jucimara da Silva Pereira<\/a><\/p>\n<p><a href=\"https:\/\/portal.uern.br\/paudosferros\/wp-content\/uploads\/2023\/10\/Jullyzanna-Karollinny-Matias.pdf\">Jullyzanna Karollinny Matias<\/a><\/p>\n<p><a href=\"https:\/\/portal.uern.br\/paudosferros\/wp-content\/uploads\/2023\/10\/Kaio-Gomes-de-Oliveira.pdf\">Kaio Gomes de Oliveira<\/a><\/p>\n<p><a href=\"https:\/\/portal.uern.br\/paudosferros\/wp-content\/uploads\/2023\/10\/Katielle-Costa-de-Souza.pdf\">Katielle Costa de Souza<\/a><\/p>\n<p><a href=\"https:\/\/portal.uern.br\/paudosferros\/wp-content\/uploads\/2023\/10\/Liliane-Ingrid-Pereira-Gomes.pdf\">Liliane Ingrid Pereira Gomes<\/a><\/p>\n<p><a href=\"https:\/\/portal.uern.br\/paudosferros\/wp-content\/uploads\/2023\/10\/Lucas-Dassaev-Marinho-de-Freitas.pdf\">Lucas Dassaev Marinho de Freitas<\/a><\/p>\n<p><a href=\"https:\/\/portal.uern.br\/paudosferros\/wp-content\/uploads\/2023\/10\/Luiz-Henrique-da-Silva.pdf\">Luiz Henrique da Silva<\/a><\/p>\n<p><a href=\"https:\/\/portal.uern.br\/paudosferros\/wp-content\/uploads\/2023\/10\/Luzia-Cintia-da-Silva.pdf\">Luzia C\u00edntia da Silva<\/a><\/p>\n<p><a href=\"https:\/\/portal.uern.br\/paudosferros\/wp-content\/uploads\/2023\/10\/Maria-Cecilia-de-Queiroz.pdf\">Maria Cec\u00edlia de Queiroz<\/a><\/p>\n<p><a href=\"https:\/\/portal.uern.br\/paudosferros\/wp-content\/uploads\/2023\/10\/Maria-Cecilia-Souza-Leite.pdf\">Maria Cecilia Souza Leite<\/a><\/p>\n<p><a href=\"https:\/\/portal.uern.br\/paudosferros\/wp-content\/uploads\/2023\/10\/Maria-Clara-Alves-da-Costa.pdf\">Maria Clara Alves da Costa<\/a><\/p>\n<p><a href=\"https:\/\/portal.uern.br\/paudosferros\/wp-content\/uploads\/2023\/10\/Maria-Eduarda-Pereira-Alves.pdf\">Maria Eduarda Pereira Alves<\/a><\/p>\n<p><a href=\"https:\/\/portal.uern.br\/paudosferros\/wp-content\/uploads\/2023\/10\/Maria-Gisllane-Dark-da-Silva.pdf\">Maria Gisllane Dark da Silva<\/a><\/p>\n<p><a href=\"https:\/\/portal.uern.br\/paudosferros\/wp-content\/uploads\/2023\/10\/Maria-Irisvania-Costa-Silva.pdf\">Maria Irisv\u00e2nia Costa Silva<\/a><\/p>\n<p><a href=\"https:\/\/portal.uern.br\/paudosferros\/wp-content\/uploads\/2023\/10\/Maria-Julia-de-Azevedo-Amorim.pdf\">Maria J\u00falia de Azevedo Amorim<\/a><\/p>\n<p><a href=\"https:\/\/portal.uern.br\/paudosferros\/wp-content\/uploads\/2023\/10\/Maria-Risele-de-Oliveira-Silva.pdf\">Maria Risele de Oliveira Silva<\/a><\/p>\n<p><a href=\"https:\/\/portal.uern.br\/paudosferros\/wp-content\/uploads\/2023\/10\/Mikaelly-Mosquita-Barbosa.pdf\">Mikaelly Mosquita Barbosa<\/a><\/p>\n<p><a href=\"https:\/\/portal.uern.br\/paudosferros\/wp-content\/uploads\/2023\/10\/Paloma-de-Lima-Oliveira.pdf\">Paloma de Lima Oliveira<\/a><\/p>\n<p><a href=\"https:\/\/portal.uern.br\/paudosferros\/wp-content\/uploads\/2023\/10\/Paulo-Germano-Neto-1.pdf\">Paulo Germano Neto<\/a><\/p>\n<p><a href=\"https:\/\/portal.uern.br\/paudosferros\/wp-content\/uploads\/2023\/10\/Rafaela-Rikele-da-Silva-Anisia.pdf\">Rafaela Rikele da Silva Anisia<\/a><\/p>\n<p><a href=\"https:\/\/portal.uern.br\/paudosferros\/wp-content\/uploads\/2023\/10\/Railson-Costa-Batista.pdf\">Railson Costa Batista<\/a><\/p>\n<p><a href=\"https:\/\/portal.uern.br\/paudosferros\/wp-content\/uploads\/2023\/10\/Secleide-Alves-da-Silva.pdf\">Secleide Alves da Silva<\/a><\/p>\n<p><a href=\"https:\/\/portal.uern.br\/paudosferros\/wp-content\/uploads\/2023\/10\/Suzana-Kemilly-da-Silva.pdf\">Suzana Kemilly da Silva<\/a><\/p>\n<p><a href=\"https:\/\/portal.uern.br\/paudosferros\/wp-content\/uploads\/2023\/10\/Tauani-Vitoria-Barbosa-de-Sousa.pdf\">Tauani Vit\u00f3ria Barbosa de Sousa<\/a><\/p>\n<p><a href=\"https:\/\/portal.uern.br\/paudosferros\/wp-content\/uploads\/2023\/10\/Valcimaria-Chaves-Nogueira-1.pdf\">Valcim\u00e1ria Chaves Nogueira<\/a><\/p>\n<p><a href=\"https:\/\/portal.uern.br\/paudosferros\/wp-content\/uploads\/2023\/10\/Vanessa-Bazilio-Feitosa.pdf\">Vanessa Bazilio Feitosa<\/a><\/p>\n<p><a href=\"https:\/\/portal.uern.br\/paudosferros\/wp-content\/uploads\/2023\/10\/Vitoria-Kelly-Moura.pdf\">Vit\u00f3ria Kelly Moura<\/a><\/p>\n<p><a href=\"https:\/\/portal.uern.br\/paudosferros\/wp-content\/uploads\/2023\/10\/Yasmin-Stefany-Gomes-Silva.pdf\">Yasmin Stefany Gomes Silva<\/a><\/p>\n<p>&nbsp;<\/p>\n","protected":false},"excerpt":{"rendered":"<p>Adrian Thom\u00e1s da S. Vasconcelos Andreia A Gama da Silva Antonia Gerlandia Viana Medeiros Antonia Karenne Maia Paiva Antonio Leonando da Silva Dantas Cesiane de Freitas Lopes Torres Danielle Oliveira Almeida Elaine Vit\u00f3ria Ferreira Pereira Estela Kiara de Oliveira Evelly Tain\u00e1 da Silva Santos Francisco Jefferson Gomes Matias Francismeiry Gomes de Oliveira Francivone Higino Gon\u00e7alves [&hellip;]<\/p>\n","protected":false},"author":12,"featured_media":0,"parent":0,"menu_order":0,"comment_status":"closed","ping_status":"closed","template":"","meta":{"footnotes":""},"class_list":["post-1811","page","type-page","status-publish","hentry"],"_links":{"self":[{"href":"https:\/\/portal.uern.br\/paudosferros\/wp-json\/wp\/v2\/pages\/1811","targetHints":{"allow":["GET"]}}],"collection":[{"href":"https:\/\/portal.uern.br\/paudosferros\/wp-json\/wp\/v2\/pages"}],"about":[{"href":"https:\/\/portal.uern.br\/paudosferros\/wp-json\/wp\/v2\/types\/page"}],"author":[{"embeddable":true,"href":"https:\/\/portal.uern.br\/paudosferros\/wp-json\/wp\/v2\/users\/12"}],"replies":[{"embeddable":true,"href":"https:\/\/portal.uern.br\/paudosferros\/wp-json\/wp\/v2\/comments?post=1811"}],"version-history":[{"count":3,"href":"https:\/\/portal.uern.br\/paudosferros\/wp-json\/wp\/v2\/pages\/1811\/revisions"}],"predecessor-version":[{"id":1886,"href":"https:\/\/portal.uern.br\/paudosferros\/wp-json\/wp\/v2\/pages\/1811\/revisions\/1886"}],"wp:attachment":[{"href":"https:\/\/portal.uern.br\/paudosferros\/wp-json\/wp\/v2\/media?parent=1811"}],"curies":[{"name":"wp","href":"https:\/\/api.w.org\/{rel}","templated":true}]}}