{"id":1805,"date":"2023-10-09T10:33:31","date_gmt":"2023-10-09T13:33:31","guid":{"rendered":"https:\/\/portal.uern.br\/paudosferros\/?page_id=1805"},"modified":"2023-10-09T19:31:07","modified_gmt":"2023-10-09T22:31:07","slug":"certificados","status":"publish","type":"page","link":"https:\/\/portal.uern.br\/paudosferros\/certificados\/","title":{"rendered":"Certificados"},"content":{"rendered":"<p><a href=\"https:\/\/portal.uern.br\/paudosferros\/certificados-da-finecap-desfile\/\">CERTIFICADOS DA FINECAP\/DESFILE<\/a><\/p>\n<p><a href=\"https:\/\/portal.uern.br\/paudosferros\/certificados-da-mesa-redonda-rede-de-apoio-ao-combate-e-prevencao-a-violencia-contra-a-mulher\/\">CERTIFICADOS DA MESA REDONDA: &#8220;Rede de apoio ao combate e preven\u00e7\u00e3o \u00e0 viol\u00eancia contra a mulher&#8221;<\/a><\/p>\n","protected":false},"excerpt":{"rendered":"<p>CERTIFICADOS DA FINECAP\/DESFILE CERTIFICADOS DA MESA REDONDA: &#8220;Rede de apoio ao combate e preven\u00e7\u00e3o \u00e0 viol\u00eancia contra a mulher&#8221;<\/p>\n","protected":false},"author":12,"featured_media":0,"parent":0,"menu_order":0,"comment_status":"closed","ping_status":"closed","template":"","meta":{"footnotes":""},"class_list":["post-1805","page","type-page","status-publish","hentry"],"_links":{"self":[{"href":"https:\/\/portal.uern.br\/paudosferros\/wp-json\/wp\/v2\/pages\/1805","targetHints":{"allow":["GET"]}}],"collection":[{"href":"https:\/\/portal.uern.br\/paudosferros\/wp-json\/wp\/v2\/pages"}],"about":[{"href":"https:\/\/portal.uern.br\/paudosferros\/wp-json\/wp\/v2\/types\/page"}],"author":[{"embeddable":true,"href":"https:\/\/portal.uern.br\/paudosferros\/wp-json\/wp\/v2\/users\/12"}],"replies":[{"embeddable":true,"href":"https:\/\/portal.uern.br\/paudosferros\/wp-json\/wp\/v2\/comments?post=1805"}],"version-history":[{"count":4,"href":"https:\/\/portal.uern.br\/paudosferros\/wp-json\/wp\/v2\/pages\/1805\/revisions"}],"predecessor-version":[{"id":1883,"href":"https:\/\/portal.uern.br\/paudosferros\/wp-json\/wp\/v2\/pages\/1805\/revisions\/1883"}],"wp:attachment":[{"href":"https:\/\/portal.uern.br\/paudosferros\/wp-json\/wp\/v2\/media?parent=1805"}],"curies":[{"name":"wp","href":"https:\/\/api.w.org\/{rel}","templated":true}]}}