{"id":1796,"date":"2023-09-27T07:44:04","date_gmt":"2023-09-27T10:44:04","guid":{"rendered":"https:\/\/portal.uern.br\/paudosferros\/?page_id=1796"},"modified":"2023-09-27T07:44:14","modified_gmt":"2023-09-27T10:44:14","slug":"letras-libras-ead-campus-avancado-de-pau-dos-ferros","status":"publish","type":"page","link":"https:\/\/portal.uern.br\/paudosferros\/letras-libras-ead-campus-avancado-de-pau-dos-ferros\/","title":{"rendered":"Letras LIBRAS EaD &#8211; Campus Avan\u00e7ado de Pau dos Ferros"},"content":{"rendered":"<ul>\n<li><strong>C\u00f3digo<\/strong><\/li>\n<\/ul>\n<p style=\"padding-left: 40px\">DLL2021<\/p>\n<ul>\n<li><strong>Modalidade<\/strong><\/li>\n<\/ul>\n<p style=\"padding-left: 40px\">Licenciatura, ensino a dist\u00e2ncia.<\/p>\n<ul>\n<li><strong>N\u00famero de vagas por semestre\/ano:<\/strong> 2021.1 &#8211; 150 (Polos de: Grossos, Lu\u00eds Gomes, Martins, Natal e Parnamirim). 2023.2 \u2013 180 (Polos de: Assu, Guamar\u00e9, Marcelino Vieira, Natal, Parnamirim e Patu).<br \/>\n<strong>Turno de funcionamento:<\/strong> Integral<br \/>\n<strong>N\u00famero m\u00e1ximo de alunos por turma:<\/strong> 30<br \/>\n<strong>Sistema:<\/strong> Cr\u00e9ditos com matr\u00edcula semestral<br \/>\n<strong>Forma de Ingresso no Curso:<\/strong> Exame Nacional do Ensino M\u00e9dio (ENEM) \u2013 AC, PCD e PPI. An\u00e1lise curricular \u2013 PEB (Professor da Educa\u00e7\u00e3o B\u00e1sica).<\/li>\n<li><strong>Carga Hor\u00e1ria Total:<\/strong><br \/>\nCarga Hor\u00e1ria Total do Curso: 3.620 horas (2.100 horas de Disciplinas Obrigat\u00f3rias; 120 horas de Disciplinas Optativas; 405 horas de Pr\u00e1tica Como Componente Curricular; 420 horas de Est\u00e1gio Supervisionado; 375 horas de extens\u00e3o e 200 horas de Atividades Complementares).<\/li>\n<li><strong>Tempo do Curso:<\/strong><br \/>\nTempo de Integraliza\u00e7\u00e3o: M\u00ednimo de 04 anos (08 semestres) e m\u00e1ximo de 05 anos e meio (11 semestres) letivos.<br \/>\n<strong>Correio Eletr\u00f4nico:<\/strong><br \/>\nletraslibrasead.pferros@uern.br<\/li>\n<\/ul>\n<p>&nbsp;<\/p>\n<ul>\n<li><strong>Objetivo do Curso<\/strong><\/li>\n<\/ul>\n<p style=\"padding-left: 40px;text-align: left\">O Curso de Letras Libras EaD busca formar profissionais competentes para atuarem como professores da \u00e1rea de LIBRAS na Educa\u00e7\u00e3o B\u00e1sica, com capacidade de produzir e divulgar conhecimentos nesta \u00e1rea. Al\u00e9m disso, pretende que esses profissionais desenvolvam compet\u00eancias em termos de (in)forma\u00e7\u00e3o e autonomia, sendo capazes de lidar de forma sistem\u00e1tica, reflexiva e cr\u00edtica com temas e quest\u00f5es relativos a conhecimentos lingu\u00edsticos e liter\u00e1rios, em diferentes contextos<\/p>\n<ul>\n<li><strong>Perfil do Formando<\/strong><\/li>\n<\/ul>\n<p style=\"padding-left: 40px\">O profissional formado a partir das diretrizes contidas neste documento e permeadas pelas leis que o regem, deve ser capaz de atuar no ensino de forma abrangente e solid\u00e1ria, tendo em vista sua forma\u00e7\u00e3o interdisciplinar e cultural.<br \/>\nComo o curso em Letras Libras transcende o vi\u00e9s do ensino, espera-se que o profissional habilitado pelo curso atue tamb\u00e9m no sentido de sempre ampliar e pluralizar as ideias, respeitando as quest\u00f5es pertinentes as diferen\u00e7as e a diversidade cultural.<\/p>\n<p style=\"padding-left: 40px\">Ademais, conforme mencionamos anteriormente sobre o perfil do profissional a ser formado, esperamos que o formado em Letras Libras possa ter dom\u00ednio da compet\u00eancia comunicativa, no sentido de ler, produzir e interpretar textos tanto em LIBRAS quanto em Portugu\u00eas; adquira a profici\u00eancia necess\u00e1ria na Libras; atue de forma competente e humana como professor que incentiva seus alunos a desenvolver seus conhecimentos e habilidades cognitivas, culturais e lingu\u00edsticas; produza em todos os \u00e2mbitos da sociedade discuss\u00f5es que propiciem o aprimoramento do ensino\/aprendizagem da LIBRAS; tenha consci\u00eancia cr\u00edtica do seu papel como educador; e tamb\u00e9m promova a integra\u00e7\u00e3o entre teoria e pr\u00e1tica para tornar seu ensino efetivo.<\/p>\n<ul>\n<li><strong>Campo de Atua\u00e7\u00e3o<\/strong><\/li>\n<\/ul>\n<p style=\"padding-left: 40px\">O Curso de Licenciatura em Letras\/LIBRAS objetiva atender \u00e0 necessidade de recursos humanos, a forma\u00e7\u00e3o de profissionais, com dom\u00ednio da L\u00edngua Brasileira de Sinais como L1 e o Portugu\u00eas na modalidade escrita como L2 e de suas respectivas Literaturas. Os profissionais formados no referido curso est\u00e3o direcionados a atuarem como professores, pesquisadores, tradutores, int\u00e9rpretes. Com essas dimens\u00f5es, preocupa-se, tamb\u00e9m, pelo di\u00e1logo entre os diversos saberes e fazeres culturais onde a interdisciplinaridade e a transdisciplinaridade s\u00e3o aspectos fundamentais para aquecer a rela\u00e7\u00e3o ensino, pesquisa, extens\u00e3o e o di\u00e1logo teoria e pr\u00e1tica.<\/p>\n<ul>\n<li><strong>Atribui\u00e7\u00f5es do profissional formado<\/strong><\/li>\n<\/ul>\n<p style=\"padding-left: 40px\">Baseando-se no perfil do formando de Letras\/LIBRAS delineado anteriormente, pretendemos formar profissionais capazes de:<\/p>\n<ol>\n<li style=\"list-style-type: none\">\n<ol>\n<li>Desenvolver atividades que estejam sempre de acordo com o seu p\u00fablico alvo.<\/li>\n<li>Manter o dom\u00ednio da compet\u00eancia comunicativa, no sentido de ler, produzir e interpretar textos tanto em LIBRAS quanto em Portugu\u00eas.<\/li>\n<li>Procurar desenvolver suas habilidades no sentido de se tornarem proficientes na LIBRAS.<\/li>\n<li>Atuar como professor que incentiva seus alunos a desenvolver seus conhecimentos e habilidades cognitivas, culturais e lingu\u00edsticas.<\/li>\n<li>Promover em todos os \u00e2mbitos da sociedade discuss\u00f5es que tragam o melhoramento do ensino\/aprendizagem da LIBRAS.<\/li>\n<li>Ter consci\u00eancia cr\u00edtica do seu papel como educador, procurando o melhoramento e adequa\u00e7\u00e3o de suas metodologias.<\/li>\n<li>Promover a integra\u00e7\u00e3o entre teoria e pr\u00e1tica para tornar seu ensino efetivo.<\/li>\n<\/ol>\n<\/li>\n<\/ol>\n<p>&nbsp;<\/p>\n","protected":false},"excerpt":{"rendered":"<p>C\u00f3digo DLL2021 Modalidade Licenciatura, ensino a dist\u00e2ncia. N\u00famero de vagas por semestre\/ano: 2021.1 &#8211; 150 (Polos de: Grossos, Lu\u00eds Gomes, Martins, Natal e Parnamirim). 2023.2 \u2013 180 (Polos de: Assu, Guamar\u00e9, Marcelino Vieira, Natal, Parnamirim e Patu). Turno de funcionamento: Integral N\u00famero m\u00e1ximo de alunos por turma: 30 Sistema: Cr\u00e9ditos com matr\u00edcula semestral Forma de [&hellip;]<\/p>\n","protected":false},"author":12,"featured_media":0,"parent":0,"menu_order":0,"comment_status":"closed","ping_status":"closed","template":"","meta":{"footnotes":""},"class_list":["post-1796","page","type-page","status-publish","hentry"],"_links":{"self":[{"href":"https:\/\/portal.uern.br\/paudosferros\/wp-json\/wp\/v2\/pages\/1796","targetHints":{"allow":["GET"]}}],"collection":[{"href":"https:\/\/portal.uern.br\/paudosferros\/wp-json\/wp\/v2\/pages"}],"about":[{"href":"https:\/\/portal.uern.br\/paudosferros\/wp-json\/wp\/v2\/types\/page"}],"author":[{"embeddable":true,"href":"https:\/\/portal.uern.br\/paudosferros\/wp-json\/wp\/v2\/users\/12"}],"replies":[{"embeddable":true,"href":"https:\/\/portal.uern.br\/paudosferros\/wp-json\/wp\/v2\/comments?post=1796"}],"version-history":[{"count":5,"href":"https:\/\/portal.uern.br\/paudosferros\/wp-json\/wp\/v2\/pages\/1796\/revisions"}],"predecessor-version":[{"id":1801,"href":"https:\/\/portal.uern.br\/paudosferros\/wp-json\/wp\/v2\/pages\/1796\/revisions\/1801"}],"wp:attachment":[{"href":"https:\/\/portal.uern.br\/paudosferros\/wp-json\/wp\/v2\/media?parent=1796"}],"curies":[{"name":"wp","href":"https:\/\/api.w.org\/{rel}","templated":true}]}}