{"id":1608,"date":"2023-07-17T11:03:03","date_gmt":"2023-07-17T14:03:03","guid":{"rendered":"https:\/\/portal.uern.br\/paudosferros\/?page_id=1608"},"modified":"2023-07-17T11:03:09","modified_gmt":"2023-07-17T14:03:09","slug":"formularios-da-dirca","status":"publish","type":"page","link":"https:\/\/portal.uern.br\/paudosferros\/formularios-da-dirca\/","title":{"rendered":"Formul\u00e1rios da DIRCA"},"content":{"rendered":"<p>Para solicitar documentos acad\u00eamicos \u00e0 DIRCA, \u00e9 necess\u00e1rio preencher o formul\u00e1rio abaixo:<\/p>\n<p>Solicitar documentos acad\u00eamicos: <a href=\"https:\/\/docs.google.com\/forms\/d\/e\/1FAIpQLScpV1tjjf1QU1801Y6jKqlD-_8Iknb0C7uRt9WvuylsR1pjog\/viewform\" target=\"_blank\" rel=\"noopener\">CLIQUE AQUI<\/a>.<br \/>\n\u261d\ufe0f Exemplos de Documentos:<br \/>\n&#8211; Hist\u00f3rico;<br \/>\n&#8211; Certid\u00e3o;<br \/>\n&#8211; Declara\u00e7\u00e3o;<br \/>\n&#8211; Diploma.<\/p>\n<p>O valor referente ao hist\u00f3rico escolar para ex-aluno (colou grau ou se desligou\/abandonou o curso) \u00e9 de R$ 8,00 (oito reais) a ser depositado\/transferido para a conta banc\u00e1ria UERN-FUNDO PROEG (Banco do Brasil: ag\u00eancia 4687-6, conta corrente 15160-2). Se precisar, o nome da conta \u00e9 UERN-FUNDO PROEG e o CNPJ \u00e9 08.258.295\/0001-02 para realizar a transfer\u00eancia banc\u00e1ria referente ao pagamento do hist\u00f3rico, essa transfer\u00eancia pode ser na pr\u00f3pria conta ou de terceiro. Caso utilize o PIX basta informar o e-mail: proeg@uern.br<\/p>\n<p>O comprovante de pagamento do hist\u00f3rico dever\u00e1 ser enviado para o e-mail (protocolo.dirca@uern.br).<\/p>\n<p>Para solicitar servi\u00e7os \u00e0 DIRCA \u00e9 necess\u00e1rio preencher o formul\u00e1rio abaixo, conforme sua necessidade, segue o procedimento:<\/p>\n<p>Solicitar servi\u00e7os acad\u00eamicos: <a href=\"https:\/\/docs.google.com\/forms\/d\/e\/1FAIpQLSfN6ql2ck0ywmXwR204e3MnTdnioi8-LiwydXWELa_05AMOAQ\/viewform\" target=\"_blank\" rel=\"noopener\">CLIQUE AQUI<\/a>.<br \/>\n\u261d\ufe0f Exemplos de Servi\u00e7os:<br \/>\n&#8211; Altera\u00e7\u00e3o de nome;<br \/>\n&#8211; Atualiza\u00e7\u00e3o de documento (RG) ou filia\u00e7\u00e3o (nome do pai ou da m\u00e3e);<br \/>\n&#8211; Cola\u00e7\u00e3o extraordin\u00e1ria<br \/>\n&#8211; Desligamento do curso (j\u00e1 tendo iniciado aulas);<br \/>\n&#8211; Cancelamento no curso (efetuado matr\u00edcula, mas n\u00e3o iniciado as aulas);<br \/>\n&#8211; etc.<\/p>\n<p>OBS: 1) Para solicitar o NADA CONSTA da Biblioteca (segue, em anexo, o tutorial orientando como solicitar atrav\u00e9s do link: <a href=\"https:\/\/www.uern.br\/biblioteca\/default.asp?item=Servi%E7os%20Online&amp;item=Servi%E7os%20Online\">http:\/\/www.uern.br\/biblioteca\/default.asp?item=Servi%E7os%20Online<\/a>). Lembre-se de anotar o n\u00ba gerado na solicita\u00e7\u00e3o a fim de consultar no sistema para visualizar e fazer o download do arquivo do Nada Consta em pdf.<br \/>\n2) Segue, em anexo, o arquivo da Declara\u00e7\u00e3o de autenticidade dos documentos enviados para preencher e juntar aos demais documentos a serem anexados.<br \/>\n3) \u00c9 necess\u00e1rio que todos os documentos estejam leg\u00edveis.<br \/>\n4) Vale salientar que os documentos solicitados no formul\u00e1rio dever\u00e3o ser anexados em pdf \u00fanico (exemplo: Juntar arquivos PDF &#8211; iLovePDF).<\/p>\n","protected":false},"excerpt":{"rendered":"<p>Para solicitar documentos acad\u00eamicos \u00e0 DIRCA, \u00e9 necess\u00e1rio preencher o formul\u00e1rio abaixo: Solicitar documentos acad\u00eamicos: CLIQUE AQUI. \u261d\ufe0f Exemplos de Documentos: &#8211; Hist\u00f3rico; &#8211; Certid\u00e3o; &#8211; Declara\u00e7\u00e3o; &#8211; Diploma. O valor referente ao hist\u00f3rico escolar para ex-aluno (colou grau ou se desligou\/abandonou o curso) \u00e9 de R$ 8,00 (oito reais) a ser depositado\/transferido para a [&hellip;]<\/p>\n","protected":false},"author":12,"featured_media":0,"parent":0,"menu_order":0,"comment_status":"closed","ping_status":"closed","template":"","meta":{"footnotes":""},"class_list":["post-1608","page","type-page","status-publish","hentry"],"_links":{"self":[{"href":"https:\/\/portal.uern.br\/paudosferros\/wp-json\/wp\/v2\/pages\/1608","targetHints":{"allow":["GET"]}}],"collection":[{"href":"https:\/\/portal.uern.br\/paudosferros\/wp-json\/wp\/v2\/pages"}],"about":[{"href":"https:\/\/portal.uern.br\/paudosferros\/wp-json\/wp\/v2\/types\/page"}],"author":[{"embeddable":true,"href":"https:\/\/portal.uern.br\/paudosferros\/wp-json\/wp\/v2\/users\/12"}],"replies":[{"embeddable":true,"href":"https:\/\/portal.uern.br\/paudosferros\/wp-json\/wp\/v2\/comments?post=1608"}],"version-history":[{"count":1,"href":"https:\/\/portal.uern.br\/paudosferros\/wp-json\/wp\/v2\/pages\/1608\/revisions"}],"predecessor-version":[{"id":1609,"href":"https:\/\/portal.uern.br\/paudosferros\/wp-json\/wp\/v2\/pages\/1608\/revisions\/1609"}],"wp:attachment":[{"href":"https:\/\/portal.uern.br\/paudosferros\/wp-json\/wp\/v2\/media?parent=1608"}],"curies":[{"name":"wp","href":"https:\/\/api.w.org\/{rel}","templated":true}]}}