{"id":1142,"date":"2023-04-26T10:03:09","date_gmt":"2023-04-26T13:03:09","guid":{"rendered":"https:\/\/portal.uern.br\/paudosferros\/?page_id=1142"},"modified":"2023-05-03T08:27:45","modified_gmt":"2023-05-03T11:27:45","slug":"pedagogia-campus-avancado-de-pau-dos-ferros","status":"publish","type":"page","link":"https:\/\/portal.uern.br\/paudosferros\/pedagogia-campus-avancado-de-pau-dos-ferros\/","title":{"rendered":"Pedagogia &#8211; Campus Avan\u00e7ado de Pau dos Ferros"},"content":{"rendered":"<ul>\n<li><strong>C\u00f3digo:\u00a0<\/strong><\/li>\n<\/ul>\n<p style=\"padding-left: 40px\">FPE2002<\/p>\n<ul>\n<li><strong>Modalidade:<\/strong><\/li>\n<\/ul>\n<p style=\"padding-left: 40px\">Licenciatura<\/p>\n<ul>\n<li><strong>Carga Hor\u00e1ria Total:\u00a0<\/strong><\/li>\n<\/ul>\n<p style=\"padding-left: 40px\">3740 horas<\/p>\n<ul>\n<li><strong>Tempo do Curso:\u00a0<\/strong><\/li>\n<\/ul>\n<p style=\"padding-left: 40px\">entre 4 e 6 anos (M\u00e1ximo)<\/p>\n<ul>\n<li><strong>Correio Eletr\u00f4nico:<\/strong><\/li>\n<\/ul>\n<p style=\"padding-left: 40px\">de_pferros@uern.br<\/p>\n<p>&nbsp;<\/p>\n<ul>\n<li><strong>Objetivo do Curso:<\/strong><\/li>\n<\/ul>\n<p style=\"padding-left: 40px\">\u00a0 \u00a0 \u00a0 Formar pedagogos para atuarem na doc\u00eancia da Educa\u00e7\u00e3o Infantil, dos anos iniciais do Ensino Fundamental, da Educa\u00e7\u00e3o de Jovens e Adultos e na gest\u00e3o dos processos educativos, em espa\u00e7os escolares e n\u00e3o escolares que impliquem em trabalho de natureza pedag\u00f3gica.<\/p>\n<ul>\n<li><strong>Perfil do Formando:<\/strong><\/li>\n<\/ul>\n<p style=\"padding-left: 40px\">\u00a0 \u00a0 Profissional habilitado para tratar das demandas de atua\u00e7\u00e3o docente, dos desafios postos pela pr\u00e1tica educativa em diferentes contextos e espa\u00e7os (escolares e n\u00e3o escolares) e da gest\u00e3o educacional.<\/p>\n<ul>\n<li><strong>Campo de atua\u00e7\u00e3o:\u00a0<\/strong><\/li>\n<\/ul>\n<ol>\n<li style=\"list-style-type: none\">\n<ol style=\"list-style-type: lower-alpha\">\n<li>\u00a0Escolas p\u00fablicas e privadas de Educa\u00e7\u00e3o infantil, Fundamental Anos Iniciais e Superior.<\/li>\n<li>\u00a0Institutos de pesquisas.<\/li>\n<li>Institui\u00e7\u00f5es p\u00fablicas e privadas.<\/li>\n<li>Espa\u00e7os n\u00e3o escolares: Pedagogia Hospitalar, no Tr\u00e2nsito etc.<\/li>\n<li>Organiza\u00e7\u00f5es n\u00e3o governamentais.<\/li>\n<li>\u00a0Secretarias de educa\u00e7\u00e3o, dentre outros espa\u00e7os em que se fa\u00e7a necess\u00e1ria a atua\u00e7\u00e3o de um expertise, cientista em educa\u00e7\u00e3o.<\/li>\n<\/ol>\n<\/li>\n<\/ol>\n<ul>\n<li><strong>Atribui\u00e7\u00f5es do profissional formado:\u00a0<\/strong><\/li>\n<\/ul>\n<p style=\"padding-left: 40px\">\u00a0 \u00a0 \u00a0Em conformidade com as Diretrizes Curriculares do Curso de Pedagogia, licenciatura, em seu Art. 5o, o egresso do Curso de Pedagogia da UERN, dever\u00e1 estar apto a:<\/p>\n<ol>\n<li style=\"list-style-type: none\">\n<ol style=\"list-style-type: upper-roman\">\n<li>Atuar com \u00e9tica e compromisso, visando \u00e0 constru\u00e7\u00e3o de uma sociedade justa, equ\u00e2nime, igualit\u00e1ria;<\/li>\n<li>Fortalecer o desenvolvimento e as aprendizagens de crian\u00e7as da Educa\u00e7\u00e3o Infantil e do Ensino Fundamental, assim como daqueles que n\u00e3o tiveram oportunidade de escolariza\u00e7\u00e3o na idade pr\u00f3pria;<\/li>\n<li>Trabalhar em espa\u00e7os escolares e n\u00e3o-escolares, na promo\u00e7\u00e3o da aprendizagem de sujeitos em diferentes fases do desenvolvimento humano, em diversos n\u00edveis e modalidades do processo educativo;<\/li>\n<li>Reconhecer e respeitar as manifesta\u00e7\u00f5es e necessidades f\u00edsicas, cognitivas, emocionais e afetivas dos educandos, nas suas rela\u00e7\u00f5es individuais e coletivas;<\/li>\n<li>Aplicar modos de ensinar diferentes linguagens \u2013 L\u00edngua Portuguesa, Matem\u00e1tica, Ci\u00eancias, Hist\u00f3ria, Geografia, Artes, Educa\u00e7\u00e3o F\u00edsica, de forma interdisciplinar e adequada \u00e0s diferentes fases do desenvolvimento humano, particularmente de crian\u00e7as;<\/li>\n<li>Relacionar as linguagens dos meios de comunica\u00e7\u00e3o aplicadas \u00e0 educa\u00e7\u00e3o nos processos did\u00e1tico-pedag\u00f3gicos, demonstrando dom\u00ednio das tecnologias de informa\u00e7\u00e3o e comunica\u00e7\u00e3o adequadas ao desenvolvimento de aprendizagens significativas;<\/li>\n<li>Promover e facilitar rela\u00e7\u00f5es de coopera\u00e7\u00e3o entre a escola, a fam\u00edlia, a comunidade e outras institui\u00e7\u00f5es educativas;<\/li>\n<li>Identificar problemas socioculturais e educacionais com postura investigativa, integrativa e propositiva em face de realidades complexas, com vistas a contribuir para a supera\u00e7\u00e3o de exclus\u00f5es sociais, \u00e9tnico-raciais, econ\u00f4micas, culturais, religiosas, pol\u00edticas, dentre outras;<\/li>\n<li>Demonstrar consci\u00eancia da diversidade, respeitando as diferen\u00e7as de natureza ambiental-ecol\u00f3gica, \u00e9tnico-racial, de g\u00eaneros, faixas geracionais, classes sociais, religi\u00f5es, necessidades especiais, escolhas sexuais, dentre outras;<\/li>\n<li>Desenvolver trabalho em equipe, estabelecendo di\u00e1logo entre a \u00e1rea educacional e as demais \u00e1reas do conhecimento;<\/li>\n<li>Participar da gest\u00e3o das institui\u00e7\u00f5es em que atuem enquanto estudantes e profissionais, contribuindo para a elabora\u00e7\u00e3o, implementa\u00e7\u00e3o, coordena\u00e7\u00e3o, acompanhamento e avalia\u00e7\u00e3o do projeto pedag\u00f3gico;<\/li>\n<li>Participar da gest\u00e3o das institui\u00e7\u00f5es em que atuem planejando, executando, acompanhando e avaliando projetos e programas educacionais em ambientes escolares e n\u00e3o-escolares;<\/li>\n<li>Realizar pesquisas que proporcionem conhecimentos, entre outros: sobre seus alunos e a realidade sociocultural em que estes desenvolvem suas experi\u00eancias n\u00e3o-escolares; sobre processos de ensinar e aprender em diferentes meios ambientais\/ecol\u00f3gicos; sobre propostas curriculares; e sobre a organiza\u00e7\u00e3o do trabalho educativo e pr\u00e1ticas pedag\u00f3gicas;<\/li>\n<li>Utilizar, com propriedade, instrumentos pr\u00f3prios para a constru\u00e7\u00e3o de conhecimentos pedag\u00f3gicos e cient\u00edficos;<\/li>\n<li>Estudar e aplicar criticamente as diretrizes curriculares e outras determina\u00e7\u00f5es legais as quais lhe caiba implantar, executar, avaliar e encaminhar o resultado de sua avalia\u00e7\u00e3o \u00e0s inst\u00e2ncias competentes.<\/li>\n<\/ol>\n<\/li>\n<\/ol>\n","protected":false},"excerpt":{"rendered":"<p>C\u00f3digo:\u00a0 FPE2002 Modalidade: Licenciatura Carga Hor\u00e1ria Total:\u00a0 3740 horas Tempo do Curso:\u00a0 entre 4 e 6 anos (M\u00e1ximo) Correio Eletr\u00f4nico: de_pferros@uern.br &nbsp; Objetivo do Curso: \u00a0 \u00a0 \u00a0 Formar pedagogos para atuarem na doc\u00eancia da Educa\u00e7\u00e3o Infantil, dos anos iniciais do Ensino Fundamental, da Educa\u00e7\u00e3o de Jovens e Adultos e na gest\u00e3o dos processos educativos, [&hellip;]<\/p>\n","protected":false},"author":12,"featured_media":0,"parent":0,"menu_order":0,"comment_status":"closed","ping_status":"closed","template":"","meta":{"footnotes":""},"class_list":["post-1142","page","type-page","status-publish","hentry"],"_links":{"self":[{"href":"https:\/\/portal.uern.br\/paudosferros\/wp-json\/wp\/v2\/pages\/1142","targetHints":{"allow":["GET"]}}],"collection":[{"href":"https:\/\/portal.uern.br\/paudosferros\/wp-json\/wp\/v2\/pages"}],"about":[{"href":"https:\/\/portal.uern.br\/paudosferros\/wp-json\/wp\/v2\/types\/page"}],"author":[{"embeddable":true,"href":"https:\/\/portal.uern.br\/paudosferros\/wp-json\/wp\/v2\/users\/12"}],"replies":[{"embeddable":true,"href":"https:\/\/portal.uern.br\/paudosferros\/wp-json\/wp\/v2\/comments?post=1142"}],"version-history":[{"count":4,"href":"https:\/\/portal.uern.br\/paudosferros\/wp-json\/wp\/v2\/pages\/1142\/revisions"}],"predecessor-version":[{"id":1162,"href":"https:\/\/portal.uern.br\/paudosferros\/wp-json\/wp\/v2\/pages\/1142\/revisions\/1162"}],"wp:attachment":[{"href":"https:\/\/portal.uern.br\/paudosferros\/wp-json\/wp\/v2\/media?parent=1142"}],"curies":[{"name":"wp","href":"https:\/\/api.w.org\/{rel}","templated":true}]}}