{"id":1125,"date":"2023-04-26T09:31:51","date_gmt":"2023-04-26T12:31:51","guid":{"rendered":"https:\/\/portal.uern.br\/paudosferros\/?page_id=1125"},"modified":"2023-05-22T15:10:40","modified_gmt":"2023-05-22T18:10:40","slug":"geografia-campus-avancado-de-pau-dos-ferros","status":"publish","type":"page","link":"https:\/\/portal.uern.br\/paudosferros\/geografia-campus-avancado-de-pau-dos-ferros\/","title":{"rendered":"Geografia &#8211; Campus Avan\u00e7ado de Pau dos Ferros"},"content":{"rendered":"<ul>\n<li><strong>C\u00f3digo:\u00a0<\/strong><\/li>\n<\/ul>\n<p style=\"padding-left: 40px\">Matriz 2014.1: FGE2002<\/p>\n<p style=\"padding-left: 40px\">Matriz 2023.1: FGE2023<\/p>\n<ul>\n<li><strong>Modalidade:<\/strong><\/li>\n<\/ul>\n<p style=\"padding-left: 40px\">Licenciatura<\/p>\n<ul>\n<li><strong>Carga Hor\u00e1ria Total:\u00a0<\/strong><\/li>\n<\/ul>\n<p style=\"padding-left: 40px\">Matriz 2014.1: 3230 horas<\/p>\n<p style=\"padding-left: 40px\">Matriz 2023.1: 3400 horas<\/p>\n<ul>\n<li><strong>Tempo do Curso:\u00a0<\/strong><\/li>\n<\/ul>\n<p style=\"padding-left: 40px\">entre 4 e 7 anos (M\u00e1ximo)<\/p>\n<ul>\n<li><strong>Correio Eletr\u00f4nico:<\/strong><\/li>\n<\/ul>\n<p style=\"padding-left: 40px\">dge_pferros@uern.br<\/p>\n<p>&nbsp;<\/p>\n<ul>\n<li><strong>Objetivo do Curso:<\/strong><\/li>\n<\/ul>\n<p style=\"padding-left: 40px\">\u00a0 \u00a0 \u00a0 O curso de Licenciatura de Geografia objetiva formar e habilitar profissionais licenciados, capazes de compreender os processos referentes \u00e0 produ\u00e7\u00e3o e reprodu\u00e7\u00e3o do espa\u00e7o geogr\u00e1fico, a partir das rela\u00e7\u00f5es entre o homem e a natureza, bem como atuar no pleno exerc\u00edcio do magist\u00e9rio, nos dois n\u00edveis da Educa\u00e7\u00e3o B\u00e1sica (Ensinos Fundamental e M\u00e9dio), tanto em ambientes formais, quanto em ambientes n\u00e3o-formais de ensino, buscando a articula\u00e7\u00e3o teoria e empiria, ou seja, a pr\u00e1xis do conhecimento geogr\u00e1fico, atuando criticamente na sociedade.<\/p>\n<p style=\"padding-left: 40px\">OBJETIVOS ESPEC\u00cdFICOS<\/p>\n<ol>\n<li style=\"list-style-type: none\">\n<ol style=\"list-style-type: upper-roman\">\n<li>Contribuir para a melhoria do ensino b\u00e1sico em Geografia, com a forma\u00e7\u00e3o qualitativa de profissionais \u00e9ticos, com compet\u00eancia, habilidades e conhecimentos necess\u00e1rios ao exerc\u00edcio pleno do magist\u00e9rio, atrav\u00e9s da pr\u00e1xis do conhecimento geogr\u00e1fico;<\/li>\n<li>Viabilizar espa\u00e7os e inst\u00e2ncias que propiciem uma rela\u00e7\u00e3o efetiva e indissoci\u00e1vel entre as dimens\u00f5es de ensino, de pesquisa e de extens\u00e3o universit\u00e1ria;<\/li>\n<li>\u00a0Formar profissionais em Geografia que possam compreender e intervir sobre a realidade, com comprometimento em rela\u00e7\u00e3o \u00e0 sociedade em que vivem, l\u00f3cus de sua atua\u00e7\u00e3o;<\/li>\n<li>Estimular a necessidade de atualiza\u00e7\u00e3o permanentemente, bem como descobrir solu\u00e7\u00f5es para os problemas ligados a rela\u00e7\u00e3o da sociedade com a natureza, atrav\u00e9s da pesquisa e extens\u00e3o;<\/li>\n<li>Promover a afirma\u00e7\u00e3o de espa\u00e7os de debate, como forma de possibilitar a universalidade do conhecimento e a transversalidade dos conte\u00fados.<\/li>\n<\/ol>\n<\/li>\n<\/ol>\n<ul>\n<li><strong>Perfil do Formando:<\/strong><\/li>\n<\/ul>\n<p style=\"padding-left: 40px\">\u00a0 \u00a0 \u00a0O perfil do egresso licenciado est\u00e1 em conformidade com a Resolu\u00e7\u00e3o n\u00ba 02\/2019 CNE e das Diretrizes Curriculares para o Curso de Geografia, integrantes dos Pareceres CNE\/CES n\u00ba 492\/2001 e n\u00ba 1.363\/2001, e retificado atrav\u00e9s da<br \/>\nResolu\u00e7\u00e3o CNE\/CES 14, de 13 de mar\u00e7o de 2002, relacionadas a seguir:<\/p>\n<ol>\n<li style=\"list-style-type: none\">\n<ol style=\"list-style-type: upper-roman\">\n<li>Compreender os elementos e processos concernentes ao meio natural e ao constru\u00eddo, com base nos fundamentos filos\u00f3ficos, te\u00f3ricos e metodol\u00f3gicos da Geografia;<\/li>\n<li>Dominar e aprimorar as abordagens cient\u00edficas pertinentes ao processo de produ\u00e7\u00e3o e aplica\u00e7\u00e3o do conhecimento geogr\u00e1fico;<\/li>\n<li>Conhecer e aplicar os aspectos te\u00f3rico-metodol\u00f3gicos relacionados ao processo de ensino-aprendizagem voltados \u00e0 pr\u00e1tica pedag\u00f3gica e ao Ensino de Geografia.<\/li>\n<\/ol>\n<\/li>\n<\/ol>\n<ul>\n<li><strong>Campo de atua\u00e7\u00e3o:\u00a0<\/strong><\/li>\n<\/ul>\n<p style=\"padding-left: 40px\">\u00a0 \u00a0 \u00a0 De acordo com o perfil do egresso, o profissional ge\u00f3grafo a partir de uma s\u00f3lida forma\u00e7\u00e3o, compreendida dentro de uma vis\u00e3o qualitativa, estar\u00e1 habilitado para atuar no campo da licenciatura, nos espa\u00e7os formais de ensino, nos n\u00edveis fundamental e m\u00e9dio, bem como nos espa\u00e7os n\u00e3o-formais, haja vista a compreens\u00e3o mais ampliada acerca do atual papel do educador para al\u00e9m da Escola. A forma\u00e7\u00e3o permite, portanto, a interven\u00e7\u00e3o deste profissional, indicando possibilidades de atua\u00e7\u00e3o em inst\u00e2ncias e processos voltados \u00e0s diversas demandas da sociedade.<\/p>\n<ul>\n<li><strong>Atribui\u00e7\u00f5es do profissional formado:\u00a0<\/strong><\/li>\n<\/ul>\n<p style=\"padding-left: 40px\">\u00a0 \u00a0 \u00a0Espera-se que o profissional licenciado em Geografia, dentre outros atributos, compreenda os elementos e processos concernentes ao meio natural e ao constru\u00eddo, com base nos fundamentos filos\u00f3ficos, te\u00f3ricos e metodol\u00f3gicos da Geografia e possam dominar e aprimorar as abordagens cient\u00edficas pertinentes ao processo de produ\u00e7\u00e3o e aplica\u00e7\u00e3o do conhecimento geogr\u00e1fico.<\/p>\n","protected":false},"excerpt":{"rendered":"<p>C\u00f3digo:\u00a0 Matriz 2014.1: FGE2002 Matriz 2023.1: FGE2023 Modalidade: Licenciatura Carga Hor\u00e1ria Total:\u00a0 Matriz 2014.1: 3230 horas Matriz 2023.1: 3400 horas Tempo do Curso:\u00a0 entre 4 e 7 anos (M\u00e1ximo) Correio Eletr\u00f4nico: dge_pferros@uern.br &nbsp; Objetivo do Curso: \u00a0 \u00a0 \u00a0 O curso de Licenciatura de Geografia objetiva formar e habilitar profissionais licenciados, capazes de compreender os [&hellip;]<\/p>\n","protected":false},"author":12,"featured_media":0,"parent":0,"menu_order":0,"comment_status":"closed","ping_status":"closed","template":"","meta":{"footnotes":""},"class_list":["post-1125","page","type-page","status-publish","hentry"],"_links":{"self":[{"href":"https:\/\/portal.uern.br\/paudosferros\/wp-json\/wp\/v2\/pages\/1125","targetHints":{"allow":["GET"]}}],"collection":[{"href":"https:\/\/portal.uern.br\/paudosferros\/wp-json\/wp\/v2\/pages"}],"about":[{"href":"https:\/\/portal.uern.br\/paudosferros\/wp-json\/wp\/v2\/types\/page"}],"author":[{"embeddable":true,"href":"https:\/\/portal.uern.br\/paudosferros\/wp-json\/wp\/v2\/users\/12"}],"replies":[{"embeddable":true,"href":"https:\/\/portal.uern.br\/paudosferros\/wp-json\/wp\/v2\/comments?post=1125"}],"version-history":[{"count":4,"href":"https:\/\/portal.uern.br\/paudosferros\/wp-json\/wp\/v2\/pages\/1125\/revisions"}],"predecessor-version":[{"id":1391,"href":"https:\/\/portal.uern.br\/paudosferros\/wp-json\/wp\/v2\/pages\/1125\/revisions\/1391"}],"wp:attachment":[{"href":"https:\/\/portal.uern.br\/paudosferros\/wp-json\/wp\/v2\/media?parent=1125"}],"curies":[{"name":"wp","href":"https:\/\/api.w.org\/{rel}","templated":true}]}}