{"id":1116,"date":"2023-04-26T09:21:01","date_gmt":"2023-04-26T12:21:01","guid":{"rendered":"https:\/\/portal.uern.br\/paudosferros\/?page_id=1116"},"modified":"2023-05-24T14:43:12","modified_gmt":"2023-05-24T17:43:12","slug":"enfermagem-campus-avancado-de-pau-dos-ferros","status":"publish","type":"page","link":"https:\/\/portal.uern.br\/paudosferros\/enfermagem-campus-avancado-de-pau-dos-ferros\/","title":{"rendered":"Enfermagem &#8211; Campus avan\u00e7ado de Pau dos Ferros"},"content":{"rendered":"<ul>\n<li><strong>C\u00f3digo:\u00a0<\/strong><\/li>\n<\/ul>\n<p style=\"padding-left: 40px\">Matriz 2006.2: FEN3001<\/p>\n<p style=\"padding-left: 40px\">Matriz 2023.1: FEN2023<\/p>\n<ul>\n<li><strong>Modalidade:<\/strong><\/li>\n<\/ul>\n<p style=\"padding-left: 40px\">Bacharelado e licenciatura<\/p>\n<ul>\n<li><strong>Carga Hor\u00e1ria Total:\u00a0<\/strong><\/li>\n<\/ul>\n<p style=\"padding-left: 40px\">Matriz 2006.2: 4695h<\/p>\n<p style=\"padding-left: 40px\">Matriz 2023.1: 4350h<\/p>\n<ul>\n<li><strong>Tempo do Curso:\u00a0<\/strong><\/li>\n<\/ul>\n<p style=\"padding-left: 40px\">entre 4, 5 e 7 anos (M\u00e1ximo)<\/p>\n<ul>\n<li><strong>Correio Eletr\u00f4nico:<\/strong><\/li>\n<\/ul>\n<p style=\"padding-left: 40px\">den.pferros@uern.br<\/p>\n<p>&nbsp;<\/p>\n<ul>\n<li><strong>Objetivo do curso:<\/strong><\/li>\n<\/ul>\n<ol>\n<li style=\"list-style-type: none\">\n<ol style=\"list-style-type: upper-roman\">\n<li>\n<p align=\"justify\"><span style=\"color: #000000;font-size: 12pt;font-family: georgia, palatino, serif\"><span style=\"color: #000000\"> Formar o enfermeiro bacharel, generalista, humanista, cr\u00edtico e reflexivo, com compet\u00eancia t\u00e9cnico-cient\u00edfica, \u00e9tico-pol\u00edtica para participar efetivamente da consecu\u00e7\u00e3o do direito universal \u00e0 sa\u00fade, mediante a humaniza\u00e7\u00e3o das pr\u00e1ticas, valorizando a pessoa em sua integralidade biol\u00f3gica, psicol\u00f3gica, social e espiritual e no exerc\u00edcio da cidadania;<\/span><\/span><\/p>\n<\/li>\n<li>\n<p align=\"justify\"><span style=\"color: #000000;font-size: 12pt;font-family: georgia, palatino, serif\"><span style=\"color: #000000\">Construir as compet\u00eancias t\u00e9cnico-cient\u00edfica, \u00e9tico-pol\u00edtica para que o enfermeiro assuma a coordena\u00e7\u00e3o do trabalho de enfermagem materializado nos processos de trabalho: assistir\/intervir, gerenciar, ensinar\/aprender e <\/span>investigar<span style=\"color: #000000\">;<\/span><\/span><\/p>\n<\/li>\n<li>\n<p align=\"justify\"><span style=\"color: #000000;font-size: 12pt;font-family: georgia, palatino, serif\"><span style=\"color: #000000\"> Fomentar o desenvolvimento profissional a partir da realidade dos servi\u00e7os de sa\u00fade e da totalidade social, com vistas \u00e0 transforma\u00e7\u00e3o dos perfis epidemiol\u00f3gicos do Pa\u00eds, Regi\u00e3o e do Estado do Rio Grande do Norte, segundo os princ\u00edpios \u00e9ticos-legais do exerc\u00edcio da profiss\u00e3o; <\/span><\/span><\/p>\n<\/li>\n<li>\n<p align=\"justify\"><span style=\"color: #000000;font-size: 12pt;font-family: georgia, palatino, serif\"><span style=\"color: #000000\">Instrumentalizar o discente para a produ\u00e7\u00e3o de novos conhecimentos, compreendendo a pesquisa como eixo norteador do trabalho em sa\u00fade\/enfermagem; <\/span><\/span><\/p>\n<\/li>\n<li>\n<p align=\"justify\"><span style=\"color: #000000;font-size: 12pt;font-family: georgia, palatino, serif\"><span style=\"color: #000000\">Instrumentalizar o discente para realizar o processo de trabalho ensinar\/aprender direcionado ao desenvolvimento da educa\u00e7\u00e3o em sa\u00fade, na perspectiva da Vigil\u00e2ncia \u00e0 Sa\u00fade, visando o empoderamento do indiv\u00edduo, fam\u00edlia, comunidade; <\/span><\/span><\/p>\n<\/li>\n<li>\n<p align=\"justify\"><span style=\"color: #000000;font-size: 12pt;font-family: georgia, palatino, serif\"><span style=\"color: #000000\">Instrumentalizar o discente para realizar o processo de trabalho ensinar\/aprender direcionado ao desenvolvimento da educa\u00e7\u00e3o permanente em sa\u00fade\/enfermagem, comprometendo-se com seu processo de forma\u00e7\u00e3o e dos demais trabalhadores de enfermagem, na perspectiva da articula\u00e7\u00e3o ensino\/trabalho.<\/span><\/span><\/p>\n<\/li>\n<li><\/li>\n<\/ol>\n<\/li>\n<\/ol>\n<ul>\n<li><strong>Perfil do Formando:\u00a0<\/strong><\/li>\n<\/ul>\n<p style=\"padding-left: 40px\" align=\"justify\"><span style=\"color: #000000\"><span style=\"font-family: Times New Roman, serif\"><span style=\"font-size: medium\">\u00a0 \u00a0 \u00a0 <span style=\"font-size: 12pt;font-family: georgia, palatino, serif\">\u00a0O Curso de Gradua\u00e7\u00e3o Bacharelado em Enfermagem, do Campus Avan\u00e7ado de Pau dos Ferros, da Universidade do Estado do Rio Grande do Norte (CEN\/CAPF\/UERN) tem como perfil profissional a ser formado:<\/span><\/span><\/span><\/span><\/p>\n<ol>\n<li style=\"list-style-type: none\">\n<ol style=\"list-style-type: upper-roman\">\n<li>\n<p align=\"justify\"><span style=\"color: #000000;font-size: 12pt;font-family: georgia, palatino, serif\">Enfermeiro bacharel, generalista, humanista, cr\u00edtico e reflexivo; <\/span><\/p>\n<\/li>\n<li>\n<p align=\"justify\"><span style=\"color: #000000;font-size: 12pt;font-family: georgia, palatino, serif\">Qualificado para o exerc\u00edcio de Enfermagem, com base no rigor t\u00e9cnico, cient\u00edfico, \u00e9tico e pol\u00edtico; <\/span><\/p>\n<\/li>\n<li>\n<p align=\"justify\"><span style=\"color: #000000;font-size: 12pt;font-family: georgia, palatino, serif\">Capaz de conhecer e intervir sobre os problemas\/situa\u00e7\u00f5es de sa\u00fade-doen\u00e7a mais prevalentes que comp\u00f5em o perfil epidemiol\u00f3gico nacional, com \u00eanfase na sua regi\u00e3o\/local de atua\u00e7\u00e3o, identificando nas dimens\u00f5es biopsicossociais e os seus determinantes; <\/span><\/p>\n<\/li>\n<li>\n<p align=\"justify\"><span style=\"color: #000000;font-size: 12pt;font-family: georgia, palatino, serif\">Capaz de atuar, com senso de responsabilidade social e compromisso com a cidadania, como promotor da sa\u00fade integral da<span style=\"color: #000000\"> pessoa, em sua integralidade biol\u00f3gica, psicol\u00f3gica, social e espiritual e no exerc\u00edcio da cidadania<\/span>. <\/span><\/p>\n<\/li>\n<\/ol>\n<\/li>\n<\/ol>\n<p style=\"padding-left: 40px\" align=\"justify\"><span style=\"color: #000000;font-size: 12pt;font-family: georgia, palatino, serif\">\u00a0 Ressalta-se, na constru\u00e7\u00e3o deste perfil profissional, caracter\u00edsticas espec\u00edficas neste egresso:<\/span><\/p>\n<ol>\n<li style=\"list-style-type: none\">\n<ol style=\"list-style-type: upper-roman\">\n<li>\n<p align=\"justify\"><span style=\"color: #000000;font-size: 12pt;font-family: georgia, palatino, serif\">Apto a coordenar o trabalho da enfermagem, parcela do trabalho coletivo em sa\u00fade, materializado nos processos assistir\/intervir, gerenciar, ensinar\/aprender e <span style=\"color: #000000\">investigar<\/span><span style=\"color: #00b050\">,<\/span> nos modelos cl\u00ednico e epidemiol\u00f3gico de produ\u00e7\u00e3o dos servi\u00e7os de sa\u00fade; <\/span><\/p>\n<\/li>\n<li>\n<p align=\"justify\"><span style=\"color: #000000;font-size: 12pt;font-family: georgia, palatino, serif\">Capacitado para compreender a pol\u00edtica de sa\u00fade vigente, no contexto das pol\u00edticas sociais, intervindo nos perfis epidemiol\u00f3gicos das popula\u00e7\u00f5es\/indiv\u00edduos e na produ\u00e7\u00e3o dos servi\u00e7os de sa\u00fade\/enfermagem, mediante interven\u00e7\u00f5es planejadas estrategicamente;<\/span><\/p>\n<\/li>\n<li>\n<p align=\"justify\"><span style=\"color: #000000;font-size: 12pt;font-family: georgia, palatino, serif\">Comprometido com as necessidades sociais de sa\u00fade e com a luta em defesa do Sistema \u00danico de Sa\u00fade (SUS), buscando seu fortalecimento e constru\u00e7\u00e3o permanente para consecu\u00e7\u00e3o do direito universal \u00e0 sa\u00fade;<\/span><\/p>\n<\/li>\n<li>\n<p align=\"justify\"><span style=\"color: #000000;font-size: 12pt;font-family: georgia, palatino, serif\"><span style=\"color: #000000\">Capacitado para realizar o processo de trabalho ensinar\/aprender voltado para o desenvolvimento da educa\u00e7\u00e3o em sa\u00fade, na perspectiva da Vigil\u00e2ncia \u00e0 Sa\u00fade, visando o empoderamento do indiv\u00edduo, fam\u00edlia, comunidade; <\/span><\/span><\/p>\n<\/li>\n<li>\n<p align=\"justify\"><span style=\"color: #000000;font-size: 12pt;font-family: georgia, palatino, serif\"><span style=\"color: #000000\">Capacitado para realizar o processo de trabalho ensinar\/aprender voltado para o desenvolvimento da educa\u00e7\u00e3o permanente em sa\u00fade, comprometendo-se com seu pr\u00f3prio processo de forma\u00e7\u00e3o e dos demais trabalhadores de enfermagem na perspectiva da articula\u00e7\u00e3o ensino\/trabalho;<\/span><\/span><\/p>\n<\/li>\n<li>\n<p align=\"justify\"><span style=\"color: #000000;font-size: 12pt;font-family: georgia, palatino, serif\">Capacitado para executar o processo pesquisar como eixo norteador dos demais processos de trabalho; <\/span><\/p>\n<\/li>\n<li>\n<p align=\"justify\"><span style=\"color: #000000;font-size: 12pt;font-family: georgia, palatino, serif\">Consciente das rela\u00e7\u00f5es estabelecidas no mundo do trabalho e seus desdobramentos na produ\u00e7\u00e3o dos servi\u00e7os de sa\u00fade e enfermagem; <\/span><\/p>\n<\/li>\n<li>\n<p align=\"justify\"><span style=\"color: #000000;font-size: 12pt;font-family: georgia, palatino, serif\">Comprometido com a organiza\u00e7\u00e3o pol\u00edtica da categoria; <\/span><\/p>\n<\/li>\n<li>\n<p align=\"justify\"><span style=\"color: #000000;font-size: 12pt;font-family: georgia, palatino, serif\">Capacitado para articular, liderar, negociar e estabelecer alian\u00e7as e parcerias.<\/span><\/p>\n<\/li>\n<\/ol>\n<\/li>\n<\/ol>\n<p>&nbsp;<\/p>\n<ul>\n<li><strong>Campo de Atua\u00e7\u00e3o:<\/strong><\/li>\n<\/ul>\n<ol>\n<li style=\"list-style-type: none\">\n<ol style=\"list-style-type: upper-roman\">\n<li>\u00d3rg\u00e3os p\u00fablicos e privados: escolas, creches, empresas, hospitais, ambulat\u00f3rios, unidades de sa\u00fade, comunidades, consult\u00f3rios em domic\u00edlio.<\/li>\n<li>Institui\u00e7\u00f5es de ensino superior e ensino m\u00e9dio.<\/li>\n<li>Profissional aut\u00f4nomo.<\/li>\n<\/ol>\n<\/li>\n<\/ol>\n<ul>\n<li><strong>Atribui\u00e7\u00f5es do profissional formado:<\/strong><\/li>\n<\/ul>\n<ol>\n<li style=\"list-style-type: none\">\n<ol style=\"list-style-type: upper-roman\">\n<li>O enfermeiro deve adquirir, durante sua forma\u00e7\u00e3o, compet\u00eancias, habilidades e atitudes para trabalhar no \u00e2mbito da assist\u00eancia, da informa\u00e7\u00e3o, da educa\u00e7\u00e3o, da preven\u00e7\u00e3o, da investiga\u00e7\u00e3o e do gerenciamento em sa\u00fade.<\/li>\n<li>Conhecimento geral e espec\u00edfico que lhe assegure a qualifica\u00e7\u00e3o cl\u00ednico-epidemiol\u00f3gica, t\u00e9cnico-cient\u00edfica, \u00e9tica e pol\u00edtica, capaz de permitir-lhe inser\u00e7\u00e3o nos processos de trabalho;<\/li>\n<li>assistir\/intervir, gerenciar, pesquisar e ensinar, considerando as demandas e as necessidades prevalentes e priorit\u00e1rias da popula\u00e7\u00e3o, conforme o quadro epidemiol\u00f3gico do pa\u00eds e da regi\u00e3o.<\/li>\n<\/ol>\n<\/li>\n<\/ol>\n","protected":false},"excerpt":{"rendered":"<p>C\u00f3digo:\u00a0 Matriz 2006.2: FEN3001 Matriz 2023.1: FEN2023 Modalidade: Bacharelado e licenciatura Carga Hor\u00e1ria Total:\u00a0 Matriz 2006.2: 4695h Matriz 2023.1: 4350h Tempo do Curso:\u00a0 entre 4, 5 e 7 anos (M\u00e1ximo) Correio Eletr\u00f4nico: den.pferros@uern.br &nbsp; Objetivo do curso: Formar o enfermeiro bacharel, generalista, humanista, cr\u00edtico e reflexivo, com compet\u00eancia t\u00e9cnico-cient\u00edfica, \u00e9tico-pol\u00edtica para participar efetivamente da consecu\u00e7\u00e3o [&hellip;]<\/p>\n","protected":false},"author":12,"featured_media":0,"parent":0,"menu_order":0,"comment_status":"closed","ping_status":"closed","template":"","meta":{"footnotes":""},"class_list":["post-1116","page","type-page","status-publish","hentry"],"_links":{"self":[{"href":"https:\/\/portal.uern.br\/paudosferros\/wp-json\/wp\/v2\/pages\/1116","targetHints":{"allow":["GET"]}}],"collection":[{"href":"https:\/\/portal.uern.br\/paudosferros\/wp-json\/wp\/v2\/pages"}],"about":[{"href":"https:\/\/portal.uern.br\/paudosferros\/wp-json\/wp\/v2\/types\/page"}],"author":[{"embeddable":true,"href":"https:\/\/portal.uern.br\/paudosferros\/wp-json\/wp\/v2\/users\/12"}],"replies":[{"embeddable":true,"href":"https:\/\/portal.uern.br\/paudosferros\/wp-json\/wp\/v2\/comments?post=1116"}],"version-history":[{"count":11,"href":"https:\/\/portal.uern.br\/paudosferros\/wp-json\/wp\/v2\/pages\/1116\/revisions"}],"predecessor-version":[{"id":1414,"href":"https:\/\/portal.uern.br\/paudosferros\/wp-json\/wp\/v2\/pages\/1116\/revisions\/1414"}],"wp:attachment":[{"href":"https:\/\/portal.uern.br\/paudosferros\/wp-json\/wp\/v2\/media?parent=1116"}],"curies":[{"name":"wp","href":"https:\/\/api.w.org\/{rel}","templated":true}]}}