{"id":1076,"date":"2023-04-26T08:08:34","date_gmt":"2023-04-26T11:08:34","guid":{"rendered":"https:\/\/portal.uern.br\/paudosferros\/?page_id=1076"},"modified":"2023-05-26T14:25:42","modified_gmt":"2023-05-26T17:25:42","slug":"administracao-campus-avancado-de-pau-dos-ferros","status":"publish","type":"page","link":"https:\/\/portal.uern.br\/paudosferros\/administracao-campus-avancado-de-pau-dos-ferros\/","title":{"rendered":"Administra\u00e7\u00e3o  &#8211; Campus Avan\u00e7ado de Pau dos Ferros"},"content":{"rendered":"<ul>\n<li><strong>C\u00f3digo:\u00a0<\/strong><\/li>\n<\/ul>\n<p style=\"padding-left: 40px\">FAD1002<\/p>\n<ul>\n<li><strong>Modalidade:<\/strong><\/li>\n<\/ul>\n<p style=\"padding-left: 40px\">Bacharelado<\/p>\n<ul>\n<li><strong>Carga Hor\u00e1ria Total:\u00a0<\/strong><\/li>\n<\/ul>\n<p style=\"padding-left: 40px\">3300 horas<\/p>\n<ul>\n<li><strong>Tempo do Curso:\u00a0<\/strong><\/li>\n<\/ul>\n<p style=\"padding-left: 40px\">entre 4, 5 e 7 anos (M\u00e1ximo)<\/p>\n<ul>\n<li><strong>Correio Eletr\u00f4nico:<\/strong><\/li>\n<\/ul>\n<p style=\"padding-left: 40px\">dad_pferros@uern.br<\/p>\n<p>&nbsp;<\/p>\n<ul>\n<li><strong>Objetivo do Curso:\u00a0<\/strong><\/li>\n<\/ul>\n<p style=\"padding-left: 40px\">\u00a0 \u00a0 \u00a0 De acordo com as Dirtrizes Curriculares Nacionais do Curso de Administra\u00e7\u00e3o (BRASIL, 2005) o Projeto Pedag\u00f3gico do curso dever\u00e1 expressar os objetivos do curso, contextualizados em rela\u00e7\u00e3o \u00e0s suas inser\u00e7\u00f5es institucional, pol\u00edtica, geogr\u00e1fica e social. Desta forma, o objetivo geral \u00e9 formar profissionais de administra\u00e7\u00e3o qualificados dentro de uma realidade local e regional, que atendam as necessidades socioecon\u00f4micas de toda e qualquer organiza\u00e7\u00e3o, seja ela p\u00fablica ou privada, estando engajado com o desenvolvimento sustent\u00e1vel.<\/p>\n<ul>\n<li><strong>Perfil do Formando <\/strong><\/li>\n<\/ul>\n<p style=\"padding-left: 40px\">\u00a0 \u00a0 \u00a0Possuir vis\u00e3o interdisciplinar do fen\u00f4meno administrativo, com dom\u00ednio sobre a ci\u00eancia, as t\u00e9cnicas e os instrumentos do corpo profissional e conscientes dos desafios da profiss\u00e3o, nas dimens\u00f5es na \u00e1rea humana, organizacional, cultura\/pedag\u00f3gica e econ\u00f4mica em \u00e2mbito nacional e internacional.<\/p>\n<ul>\n<li><strong>Campo de Atua\u00e7\u00e3o\u00a0<\/strong><\/li>\n<\/ul>\n<ol>\n<li style=\"list-style-type: none\">\n<ol style=\"list-style-type: upper-roman\">\n<li>\u00a0 \u00a0 \u00a0 O ambiente criado na elabora\u00e7\u00e3o e execu\u00e7\u00e3o da proposta curricular deve possibilitar que o desejo pelo conhecimento e pelo aprendizado seja o maior motivador da conviv\u00eancia, e onde a valoriza\u00e7\u00e3o disso seja motivo de orgulho entre os pares e de qualifica\u00e7\u00e3o do pr\u00f3prio ambiente.<\/li>\n<li>\u00a0 \u00a0 \u00a0 Toda essa concep\u00e7\u00e3o de curso busca atingir o perfil do egresso esperado e principalmente dar autonomia aos discentes, preparando-os como cidad\u00e3os do mundo e profissionais com vis\u00e3o global e compet\u00eancia para atua\u00e7\u00e3o local.<\/li>\n<\/ol>\n<\/li>\n<\/ol>\n<p>&nbsp;<\/p>\n<ul>\n<li><strong>Atribui\u00e7\u00f5es do profissional formado:<\/strong><\/li>\n<\/ul>\n<ol>\n<li style=\"list-style-type: none\">\n<ol style=\"list-style-type: upper-roman\">\n<li>\u00a0 \u00a0 \u00a0 Intelectuais: Capacidade de reconhecer e definir problemas, equacionar solu\u00e7\u00f5es, pensar estrat\u00e9gicamente, introduzir modifica\u00e7\u00f5es no processo produtivo, atuar preventivamente, transferir e generalizar conhecimentos e exercer, em diferentes graus de complexidade, o processo da tomada de decis\u00e3o.<\/li>\n<li>\u00a0 \u00a0 \u00a0 T\u00e9cnicas ou Met\u00f3dicas: Capacidade para aplicar conhecimentos t\u00e9cnicos, m\u00e9todos, modelos de gest\u00e3o inovadores e equipamentos necess\u00e1rios \u00e0 execu\u00e7\u00e3o de tarefas espec\u00edficas, desenvolver racioc\u00ednio l\u00f3gico, cr\u00edtico e anal\u00edtico para operar com valores e formula\u00e7\u00f5es matem\u00e1ticas presentes nas rela\u00e7\u00f5es formais e casuais entre fen\u00f4menos produtivos, administrativos e de controle.<\/li>\n<li>\u00a0 \u00a0 \u00a0 Organizacionais: Capacidade para coordenar e gerenciar a organiza\u00e7\u00e3o, utilizando t\u00e9cnicas de planejamento, organiza\u00e7\u00e3o, dire\u00e7\u00e3o e controle, auxiliadas pela tecnologia da informa\u00e7\u00e3o, para elaborar, imlementar e consolidar projetos em organiza\u00e7\u00f5es e para realizar consultoria em gest\u00e3o e administra\u00e7\u00e3o, pareceres e per\u00edcias administrativas, gerenciais, organizacionais, estrat\u00e9gicos e operacionais.<\/li>\n<li>\u00a0 \u00a0 \u00a0 Comunicativas: Capacidade para desenvolver express\u00e3o e comunica\u00e7\u00e3o compat\u00edveis com o exerc\u00edcio profissional, inclusive nos processos de negocia\u00e7\u00e3o e nas comunica\u00e7\u00f5es interpessoais ou intergrupais.<\/li>\n<li>\u00a0 \u00a0 \u00a0 Sociais: Desenvolver capacidade de transferir conhecimentos da vida e da experi\u00eancia cotidianas para o ambiente de trabalho e do seu campo de atua\u00e7\u00e3o profissional, em diferentes modelos organizacionais, revelando-se profissional adapt\u00e1vel.<\/li>\n<li>\u00a0 \u00a0 \u00a0 Comportamentais: Ter iniciativa, criatividade, determina\u00e7\u00e3o, vontade pol\u00edtica e administrativa, vontade de aprender, abertura \u00e1s mudan\u00e7as e consci\u00eancia da qualidade e das implica\u00e7\u00f5es \u00e9ticas do seu exerc\u00edcio profissional.<\/li>\n<li>\u00a0 \u00a0 \u00a0 Pol\u00edticas: Capacidade de refletir e atuar criticamente sobre a esfera da produ\u00e7\u00e3o, assim como na esfera p\u00fablica, nas institui\u00e7\u00f5es da sociedade civil, compreendendo sua posi\u00e7\u00e3o e fun\u00e7\u00e3o na estrutura produtiva sob seu controle e gerenciamento.<\/li>\n<\/ol>\n<\/li>\n<\/ol>\n","protected":false},"excerpt":{"rendered":"<p>C\u00f3digo:\u00a0 FAD1002 Modalidade: Bacharelado Carga Hor\u00e1ria Total:\u00a0 3300 horas Tempo do Curso:\u00a0 entre 4, 5 e 7 anos (M\u00e1ximo) Correio Eletr\u00f4nico: dad_pferros@uern.br &nbsp; Objetivo do Curso:\u00a0 \u00a0 \u00a0 \u00a0 De acordo com as Dirtrizes Curriculares Nacionais do Curso de Administra\u00e7\u00e3o (BRASIL, 2005) o Projeto Pedag\u00f3gico do curso dever\u00e1 expressar os objetivos do curso, contextualizados em [&hellip;]<\/p>\n","protected":false},"author":12,"featured_media":0,"parent":0,"menu_order":0,"comment_status":"closed","ping_status":"closed","template":"","meta":{"footnotes":""},"class_list":["post-1076","page","type-page","status-publish","hentry"],"_links":{"self":[{"href":"https:\/\/portal.uern.br\/paudosferros\/wp-json\/wp\/v2\/pages\/1076","targetHints":{"allow":["GET"]}}],"collection":[{"href":"https:\/\/portal.uern.br\/paudosferros\/wp-json\/wp\/v2\/pages"}],"about":[{"href":"https:\/\/portal.uern.br\/paudosferros\/wp-json\/wp\/v2\/types\/page"}],"author":[{"embeddable":true,"href":"https:\/\/portal.uern.br\/paudosferros\/wp-json\/wp\/v2\/users\/12"}],"replies":[{"embeddable":true,"href":"https:\/\/portal.uern.br\/paudosferros\/wp-json\/wp\/v2\/comments?post=1076"}],"version-history":[{"count":11,"href":"https:\/\/portal.uern.br\/paudosferros\/wp-json\/wp\/v2\/pages\/1076\/revisions"}],"predecessor-version":[{"id":2606,"href":"https:\/\/portal.uern.br\/paudosferros\/wp-json\/wp\/v2\/pages\/1076\/revisions\/2606"}],"wp:attachment":[{"href":"https:\/\/portal.uern.br\/paudosferros\/wp-json\/wp\/v2\/media?parent=1076"}],"curies":[{"name":"wp","href":"https:\/\/api.w.org\/{rel}","templated":true}]}}