{"id":1068,"date":"2023-04-26T07:31:01","date_gmt":"2023-04-26T10:31:01","guid":{"rendered":"https:\/\/portal.uern.br\/paudosferros\/?page_id=1068"},"modified":"2025-01-07T07:54:48","modified_gmt":"2025-01-07T10:54:48","slug":"cursos-de-graduacao","status":"publish","type":"page","link":"https:\/\/portal.uern.br\/paudosferros\/cursos-de-graduacao\/","title":{"rendered":"Cursos de Gradua\u00e7\u00e3o"},"content":{"rendered":"<p>&nbsp;<\/p>\n<table style=\"border-collapse: collapse;width: 100%\">\n<tbody>\n<tr style=\"height: 47px\">\n<th style=\"width: 20%;height: 47px;text-align: left\">Cursos<\/th>\n<td style=\"width: 20%;height: 47px\"><strong>Detalhamento\u00a0<\/strong><\/td>\n<td style=\"width: 20%;height: 47px\"><strong>Matriz Curricular<\/strong><\/td>\n<td style=\"width: 20%;height: 47px\"><strong>Site do Curso<\/strong><\/td>\n<td style=\"width: 20%;height: 47px\"><strong>Site do Departamento<\/strong><\/td>\n<\/tr>\n<\/tbody>\n<\/table>\n<table style=\"border-collapse: collapse;width: 100%\">\n<tbody>\n<tr style=\"height: 28px\">\n<th style=\"width: 20%;height: 28px;text-align: left\">Administra\u00e7\u00e3o<\/th>\n<td style=\"width: 20%;height: 28px\"><a href=\"https:\/\/portal.uern.br\/paudosferros\/administracao-campus-avancado-de-pau-dos-ferros\/\"><img decoding=\"async\" class=\"aligncenter wp-image-1071\" src=\"https:\/\/portal.uern.br\/paudosferros\/wp-content\/uploads\/2023\/04\/icone_detalhamento.png\" alt=\"\" width=\"30\" height=\"29\" \/><\/a><\/td>\n<td style=\"width: 20%;height: 28px\"><a href=\"https:\/\/portal.uern.br\/paudosferros\/wp-content\/uploads\/2023\/05\/Matriz-curricular-20211.pdf\"><img decoding=\"async\" class=\"wp-image-1072 alignleft\" src=\"https:\/\/portal.uern.br\/paudosferros\/wp-content\/uploads\/2023\/04\/icone_matrizcurricular.png\" alt=\"\" width=\"30\" height=\"29\" \/><\/a><\/td>\n<td style=\"width: 20%;height: 28px\"><a href=\"https:\/\/pferros.uern.br\/administracao\/default.asp?item=curso-de-admnistracao-apresentacao\"><img decoding=\"async\" class=\"wp-image-1148 aligncenter\" src=\"https:\/\/portal.uern.br\/paudosferros\/wp-content\/uploads\/2023\/04\/icone_link.png\" alt=\"\" width=\"30\" height=\"29\" \/><\/a><\/td>\n<td style=\"width: 20%;height: 28px;text-align: center\"><a href=\"https:\/\/pferros.uern.br\/dad\/default.asp?item=apresentacao-dad-pferros\">DAD<\/a><\/td>\n<\/tr>\n<tr style=\"height: 18px\">\n<td style=\"width: 20%;height: 18px;text-align: left\"><strong>Ci\u00eancias econ\u00f4micas<\/strong><\/td>\n<td style=\"width: 20%;height: 18px\"><a href=\"https:\/\/portal.uern.br\/paudosferros\/ciencias-economicas-campus-avancado-de-pau-dos-ferros\/\"><img decoding=\"async\" class=\"aligncenter wp-image-1071\" src=\"https:\/\/portal.uern.br\/paudosferros\/wp-content\/uploads\/2023\/04\/icone_detalhamento.png\" alt=\"\" width=\"30\" height=\"29\" \/><\/a><\/td>\n<td style=\"width: 20%;height: 18px\"><a href=\"https:\/\/portal.uern.br\/paudosferros\/wp-content\/uploads\/2023\/05\/Matriz-2015.2.pdf\"><img decoding=\"async\" class=\"wp-image-1072 alignleft\" src=\"https:\/\/portal.uern.br\/paudosferros\/wp-content\/uploads\/2023\/04\/icone_matrizcurricular.png\" alt=\"\" width=\"30\" height=\"29\" \/><\/a><a href=\"https:\/\/portal.uern.br\/paudosferros\/wp-content\/uploads\/2023\/05\/Matriz-2021.2.pdf\"><img loading=\"lazy\" decoding=\"async\" class=\"wp-image-1072 alignright\" src=\"https:\/\/portal.uern.br\/paudosferros\/wp-content\/uploads\/2023\/04\/icone_matrizcurricular.png\" alt=\"\" width=\"30\" height=\"29\" \/><\/a><\/td>\n<td style=\"width: 20%;height: 18px\"><a href=\"https:\/\/portal.uern.br\/paudosferros\/cienciaseconomicas\/\" target=\"_blank\" rel=\"noopener\"><img loading=\"lazy\" decoding=\"async\" class=\"aligncenter wp-image-1148\" src=\"https:\/\/portal.uern.br\/paudosferros\/wp-content\/uploads\/2023\/04\/icone_link.png\" alt=\"\" width=\"30\" height=\"29\" \/><\/a><\/td>\n<td style=\"width: 20%;height: 18px;text-align: center\"><a href=\"https:\/\/portal.uern.br\/paudosferros\/cienciaseconomicas\/\" target=\"_blank\" rel=\"noopener\">DEC<\/a><\/td>\n<\/tr>\n<tr style=\"height: 24px\">\n<td style=\"width: 20%;height: 24px;text-align: left\"><strong>Educa\u00e7\u00e3o F\u00edsica<\/strong><\/td>\n<td style=\"width: 20%;height: 24px\"><a href=\"https:\/\/portal.uern.br\/paudosferros\/educacao-fisica-campus-avancado-de-pau-dos-ferros\/\"><img decoding=\"async\" class=\"aligncenter wp-image-1071\" src=\"https:\/\/portal.uern.br\/paudosferros\/wp-content\/uploads\/2023\/04\/icone_detalhamento.png\" alt=\"\" width=\"30\" height=\"29\" \/><\/a><\/td>\n<td style=\"width: 20%;height: 24px\"><a href=\"https:\/\/portal.uern.br\/paudosferros\/wp-content\/uploads\/2023\/05\/Matriz-2015.1-SIGAA.pdf\"><img decoding=\"async\" class=\"wp-image-1072 alignleft\" src=\"https:\/\/portal.uern.br\/paudosferros\/wp-content\/uploads\/2023\/04\/icone_matrizcurricular.png\" alt=\"\" width=\"30\" height=\"29\" \/><\/a><a href=\"https:\/\/portal.uern.br\/paudosferros\/wp-content\/uploads\/2023\/05\/Matriz-2020.1-SIGAA.pdf\"><img loading=\"lazy\" decoding=\"async\" class=\"wp-image-1072 alignright\" src=\"https:\/\/portal.uern.br\/paudosferros\/wp-content\/uploads\/2023\/04\/icone_matrizcurricular.png\" alt=\"\" width=\"30\" height=\"29\" \/><\/a><\/td>\n<td style=\"width: 20%;height: 24px\"><a href=\"https:\/\/pferros.uern.br\/educacaofisica\/default.asp?item=curso-educacaofisica-pferros-apresentacao\" target=\"_blank\" rel=\"noopener\"><img decoding=\"async\" class=\"wp-image-1148 aligncenter\" src=\"https:\/\/portal.uern.br\/paudosferros\/wp-content\/uploads\/2023\/04\/icone_link.png\" alt=\"\" width=\"30\" height=\"29\" \/><\/a><\/td>\n<td style=\"width: 20%;height: 24px;text-align: center\"><a href=\"https:\/\/portal.uern.br\/paudosferros\/def\/\" target=\"_blank\" rel=\"noopener\">DEF<\/a><\/td>\n<\/tr>\n<tr style=\"height: 24px\">\n<td style=\"width: 20%;height: 24px;text-align: left\"><strong>Enfermagem<\/strong><\/td>\n<td style=\"width: 20%;height: 24px\"><a href=\"https:\/\/portal.uern.br\/paudosferros\/enfermagem-campus-avancado-de-pau-dos-ferros\/\"><img decoding=\"async\" class=\"aligncenter wp-image-1071\" src=\"https:\/\/portal.uern.br\/paudosferros\/wp-content\/uploads\/2023\/04\/icone_detalhamento.png\" alt=\"\" width=\"30\" height=\"29\" \/><\/a><\/td>\n<td style=\"width: 20%;height: 24px\"><a href=\"https:\/\/portal.uern.br\/paudosferros\/wp-content\/uploads\/2023\/05\/Matriz-Curricular-Licenciatura-e-Bacharelado-SIGAA-atual.pdf\"><img decoding=\"async\" class=\"wp-image-1072 alignleft\" src=\"https:\/\/portal.uern.br\/paudosferros\/wp-content\/uploads\/2023\/04\/icone_matrizcurricular.png\" alt=\"\" width=\"30\" height=\"29\" \/><\/a><a href=\"https:\/\/portal.uern.br\/paudosferros\/wp-content\/uploads\/2023\/05\/MATRIZ-BACHARELADO.pdf\"><img loading=\"lazy\" decoding=\"async\" class=\"wp-image-1072 alignright\" src=\"https:\/\/portal.uern.br\/paudosferros\/wp-content\/uploads\/2023\/04\/icone_matrizcurricular.png\" alt=\"\" width=\"30\" height=\"29\" \/><\/a><\/td>\n<td style=\"width: 20%;height: 24px\"><a href=\"https:\/\/portal.uern.br\/paudosferros\/enfermagem\/apresentacao-2\/\"><img loading=\"lazy\" decoding=\"async\" class=\"aligncenter wp-image-1148\" src=\"https:\/\/portal.uern.br\/paudosferros\/wp-content\/uploads\/2023\/04\/icone_link.png\" alt=\"\" width=\"30\" height=\"29\" \/><\/a><\/td>\n<td style=\"width: 20%;height: 24px;text-align: center\"><a href=\"https:\/\/portal.uern.br\/paudosferros\/enfermagem\/\" target=\"_blank\" rel=\"noopener\">DEN<\/a><\/td>\n<\/tr>\n<tr style=\"height: 24px\">\n<td style=\"width: 20%;height: 24px;text-align: left\"><strong>Geografia<\/strong><\/td>\n<td style=\"width: 20%;height: 24px\"><a href=\"https:\/\/portal.uern.br\/paudosferros\/geografia-campus-avancado-de-pau-dos-ferros\/\"><img decoding=\"async\" class=\"aligncenter wp-image-1071\" src=\"https:\/\/portal.uern.br\/paudosferros\/wp-content\/uploads\/2023\/04\/icone_detalhamento.png\" alt=\"\" width=\"30\" height=\"29\" \/><\/a><\/td>\n<td style=\"width: 20%;height: 24px\"><a href=\"https:\/\/portal.uern.br\/paudosferros\/wp-content\/uploads\/2023\/05\/SIGGA-MATRIZ-2014.1-CGE-CAPF.pdf\"><img loading=\"lazy\" decoding=\"async\" class=\"alignleft wp-image-1072\" src=\"https:\/\/portal.uern.br\/paudosferros\/wp-content\/uploads\/2023\/04\/icone_matrizcurricular.png\" alt=\"2014.1\" width=\"30\" height=\"29\" \/><\/a><a href=\"https:\/\/portal.uern.br\/paudosferros\/wp-content\/uploads\/2023\/05\/SIGGA-MATRIZ-2023.1-CGE-CAPF.pdf\"><img loading=\"lazy\" decoding=\"async\" class=\"wp-image-1072 alignright\" src=\"https:\/\/portal.uern.br\/paudosferros\/wp-content\/uploads\/2023\/04\/icone_matrizcurricular.png\" alt=\"\" width=\"30\" height=\"29\" \/><\/a><\/td>\n<td style=\"width: 20%;height: 24px\"><a href=\"https:\/\/pferros.uern.br\/geografia\/default.asp?item=curso-geografia-pferros-apresentacao\"><img decoding=\"async\" class=\"wp-image-1148 aligncenter\" src=\"https:\/\/portal.uern.br\/paudosferros\/wp-content\/uploads\/2023\/04\/icone_link.png\" alt=\"\" width=\"30\" height=\"29\" \/><\/a><\/td>\n<td style=\"width: 20%;height: 24px;text-align: center\"><a href=\"https:\/\/pferros.uern.br\/dge\/default.asp?item=depto-geografia-pferros-apresentacao\">DGE<\/a><\/td>\n<\/tr>\n<tr style=\"height: 24px\">\n<td style=\"width: 20%;height: 24px;text-align: left\"><strong>Letras (L\u00edngua Portuguesa)<\/strong><\/td>\n<td style=\"width: 20%;height: 24px\"><a href=\"https:\/\/portal.uern.br\/paudosferros\/letras-habilitacao-em-lingua-portuguesa-e-suas-respectivas-literaturas-campus-avancado-de-pau-dos-ferros\/\"><img decoding=\"async\" class=\"aligncenter wp-image-1071\" src=\"https:\/\/portal.uern.br\/paudosferros\/wp-content\/uploads\/2023\/04\/icone_detalhamento.png\" alt=\"\" width=\"30\" height=\"29\" \/><\/a><\/td>\n<td style=\"width: 20%;height: 24px\"><a href=\"https:\/\/portal.uern.br\/paudosferros\/wp-content\/uploads\/2023\/05\/2015.2-Sistema-Integrado-de-Gestao-de-Atividades-Academicas.pdf\"><img decoding=\"async\" class=\"wp-image-1072 alignleft\" src=\"https:\/\/portal.uern.br\/paudosferros\/wp-content\/uploads\/2023\/04\/icone_matrizcurricular.png\" alt=\"\" width=\"30\" height=\"29\" \/><\/a><a href=\"https:\/\/portal.uern.br\/paudosferros\/wp-content\/uploads\/2023\/05\/2021.2-Sistema-Integrado-de-Gestao-de-Atividades-Academicas.pdf\"><img loading=\"lazy\" decoding=\"async\" class=\"wp-image-1072 alignright\" src=\"https:\/\/portal.uern.br\/paudosferros\/wp-content\/uploads\/2023\/04\/icone_matrizcurricular.png\" alt=\"\" width=\"30\" height=\"29\" \/><\/a><\/td>\n<td style=\"width: 20%;height: 24px\"><a href=\"https:\/\/portal.uern.br\/paudosferros\/dlv\/curso-de-licenciatura-letras-lingua-portuguesa\/\" target=\"_blank\" rel=\"noopener\"><img loading=\"lazy\" decoding=\"async\" class=\"aligncenter wp-image-1148\" src=\"https:\/\/portal.uern.br\/paudosferros\/wp-content\/uploads\/2023\/04\/icone_link.png\" alt=\"\" width=\"30\" height=\"29\" \/><\/a><\/td>\n<td style=\"width: 20%;height: 24px;text-align: center\"><a href=\"https:\/\/portal.uern.br\/paudosferros\/dlv\/\">DLV<\/a><\/td>\n<\/tr>\n<tr style=\"height: 24px\">\n<td style=\"width: 20%;height: 24px;text-align: left\"><strong>Letras (L\u00edngua Inglesa)<\/strong><\/td>\n<td style=\"width: 20%;height: 24px\"><a href=\"https:\/\/portal.uern.br\/paudosferros\/letras-habilitacao-em-lingua-inglesa-e-suas-respectivas-literaturas-campus-avancado-de-pau-dos-ferros\/\"><img decoding=\"async\" class=\"aligncenter wp-image-1071\" src=\"https:\/\/portal.uern.br\/paudosferros\/wp-content\/uploads\/2023\/04\/icone_detalhamento.png\" alt=\"\" width=\"30\" height=\"29\" \/><\/a><\/td>\n<td style=\"width: 20%;height: 24px\"><a href=\"https:\/\/portal.uern.br\/paudosferros\/wp-content\/uploads\/2023\/05\/LETRAS-LINGUA-INGLESA-E-RESPECTIVAS-LITERATURAS-2015.pdf\"><img decoding=\"async\" class=\"wp-image-1072 alignleft\" src=\"https:\/\/portal.uern.br\/paudosferros\/wp-content\/uploads\/2023\/04\/icone_matrizcurricular.png\" alt=\"\" width=\"30\" height=\"29\" \/><\/a><a href=\"https:\/\/portal.uern.br\/paudosferros\/wp-content\/uploads\/2023\/05\/LETRAS-LINGUA-INGLESA-2021.pdf\"><img loading=\"lazy\" decoding=\"async\" class=\"wp-image-1072 alignright\" src=\"https:\/\/portal.uern.br\/paudosferros\/wp-content\/uploads\/2023\/04\/icone_matrizcurricular.png\" alt=\"\" width=\"30\" height=\"29\" \/><\/a><\/td>\n<td style=\"width: 20%;height: 24px\"><a href=\"https:\/\/portal.uern.br\/paudosferros\/letraslinguainglesa\/\" target=\"_blank\" rel=\"noopener\"><img loading=\"lazy\" decoding=\"async\" class=\"aligncenter wp-image-1148\" src=\"https:\/\/portal.uern.br\/paudosferros\/wp-content\/uploads\/2023\/04\/icone_link.png\" alt=\"\" width=\"30\" height=\"29\" \/><\/a><\/td>\n<td style=\"width: 20%;height: 24px;text-align: center\"><a href=\"https:\/\/portal.uern.br\/paudosferros\/dle\" target=\"_blank\" rel=\"noopener\">DLE<\/a><\/td>\n<\/tr>\n<tr style=\"height: 24px\">\n<td style=\"width: 20%;height: 10px;text-align: left\"><strong>Letras (L\u00edngua Espanhola)<\/strong><\/td>\n<td style=\"width: 20%;height: 10px\"><a href=\"https:\/\/portal.uern.br\/paudosferros\/letras-habilitacao-em-lingua-em-espanhola-e-suas-respectivas-literaturas-campus-avancado-de-pau-dos-ferros\/\"><img decoding=\"async\" class=\"aligncenter wp-image-1071\" src=\"https:\/\/portal.uern.br\/paudosferros\/wp-content\/uploads\/2023\/04\/icone_detalhamento.png\" alt=\"\" width=\"30\" height=\"29\" \/><\/a><\/td>\n<td style=\"width: 20%;height: 10px\"><a href=\"https:\/\/portal.uern.br\/paudosferros\/wp-content\/uploads\/2023\/05\/LETRAS-LINGUA-ESPANHOLA-E-RESPECTIVAS-LITERATURAS-2015.pdf\"><img decoding=\"async\" class=\"wp-image-1072 alignleft\" src=\"https:\/\/portal.uern.br\/paudosferros\/wp-content\/uploads\/2023\/04\/icone_matrizcurricular.png\" alt=\"\" width=\"30\" height=\"29\" \/><\/a><a href=\"https:\/\/portal.uern.br\/paudosferros\/wp-content\/uploads\/2023\/05\/LETRAS-LINGUA-ESPANHOLA-2021.pdf\"><img loading=\"lazy\" decoding=\"async\" class=\"wp-image-1072 alignright\" src=\"https:\/\/portal.uern.br\/paudosferros\/wp-content\/uploads\/2023\/04\/icone_matrizcurricular.png\" alt=\"\" width=\"30\" height=\"29\" \/><\/a><\/td>\n<td style=\"width: 20%;height: 10px\"><a href=\"https:\/\/portal.uern.br\/paudosferros\/letraslinguaespanhola\/\" target=\"_blank\" rel=\"noopener\"><img loading=\"lazy\" decoding=\"async\" class=\"aligncenter wp-image-1148\" src=\"https:\/\/portal.uern.br\/paudosferros\/wp-content\/uploads\/2023\/04\/icone_link.png\" alt=\"\" width=\"30\" height=\"29\" \/><\/a><\/td>\n<td style=\"width: 20%;height: 10px;text-align: center\"><a href=\"https:\/\/portal.uern.br\/paudosferros\/dle\" target=\"_blank\" rel=\"noopener\">DLE<\/a><\/td>\n<\/tr>\n<tr style=\"height: 24px\">\n<td style=\"width: 20%;height: 24px;text-align: left\"><strong>Letras LIBRAS EaD<\/strong><\/td>\n<td style=\"width: 20%;height: 24px\"><a href=\"https:\/\/portal.uern.br\/paudosferros\/letras-libras-ead-campus-avancado-de-pau-dos-ferros\"><img decoding=\"async\" class=\"aligncenter wp-image-1071\" src=\"https:\/\/portal.uern.br\/paudosferros\/wp-content\/uploads\/2023\/04\/icone_detalhamento.png\" alt=\"\" width=\"30\" height=\"29\" \/><\/a><\/td>\n<td style=\"width: 20%;height: 24px\"><a href=\"https:\/\/portal.uern.br\/paudosferros\/wp-content\/uploads\/2023\/09\/Estrutura-Curricular-Letras-LIBRAS.pdf\"><img loading=\"lazy\" decoding=\"async\" class=\"alignleft wp-image-1072\" src=\"https:\/\/portal.uern.br\/paudosferros\/wp-content\/uploads\/2023\/04\/icone_matrizcurricular.png\" alt=\"\" width=\"30\" height=\"29\" \/><\/a><\/td>\n<td style=\"width: 20%;height: 24px\"><a href=\"https:\/\/portal.uern.br\/paudosferros\/dlv\/graduacao-em-letras-libras-ead\/\"><img loading=\"lazy\" decoding=\"async\" class=\"aligncenter wp-image-1148\" src=\"https:\/\/portal.uern.br\/paudosferros\/wp-content\/uploads\/2023\/04\/icone_link.png\" alt=\"\" width=\"30\" height=\"29\" \/><\/a><\/td>\n<td style=\"width: 20%;height: 24px;text-align: center\"><a href=\"https:\/\/portal.uern.br\/paudosferros\/dlv\/\">DLV<\/a><\/td>\n<\/tr>\n<tr style=\"height: 36px\">\n<td style=\"width: 20%;height: 36px\"><strong>Pedagogia<\/strong><\/td>\n<td style=\"width: 20%;height: 36px\"><a href=\"https:\/\/portal.uern.br\/paudosferros\/pedagogia-campus-avancado-de-pau-dos-ferros\/\"><img decoding=\"async\" class=\"aligncenter wp-image-1071\" src=\"https:\/\/portal.uern.br\/paudosferros\/wp-content\/uploads\/2023\/04\/icone_detalhamento.png\" alt=\"\" width=\"30\" height=\"29\" \/><\/a><\/td>\n<td style=\"width: 20%;height: 36px\"><a href=\"https:\/\/portal.uern.br\/paudosferros\/wp-content\/uploads\/2023\/05\/Matriz-Curricular-do-Curso-de-Pedagogia-FPE2002-2019.2.pdf\"><img decoding=\"async\" class=\"wp-image-1072 alignleft\" src=\"https:\/\/portal.uern.br\/paudosferros\/wp-content\/uploads\/2023\/04\/icone_matrizcurricular.png\" alt=\"\" width=\"30\" height=\"29\" \/><\/a><\/td>\n<td style=\"width: 20%;height: 36px\"><a href=\"https:\/\/pferros.uern.br\/pedagogia\/default.asp?item=curso-pedagogia-pferros-apresentacao\"><img decoding=\"async\" class=\"wp-image-1148 aligncenter\" src=\"https:\/\/portal.uern.br\/paudosferros\/wp-content\/uploads\/2023\/04\/icone_link.png\" alt=\"\" width=\"30\" height=\"29\" \/><\/a><\/td>\n<td style=\"width: 20%;height: 36px;text-align: center\"><a href=\"https:\/\/pferros.uern.br\/de\/default.asp?item=educacao-pferros-apresentacao\">DE<\/a><\/td>\n<\/tr>\n<\/tbody>\n<\/table>\n<p><a href=\"https:\/\/portal.uern.br\/paudosferros\/wp-content\/uploads\/2023\/07\/FOLDERS_COMPLETO.pdf\" target=\"_blank\" rel=\"noopener\"><strong>portal.uern.br\/paudosferros\/\u00a0<\/strong><\/a><\/p>\n","protected":false},"excerpt":{"rendered":"<p>&nbsp; Cursos Detalhamento\u00a0 Matriz Curricular Site do Curso Site do Departamento Administra\u00e7\u00e3o DAD Ci\u00eancias econ\u00f4micas DEC Educa\u00e7\u00e3o F\u00edsica DEF Enfermagem DEN Geografia DGE Letras (L\u00edngua Portuguesa) DLV Letras (L\u00edngua Inglesa) DLE Letras (L\u00edngua Espanhola) DLE Letras LIBRAS EaD DLV Pedagogia DE portal.uern.br\/paudosferros\/\u00a0<\/p>\n","protected":false},"author":12,"featured_media":0,"parent":0,"menu_order":0,"comment_status":"closed","ping_status":"closed","template":"","meta":{"footnotes":""},"class_list":["post-1068","page","type-page","status-publish","hentry"],"_links":{"self":[{"href":"https:\/\/portal.uern.br\/paudosferros\/wp-json\/wp\/v2\/pages\/1068","targetHints":{"allow":["GET"]}}],"collection":[{"href":"https:\/\/portal.uern.br\/paudosferros\/wp-json\/wp\/v2\/pages"}],"about":[{"href":"https:\/\/portal.uern.br\/paudosferros\/wp-json\/wp\/v2\/types\/page"}],"author":[{"embeddable":true,"href":"https:\/\/portal.uern.br\/paudosferros\/wp-json\/wp\/v2\/users\/12"}],"replies":[{"embeddable":true,"href":"https:\/\/portal.uern.br\/paudosferros\/wp-json\/wp\/v2\/comments?post=1068"}],"version-history":[{"count":52,"href":"https:\/\/portal.uern.br\/paudosferros\/wp-json\/wp\/v2\/pages\/1068\/revisions"}],"predecessor-version":[{"id":2498,"href":"https:\/\/portal.uern.br\/paudosferros\/wp-json\/wp\/v2\/pages\/1068\/revisions\/2498"}],"wp:attachment":[{"href":"https:\/\/portal.uern.br\/paudosferros\/wp-json\/wp\/v2\/media?parent=1068"}],"curies":[{"name":"wp","href":"https:\/\/api.w.org\/{rel}","templated":true}]}}