{"id":940,"date":"2023-11-14T08:45:17","date_gmt":"2023-11-14T11:45:17","guid":{"rendered":"https:\/\/portal.uern.br\/paudosferros\/pedagogia\/?page_id=940"},"modified":"2025-01-24T09:58:37","modified_gmt":"2025-01-24T12:58:37","slug":"estrutura-curricular","status":"publish","type":"page","link":"https:\/\/portal.uern.br\/paudosferros\/pedagogia\/estrutura-curricular\/","title":{"rendered":"Estrutura Curricular"},"content":{"rendered":"<p><strong>ESTRUTURAS CURRICULARES\u00a0<\/strong><\/p>\n<p><strong>C\u00f3digo:<\/strong> FPE2025<br \/>\n<strong>Matriz Curricular:<\/strong> PEDAGOGIA &#8211; PAU DOS FERROS &#8211; LICENCIATURA &#8211; Presencial &#8211; N<br \/>\n<strong>Unidade de Vincula\u00e7\u00e3o:<\/strong> DIRETORIA DO CAMPUS AVAN\u00c7ADO DE PAU DOS FERROS (11.03.01)<br \/>\n<strong>Munic\u00edpio de funcionamento:<\/strong> PAU DOS FERROS &#8211; RN<br \/>\n<strong>Per\u00edodo Letivo de Entrada em Vigor:<\/strong> <a href=\"https:\/\/sigaa.uern.br\/sigaa\/link\/public\/curso\/curriculo\/939922\" target=\"_blank\" rel=\"noopener\">2025.1<\/a><\/p>\n<p>&nbsp;<\/p>\n<p><strong>C\u00f3digo:<\/strong> FPE2002<br \/>\n<strong>Matriz Curricular:<\/strong> PEDAGOGIA &#8211; PAU DOS FERROS &#8211; LICENCIATURA &#8211; Presencial &#8211; N<br \/>\n<strong>Unidade de Vincula\u00e7\u00e3o:<\/strong> DIRETORIA DO CAMPUS AVAN\u00c7ADO DE PAU DOS FERROS (11.03.01)<br \/>\n<strong>Munic\u00edpio de funcionamento:<\/strong> PAU DOS FERROS &#8211; RN<br \/>\n<strong>Per\u00edodo Letivo de Entrada em Vigor:<\/strong> <a href=\"https:\/\/sigaa.uern.br\/sigaa\/link\/public\/curso\/curriculo\/185703\" target=\"_blank\" rel=\"noopener\">2019.2<\/a><\/p>\n<p>&nbsp;<\/p>\n<p><strong>C\u00f3digo:<\/strong> FPE2001<br \/>\n<strong>Matriz Curricular:<\/strong> PEDAGOGIA &#8211; PAU DOS FERROS &#8211; LICENCIATURA &#8211; Presencial &#8211; N<br \/>\n<strong>Unidade de Vincula\u00e7\u00e3o:<\/strong> DIRETORIA DO CAMPUS AVAN\u00c7ADO DE PAU DOS FERROS (11.03.01)<br \/>\n<strong>Munic\u00edpio de funcionamento:<\/strong> PAU DOS FERROS &#8211; RN<br \/>\n<strong>Per\u00edodo Letivo de Entrada em Vigor:<\/strong> <a href=\"https:\/\/sigaa.uern.br\/sigaa\/link\/public\/curso\/curriculo\/185628\" target=\"_blank\" rel=\"noopener\">2008 . 2<\/a><\/p>\n<p>&nbsp;<\/p>\n","protected":false},"excerpt":{"rendered":"<p>ESTRUTURAS CURRICULARES\u00a0 C\u00f3digo: FPE2025 Matriz Curricular: PEDAGOGIA &#8211; PAU DOS FERROS &#8211; LICENCIATURA &#8211; Presencial &#8211; N Unidade de Vincula\u00e7\u00e3o: DIRETORIA DO CAMPUS AVAN\u00c7ADO DE PAU DOS FERROS (11.03.01) Munic\u00edpio de funcionamento: PAU DOS FERROS &#8211; RN Per\u00edodo Letivo de Entrada em Vigor: 2025.1 &nbsp; C\u00f3digo: FPE2002 Matriz Curricular: PEDAGOGIA &#8211; PAU DOS FERROS &#8211; [&hellip;]<\/p>\n","protected":false},"author":6,"featured_media":0,"parent":0,"menu_order":0,"comment_status":"closed","ping_status":"closed","template":"","meta":{"footnotes":""},"class_list":["post-940","page","type-page","status-publish","hentry"],"_links":{"self":[{"href":"https:\/\/portal.uern.br\/paudosferros\/pedagogia\/wp-json\/wp\/v2\/pages\/940","targetHints":{"allow":["GET"]}}],"collection":[{"href":"https:\/\/portal.uern.br\/paudosferros\/pedagogia\/wp-json\/wp\/v2\/pages"}],"about":[{"href":"https:\/\/portal.uern.br\/paudosferros\/pedagogia\/wp-json\/wp\/v2\/types\/page"}],"author":[{"embeddable":true,"href":"https:\/\/portal.uern.br\/paudosferros\/pedagogia\/wp-json\/wp\/v2\/users\/6"}],"replies":[{"embeddable":true,"href":"https:\/\/portal.uern.br\/paudosferros\/pedagogia\/wp-json\/wp\/v2\/comments?post=940"}],"version-history":[{"count":23,"href":"https:\/\/portal.uern.br\/paudosferros\/pedagogia\/wp-json\/wp\/v2\/pages\/940\/revisions"}],"predecessor-version":[{"id":1262,"href":"https:\/\/portal.uern.br\/paudosferros\/pedagogia\/wp-json\/wp\/v2\/pages\/940\/revisions\/1262"}],"wp:attachment":[{"href":"https:\/\/portal.uern.br\/paudosferros\/pedagogia\/wp-json\/wp\/v2\/media?parent=940"}],"curies":[{"name":"wp","href":"https:\/\/api.w.org\/{rel}","templated":true}]}}