{"id":892,"date":"2023-11-09T11:00:50","date_gmt":"2023-11-09T14:00:50","guid":{"rendered":"https:\/\/portal.uern.br\/paudosferros\/pedagogia\/?page_id=892"},"modified":"2025-05-22T12:07:48","modified_gmt":"2025-05-22T15:07:48","slug":"cose","status":"publish","type":"page","link":"https:\/\/portal.uern.br\/paudosferros\/pedagogia\/cose\/","title":{"rendered":"COSE"},"content":{"rendered":"<p><strong>Comiss\u00e3o Setorial de Avalia\u00e7\u00e3o \u2013 Compet\u00eancias<\/strong><\/p>\n<p data-raofz=\"16\">Em cumprimento ao\u00a0<a href=\"https:\/\/portal.uern.br\/paudosferros\/letraslinguaportuguesa\/wp-content\/uploads\/sites\/8\/2023\/10\/2812regimento_cpa-COSE.pdf\">Regimento Interno da CPA, em seu Art. 21<\/a>\u00a0\u2013 \u201cCompete \u00e0s Comiss\u00f5es Setoriais de Avalia\u00e7\u00e3o \u2013 COSEs\u201d:<\/p>\n<p data-raofz=\"16\">I.\u00a0 \u00a0 \u00a0 \u00a0 \u00a0Sensibilizar a comunidade acad\u00eamica do registro \u00f3rg\u00e3o para os processos de avalia\u00e7\u00e3o institucional;<\/p>\n<p data-raofz=\"16\">II.\u00a0 \u00a0 \u00a0 \u00a0 Desenvolver o processo de autoavalia\u00e7\u00e3o no \u00f3rg\u00e3o, conforme o\u00a0 projeto de autoavalia\u00e7\u00e3o da Unidade e orienta\u00e7\u00f5es da Comiss\u00e3o Pr\u00f3pria de Avalia\u00e7\u00e3o \u2013 CPA\/UERN;<\/p>\n<p data-raofz=\"16\">III.\u00a0 \u00a0 \u00a0 \u00a0 Organizar reuni\u00f5es sistem\u00e1ticas para desenvolver suas atividades;<\/p>\n<p data-raofz=\"16\">IV.\u00a0 \u00a0 \u00a0 \u00a0 Sistematizar e prestar as informa\u00e7\u00f5es solicitadas pela Comiss\u00e3o Pr\u00f3pria de Avalia\u00e7\u00e3o \u2013 CPA\/UERN;<\/p>\n<p data-raofz=\"16\">V.\u00a0\u00a0\u00a0\u00a0\u00a0\u00a0\u00a0\u00a0\u00a0 Ao fim de cada semestre, a COSE dever\u00e1 apresentar \u00e0 CPA\/UERN relat\u00f3rio das atividades realizadas, conforme modelo procedente da pr\u00f3pria CPA\/UERN.\u201d<\/p>\n<p data-raofz=\"16\"><span class=\"fontstyle0\"><strong>Comiss\u00e3o Setorial de Avalia\u00e7\u00e3o Institucional do Curso de Pedagogia &#8211; <a href=\"https:\/\/portal.uern.br\/paudosferros\/pedagogia\/wp-content\/uploads\/sites\/11\/2025\/05\/PORTARIA-SEI-No-291-DE-13-DE-MAIO-DE-2025-COSE.pdf\" target=\"_blank\" rel=\"noopener\">Portaria SEI n\u00ba 291, de 13 de maio de 2025.\u00a0<\/a><\/strong><\/span><\/p>\n<p data-raofz=\"16\"><span class=\"fontstyle0\">Profa. Dra. Maria Roberta de Alencar Oliveira &#8211; Coordenadora;<br \/>\nProfa. Dra. Maria da Paz Cavalcante- Membro docente;<br \/>\nTNS Antonia Gerlania Viana Medeiros\u00a0 &#8211; Membro t\u00e9cnico administrativo;<br \/>\nAlan Richard Soares de Fran\u00e7a &#8211; Membro discente.<\/span><\/p>\n","protected":false},"excerpt":{"rendered":"<p>Comiss\u00e3o Setorial de Avalia\u00e7\u00e3o \u2013 Compet\u00eancias Em cumprimento ao\u00a0Regimento Interno da CPA, em seu Art. 21\u00a0\u2013 \u201cCompete \u00e0s Comiss\u00f5es Setoriais de Avalia\u00e7\u00e3o \u2013 COSEs\u201d: I.\u00a0 \u00a0 \u00a0 \u00a0 \u00a0Sensibilizar a comunidade acad\u00eamica do registro \u00f3rg\u00e3o para os processos de avalia\u00e7\u00e3o institucional; II.\u00a0 \u00a0 \u00a0 \u00a0 Desenvolver o processo de autoavalia\u00e7\u00e3o no \u00f3rg\u00e3o, conforme o\u00a0 projeto [&hellip;]<\/p>\n","protected":false},"author":6,"featured_media":0,"parent":0,"menu_order":0,"comment_status":"closed","ping_status":"closed","template":"","meta":{"footnotes":""},"class_list":["post-892","page","type-page","status-publish","hentry"],"_links":{"self":[{"href":"https:\/\/portal.uern.br\/paudosferros\/pedagogia\/wp-json\/wp\/v2\/pages\/892","targetHints":{"allow":["GET"]}}],"collection":[{"href":"https:\/\/portal.uern.br\/paudosferros\/pedagogia\/wp-json\/wp\/v2\/pages"}],"about":[{"href":"https:\/\/portal.uern.br\/paudosferros\/pedagogia\/wp-json\/wp\/v2\/types\/page"}],"author":[{"embeddable":true,"href":"https:\/\/portal.uern.br\/paudosferros\/pedagogia\/wp-json\/wp\/v2\/users\/6"}],"replies":[{"embeddable":true,"href":"https:\/\/portal.uern.br\/paudosferros\/pedagogia\/wp-json\/wp\/v2\/comments?post=892"}],"version-history":[{"count":9,"href":"https:\/\/portal.uern.br\/paudosferros\/pedagogia\/wp-json\/wp\/v2\/pages\/892\/revisions"}],"predecessor-version":[{"id":1278,"href":"https:\/\/portal.uern.br\/paudosferros\/pedagogia\/wp-json\/wp\/v2\/pages\/892\/revisions\/1278"}],"wp:attachment":[{"href":"https:\/\/portal.uern.br\/paudosferros\/pedagogia\/wp-json\/wp\/v2\/media?parent=892"}],"curies":[{"name":"wp","href":"https:\/\/api.w.org\/{rel}","templated":true}]}}