{"id":890,"date":"2023-11-09T11:00:26","date_gmt":"2023-11-09T14:00:26","guid":{"rendered":"https:\/\/portal.uern.br\/paudosferros\/pedagogia\/?page_id=890"},"modified":"2024-08-20T09:10:38","modified_gmt":"2024-08-20T12:10:38","slug":"nde","status":"publish","type":"page","link":"https:\/\/portal.uern.br\/paudosferros\/pedagogia\/nde\/","title":{"rendered":"NDE"},"content":{"rendered":"<p style=\"text-align: justify\"><span class=\"fontstyle0\">Criado com o advento da <\/span><a href=\"https:\/\/portal.uern.br\/paudosferros\/pedagogia\/wp-content\/uploads\/sites\/11\/2023\/11\/Resolucao-59-2013-CONSEPE-Cria-e-Regulamenta-o-Nucleo-Docente-Estruturante-NDE-dos-Cursos-de-Graduacao-da-Universidade-do-Estado-do-Rio-Grande-do-Norte-UERN.pdf\"><span class=\"fontstyle2\">Resolu\u00e7\u00e3o<\/span><span class=\"fontstyle2\">\u00a0<\/span><\/a><span class=\"fontstyle0\">N.\u00ba 59\/2013 \u2013 CONSEPE. Cria e Regulamenta o N\u00facleo Docente. Estruturante \u2013\u00a0<\/span><span class=\"fontstyle2\">NDE\u00a0<\/span><span class=\"fontstyle0\">dos Cursos de Gradua\u00e7\u00e3o. Conforme o Art. 2\u00ba da Resolu\u00e7\u00e3o referida, o \u201cN\u00facleo Docente Estruturante \u2013 NDE \u00e9 uma comiss\u00e3o permanente, de car\u00e1ter propositivo, consultivo e executivo, dos cursos de gradua\u00e7\u00e3o, vinculado aos Departamentos Acad\u00eamicos, que se ocupa da concep\u00e7\u00e3o do curso e de sua consolida\u00e7\u00e3o, desenvolvendo suas atividades de modo articulado com as entidades representativas e deliberativas de professores e alunos da UERN, considerando as demandas sociais locoregionais, as diretrizes curriculares nacionais e a miss\u00e3o da Universidade.\u201d Desde ent\u00e3o, o Projeto Pedag\u00f3gico de Curso (PPC) passou a ser atualizado e revisado pelo NDE do Departamento de Educa\u00e7\u00e3o do CAPF\/UERN<\/span><\/p>\n<p><strong>N\u00facleo Docente Estruturante \u2013 NDE<\/strong> &#8211; \u00a0<a href=\"https:\/\/portal.uern.br\/paudosferros\/pedagogia\/wp-content\/uploads\/sites\/11\/2024\/08\/SEI_SEAD-27892946-Portaria-NDE-19-de-julho-de-2024.pdf\"><span class=\"fontstyle0\">PORTARIA-SEI N\u00ba 368, DE 19 DE JULHO DE 2024<\/span><\/a><\/p>\n<p><span class=\"fontstyle0\"><strong>NDE &#8211; Departamento de Educa\u00e7\u00e3o:<\/strong><br \/>\n<\/span><span class=\"fontstyle2\">D\u00e9bora Maria do Nascimento \u2013 Coordenadora;<br \/>\nMaria Roberta de Alencar Oliveira &#8211; Vice-Coordenadora;<\/span><br \/>\n<span class=\"fontstyle2\">Iandra Fernandes Caldas \u2013 Membro;<br \/>\nMaria Eridan da Silva Santos &#8211; Membro<br \/>\nDisneyl\u00e2ndia Maria Ribeiro \u2013 Membro;<br \/>\nFrancicleide Ces\u00e1rio de Oliveira &#8211; Membro<br \/>\nMaria da Paz Cavalcante \u2013 Membro.<br \/>\n<span class=\"fontstyle2\">Keutre Gl\u00e1udia da Concei\u00e7\u00e3o Soares \u2013 Membro.<\/span><\/span><\/p>\n<p>&nbsp;<\/p>\n","protected":false},"excerpt":{"rendered":"<p>Criado com o advento da Resolu\u00e7\u00e3o\u00a0N.\u00ba 59\/2013 \u2013 CONSEPE. Cria e Regulamenta o N\u00facleo Docente. Estruturante \u2013\u00a0NDE\u00a0dos Cursos de Gradua\u00e7\u00e3o. Conforme o Art. 2\u00ba da Resolu\u00e7\u00e3o referida, o \u201cN\u00facleo Docente Estruturante \u2013 NDE \u00e9 uma comiss\u00e3o permanente, de car\u00e1ter propositivo, consultivo e executivo, dos cursos de gradua\u00e7\u00e3o, vinculado aos Departamentos Acad\u00eamicos, que se ocupa da [&hellip;]<\/p>\n","protected":false},"author":6,"featured_media":0,"parent":0,"menu_order":0,"comment_status":"closed","ping_status":"closed","template":"","meta":{"footnotes":""},"class_list":["post-890","page","type-page","status-publish","hentry"],"_links":{"self":[{"href":"https:\/\/portal.uern.br\/paudosferros\/pedagogia\/wp-json\/wp\/v2\/pages\/890","targetHints":{"allow":["GET"]}}],"collection":[{"href":"https:\/\/portal.uern.br\/paudosferros\/pedagogia\/wp-json\/wp\/v2\/pages"}],"about":[{"href":"https:\/\/portal.uern.br\/paudosferros\/pedagogia\/wp-json\/wp\/v2\/types\/page"}],"author":[{"embeddable":true,"href":"https:\/\/portal.uern.br\/paudosferros\/pedagogia\/wp-json\/wp\/v2\/users\/6"}],"replies":[{"embeddable":true,"href":"https:\/\/portal.uern.br\/paudosferros\/pedagogia\/wp-json\/wp\/v2\/comments?post=890"}],"version-history":[{"count":11,"href":"https:\/\/portal.uern.br\/paudosferros\/pedagogia\/wp-json\/wp\/v2\/pages\/890\/revisions"}],"predecessor-version":[{"id":1133,"href":"https:\/\/portal.uern.br\/paudosferros\/pedagogia\/wp-json\/wp\/v2\/pages\/890\/revisions\/1133"}],"wp:attachment":[{"href":"https:\/\/portal.uern.br\/paudosferros\/pedagogia\/wp-json\/wp\/v2\/media?parent=890"}],"curies":[{"name":"wp","href":"https:\/\/api.w.org\/{rel}","templated":true}]}}