{"id":690,"date":"2023-07-19T21:43:49","date_gmt":"2023-07-20T00:43:49","guid":{"rendered":"https:\/\/portal.uern.br\/paudosferros\/pedagogia\/?page_id=690"},"modified":"2023-07-19T21:43:49","modified_gmt":"2023-07-20T00:43:49","slug":"ano-2016","status":"publish","type":"page","link":"https:\/\/portal.uern.br\/paudosferros\/pedagogia\/ano-2016\/","title":{"rendered":"ANO 2016"},"content":{"rendered":"<table>\n<tbody>\n<tr>\n<td><strong>T\u00cdTULO<\/strong><\/td>\n<td><strong>AUTOR(A)<\/strong><\/td>\n<td><strong>ORINTADOR(A)<\/strong><\/td>\n<\/tr>\n<tr>\n<td><a href=\"https:\/\/www.uern.br\/controledepaginas\/portal-ano-2016\/arquivos\/4307adnilsa_avelino_de_freitas.pdf\" target=\"_blank\" rel=\"noopener\">O SUCESSO DO ALUNO DA EJA E SEU INGRESSO NO ENSINO SUPERIOR.<\/a><\/td>\n<td>Adnilsa Avelino de Freitas<\/td>\n<td>Prof\u00aa. Ma. L\u00edvia Sonalle do Nascimento Silva<\/td>\n<\/tr>\n<tr>\n<td><a href=\"https:\/\/www.uern.br\/controledepaginas\/portal-ano-2016\/arquivos\/4307aline_pereira_da_silva_araa%C5%A1jo.pdf\" target=\"_blank\" rel=\"noopener\">A MEDIA\u00c7\u00c3O DA LEITURA LITER\u00c1RIA NA FORMA\u00c7\u00c3O DO LEITOR NOS ANOS INICIAS DO ENSINO FUNDAMENTAL.<\/a><\/td>\n<td>Aline Pereira da Silva Ara\u00fajo<\/td>\n<td>Prof\u00aa. Ma. Andreza Emicarla Pereira Cavalcante<\/td>\n<\/tr>\n<tr>\n<td><a href=\"https:\/\/www.uern.br\/controledepaginas\/portal-ano-2016\/arquivos\/4307ana_cristina_flora%C5%A1ncio.pdf\" target=\"_blank\" rel=\"noopener\">A PARTICIPA\u00c7\u00c3O DO ALUNO NA GEST\u00c3O DA ESCOLA: ATOR OU ESPECTADOR?<\/a><\/td>\n<td>Ana Cristina Florencio<\/td>\n<td>Prof\u00aa. Esp. Nayanne Costa Rocha<\/td>\n<\/tr>\n<tr>\n<td><a href=\"https:\/\/www.uern.br\/controledepaginas\/portal-ano-2016\/arquivos\/4307ana_digna_nogueira_marques.pdf\" target=\"_blank\" rel=\"noopener\">ESTRAT\u00c9GIAS PEDAGOGICAS UTILIZADAS EM UMA CLASSE HOSPITALAR DO RN<\/a><\/td>\n<td>Ana Digna Nogueira Marques<\/td>\n<td>Prof\u00aa. Ma. Maria Eridan da Silva Santos<\/td>\n<\/tr>\n<tr>\n<td><a href=\"https:\/\/www.uern.br\/controledepaginas\/portal-ano-2016\/arquivos\/4307ana_lourdes_marques_holanda.pdf\" target=\"_blank\" rel=\"noopener\">A PR\u00c1TICA PEDAG\u00d3GICA NO CONTEXTO DA EDUCA\u00c7\u00c3O DO CAMPO: UM OLHAR SOBRE A ESCOLA JOS\u00c9 BELO DE ANDRADE.<\/a><\/td>\n<td>Ana Lourdes Marques Holanda<\/td>\n<td>Prof\u00aa. Ma. L\u00edvia Sonalle do Nascimento Silva<\/td>\n<\/tr>\n<tr>\n<td><a href=\"https:\/\/www.uern.br\/controledepaginas\/portal-ano-2016\/arquivos\/4307anta%E2%80%9Dnia_apolina%C2%81ria_de_souza.pdf\" target=\"_blank\" rel=\"noopener\">CONCEP\u00c7\u00d5ES DE M\u00c3ES E PROFESSORAS ACERCA DA IMPORT\u00c2NCIA DA RELA\u00c7\u00c3O FAM\u00cdLIA E ESCOLA NO DESENVOLVIMENTO DA CRIAN\u00c7A NA EDUCA\u00c7\u00c3O INFANTIL.<\/a><\/td>\n<td>Ant\u00f4nia Apolinaria de Souza<\/td>\n<td>Prof\u00aa. Ma. Francicleide Ces\u00e1rio de Oliveira Fontes<\/td>\n<\/tr>\n<tr>\n<td><a href=\"https:\/\/www.uern.br\/controledepaginas\/portal-ano-2016\/arquivos\/4307clarice_nunes_peixoto.pdf\" target=\"_blank\" rel=\"noopener\">GEST\u00c3O DA EDUCA\u00c7\u00c3O E AVALIA\u00c7\u00c3O EXTERNA: UM ESTUDO BIBILOGR\u00c1FICO<\/a><\/td>\n<td>Clarice Nunes Peixoto<\/td>\n<td>Prof. Dr. Allan Solano Souza<\/td>\n<\/tr>\n<tr>\n<td><a href=\"https:\/\/www.uern.br\/controledepaginas\/portal-ano-2016\/arquivos\/4307emanuela_da_silva_pinheiro.pdf\" target=\"_blank\" rel=\"noopener\">OS JOGOS NA PR\u00c1TICA DE PROFESSORES NO ENSINO DE HIST\u00d3RIA.<\/a><\/td>\n<td>Emanuela da Silva Pinheiro<\/td>\n<td>Prof\u00aa. Dr\u00aa Maria da Paz Cavalcante<\/td>\n<\/tr>\n<tr>\n<td><a href=\"https:\/\/www.uern.br\/controledepaginas\/portal-ano-2016\/arquivos\/4307fernanda_nobre_da_silva.pdf\" target=\"_blank\" rel=\"noopener\">O TRABALHO COM A CONSCI\u00caNCIA FONOL\u00d3GICA: FORMA\u00c7\u00c3O E PR\u00c1TICAS PEDAG\u00d3GICAS DE UMA PROFESSORA DO ENSINO FUNDAMENATAL.<\/a><\/td>\n<td>Fernanda Nobre da Silva<\/td>\n<td>Prof\u00aa. Dr\u00aa D\u00e9bora Maria do Nascimento<\/td>\n<\/tr>\n<tr>\n<td><a href=\"https:\/\/www.uern.br\/controledepaginas\/portal-ano-2016\/arquivos\/4307francisca_aldeiane_barreto_da_silva.pdf\" target=\"_blank\" rel=\"noopener\">A IDENTIDADE PROFISSIONAL DE PROFESSORES DA EDUCA\u00c7\u00c3O INFANTIL: IMPLICA\u00c7\u00d5ES NO PROCESSO DE ENSINO-APRENDIZAGEM.<\/a><\/td>\n<td>Francisca Aldeiane Barreto da Silva<\/td>\n<td>Prof\u00aa. Dr\u00aa D\u00e9bora Maria do Nascimento<\/td>\n<\/tr>\n<tr>\n<td><a href=\"https:\/\/www.uern.br\/controledepaginas\/portal-ano-2016\/arquivos\/4307francisca_laura_neta.pdf\" target=\"_blank\" rel=\"noopener\">O DOCENTE E A SUA FORMA\u00c7\u00c3O LEITORA: UMA AN\u00c1LISE DAS HIST\u00d3RIAS DE VIDA E RELA\u00c7\u00c3O COM A LEITURA.<\/a><\/td>\n<td>Francisca Laura Neta<\/td>\n<td>Prof\u00aa. Ma. Ka\u00edza Maria Alencar de Oliveira<\/td>\n<\/tr>\n<tr>\n<td><a href=\"https:\/\/www.uern.br\/controledepaginas\/portal-ano-2016\/arquivos\/4307francisca_thais_pereira_costas.pdf\" target=\"_blank\" rel=\"noopener\">A CONSTRU\u00c7\u00c3O DA ESCRITA PELA CRIAN\u00c7A: APRENDIZAGEM ATRV\u00c9S DA MEDIA\u00c7\u00c3O DA LEITURA LITER\u00c1RIA PELO PIBID.<\/a><\/td>\n<td>Francisca Tha\u00eds Pereira Costa<\/td>\n<td>Prof\u00aa. Ma. Francicleide Ces\u00e1rio de Oliveira Fontes<\/td>\n<\/tr>\n<tr>\n<td><a href=\"https:\/\/www.uern.br\/controledepaginas\/portal-ano-2016\/arquivos\/4307francisco_ha%E2%80%B0rico_soares_maia.pdf\" target=\"_blank\" rel=\"noopener\">FORMA\u00c7\u00c3O DE PROFESSORES QUE ATUAM NO ATENDIMENTO EDUCACIONAL ESPECIALIZADO NA REDE MUNICIPAL DE ENSINO DE PAU DOS FERROS &#8211; RN.<\/a><\/td>\n<td>Francisco H\u00e9rico Soares Maia<\/td>\n<td>Prof\u00aa. Ma. Disneyl\u00e2ndia Maria Ribeiro<\/td>\n<\/tr>\n<tr>\n<td><a href=\"https:\/\/www.uern.br\/controledepaginas\/portal-ano-2016\/arquivos\/4307francisco_marcos_da_silva.pdf\" target=\"_blank\" rel=\"noopener\">PARTICIPA\u00c7\u00c3O NA GEST\u00c3O ESCOLAR: A VIS\u00c3O DO CONSELHO DE ESCOLA.<\/a><\/td>\n<td>Francisco Marcos da Silva<\/td>\n<td>Prof. Dr. Allan Solano Souza<\/td>\n<\/tr>\n<tr>\n<td><a href=\"https:\/\/www.uern.br\/controledepaginas\/portal-ano-2016\/arquivos\/4307hildema%C2%81ria_lopes_de_araa%C5%A1jo.pdf\" target=\"_blank\" rel=\"noopener\">AS ESTRAT\u00c9GIAS DE LEITURA LITER\u00c1RIA QUE CONTRIBUEM COM A FORMA\u00c7\u00c3O DO LEITOR NUMA SALA DE AULA DO PR\u00c9 II.<\/a><\/td>\n<td>Hildem\u00e1ria Lopes de Araujo<\/td>\n<td>Prof\u00aa. Ma. Maria Eridan da Silva Santos<\/td>\n<\/tr>\n<tr>\n<td><a href=\"https:\/\/www.uern.br\/controledepaginas\/portal-ano-2016\/arquivos\/4307josa%E2%80%B0_ismaildo_dantas_de_oliveira.pdf\" target=\"_blank\" rel=\"noopener\">CONCEP\u00c7\u00d5ES DE PROFESSORES SOBRE DIVERSIDADE CULTURAL E SUA RELA\u00c7\u00c3O COM EXCLUS\u00c3O ESCOLAR NOS ANOS INICIAIS DO ENSINO FUNDAMENTAL.<\/a><\/td>\n<td>Jos\u00e9 Ismaildo Dantas de Oliveira<\/td>\n<td>Prof\u00aa. Dr\u00aa D\u00e9bora Maria do Nascimento<\/td>\n<\/tr>\n<tr>\n<td><a href=\"https:\/\/www.uern.br\/controledepaginas\/portal-ano-2016\/arquivos\/4307laiane_pereira_de_araa%C5%A1jo.pdf\" target=\"_blank\" rel=\"noopener\">ESTRAT\u00c9GIAS PEDAG\u00d3GICAS PARA A INCLUS\u00c3O DE ALUNOS COM NECESSIDADES EDUCACIONAIS ESPEC\u00cdFICAS NO SISTEMA REGULAR DE ENSINO.<\/a><\/td>\n<td>Laiane Pereira de Ara\u00fajo<\/td>\n<td>Prof\u00aa. Ma. Disneyl\u00e2ndia Maria Ribeiro<\/td>\n<\/tr>\n<tr>\n<td>VIOL\u00caNCIA ESCOLAR: O ENSINO M\u00c9DIO EM DESTAQUE.<\/td>\n<td>Larisse Pinheiro Guedes<\/td>\n<td>Prof\u00aa. Ma. Maria Euzimar Berenice Rego Silva<\/td>\n<\/tr>\n<tr>\n<td><a href=\"https:\/\/www.uern.br\/controledepaginas\/portal-ano-2016\/arquivos\/4307ligia_paula_fernandes_da_costa.pdf\" target=\"_blank\" rel=\"noopener\">O USO DA MESA DIGITAL NA PR\u00c1TICA DO PROFESSOR ALFABETIZADOR.<\/a><\/td>\n<td>Ligia Paula Fernandes da Costa<\/td>\n<td>Prof\u00aa. Ma. Francicleide Ces\u00e1rio de Oliveira Fontes<\/td>\n<\/tr>\n<tr>\n<td><a href=\"https:\/\/www.uern.br\/controledepaginas\/portal-ano-2016\/arquivos\/4307livia_nata%C2%81lia_dias.pdf\" target=\"_blank\" rel=\"noopener\">AS CONTRIBUI\u00c7\u00d5ES DA DOCENTE DO ATENDIMENTO EDUCACIONAL ESPECIALIZADO NA EDUCA\u00c7\u00c3O INCLUSIVA: UM ESTUDO REALIZADO NUMA ESCOLA ESTADUAL DA CIDADE DE PAU DOS FERROS.<\/a><\/td>\n<td>L\u00edvia Nat\u00e1lia Dias<\/td>\n<td>Prof\u00aa. Esp. Critiane de F\u00e1tima Costa Freire<\/td>\n<\/tr>\n<tr>\n<td><a href=\"https:\/\/www.uern.br\/controledepaginas\/portal-ano-2016\/arquivos\/4307lucas_henrique_pinheiro_de_andrade.pdf\" target=\"_blank\" rel=\"noopener\">A PERCEP\u00c7\u00c3O DOS PROFESSORES ACERCA DAS DIFICULDADES DE APRENDIZAGEM DOS ALUNOS EM MATEM\u00c1TICA NOS ANOS INICIAIS DO ENSINO FUNDAMENTAL.<\/a><\/td>\n<td>Lucas Henrique Pinheiro de Andrade<\/td>\n<td>Prof\u00aa. Dr\u00aa Maria da Concei\u00e7\u00e3o Costa<\/td>\n<\/tr>\n<tr>\n<td><a href=\"https:\/\/www.uern.br\/controledepaginas\/portal-ano-2016\/arquivos\/4307luthiana_vieira_da_silva_medeiros.pdf\">O RESPEITO \u00c0 DIFEREN\u00c7A NO CONTO DE FADA &#8220;A BELA E A FERA&#8221;.<\/a><\/td>\n<td>Luthiana Vieira da Silva<\/td>\n<td>Prof\u00aa. Dr\u00aa Simone Cabral Marinho dos Santos<\/td>\n<\/tr>\n<tr>\n<td><a href=\"https:\/\/www.uern.br\/controledepaginas\/portal-ano-2016\/arquivos\/4307katiane_verusk_nogueira_da_silva.pdf\" target=\"_blank\" rel=\"noopener\">O PAPEL DA FAM\u00cdLIA NA SUERA\u00c7\u00c3O DO BULLYING: ESCRITAS DE SI.<\/a><\/td>\n<td>Katiane Verusk Nogueira da Silva<\/td>\n<td>Prof\u00aa. Ma. Maria Euzimar Berenice Rego Silva<\/td>\n<\/tr>\n<tr>\n<td>VIOL\u00caNCIA ENTRE ADOLESCENTES: OS COMPORTAMENTOS AGRESSIVOS DE PARTICIPANTES DO SERVI\u00c7O DE CONVIV\u00caNCIA E FORTALECIMENTO DO V\u00cdNCULOS DO CRAS.<\/td>\n<td>Maria Cl\u00e9via Lima de Souza<\/td>\n<td>Prof\u00aa. Ma. Maria Euzimar Berenice Rego Silva<\/td>\n<\/tr>\n<tr>\n<td><a href=\"https:\/\/www.uern.br\/controledepaginas\/portal-ano-2016\/arquivos\/4307maria_da_conceia%E2%80%A1a%C6%92o_almeida_fernandes.pdf\" target=\"_blank\" rel=\"noopener\">CONCEP\u00c7\u00d5ES DOCENTES SOBRE O L\u00daDICO NO PROCESSO ENSINO-APRENDIZAGEM DA EDUCA\u00c7\u00c3O INFANTIL.<\/a><\/td>\n<td>Maria da Concei\u00e7\u00e3o Almeida Fernandes<\/td>\n<td>Prof\u00aa. Ma. Maria Eridan da Silva Santos<\/td>\n<\/tr>\n<tr>\n<td><a href=\"https:\/\/www.uern.br\/controledepaginas\/portal-ano-2016\/arquivos\/4307maria_edneide_de_souza_bezerra.pdf\" target=\"_blank\" rel=\"noopener\">A EDUCA\u00c7\u00c3O DO CAMPO E O DESAFIO DO(A) PROFESSOR(A) EM CLASSES MULTISSERIADAS.<\/a><\/td>\n<td>Maria Edneide de Souza Bezerra<\/td>\n<td>Prof\u00aa. Dr\u00aa Simone Cabral Marinho dos Santos<\/td>\n<\/tr>\n<tr>\n<td><a href=\"https:\/\/www.uern.br\/controledepaginas\/portal-ano-2016\/arquivos\/4307maria_eliza_nunes__de_oliveira.pdf\" target=\"_blank\" rel=\"noopener\">A RELA\u00c7\u00c3O DAS CRIAN\u00c7AS COM A LINGUAGEM: UMA AN\u00c1LISE A PARTIR DA OBRA INFANTIL &#8220;A CASA DAS ESTRELAS, O UNIVERSO CONTADO PELAS CRIAN\u00c7AS&#8221;.<\/a><\/td>\n<td>Maria Eliza Nunes de Oliveira<\/td>\n<td>Prof\u00aa. Ma. L\u00edvia Sonalle do Nascimento Silva<\/td>\n<\/tr>\n<tr>\n<td><a href=\"https:\/\/www.uern.br\/controledepaginas\/portal-ano-2016\/arquivos\/4307maria_jocelma_duarte_de_lima.pdf\">AS MEDIA\u00c7\u00d5ES NO PROCESSO DE FORMA\u00c7\u00c3O DE LEITORES NO PIBID: NUANCES DO TRABALHO COM LEITURA.<\/a><\/td>\n<td>Maria Jocelma Duarte de Lima<\/td>\n<td>Prof\u00aa Dr\u00aa Maria L\u00facia Pessoa Sampaio<\/td>\n<\/tr>\n<tr>\n<td><a href=\"https:\/\/www.uern.br\/controledepaginas\/portal-ano-2016\/arquivos\/4307maria_lourena_de_queiroz.pdf\" target=\"_blank\" rel=\"noopener\">NA LOJA DE LINHAS, DOIS CARRET\u00c9IS, DUAS HIST\u00d3RIAS: A BOLSA AMARELA E ANG\u00c9LICA.<\/a><\/td>\n<td>Maria Lourena de Queiroz<\/td>\n<td>Prof\u00aa. Ma. Iandra Fernandes Pereira Caldas<\/td>\n<\/tr>\n<tr>\n<td><a href=\"https:\/\/www.uern.br\/controledepaginas\/portal-ano-2016\/arquivos\/4307maria_miraa%C2%8Dre_pereira_silva.pdf\" target=\"_blank\" rel=\"noopener\">A PRESEN\u00c7A MASCULINA NO CURSO DE PEDAGOGIA DO CAMEAM\/UERN: DESAFIOS E PERSPECTIVAS NA CONSTRU\u00c7\u00c3O DA IDENTIDADE S\u00d3CIO PROFISSIONAL.<\/a><\/td>\n<td>Maria Mira\u00edre Pereira Silva<\/td>\n<td>Prof\u00aa. Ma. Iandra Fernandes Pereira Caldas<\/td>\n<\/tr>\n<tr>\n<td><a href=\"https:\/\/www.uern.br\/controledepaginas\/portal-ano-2016\/arquivos\/4307maria_patra%C2%8Dcia_dos_santos.pdf\" target=\"_blank\" rel=\"noopener\">O USO DAS TECNOLOGIAS DIGITAIS NA MEDIA\u00c7\u00c3O DE LEITURA NA \u00d3TICA DOS BOLSISTAS DO PROGRAMA PIBID.<\/a><\/td>\n<td>Maria Patricia dos Santos<\/td>\n<td>Prof.\u00aa Dr\u00aa Diana Maria Leite Lopes Saldanha<\/td>\n<\/tr>\n<tr>\n<td><a href=\"https:\/\/www.uern.br\/controledepaginas\/portal-ano-2016\/arquivos\/4307maria_selma_do_nascimento_costa.pdf\" target=\"_blank\" rel=\"noopener\">AS SEQU\u00caNCIAS DID\u00c1TICAS NO PROCESSO DA ALFABETIZA\u00c7\u00c3O E DO LETRAMENTO.<\/a><\/td>\n<td>Maria Selma do Nascimento Costa<\/td>\n<td>Prof\u00aa. Ma. Francicleide Ces\u00e1rio de Oliveira Fontes<\/td>\n<\/tr>\n<tr>\n<td>O ACESSO \u00c1 ESCOLA PELAS CRIAN\u00c7AS CIRCENSES.<\/td>\n<td>Raquel Luana Lima da Silva Fernandes<\/td>\n<td>Prof\u00aa. Ma. Maria Euzimar Berenice Rego Silva<\/td>\n<\/tr>\n<tr>\n<td><a href=\"https:\/\/www.uern.br\/controledepaginas\/portal-ano-2016\/arquivos\/4307ranielly_kelly_frana%E2%80%A1a_costa.pdf\" target=\"_blank\" rel=\"noopener\">A INCLUS\u00c3O DE UMA ALUNA COM SURDEZ EM UMA SALA REGULAR DO ENSINO FUNDAMENTAL II<\/a><\/td>\n<td>Ranielly Kelly Fran\u00e7a Costa<\/td>\n<td>Prof\u00aa. Esp. Critiane de F\u00e1tima Costa Freire<\/td>\n<\/tr>\n<tr>\n<td><a href=\"https:\/\/www.uern.br\/controledepaginas\/portal-ano-2016\/arquivos\/4307regiane_maria_de_queiroz.pdf\" target=\"_blank\" rel=\"noopener\">FAM\u00cdLIA E ESCOLA ESTRAT\u00c9GICAS DE APROXIMA\u00c7\u00c3O E PARTICIPA\u00c7\u00c3O.<\/a><\/td>\n<td>Regiane Maria de Queiroz<\/td>\n<td>Prof\u00aa. Dr\u00aa Maria da Concei\u00e7\u00e3o Costa<\/td>\n<\/tr>\n<tr>\n<td><a href=\"https:\/\/www.uern.br\/controledepaginas\/portal-ano-2016\/arquivos\/4307renata_de_souza_queiroz.pdf\" target=\"_blank\" rel=\"noopener\">O PAPEL DO PROFESSOR NA INCLUS\u00c3O DE ALUNOS COM S\u00cdNDROME DE DOWN NO \u00c2MBITO ESCOLAR.<\/a><\/td>\n<td>Renata de Souza Queiroz<\/td>\n<td>Prof.\u00aa Esp. dej\u00e2nia Maria da Silva Souza<\/td>\n<\/tr>\n<tr>\n<td><a href=\"https:\/\/www.uern.br\/controledepaginas\/portal-ano-2016\/arquivos\/4307rerisson_ra%E2%80%9Dmulo_da_silva.pdf\" target=\"_blank\" rel=\"noopener\">A PR\u00c1TICA PEDAG\u00d3GICA NA EDUCA\u00c7\u00c3O DE JOVENS E ADULTOS: REALIDADE, DESAFIOS E PERSPECTIVAS.<\/a><\/td>\n<td>Rerisson R\u00f4mulo da Silva<\/td>\n<td>Prof\u00aa. Ma. L\u00edvia Sonalle do Nascimento Silva<\/td>\n<\/tr>\n<tr>\n<td><a href=\"https:\/\/www.uern.br\/controledepaginas\/portal-ano-2016\/arquivos\/4307rita_de_ca%C2%81ssia_fernandes_gadelha_de_sousa.pdf\" target=\"_blank\" rel=\"noopener\">ESTRAT\u00c9GIAS DE ENSINO NA ALFABETIZA\u00c7\u00c3O: ANALISANDO IMPACTOS DA PESQUISA &#8221; O DESAFIO DE ENSINAR A LEITURA E A ESCRITA NO CONTEXTO DO ENSINO FUNDAMENTAL DE NOVE ANOS&#8221;.<\/a><\/td>\n<td>Rita de C\u00e1ssia Fernandes Gadelha de Sousa<\/td>\n<td>Prof\u00aa. Dr\u00aa Maria da Concei\u00e7\u00e3o Costa<\/td>\n<\/tr>\n<tr>\n<td><a href=\"https:\/\/www.uern.br\/controledepaginas\/portal-ano-2016\/arquivos\/4307samara_de_lima_silva.pdf\" target=\"_blank\" rel=\"noopener\">O ATENDIMENTO EDUCACIONAL ESPECIALIZADO E SUA ARTICULA\u00c7\u00c3O COM AS PR\u00c1TICAS PEDAG\u00d3GICAS DOS PROFESSORES DAS SALAS REGULARES DE ENSINO.<\/a><\/td>\n<td>Samara de Lima Silva<\/td>\n<td>Prof\u00aa. Ma. Disneyl\u00e2ndia Maria Ribeiro<\/td>\n<\/tr>\n<tr>\n<td>INF\u00c2NCIS, FORMA\u00c7\u00c3O E RELIGIOSIDADE: REFLEX\u00d5ES SOBRE O PEQUENO PAG\u00c9 DO VALE DO AMANHECER.<\/td>\n<td>T\u00e9rcia Gon\u00e7alves de Lima Pereira<\/td>\n<td>Prof\u00aa. Ma. Maria Euzimar Berenice Rego Silva<\/td>\n<\/tr>\n<tr>\n<td><a href=\"https:\/\/www.uern.br\/controledepaginas\/portal-ano-2016\/arquivos\/4307vala%E2%80%B0ria_paula_fernandes_da_silva.pdf\" target=\"_blank\" rel=\"noopener\">OS DESAFIOS DO PROFESSOR NA INCLUS\u00c3O DE CRIAN\u00c7AS COM AUTISMO NOS ANOS INICIAS DO ENSINO FUNDAMENTAL.<\/a><\/td>\n<td>Val\u00e9ria Paula Fernandes da Silva<\/td>\n<td>Prof.\u00aa Esp. dej\u00e2nia Maria da Silva Souza<\/td>\n<\/tr>\n<\/tbody>\n<\/table>\n","protected":false},"excerpt":{"rendered":"<p>T\u00cdTULO AUTOR(A) ORINTADOR(A) O SUCESSO DO ALUNO DA EJA E SEU INGRESSO NO ENSINO SUPERIOR. Adnilsa Avelino de Freitas Prof\u00aa. Ma. L\u00edvia Sonalle do Nascimento Silva A MEDIA\u00c7\u00c3O DA LEITURA LITER\u00c1RIA NA FORMA\u00c7\u00c3O DO LEITOR NOS ANOS INICIAS DO ENSINO FUNDAMENTAL. Aline Pereira da Silva Ara\u00fajo Prof\u00aa. Ma. Andreza Emicarla Pereira Cavalcante A PARTICIPA\u00c7\u00c3O DO [&hellip;]<\/p>\n","protected":false},"author":1,"featured_media":0,"parent":0,"menu_order":0,"comment_status":"closed","ping_status":"closed","template":"","meta":{"footnotes":""},"class_list":["post-690","page","type-page","status-publish","hentry"],"_links":{"self":[{"href":"https:\/\/portal.uern.br\/paudosferros\/pedagogia\/wp-json\/wp\/v2\/pages\/690","targetHints":{"allow":["GET"]}}],"collection":[{"href":"https:\/\/portal.uern.br\/paudosferros\/pedagogia\/wp-json\/wp\/v2\/pages"}],"about":[{"href":"https:\/\/portal.uern.br\/paudosferros\/pedagogia\/wp-json\/wp\/v2\/types\/page"}],"author":[{"embeddable":true,"href":"https:\/\/portal.uern.br\/paudosferros\/pedagogia\/wp-json\/wp\/v2\/users\/1"}],"replies":[{"embeddable":true,"href":"https:\/\/portal.uern.br\/paudosferros\/pedagogia\/wp-json\/wp\/v2\/comments?post=690"}],"version-history":[{"count":1,"href":"https:\/\/portal.uern.br\/paudosferros\/pedagogia\/wp-json\/wp\/v2\/pages\/690\/revisions"}],"predecessor-version":[{"id":691,"href":"https:\/\/portal.uern.br\/paudosferros\/pedagogia\/wp-json\/wp\/v2\/pages\/690\/revisions\/691"}],"wp:attachment":[{"href":"https:\/\/portal.uern.br\/paudosferros\/pedagogia\/wp-json\/wp\/v2\/media?parent=690"}],"curies":[{"name":"wp","href":"https:\/\/api.w.org\/{rel}","templated":true}]}}