{"id":678,"date":"2023-07-19T21:39:24","date_gmt":"2023-07-20T00:39:24","guid":{"rendered":"https:\/\/portal.uern.br\/paudosferros\/pedagogia\/?page_id=678"},"modified":"2023-07-19T21:39:24","modified_gmt":"2023-07-20T00:39:24","slug":"turma-2016-2","status":"publish","type":"page","link":"https:\/\/portal.uern.br\/paudosferros\/pedagogia\/turma-2016-2\/","title":{"rendered":"Turma 2016.2"},"content":{"rendered":"<p><strong>CAMPUS AVAN\u00c7ADO PROF\u00aa MARIA ELISA DE ALBUQUERQUE MAIA<\/strong><\/p>\n<p><strong>\u00a0 \u00a0 \u00a0 \u00a0 \u00a0 \u00a0 \u00a0 \u00a0 \u00a0 \u00a0 \u00a0 \u00a0 \u00a0 \u00a0 \u00a0 \u00a0 \u00a0 \u00a0 \u00a0 \u00a0 \u00a0 \u00a0 \u00a0 \u00a0 \u00a0 \u00a0 \u00a0 \u00a0 \u00a0 \u00a0CONCLUINTES 2016.2<\/strong><\/p>\n<p><strong>\u00a0 \u00a0 \u00a0 \u00a0 \u00a0 \u00a0 \u00a0 \u00a0 \u00a0 \u00a0 \u00a0 \u00a0 \u00a0 \u00a0 \u00a0 \u00a0 \u00a0 \u00a0 \u00a0 \u00a0 \u00a0 \u00a0 \u00a0 CURSO: PEDAGOGIA \u2013 LICENCIATURA<\/strong><\/p>\n<p><strong>\u00a0 \u00a0 \u00a0 \u00a0 \u00a0 \u00a0 \u00a0 \u00a0 \u00a0 \u00a0 \u00a0 \u00a0 \u00a0 \u00a0 \u00a0 \u00a0 \u00a0 \u00a0 \u00a0 \u00a0 \u00a0 \u00a0 \u00a0 \u00a0 \u00a0 \u00a0 \u00a0 \u00a0 \u00a0 \u00a0 \u00a0 \u00a0TURNO: NOTURNO<\/strong><\/p>\n<p><strong>\u00a0 \u00a0 \u00a0 \u00a0 \u00a0 \u00a0 \u00a0 \u00a0 \u00a0 \u00a0 \u00a0 \u00a0 \u00a0 \u00a0 \u00a0 \u00a0 \u00a0 \u00a0 \u00a0 \u00a0 \u00a0 \u00a0 \u00a0T\u00cdTULO: LICENCIADO(A) EM PEDAGOGIA<\/strong><\/p>\n<p>1 Adnilsa Avelino de Freitas<\/p>\n<p>2 Aline Pereira da Silva Ara\u00fajo<\/p>\n<p>3 Ana Cristina Florencio<\/p>\n<p>4 Ana Digna Nogueira Marques<\/p>\n<p>5 Ana Lourdes Marques Holanda<\/p>\n<p>6 Ant\u00f4nia Apolinaria de Souza<\/p>\n<p>7 Clarice Nunes Peixoto<\/p>\n<p>8 Emanuela da Silva Pinheiro<\/p>\n<p>9 Fernanda Nobre da Silva<\/p>\n<p>10 Francisca Aldeiane Barreto da Silva<\/p>\n<p>11 Francisca Laura Neta<\/p>\n<p>12 Francisca Tha\u00eds Pereira Costa<\/p>\n<p>13 Francisco H\u00e9rico Soares Maia<\/p>\n<p>14 Francisco Marcos da Silva<\/p>\n<p>15 Hildem\u00e1ria Lopes de Araujo<\/p>\n<p>16 Jos\u00e9 Ismaildo Dantas de Oliveira<\/p>\n<p>17 Josefa Joc\u00e9lia da Concei\u00e7\u00e3o Torres<\/p>\n<p>18 Laiane Pereira de Ara\u00fajo<\/p>\n<p>19 Larisse Pinheiro Guedes<\/p>\n<p>20 Ligia Paula Fernandes da Costa<\/p>\n<p>21 L\u00edvia Nat\u00e1lia Dias<\/p>\n<p>22 Lucas Henrique Pinheiro de Andrade<\/p>\n<p>23 Luthiana Vieira da Silva<\/p>\n<p>24 Maria Cl\u00e9via Lima de Souza<\/p>\n<p>25 Maria Edneide de Souza Bezerra<\/p>\n<p>26 Maria Eliza Nunes de Oliveira<\/p>\n<p>27 Maria Jocelma Duarte de Lima<\/p>\n<p>28 Maria Lourena de Queiroz<\/p>\n<p>29 Maria Mira\u00edre Pereira Silva<\/p>\n<p>30 Maria Patricia dos Santos<\/p>\n<p>31 Maria Selma do Nascimento Costa<\/p>\n<p>32 Ranielly Kelly Fran\u00e7a Costa<\/p>\n<p>33 Regiane Maria de Queiroz<\/p>\n<p>34 Renata de Souza Queiroz<\/p>\n<p>35 Rerisson R\u00f4mulo da Silva<\/p>\n<p>36 Rita de C\u00e1ssia Fernandes Gadelha de Sousa<\/p>\n<p>37 Samara de Lima Silva<\/p>\n<p>38 T\u00e9rcia Gon\u00e7alves de Lima Pereira<\/p>\n<p>39 Val\u00e9ria Paula Fernandes da Silva<\/p>\n<p>Diretoria de Admiss\u00e3o, Registro e Controle Acad\u00eamico da Universidade do Estado do Rio Grande do Norte,em Mossor\u00f3-RN, 25 de julho de 2017<\/p>\n<p><em><strong>\u00a0 \u00a0 \u00a0 \u00a0 \u00a0 \u00a0 \u00a0 \u00a0 \u00a0 \u00a0 \u00a0 \u00a0 \u00a0 \u00a0 \u00a0 \u00a0 \u00a0 \u00a0 Prof. Jos\u00e9 Egberto Mesquita Pinto J\u00fanior<\/strong><\/em><\/p>\n<p>Diretor da DIRCA<\/p>\n<p>Portaria N.\u00ba 0260\/2016-GR\/UERN<\/p>\n","protected":false},"excerpt":{"rendered":"<p>CAMPUS AVAN\u00c7ADO PROF\u00aa MARIA ELISA DE ALBUQUERQUE MAIA \u00a0 \u00a0 \u00a0 \u00a0 \u00a0 \u00a0 \u00a0 \u00a0 \u00a0 \u00a0 \u00a0 \u00a0 \u00a0 \u00a0 \u00a0 \u00a0 \u00a0 \u00a0 \u00a0 \u00a0 \u00a0 \u00a0 \u00a0 \u00a0 \u00a0 \u00a0 \u00a0 \u00a0 \u00a0 \u00a0CONCLUINTES 2016.2 \u00a0 \u00a0 \u00a0 \u00a0 \u00a0 \u00a0 \u00a0 \u00a0 \u00a0 \u00a0 \u00a0 \u00a0 \u00a0 \u00a0 \u00a0 \u00a0 [&hellip;]<\/p>\n","protected":false},"author":1,"featured_media":0,"parent":0,"menu_order":0,"comment_status":"closed","ping_status":"closed","template":"","meta":{"footnotes":""},"class_list":["post-678","page","type-page","status-publish","hentry"],"_links":{"self":[{"href":"https:\/\/portal.uern.br\/paudosferros\/pedagogia\/wp-json\/wp\/v2\/pages\/678","targetHints":{"allow":["GET"]}}],"collection":[{"href":"https:\/\/portal.uern.br\/paudosferros\/pedagogia\/wp-json\/wp\/v2\/pages"}],"about":[{"href":"https:\/\/portal.uern.br\/paudosferros\/pedagogia\/wp-json\/wp\/v2\/types\/page"}],"author":[{"embeddable":true,"href":"https:\/\/portal.uern.br\/paudosferros\/pedagogia\/wp-json\/wp\/v2\/users\/1"}],"replies":[{"embeddable":true,"href":"https:\/\/portal.uern.br\/paudosferros\/pedagogia\/wp-json\/wp\/v2\/comments?post=678"}],"version-history":[{"count":1,"href":"https:\/\/portal.uern.br\/paudosferros\/pedagogia\/wp-json\/wp\/v2\/pages\/678\/revisions"}],"predecessor-version":[{"id":679,"href":"https:\/\/portal.uern.br\/paudosferros\/pedagogia\/wp-json\/wp\/v2\/pages\/678\/revisions\/679"}],"wp:attachment":[{"href":"https:\/\/portal.uern.br\/paudosferros\/pedagogia\/wp-json\/wp\/v2\/media?parent=678"}],"curies":[{"name":"wp","href":"https:\/\/api.w.org\/{rel}","templated":true}]}}