{"id":670,"date":"2023-07-19T21:37:32","date_gmt":"2023-07-20T00:37:32","guid":{"rendered":"https:\/\/portal.uern.br\/paudosferros\/pedagogia\/?page_id=670"},"modified":"2023-07-19T21:37:32","modified_gmt":"2023-07-20T00:37:32","slug":"turma-2012-2","status":"publish","type":"page","link":"https:\/\/portal.uern.br\/paudosferros\/pedagogia\/turma-2012-2\/","title":{"rendered":"Turma 2012.2"},"content":{"rendered":"<table>\n<tbody>\n<tr>\n<td><strong>\u00a0 CONCLUINTES 2012.2<\/strong><\/p>\n<p><strong>\u00a0 \u00a0 \u00a0 \u00a0 \u00a0 \u00a0 \u00a0 \u00a0 \u00a0 \u00a0 \u00a0 \u00a0 \u00a0 \u00a0 \u00a0 \u00a0 \u00a0 \u00a0 \u00a0 \u00a0 \u00a0 \u00a0 \u00a0 \u00a0CURSO DE PEDAGOGIA<\/strong><br \/>\n<strong>\u00a0 \u00a0 \u00a0 \u00a0 \u00a0 \u00a0 \u00a0 \u00a0 \u00a0 \u00a0 \u00a0 \u00a0 \u00a0 \u00a0 \u00a0 \u00a0 \u00a0 \u00a0 \u00a0 \u00a0 \u00a0 \u00a0 \u00a0 \u00a0 \u00a0 \u00a0 TURNO: NOTURNO<\/strong><br \/>\n<strong>\u00a0 \u00a0 \u00a0 \u00a0 \u00a0 \u00a0 \u00a0 \u00a0 \u00a0 \u00a0 \u00a0T\u00cdTULO: LICENCIADO OU LICENCIADA EM PEDAGOGIA<\/strong><\/td>\n<\/tr>\n<\/tbody>\n<\/table>\n<table>\n<tbody>\n<tr>\n<td><a href=\"http:\/\/lattes.cnpq.br\/6712312378475954\">Adriana Rosicl\u00e9ia Ferreira Castro<\/a><\/td>\n<\/tr>\n<tr>\n<td><a href=\"https:\/\/pferros.uern.br\/pedagogia\/%20http:\/\/lattes.cnpq.br\/1825255451141736\">Aline Raiany Fernandes Soares<\/a><\/td>\n<\/tr>\n<tr>\n<td>Ana Claudia Bandeira Pessoa<\/td>\n<\/tr>\n<tr>\n<td>Andreza Kasandra Vaz Garcia<\/td>\n<\/tr>\n<tr>\n<td><a href=\"https:\/\/pferros.uern.br\/pedagogia\/%20http:\/\/lattes.cnpq.br\/5274213151452279\">Angelica Maria Nunes Almeida<\/a><\/td>\n<\/tr>\n<tr>\n<td>Antonia Eliacy de Queiroz Aquino<\/td>\n<\/tr>\n<tr>\n<td>Antonia Mirna Costa Batista<\/td>\n<\/tr>\n<tr>\n<td><a href=\"https:\/\/pferros.uern.br\/pedagogia\/%20http:\/\/lattes.cnpq.br\/9869760026309850\">Antonia Soraya Paiva de Oliveira Fran\u00e7a<\/a><\/td>\n<\/tr>\n<tr>\n<td>Antonia Vane\u00e7a da Silva<\/td>\n<\/tr>\n<tr>\n<td><a href=\"http:\/\/lattes.cnpq.br\/9514644725501254\">Athina Karina Pinheiro Torres<\/a><\/td>\n<\/tr>\n<tr>\n<td>Carla Christiane Benevides dos Santos<\/td>\n<\/tr>\n<tr>\n<td>Danieli Oliveira Souza<\/td>\n<\/tr>\n<tr>\n<td><a href=\"http:\/\/lattes.cnpq.br\/4294669947835516\">Davi Pinheiro da Silva<\/a><\/td>\n<\/tr>\n<tr>\n<td>Diandra Daniele Oliveira<\/td>\n<\/tr>\n<tr>\n<td><a href=\"https:\/\/pferros.uern.br\/pedagogia\/%20http:\/\/lattes.cnpq.br\/4597425341181475\">Eleni de Andrade Leite<\/a><\/td>\n<\/tr>\n<tr>\n<td><a href=\"https:\/\/pferros.uern.br\/pedagogia\/%20http:\/\/lattes.cnpq.br\/3151620262556608\">George Eduardo Ferreira de Mesquita<\/a><\/td>\n<\/tr>\n<tr>\n<td>Gildo Fernando de Carvalho Ferreira<\/td>\n<\/tr>\n<tr>\n<td><a href=\"https:\/\/pferros.uern.br\/pedagogia\/%20http:\/\/lattes.cnpq.br\/1988673107737863\">Janny Kelly de Souza Freitas<\/a><\/td>\n<\/tr>\n<tr>\n<td><a href=\"https:\/\/pferros.uern.br\/pedagogia\/%20http:\/\/lattes.cnpq.br\/0470941766359771\">Jessica Luana Fernandes<\/a><\/td>\n<\/tr>\n<tr>\n<td><a href=\"http:\/\/lattes.cnpq.br\/9578294242459880\">Josefa Raquel Pereira Almeida<\/a><\/td>\n<\/tr>\n<tr>\n<td>Kaliana de Oliveira Silva Nascimento<\/td>\n<\/tr>\n<tr>\n<td><a href=\"http:\/\/lattes.cnpq.br\/7448833292304359\">Maria Andrea Nogueira de Souza<\/a><\/td>\n<\/tr>\n<tr>\n<td><a href=\"http:\/\/lattes.cnpq.br\/3473242774244201\">Maria do Socorro Almeida R\u00eago<\/a><\/td>\n<\/tr>\n<tr>\n<td><a href=\"http:\/\/lattes.cnpq.br\/6499973674466958\">Maria Elaine da Costa<\/a><\/td>\n<\/tr>\n<tr>\n<td><a href=\"https:\/\/pferros.uern.br\/pedagogia\/%20http:\/\/lattes.cnpq.br\/8659635543922906\">Maria Jocelma Ferreira Cavalcante<\/a><\/td>\n<\/tr>\n<tr>\n<td><a href=\"http:\/\/lattes.cnpq.br\/1058718660995690\">Maria Sandra Fernandes<\/a><\/td>\n<\/tr>\n<tr>\n<td>Mariane Ferreira Barbalho<\/td>\n<\/tr>\n<tr>\n<td><a href=\"http:\/\/lattes.cnpq.br\/4944551270402641\">Nilza Cl\u00e9cia Rodrigues<\/a><\/td>\n<\/tr>\n<tr>\n<td><a href=\"http:\/\/lattes.cnpq.br\/8052898505202529\">Reilane Maria de Oliveira<\/a><\/td>\n<\/tr>\n<tr>\n<td><a href=\"https:\/\/pferros.uern.br\/pedagogia\/%20http:\/\/lattes.cnpq.br\/1579317560731766\">Rosineide Maria da Costa<\/a><\/td>\n<\/tr>\n<tr>\n<td><a href=\"http:\/\/lattes.cnpq.br\/8813112564961719\">Simone Florencio de Freitas<\/a><\/td>\n<\/tr>\n<\/tbody>\n<\/table>\n<table>\n<tbody>\n<tr>\n<td><strong>\u00a0 \u00a0 \u00a0 \u00a0 \u00a0 \u00a0 \u00a0CURSO: PEDAGOGIA &#8211; HABILITA\u00c7\u00c3O: MAGIST\u00c9RIO DAS S\u00c9RIES INICIAIS DO<\/strong><br \/>\n<strong>\u00a0 \u00a0 \u00a0 \u00a0 \u00a0 \u00a0 \u00a0 \u00a0 \u00a0 \u00a0 \u00a0 \u00a0 \u00a0 \u00a0 \u00a0 \u00a0 \u00a0 \u00a0 \u00a0 \u00a0 \u00a0 \u00a0 \u00a0 \u00a0 \u00a0 \u00a0 ENSINO FUNDAMENTAL<\/strong><\/td>\n<\/tr>\n<\/tbody>\n<\/table>\n<table>\n<tbody>\n<tr>\n<td>Maria Angel\u00facia dos Santos Nunes<\/td>\n<\/tr>\n<tr>\n<td>Maria Elenice de Carvalho<\/td>\n<\/tr>\n<tr>\n<td>Maria Lindonecia de Oliveira<\/td>\n<\/tr>\n<\/tbody>\n<\/table>\n<p>Diretoria de Registro e Controle Acad\u00eamico da Universidade do Estado do<br \/>\nRio Grande do Norte, em Mossor\u00f3-RN, 20 de junho de 2013.<\/p>\n","protected":false},"excerpt":{"rendered":"<p>\u00a0 CONCLUINTES 2012.2 \u00a0 \u00a0 \u00a0 \u00a0 \u00a0 \u00a0 \u00a0 \u00a0 \u00a0 \u00a0 \u00a0 \u00a0 \u00a0 \u00a0 \u00a0 \u00a0 \u00a0 \u00a0 \u00a0 \u00a0 \u00a0 \u00a0 \u00a0 \u00a0CURSO DE PEDAGOGIA \u00a0 \u00a0 \u00a0 \u00a0 \u00a0 \u00a0 \u00a0 \u00a0 \u00a0 \u00a0 \u00a0 \u00a0 \u00a0 \u00a0 \u00a0 \u00a0 \u00a0 \u00a0 \u00a0 \u00a0 \u00a0 \u00a0 \u00a0 \u00a0 \u00a0 \u00a0 [&hellip;]<\/p>\n","protected":false},"author":1,"featured_media":0,"parent":0,"menu_order":0,"comment_status":"closed","ping_status":"closed","template":"","meta":{"footnotes":""},"class_list":["post-670","page","type-page","status-publish","hentry"],"_links":{"self":[{"href":"https:\/\/portal.uern.br\/paudosferros\/pedagogia\/wp-json\/wp\/v2\/pages\/670","targetHints":{"allow":["GET"]}}],"collection":[{"href":"https:\/\/portal.uern.br\/paudosferros\/pedagogia\/wp-json\/wp\/v2\/pages"}],"about":[{"href":"https:\/\/portal.uern.br\/paudosferros\/pedagogia\/wp-json\/wp\/v2\/types\/page"}],"author":[{"embeddable":true,"href":"https:\/\/portal.uern.br\/paudosferros\/pedagogia\/wp-json\/wp\/v2\/users\/1"}],"replies":[{"embeddable":true,"href":"https:\/\/portal.uern.br\/paudosferros\/pedagogia\/wp-json\/wp\/v2\/comments?post=670"}],"version-history":[{"count":1,"href":"https:\/\/portal.uern.br\/paudosferros\/pedagogia\/wp-json\/wp\/v2\/pages\/670\/revisions"}],"predecessor-version":[{"id":671,"href":"https:\/\/portal.uern.br\/paudosferros\/pedagogia\/wp-json\/wp\/v2\/pages\/670\/revisions\/671"}],"wp:attachment":[{"href":"https:\/\/portal.uern.br\/paudosferros\/pedagogia\/wp-json\/wp\/v2\/media?parent=670"}],"curies":[{"name":"wp","href":"https:\/\/api.w.org\/{rel}","templated":true}]}}