{"id":666,"date":"2023-07-19T21:36:42","date_gmt":"2023-07-20T00:36:42","guid":{"rendered":"https:\/\/portal.uern.br\/paudosferros\/pedagogia\/?page_id=666"},"modified":"2023-07-19T21:36:42","modified_gmt":"2023-07-20T00:36:42","slug":"downloads","status":"publish","type":"page","link":"https:\/\/portal.uern.br\/paudosferros\/pedagogia\/downloads\/","title":{"rendered":"Downloads"},"content":{"rendered":"<table>\n<tbody>\n<tr>\n<td><strong>Requerimentos Discentes<\/strong><\/td>\n<\/tr>\n<tr>\n<td>\n<ul>\n<li><a href=\"https:\/\/www.uern.br\/controledepaginas\/portal-requerimentos\/arquivos\/2584requerimento_2a_chamada_de_(1)(1).pdf\">Requerimento de 2\u00aa Chamada de Avalia\u00e7\u00e3o<\/a><\/li>\n<li><a href=\"https:\/\/www.uern.br\/controledepaginas\/portal-requerimentos\/arquivos\/2584requerimento_alteraa%C2%A7a%C2%A3o_nome.pdf\">Requerimento de Altera\u00e7\u00e3o de Nome<\/a><\/li>\n<li><a href=\"https:\/\/www.uern.br\/controledepaginas\/portal-requerimentos\/arquivos\/2584requerimento_aluno_especial_portador_de_diploma.pdf\">Requerimento de Aluno Especial &#8211; Portador de Diploma<\/a><\/li>\n<li><a href=\"https:\/\/www.uern.br\/controledepaginas\/portal-requerimentos\/arquivos\/2584requerimento_colaa%C2%A7a%C2%A3o_grau_extraordina%C2%A1ria.pdf\">Requerimento de Cola\u00e7\u00e3o de Grau Extraordin\u00e1ria<\/a><\/li>\n<li><a href=\"https:\/\/www.uern.br\/controledepaginas\/portal-requerimentos\/arquivos\/2584requerimento_desligamento_ato_volunta%C2%A1rio.pdf\">Requerimento de Desligamento por Ato Volunt\u00e1rio<\/a><\/li>\n<li><a href=\"https:\/\/www.uern.br\/controledepaginas\/portal-requerimentos\/arquivos\/2584solicitaa%C2%A7a%C2%A3o_emissa%C2%A3o_de_documento_aluno_matriculado.pdf\">Requerimento Emiss\u00e3o de Documento Acad\u00eamico<\/a><\/li>\n<li><a href=\"https:\/\/www.uern.br\/controledepaginas\/portal-requerimentos\/arquivos\/2584requerimento_diploma_primeira_via.pdf\">Requerimento de Expedi\u00e7\u00e3o de Diploma &#8211; Primeira Via<\/a><\/li>\n<li><a href=\"https:\/\/www.uern.br\/controledepaginas\/portal-requerimentos\/arquivos\/2584requerimento_diploma_segunda_via.pdf\">Requerimento de Expedi\u00e7\u00e3o de Diploma &#8211; Segunda Via<\/a><\/li>\n<li><a href=\"https:\/\/www.uern.br\/controledepaginas\/portal-requerimentos\/arquivos\/2584form.ativ.comp.alunos_i.pdf\">Requerimento de Registro de Atividades Complementares<\/a><\/li>\n<li><a href=\"https:\/\/www.uern.br\/controledepaginas\/portal-requerimentos\/arquivos\/2584requerimento_regime_do_exerca%C2%ADcio_domiciliar.pdf\">Requerimento de Regime Domiciliar<\/a><\/li>\n<\/ul>\n<\/td>\n<\/tr>\n<\/tbody>\n<\/table>\n","protected":false},"excerpt":{"rendered":"<p>Requerimentos Discentes Requerimento de 2\u00aa Chamada de Avalia\u00e7\u00e3o Requerimento de Altera\u00e7\u00e3o de Nome Requerimento de Aluno Especial &#8211; Portador de Diploma Requerimento de Cola\u00e7\u00e3o de Grau Extraordin\u00e1ria Requerimento de Desligamento por Ato Volunt\u00e1rio Requerimento Emiss\u00e3o de Documento Acad\u00eamico Requerimento de Expedi\u00e7\u00e3o de Diploma &#8211; Primeira Via Requerimento de Expedi\u00e7\u00e3o de Diploma &#8211; Segunda Via Requerimento [&hellip;]<\/p>\n","protected":false},"author":1,"featured_media":0,"parent":0,"menu_order":0,"comment_status":"closed","ping_status":"closed","template":"","meta":{"footnotes":""},"class_list":["post-666","page","type-page","status-publish","hentry"],"_links":{"self":[{"href":"https:\/\/portal.uern.br\/paudosferros\/pedagogia\/wp-json\/wp\/v2\/pages\/666","targetHints":{"allow":["GET"]}}],"collection":[{"href":"https:\/\/portal.uern.br\/paudosferros\/pedagogia\/wp-json\/wp\/v2\/pages"}],"about":[{"href":"https:\/\/portal.uern.br\/paudosferros\/pedagogia\/wp-json\/wp\/v2\/types\/page"}],"author":[{"embeddable":true,"href":"https:\/\/portal.uern.br\/paudosferros\/pedagogia\/wp-json\/wp\/v2\/users\/1"}],"replies":[{"embeddable":true,"href":"https:\/\/portal.uern.br\/paudosferros\/pedagogia\/wp-json\/wp\/v2\/comments?post=666"}],"version-history":[{"count":1,"href":"https:\/\/portal.uern.br\/paudosferros\/pedagogia\/wp-json\/wp\/v2\/pages\/666\/revisions"}],"predecessor-version":[{"id":667,"href":"https:\/\/portal.uern.br\/paudosferros\/pedagogia\/wp-json\/wp\/v2\/pages\/666\/revisions\/667"}],"wp:attachment":[{"href":"https:\/\/portal.uern.br\/paudosferros\/pedagogia\/wp-json\/wp\/v2\/media?parent=666"}],"curies":[{"name":"wp","href":"https:\/\/api.w.org\/{rel}","templated":true}]}}