{"id":664,"date":"2023-07-19T21:35:58","date_gmt":"2023-07-20T00:35:58","guid":{"rendered":"https:\/\/portal.uern.br\/paudosferros\/pedagogia\/?page_id=664"},"modified":"2023-07-19T21:35:58","modified_gmt":"2023-07-20T00:35:58","slug":"documentos","status":"publish","type":"page","link":"https:\/\/portal.uern.br\/paudosferros\/pedagogia\/documentos\/","title":{"rendered":"Documentos"},"content":{"rendered":"<table>\n<tbody>\n<tr>\n<td><strong>Resolu\u00e7\u00f5es<\/strong><\/p>\n<ul>\n<li><a href=\"https:\/\/www.uern.br\/controledepaginas\/portal-documentos\/arquivos\/25630065resoluaa%C2%A7aa%C2%A3o_005_2014_consepe_aprova_o_rcg_e_revoga_resoluaa%C2%A7aa%C2%A3o_na_52_2013_consepe.pdf\">Resolu\u00e7\u00e3o N.\u00ba 005\/2014 &#8211; CONSEPE<\/a>\u00a0&#8211; Aprova o Regulamento dos Cursos de Gradua\u00e7\u00e3o da UERN e revoga a resolu\u00e7\u00e3o N.\u00ba 52\/2013 &#8211; CONSEPE.<\/li>\n<li><a href=\"https:\/\/www.uern.br\/controledepaginas\/portal-documentos\/arquivos\/25630065resoluaa%C2%A7aa%C2%A3o_59_2013_consepe_cria_e_regulamenta_o_nacleo_docente_estruturante_nde_dos_cursos_de_graduaaa%C2%A7aa%C2%A3o_da_universidade_do_estado_do_rio_grande_do_norte_uern.pdf\">Resolu\u00e7\u00e3o N.\u00ba 59\/2013 &#8211; CONSEPE<\/a>\u00a0&#8211; Cria e Regulamenta o N\u00facleo Docente Estruturante &#8211; NDE<\/li>\n<li><a href=\"https:\/\/www.uern.br\/controledepaginas\/portal-documentos\/arquivos\/25630065resolucao_12_2012_consepe_dispoe_sobre_a_antecipacao_de_conclusao_de_curso_de_graduacao.pdf\">Resolu\u00e7\u00e3o N.\u00ba 12\/2012 &#8211; CONSEPE<\/a>\u00a0&#8211; Disp\u00f5e sobre abrevia\u00e7\u00e3o de estudos para fins de antecipa\u00e7\u00e3o de conclus\u00e3o da matriz de v\u00ednculo de aluno ou antecipa\u00e7\u00e3o de conclus\u00e3o de curso de gradua\u00e7\u00e3o da UERN.<\/li>\n<\/ul>\n<\/td>\n<\/tr>\n<\/tbody>\n<\/table>\n","protected":false},"excerpt":{"rendered":"<p>Resolu\u00e7\u00f5es Resolu\u00e7\u00e3o N.\u00ba 005\/2014 &#8211; CONSEPE\u00a0&#8211; Aprova o Regulamento dos Cursos de Gradua\u00e7\u00e3o da UERN e revoga a resolu\u00e7\u00e3o N.\u00ba 52\/2013 &#8211; CONSEPE. Resolu\u00e7\u00e3o N.\u00ba 59\/2013 &#8211; CONSEPE\u00a0&#8211; Cria e Regulamenta o N\u00facleo Docente Estruturante &#8211; NDE Resolu\u00e7\u00e3o N.\u00ba 12\/2012 &#8211; CONSEPE\u00a0&#8211; Disp\u00f5e sobre abrevia\u00e7\u00e3o de estudos para fins de antecipa\u00e7\u00e3o de conclus\u00e3o da matriz [&hellip;]<\/p>\n","protected":false},"author":1,"featured_media":0,"parent":0,"menu_order":0,"comment_status":"closed","ping_status":"closed","template":"","meta":{"footnotes":""},"class_list":["post-664","page","type-page","status-publish","hentry"],"_links":{"self":[{"href":"https:\/\/portal.uern.br\/paudosferros\/pedagogia\/wp-json\/wp\/v2\/pages\/664","targetHints":{"allow":["GET"]}}],"collection":[{"href":"https:\/\/portal.uern.br\/paudosferros\/pedagogia\/wp-json\/wp\/v2\/pages"}],"about":[{"href":"https:\/\/portal.uern.br\/paudosferros\/pedagogia\/wp-json\/wp\/v2\/types\/page"}],"author":[{"embeddable":true,"href":"https:\/\/portal.uern.br\/paudosferros\/pedagogia\/wp-json\/wp\/v2\/users\/1"}],"replies":[{"embeddable":true,"href":"https:\/\/portal.uern.br\/paudosferros\/pedagogia\/wp-json\/wp\/v2\/comments?post=664"}],"version-history":[{"count":1,"href":"https:\/\/portal.uern.br\/paudosferros\/pedagogia\/wp-json\/wp\/v2\/pages\/664\/revisions"}],"predecessor-version":[{"id":665,"href":"https:\/\/portal.uern.br\/paudosferros\/pedagogia\/wp-json\/wp\/v2\/pages\/664\/revisions\/665"}],"wp:attachment":[{"href":"https:\/\/portal.uern.br\/paudosferros\/pedagogia\/wp-json\/wp\/v2\/media?parent=664"}],"curies":[{"name":"wp","href":"https:\/\/api.w.org\/{rel}","templated":true}]}}