{"id":163,"date":"2023-02-05T19:02:11","date_gmt":"2023-02-05T22:02:11","guid":{"rendered":"http:\/\/beta.apps.uern.br\/wordpress\/paudosferros\/pedagogia\/?page_id=163"},"modified":"2025-05-26T09:14:44","modified_gmt":"2025-05-26T12:14:44","slug":"apresentacao","status":"publish","type":"page","link":"https:\/\/portal.uern.br\/paudosferros\/pedagogia\/","title":{"rendered":"Apresenta\u00e7\u00e3o"},"content":{"rendered":"<div class=\"elementor-element elementor-element-66696d22 elementor-widget elementor-widget-theme-post-title elementor-page-title elementor-widget-heading\" data-id=\"66696d22\" data-element_type=\"widget\" data-widget_type=\"theme-post-title.default\">\n<div class=\"elementor-widget-container\">\n<h1 class=\"elementor-heading-title elementor-size-default\"><strong style=\"font-size: 16px\">NOME DO CURSO<\/strong><span style=\"font-size: 16px\">: Pedagogia<\/span><\/h1>\n<\/div>\n<\/div>\n<div class=\"elementor-element elementor-element-49da18e7 elementor-widget elementor-widget-theme-post-content\" data-id=\"49da18e7\" data-element_type=\"widget\" data-widget_type=\"theme-post-content.default\">\n<div class=\"elementor-widget-container\">\n<p><strong>UNIDADE<\/strong>: Campus Avan\u00e7ado de Pau dos Ferros (CAPF)<\/p>\n<p><strong>C\u00d3DIGO DO E-MEC<\/strong>: 18414<\/p>\n<p><strong>GRAU ACAD\u00caMICO<\/strong>: Licenciatura<\/p>\n<p><strong>MODALIDADE<\/strong>: Presencial<\/p>\n<p><strong>CARGA HOR\u00c1RIA TOTAL DO CURSO<\/strong>: 3.515h<\/p>\n<p><strong>TURNO<\/strong>: Noturno<\/p>\n<p><strong>TEMPO M\u00c9DIO DE INTEGRALIZA\u00c7\u00c3O<\/strong>: 04(quatro) anos<\/p>\n<p><strong>TEMPO M\u00c1XIMO DE INTEGRALIZA\u00c7\u00c3O<\/strong>: 06(seis)anos<\/p>\n<p><strong>RECONHECIMENTO\/RENOVA\u00c7\u00c3O DE RECONHECIMENTO<\/strong>:\u00a0<a href=\"https:\/\/portal.uern.br\/paudosferros\/letraslinguaportuguesa\/wp-content\/uploads\/sites\/8\/2023\/10\/DOE_17_06_2020___Pag._3___Decreto_N__29.764.pdf\">DECRETO N\u00ba 29.764, DE 16 DE JUNHO DE 2020.<\/a><\/p>\n<p><strong>E-MAIL<\/strong>: de_pferros@uern.br ; <strong>INSTAGRAM:<\/strong> @decapfuern<\/p>\n<p><strong>CHEFE E SUBCHEFE DO DEPARTAMENTO<\/strong>: <strong>BI\u00caNIO 2024-2026<\/strong><\/p>\n<p><strong>Chefe:<\/strong> Profa. Dra. Iandra Fernandes Caldas<\/p>\n<p><img decoding=\"async\" class=\"alignnone \" src=\"http:\/\/servicosweb.cnpq.br\/wspessoa\/servletrecuperafoto?tipo=1&amp;id=K4485626Z9\" width=\"106\" height=\"106\" \/><\/p>\n<p><strong>Subchefe:<\/strong> Profa. Dra. Francicleide Ces\u00e1rio de Oliveira<\/p>\n<\/div>\n<\/div>\n<p><img decoding=\"async\" class=\"alignnone wp-image-996\" src=\"https:\/\/portal.uern.br\/paudosferros\/pedagogia\/wp-content\/uploads\/sites\/11\/2024\/07\/Professora-Francicleide-300x295.jpg\" alt=\"\" width=\"101\" height=\"100\" srcset=\"https:\/\/portal.uern.br\/paudosferros\/pedagogia\/wp-content\/uploads\/sites\/11\/2024\/07\/Professora-Francicleide-300x295.jpg 300w, https:\/\/portal.uern.br\/paudosferros\/pedagogia\/wp-content\/uploads\/sites\/11\/2024\/07\/Professora-Francicleide-150x150.jpg 150w, https:\/\/portal.uern.br\/paudosferros\/pedagogia\/wp-content\/uploads\/sites\/11\/2024\/07\/Professora-Francicleide.jpg 311w\" sizes=\"(max-width: 101px) 100vw, 101px\" \/><\/p>\n<p>&nbsp;<\/p>\n<p><strong>OBJET<\/strong><strong>IVOS: <\/strong><span class=\"fontstyle0\">Formar pedagogos para atuarem na doc\u00eancia da Educa\u00e7\u00e3o Infantil, dos anos Iniciais do Ensino Fundamental, da Educa\u00e7\u00e3o de Jovens e Adultos e na gest\u00e3o dos processos educativos, em espa\u00e7os escolares e n\u00e3o escolares que impliquem em trabalho de natureza pedag\u00f3gica.<\/span><\/p>\n<p>&nbsp;<\/p>\n<p><strong>ESTRUTURA CURRICULAR do Sigaa<\/strong><br \/>\n<iframe src=\"https:\/\/sigaa.uern.br\/sigaa\/link\/public\/curso\/curriculo\/939922\" width=\"100%\" height=\"1000px\" frameborder=\"0\" marginwidth=\"0\" marginheight=\"0\" scrolling=\"yes\"><\/iframe><\/p>\n","protected":false},"excerpt":{"rendered":"<p>NOME DO CURSO: Pedagogia UNIDADE: Campus Avan\u00e7ado de Pau dos Ferros (CAPF) C\u00d3DIGO DO E-MEC: 18414 GRAU ACAD\u00caMICO: Licenciatura MODALIDADE: Presencial CARGA HOR\u00c1RIA TOTAL DO CURSO: 3.515h TURNO: Noturno TEMPO M\u00c9DIO DE INTEGRALIZA\u00c7\u00c3O: 04(quatro) anos TEMPO M\u00c1XIMO DE INTEGRALIZA\u00c7\u00c3O: 06(seis)anos RECONHECIMENTO\/RENOVA\u00c7\u00c3O DE RECONHECIMENTO:\u00a0DECRETO N\u00ba 29.764, DE 16 DE JUNHO DE 2020. E-MAIL: de_pferros@uern.br ; INSTAGRAM: [&hellip;]<\/p>\n","protected":false},"author":1,"featured_media":0,"parent":0,"menu_order":0,"comment_status":"closed","ping_status":"closed","template":"","meta":{"footnotes":""},"class_list":["post-163","page","type-page","status-publish","hentry"],"_links":{"self":[{"href":"https:\/\/portal.uern.br\/paudosferros\/pedagogia\/wp-json\/wp\/v2\/pages\/163","targetHints":{"allow":["GET"]}}],"collection":[{"href":"https:\/\/portal.uern.br\/paudosferros\/pedagogia\/wp-json\/wp\/v2\/pages"}],"about":[{"href":"https:\/\/portal.uern.br\/paudosferros\/pedagogia\/wp-json\/wp\/v2\/types\/page"}],"author":[{"embeddable":true,"href":"https:\/\/portal.uern.br\/paudosferros\/pedagogia\/wp-json\/wp\/v2\/users\/1"}],"replies":[{"embeddable":true,"href":"https:\/\/portal.uern.br\/paudosferros\/pedagogia\/wp-json\/wp\/v2\/comments?post=163"}],"version-history":[{"count":26,"href":"https:\/\/portal.uern.br\/paudosferros\/pedagogia\/wp-json\/wp\/v2\/pages\/163\/revisions"}],"predecessor-version":[{"id":1300,"href":"https:\/\/portal.uern.br\/paudosferros\/pedagogia\/wp-json\/wp\/v2\/pages\/163\/revisions\/1300"}],"wp:attachment":[{"href":"https:\/\/portal.uern.br\/paudosferros\/pedagogia\/wp-json\/wp\/v2\/media?parent=163"}],"curies":[{"name":"wp","href":"https:\/\/api.w.org\/{rel}","templated":true}]}}