{"id":163,"date":"2023-02-05T19:02:11","date_gmt":"2023-02-05T22:02:11","guid":{"rendered":"http:\/\/beta.apps.uern.br\/wordpress\/paudosferros\/letraslinguaespanhola\/?page_id=163"},"modified":"2023-10-23T17:32:43","modified_gmt":"2023-10-23T20:32:43","slug":"apresentacao","status":"publish","type":"page","link":"https:\/\/portal.uern.br\/paudosferros\/letraslinguaespanhola\/","title":{"rendered":"Letras L\u00edngua Espanhola"},"content":{"rendered":"<h4>Seja bem vindo(a) \u00e0 p\u00e1gina do Curso de Letras L\u00edngua Espanhola.<\/h4>\n<h5>Para mais informa\u00e7\u00f5es, acesse a aba de gradua\u00e7\u00e3o na p\u00e1gina do Departamento de Letras Estrangeiras atrav\u00e9s do link:\u00a0<a href=\"https:\/\/portal.uern.br\/paudosferros\/dle\/\">https:\/\/portal.uern.br\/paudosferros\/dle\/.<\/a><\/h5>\n","protected":false},"excerpt":{"rendered":"<p>Seja bem vindo(a) \u00e0 p\u00e1gina do Curso de Letras L\u00edngua Espanhola. Para mais informa\u00e7\u00f5es, acesse a aba de gradua\u00e7\u00e3o na p\u00e1gina do Departamento de Letras Estrangeiras atrav\u00e9s do link:\u00a0https:\/\/portal.uern.br\/paudosferros\/dle\/.<\/p>\n","protected":false},"author":1,"featured_media":0,"parent":0,"menu_order":0,"comment_status":"closed","ping_status":"closed","template":"","meta":{"footnotes":""},"class_list":["post-163","page","type-page","status-publish","hentry"],"_links":{"self":[{"href":"https:\/\/portal.uern.br\/paudosferros\/letraslinguaespanhola\/wp-json\/wp\/v2\/pages\/163","targetHints":{"allow":["GET"]}}],"collection":[{"href":"https:\/\/portal.uern.br\/paudosferros\/letraslinguaespanhola\/wp-json\/wp\/v2\/pages"}],"about":[{"href":"https:\/\/portal.uern.br\/paudosferros\/letraslinguaespanhola\/wp-json\/wp\/v2\/types\/page"}],"author":[{"embeddable":true,"href":"https:\/\/portal.uern.br\/paudosferros\/letraslinguaespanhola\/wp-json\/wp\/v2\/users\/1"}],"replies":[{"embeddable":true,"href":"https:\/\/portal.uern.br\/paudosferros\/letraslinguaespanhola\/wp-json\/wp\/v2\/comments?post=163"}],"version-history":[{"count":5,"href":"https:\/\/portal.uern.br\/paudosferros\/letraslinguaespanhola\/wp-json\/wp\/v2\/pages\/163\/revisions"}],"predecessor-version":[{"id":814,"href":"https:\/\/portal.uern.br\/paudosferros\/letraslinguaespanhola\/wp-json\/wp\/v2\/pages\/163\/revisions\/814"}],"wp:attachment":[{"href":"https:\/\/portal.uern.br\/paudosferros\/letraslinguaespanhola\/wp-json\/wp\/v2\/media?parent=163"}],"curies":[{"name":"wp","href":"https:\/\/api.w.org\/{rel}","templated":true}]}}