{"id":934,"date":"2024-01-31T10:16:09","date_gmt":"2024-01-31T13:16:09","guid":{"rendered":"https:\/\/portal.uern.br\/paudosferros\/enfermagem\/?page_id=934"},"modified":"2024-01-31T10:16:09","modified_gmt":"2024-01-31T13:16:09","slug":"semestre-2022-1","status":"publish","type":"page","link":"https:\/\/portal.uern.br\/paudosferros\/enfermagem\/semestre-2022-1\/","title":{"rendered":"Semestre 2022.1"},"content":{"rendered":"<p>Ana Paula Fernandes Farias<\/p>\n<p>Antonny Jean Silva<\/p>\n<p>Cyntia Karla Morais Moreira<\/p>\n<p>Dayane Carlos Lins<\/p>\n<p>D\u00e9bora Maria de Freitas Pessoa<\/p>\n<p>Flayane Mayara Sampaio de Souza<\/p>\n<p>Francisca Donnata Carlos Campos<\/p>\n<p>J\u00e9ssica Maria Abrantes Costa<\/p>\n<p>Laiane Freire Gurgel<\/p>\n<p>Lucas Souza Leite<\/p>\n<p>Maria Cec\u00edlia Farias Paiva<\/p>\n<p>Robson Oliveira Pereira<\/p>\n<p>Yara Rayany de Aquino Moreno<\/p>\n","protected":false},"excerpt":{"rendered":"<p>Ana Paula Fernandes Farias Antonny Jean Silva Cyntia Karla Morais Moreira Dayane Carlos Lins D\u00e9bora Maria de Freitas Pessoa Flayane Mayara Sampaio de Souza Francisca Donnata Carlos Campos J\u00e9ssica Maria Abrantes Costa Laiane Freire Gurgel Lucas Souza Leite Maria Cec\u00edlia Farias Paiva Robson Oliveira Pereira Yara Rayany de Aquino Moreno<\/p>\n","protected":false},"author":17,"featured_media":0,"parent":0,"menu_order":0,"comment_status":"closed","ping_status":"closed","template":"","meta":{"footnotes":""},"class_list":["post-934","page","type-page","status-publish","hentry"],"_links":{"self":[{"href":"https:\/\/portal.uern.br\/paudosferros\/enfermagem\/wp-json\/wp\/v2\/pages\/934","targetHints":{"allow":["GET"]}}],"collection":[{"href":"https:\/\/portal.uern.br\/paudosferros\/enfermagem\/wp-json\/wp\/v2\/pages"}],"about":[{"href":"https:\/\/portal.uern.br\/paudosferros\/enfermagem\/wp-json\/wp\/v2\/types\/page"}],"author":[{"embeddable":true,"href":"https:\/\/portal.uern.br\/paudosferros\/enfermagem\/wp-json\/wp\/v2\/users\/17"}],"replies":[{"embeddable":true,"href":"https:\/\/portal.uern.br\/paudosferros\/enfermagem\/wp-json\/wp\/v2\/comments?post=934"}],"version-history":[{"count":1,"href":"https:\/\/portal.uern.br\/paudosferros\/enfermagem\/wp-json\/wp\/v2\/pages\/934\/revisions"}],"predecessor-version":[{"id":935,"href":"https:\/\/portal.uern.br\/paudosferros\/enfermagem\/wp-json\/wp\/v2\/pages\/934\/revisions\/935"}],"wp:attachment":[{"href":"https:\/\/portal.uern.br\/paudosferros\/enfermagem\/wp-json\/wp\/v2\/media?parent=934"}],"curies":[{"name":"wp","href":"https:\/\/api.w.org\/{rel}","templated":true}]}}